{"id":2664,"date":"2021-06-24T10:48:33","date_gmt":"2021-06-24T15:48:33","guid":{"rendered":"https:\/\/powermepronto.com\/?page_id=2664"},"modified":"2022-12-21T04:25:54","modified_gmt":"2022-12-21T10:25:54","slug":"cheaper-than-all-other-prepay-electric-companies-in-colleyville","status":"publish","type":"page","link":"https:\/\/powermepronto.com\/en\/cheaper-than-all-other-prepay-electric-companies-in-colleyville\/","title":{"rendered":"Cheaper Than All Other Prepay Electric Companies in Colleyville"},"content":{"rendered":"<p>When will someone actually help you put more money in your pocket?<\/p>\n<p>Seems like every company has a reason for you to give them more money. And then when you need help with their product or service, they\u2019re nowhere to be found!<\/p>\n<p>&#8230;Or, it\u2019ll cost you more.<\/p>\n<p>At Pronto Power, we help you save more money than other no deposit electric companies in Texas.<\/p>\n<p>First, you pay the cheapest prepaid rates in Texas. Second, you never pay any deposit. Third, you never pay any hidden fees.<\/p>\n<p>Plus, there\u2019s:<\/p>\n<ul>\n<li>No credit check<\/li>\n<li>No ID check<\/li>\n<li>No connection fees<\/li>\n<li>No disconnection fees<\/li>\n<li>No contract<\/li>\n<\/ul>\n<p>And customer service can\u2019t wait to help you. Our reps will help you make it through even the most dire financial circumstances with deferred payment plans.<\/p>\n<p>Since there\u2019s no densely-worded contract to sign, you have absolutely zero risk.<\/p>\n<p>Cancel anytime and for any reason.<\/p>\n<p>&#8230;But when you experience Pronto Power\u2019s amazing savings and great service, you\u2019ll wonder why you didn\u2019t join sooner!<\/p>\n<h2>How Can Pronto Power Offer An Amazing Deal Other Texas Electric Companies Don\u2019t?<\/h2>\n<p>Simple: we focus on meticulous operational efficiency and long-term customer relationships.<\/p>\n<p>Most no deposit power companies happily \u201cchurn\u2019n\u2019burn\u201d customers, as the saying goes.<\/p>\n<p>Instead, we aim to keep you for years. That saves a lot of money.<\/p>\n<p>And the savings pass right on to you!<\/p>\n<h2>Save 20% More Off the Already Cheapest Prepaid Rates<\/h2>\n<p>And yes, you can save 20% more. To do so, simply login to the free electricity monitoring tool you get access to when you join Pronto Power.<\/p>\n<p>It shows you exactly how you\u2019re using electricity right this very second.<\/p>\n<p>Learn over time how you use electricity. Then, change your behavior.<\/p>\n<p>Many customers save 20% off the already cheapest prepaid rates&#8230;and some even more!<\/p>\n<h2>Sounds Too Good to Be True&#8230;What\u2019s the Catch?<\/h2>\n<p>There isn\u2019t one! This is literally it. And remember, since you don\u2019t sign a contract, you can walk away any time and for any reason if you\u2019re not satisfied.<\/p>\n<p>As long as you have just a single cent in your prepaid account by 1 PM each day, your electricity stays on.<\/p>\n<h2>Join No Deposit Power Company Pronto Power Free Within the Hour<\/h2>\n<p>If your home has a smart meter, you can join free within the hour.<\/p>\n<p>Just call <span class=\"affiliatecode\">844.621.2852<\/span> to make it happen!<\/p>","protected":false},"excerpt":{"rendered":"<p>When will someone actually help you put more money in your pocket? Seems like every company has a reason for you to give them more money. And then when you need help with their product or service, they\u2019re nowhere to be found! &#8230;Or, it\u2019ll cost you more. At Pronto Power, we help you save more &hellip; <a href=\"https:\/\/powermepronto.com\/en\/cheaper-than-all-other-prepay-electric-companies-in-colleyville\/\" class=\"more-link\">Continue reading <span class=\"screen-reader-text\">Cheaper Than All Other Prepay Electric Companies in Colleyville<\/span><\/a><\/p>\n","protected":false},"author":1,"featured_media":0,"parent":0,"menu_order":0,"comment_status":"closed","ping_status":"closed","template":"","meta":{"_acf_changed":false,"_glsr_average":0,"_glsr_ranking":0,"_glsr_reviews":0,"footnotes":"","_links_to":"","_links_to_target":""},"class_list":["post-2664","page","type-page","status-publish","hentry"],"acf":[],"yoast_head":"<!-- This site is optimized with the Yoast SEO plugin v27.4 - https:\/\/yoast.com\/product\/yoast-seo-wordpress\/ -->\n<title>Cheaper Than All Other Prepay Electric Companies in Colleyville - Pronto Power<\/title>\n<meta name=\"description\" content=\"[:en]Get the cheapest prepaid electric rates in Carrollton. Plus find out how to save 20% more. No deposit. No contract. No hidden fees. Join free today! 844.621.2852[:es]Obtenga las tarifas el\u00e9ctricas prepagas m\u00e1s baratas en Carrollton. Adem\u00e1s, descubra c\u00f3mo ahorrar un 20% m\u00e1s. No hay dep\u00f3sito. Sin contrato. Sin cuotas escondidas. \u00a1\u00danase gratis hoy! 844.621.2852[:]\" \/>\n<meta name=\"robots\" content=\"index, follow, max-snippet:-1, max-image-preview:large, max-video-preview:-1\" \/>\n<link rel=\"canonical\" href=\"https:\/\/powermepronto.com\/cheaper-than-all-other-prepay-electric-companies-in-colleyville\/\" \/>\n<meta property=\"og:locale\" content=\"en_US\" \/>\n<meta property=\"og:type\" content=\"article\" \/>\n<meta property=\"og:title\" content=\"[:en]Cheaper Than All Other Prepay Electric Companies in Colleyville[:es]M\u00e1s barato que todas las dem\u00e1s compa\u00f1\u00edas el\u00e9ctricas de prepago en Colleyville[:] - Pronto Power\" \/>\n<meta property=\"og:description\" content=\"[:en]Get the cheapest prepaid electric rates in Carrollton. Plus find out how to save 20% more. No deposit. No contract. No hidden fees. Join free today! 844.621.2852[:es]Obtenga las tarifas el\u00e9ctricas prepagas m\u00e1s baratas en Carrollton. Adem\u00e1s, descubra c\u00f3mo ahorrar un 20% m\u00e1s. No hay dep\u00f3sito. Sin contrato. Sin cuotas escondidas. \u00a1\u00danase gratis hoy! 844.621.2852[:]\" \/>\n<meta property=\"og:url\" content=\"https:\/\/powermepronto.com\/cheaper-than-all-other-prepay-electric-companies-in-colleyville\/\" \/>\n<meta property=\"og:site_name\" content=\"Pronto Power\" \/>\n<meta property=\"article:modified_time\" content=\"2022-12-21T10:25:54+00:00\" \/>\n<meta name=\"twitter:card\" content=\"summary_large_image\" \/>\n<meta name=\"twitter:label1\" content=\"Est. reading time\" \/>\n\t<meta name=\"twitter:data1\" content=\"4 minutes\" \/>\n<script type=\"application\/ld+json\" class=\"yoast-schema-graph\">{\"@context\":\"https:\\\/\\\/schema.org\",\"@graph\":[{\"@type\":\"WebPage\",\"@id\":\"https:\\\/\\\/powermepronto.com\\\/cheaper-than-all-other-prepay-electric-companies-in-colleyville\\\/\",\"url\":\"https:\\\/\\\/powermepronto.com\\\/cheaper-than-all-other-prepay-electric-companies-in-colleyville\\\/\",\"name\":\"[:en]Cheaper Than All Other Prepay Electric Companies in Colleyville[:es]M\u00e1s barato que todas las dem\u00e1s compa\u00f1\u00edas el\u00e9ctricas de prepago en Colleyville[:] - Pronto Power\",\"isPartOf\":{\"@id\":\"https:\\\/\\\/powermepronto.com\\\/en\\\/#website\"},\"datePublished\":\"2021-06-24T15:48:33+00:00\",\"dateModified\":\"2022-12-21T10:25:54+00:00\",\"description\":\"[:en]Get the cheapest prepaid electric rates in Carrollton. Plus find out how to save 20% more. No deposit. No contract. No hidden fees. Join free today! 844.621.2852[:es]Obtenga las tarifas el\u00e9ctricas prepagas m\u00e1s baratas en Carrollton. Adem\u00e1s, descubra c\u00f3mo ahorrar un 20% m\u00e1s. No hay dep\u00f3sito. Sin contrato. Sin cuotas escondidas. \u00a1\u00danase gratis hoy! 844.621.2852[:]\",\"breadcrumb\":{\"@id\":\"https:\\\/\\\/powermepronto.com\\\/cheaper-than-all-other-prepay-electric-companies-in-colleyville\\\/#breadcrumb\"},\"inLanguage\":\"en-US\",\"potentialAction\":[{\"@type\":\"ReadAction\",\"target\":[\"https:\\\/\\\/powermepronto.com\\\/cheaper-than-all-other-prepay-electric-companies-in-colleyville\\\/\"]}]},{\"@type\":\"BreadcrumbList\",\"@id\":\"https:\\\/\\\/powermepronto.com\\\/cheaper-than-all-other-prepay-electric-companies-in-colleyville\\\/#breadcrumb\",\"itemListElement\":[{\"@type\":\"ListItem\",\"position\":1,\"name\":\"Home\",\"item\":\"https:\\\/\\\/powermepronto.com\\\/en\\\/\"},{\"@type\":\"ListItem\",\"position\":2,\"name\":\"Cheaper Than All Other Prepay Electric Companies in Colleyville\"}]},{\"@type\":\"WebSite\",\"@id\":\"https:\\\/\\\/powermepronto.com\\\/en\\\/#website\",\"url\":\"https:\\\/\\\/powermepronto.com\\\/en\\\/\",\"name\":\"Pronto Power\",\"description\":\"\",\"potentialAction\":[{\"@type\":\"SearchAction\",\"target\":{\"@type\":\"EntryPoint\",\"urlTemplate\":\"https:\\\/\\\/powermepronto.com\\\/en\\\/?s={search_term_string}\"},\"query-input\":{\"@type\":\"PropertyValueSpecification\",\"valueRequired\":true,\"valueName\":\"search_term_string\"}}],\"inLanguage\":\"en-US\"}]}<\/script>\n<!-- \/ Yoast SEO plugin. -->","yoast_head_json":{"title":"[:en]Cheaper Than All Other Prepay Electric Companies in Colleyville[:es]M\u00e1s barato que todas las dem\u00e1s compa\u00f1\u00edas el\u00e9ctricas de prepago en Colleyville[:] - Pronto Power","description":"[:en]Get the cheapest prepaid electric rates in Carrollton. Plus find out how to save 20% more. No deposit. No contract. No hidden fees. Join free today! 844.621.2852[:es]Obtenga las tarifas el\u00e9ctricas prepagas m\u00e1s baratas en Carrollton. Adem\u00e1s, descubra c\u00f3mo ahorrar un 20% m\u00e1s. No hay dep\u00f3sito. Sin contrato. Sin cuotas escondidas. \u00a1\u00danase gratis hoy! 844.621.2852[:]","robots":{"index":"index","follow":"follow","max-snippet":"max-snippet:-1","max-image-preview":"max-image-preview:large","max-video-preview":"max-video-preview:-1"},"canonical":"https:\/\/powermepronto.com\/cheaper-than-all-other-prepay-electric-companies-in-colleyville\/","og_locale":"en_US","og_type":"article","og_title":"[:en]Cheaper Than All Other Prepay Electric Companies in Colleyville[:es]M\u00e1s barato que todas las dem\u00e1s compa\u00f1\u00edas el\u00e9ctricas de prepago en Colleyville[:] - Pronto Power","og_description":"[:en]Get the cheapest prepaid electric rates in Carrollton. Plus find out how to save 20% more. No deposit. No contract. No hidden fees. Join free today! 844.621.2852[:es]Obtenga las tarifas el\u00e9ctricas prepagas m\u00e1s baratas en Carrollton. Adem\u00e1s, descubra c\u00f3mo ahorrar un 20% m\u00e1s. No hay dep\u00f3sito. Sin contrato. Sin cuotas escondidas. \u00a1\u00danase gratis hoy! 844.621.2852[:]","og_url":"https:\/\/powermepronto.com\/cheaper-than-all-other-prepay-electric-companies-in-colleyville\/","og_site_name":"Pronto Power","article_modified_time":"2022-12-21T10:25:54+00:00","twitter_card":"summary_large_image","twitter_misc":{"Est. reading time":"4 minutes"},"schema":{"@context":"https:\/\/schema.org","@graph":[{"@type":"WebPage","@id":"https:\/\/powermepronto.com\/cheaper-than-all-other-prepay-electric-companies-in-colleyville\/","url":"https:\/\/powermepronto.com\/cheaper-than-all-other-prepay-electric-companies-in-colleyville\/","name":"[:en]Cheaper Than All Other Prepay Electric Companies in Colleyville[:es]M\u00e1s barato que todas las dem\u00e1s compa\u00f1\u00edas el\u00e9ctricas de prepago en Colleyville[:] - Pronto Power","isPartOf":{"@id":"https:\/\/powermepronto.com\/en\/#website"},"datePublished":"2021-06-24T15:48:33+00:00","dateModified":"2022-12-21T10:25:54+00:00","description":"[:en]Get the cheapest prepaid electric rates in Carrollton. Plus find out how to save 20% more. No deposit. No contract. No hidden fees. Join free today! 844.621.2852[:es]Obtenga las tarifas el\u00e9ctricas prepagas m\u00e1s baratas en Carrollton. Adem\u00e1s, descubra c\u00f3mo ahorrar un 20% m\u00e1s. No hay dep\u00f3sito. Sin contrato. Sin cuotas escondidas. \u00a1\u00danase gratis hoy! 844.621.2852[:]","breadcrumb":{"@id":"https:\/\/powermepronto.com\/cheaper-than-all-other-prepay-electric-companies-in-colleyville\/#breadcrumb"},"inLanguage":"en-US","potentialAction":[{"@type":"ReadAction","target":["https:\/\/powermepronto.com\/cheaper-than-all-other-prepay-electric-companies-in-colleyville\/"]}]},{"@type":"BreadcrumbList","@id":"https:\/\/powermepronto.com\/cheaper-than-all-other-prepay-electric-companies-in-colleyville\/#breadcrumb","itemListElement":[{"@type":"ListItem","position":1,"name":"Home","item":"https:\/\/powermepronto.com\/en\/"},{"@type":"ListItem","position":2,"name":"Cheaper Than All Other Prepay Electric Companies in Colleyville"}]},{"@type":"WebSite","@id":"https:\/\/powermepronto.com\/en\/#website","url":"https:\/\/powermepronto.com\/en\/","name":"Pronto Power","description":"","potentialAction":[{"@type":"SearchAction","target":{"@type":"EntryPoint","urlTemplate":"https:\/\/powermepronto.com\/en\/?s={search_term_string}"},"query-input":{"@type":"PropertyValueSpecification","valueRequired":true,"valueName":"search_term_string"}}],"inLanguage":"en-US"}]}},"_links":{"self":[{"href":"https:\/\/powermepronto.com\/en\/wp-json\/wp\/v2\/pages\/2664","targetHints":{"allow":["GET"]}}],"collection":[{"href":"https:\/\/powermepronto.com\/en\/wp-json\/wp\/v2\/pages"}],"about":[{"href":"https:\/\/powermepronto.com\/en\/wp-json\/wp\/v2\/types\/page"}],"author":[{"embeddable":true,"href":"https:\/\/powermepronto.com\/en\/wp-json\/wp\/v2\/users\/1"}],"replies":[{"embeddable":true,"href":"https:\/\/powermepronto.com\/en\/wp-json\/wp\/v2\/comments?post=2664"}],"version-history":[{"count":4,"href":"https:\/\/powermepronto.com\/en\/wp-json\/wp\/v2\/pages\/2664\/revisions"}],"predecessor-version":[{"id":3497,"href":"https:\/\/powermepronto.com\/en\/wp-json\/wp\/v2\/pages\/2664\/revisions\/3497"}],"wp:attachment":[{"href":"https:\/\/powermepronto.com\/en\/wp-json\/wp\/v2\/media?parent=2664"}],"curies":[{"name":"wp","href":"https:\/\/api.w.org\/{rel}","templated":true}]}}