{"id":2662,"date":"2021-06-24T10:45:55","date_gmt":"2021-06-24T15:45:55","guid":{"rendered":"https:\/\/powermepronto.com\/?page_id=2662"},"modified":"2022-12-21T04:25:28","modified_gmt":"2022-12-21T10:25:28","slug":"cheaper-than-all-other-prepay-electric-companies-in-carrollton","status":"publish","type":"page","link":"https:\/\/powermepronto.com\/en\/cheaper-than-all-other-prepay-electric-companies-in-carrollton\/","title":{"rendered":"Cheaper Than All Other Prepay Electric Companies in Carrollton"},"content":{"rendered":"<p>Seems like everyone has some reason for you to give them money these days, doesn\u2019t it?<\/p>\n<p>You need a smartphone, earbuds, watch, sunglasses, rings, internet, laptop, tablet PC&#8230;and the list goes on and on!<\/p>\n<p>And then when you buy these things, you \u201cneed\u201d all sorts of accessories for them too. But of course, these things don\u2019t last. And when something goes wrong, you frequently can\u2019t get help from the company who insisted you have them in the first place!<\/p>\n<p>&#8230;When will someone actually help you put more money in your pocket?<\/p>\n<p>Fortunately, at Pronto Power, that\u2019s what we do. For starters, you get the cheapest prepaid electricity in Texas. Plus, you get the opportunity to save 20% off that cheapest prepaid rate (find out how below).<\/p>\n<p>But that\u2019s not all! There\u2019s also:<\/p>\n<ul>\n<li>No contract<\/li>\n<li>No hidden fees<\/li>\n<li>No deposit<\/li>\n<li>No disconnection fees<\/li>\n<li>No connection fees<\/li>\n<li>No credit check<\/li>\n<li>No ID check<\/li>\n<li>Fast and friendly customer service<\/li>\n<\/ul>\n<p>And since you don\u2019t sign a contract, you don\u2019t have any risk. Cancel any time and for any reason.<\/p>\n<p>But once you experience Pronto Power, you won\u2019t want to go anywhere else!<\/p>\n<h2>How Can Pronto Power Offer A Better Deal Than Other Texas Electric Companies?<\/h2>\n<p>Simple: we make sure our business operations run as cost-effectively as possible. Efficiency is an obsession.<\/p>\n<p>We also focus on keeping you as a customer for the long-term. Many no deposit power companies simply \u201cchurn\u2019n\u2019burn\u201d customers.<\/p>\n<p>And we pass the savings right on to you!<\/p>\n<h2>Save an Additional 20% Versus Other Electric Companies<\/h2>\n<p>Saving 20% more is easy. And it\u2019s totally within your control.<\/p>\n<p>When you join Pronto Power, you get access to our free electricity monitoring tool. Simply login to see how you\u2019re using electricity right this very second.<\/p>\n<p>Customers use this tool to learn how they use electricity over time. And then they change their behavior.<\/p>\n<p>Many save 20%&#8230;and some hardcore savers even much more!<\/p>\n<h2>Join Pronto Power Free Today<\/h2>\n<p>You just can\u2019t find a better deal with friendly customer service associates who want to help you, even if you\u2019re having trouble paying.<\/p>\n<p>Then add funds monthly, weekly, or even daily if you need to.<\/p>\n<p>The cheapest prepaid rates? With the opportunity to save 20% more? And no annoying contract or deposit?<\/p>\n<p>Yes. Yes. Yes. And YES!<\/p>\n<p>Join Pronto Power free within the hour if your home has a smart meter when you call <span class=\"affiliatecode\">844.621.2852<\/span>.<\/p>","protected":false},"excerpt":{"rendered":"<p>Seems like everyone has some reason for you to give them money these days, doesn\u2019t it? You need a smartphone, earbuds, watch, sunglasses, rings, internet, laptop, tablet PC&#8230;and the list goes on and on! And then when you buy these things, you \u201cneed\u201d all sorts of accessories for them too. But of course, these things &hellip; <a href=\"https:\/\/powermepronto.com\/en\/cheaper-than-all-other-prepay-electric-companies-in-carrollton\/\" class=\"more-link\">Continue reading <span class=\"screen-reader-text\">Cheaper Than All Other Prepay Electric Companies in Carrollton<\/span><\/a><\/p>\n","protected":false},"author":1,"featured_media":0,"parent":0,"menu_order":0,"comment_status":"closed","ping_status":"closed","template":"","meta":{"_acf_changed":false,"_glsr_average":0,"_glsr_ranking":0,"_glsr_reviews":0,"footnotes":"","_links_to":"","_links_to_target":""},"class_list":["post-2662","page","type-page","status-publish","hentry"],"acf":[],"yoast_head":"<!-- This site is optimized with the Yoast SEO plugin v27.4 - https:\/\/yoast.com\/product\/yoast-seo-wordpress\/ -->\n<title>Cheaper Than All Other Prepay Electric Companies in Carrollton - Pronto Power<\/title>\n<meta name=\"description\" content=\"[:en]Get the cheapest prepaid electric rates in Carrollton. Plus find out how to save 20% more. No deposit. No contract. No hidden fees. Join free today! 844.621.2852[:es]Obtenga las tarifas el\u00e9ctricas prepagas m\u00e1s baratas en Carrollton. Adem\u00e1s, descubra c\u00f3mo ahorrar un 20% m\u00e1s. No hay dep\u00f3sito. Sin contrato. Sin cuotas escondidas. \u00a1\u00danase gratis hoy! 844.621.2852[:]\" \/>\n<meta name=\"robots\" content=\"index, follow, max-snippet:-1, max-image-preview:large, max-video-preview:-1\" \/>\n<link rel=\"canonical\" href=\"https:\/\/powermepronto.com\/cheaper-than-all-other-prepay-electric-companies-in-carrollton\/\" \/>\n<meta property=\"og:locale\" content=\"en_US\" \/>\n<meta property=\"og:type\" content=\"article\" \/>\n<meta property=\"og:title\" content=\"[:en]Cheaper Than All Other Prepay Electric Companies in Carrollton[:es]M\u00e1s barato que todas las dem\u00e1s empresas el\u00e9ctricas de prepago en Carrollton[:] - Pronto Power\" \/>\n<meta property=\"og:description\" content=\"[:en]Get the cheapest prepaid electric rates in Carrollton. Plus find out how to save 20% more. No deposit. No contract. No hidden fees. Join free today! 844.621.2852[:es]Obtenga las tarifas el\u00e9ctricas prepagas m\u00e1s baratas en Carrollton. Adem\u00e1s, descubra c\u00f3mo ahorrar un 20% m\u00e1s. No hay dep\u00f3sito. Sin contrato. Sin cuotas escondidas. \u00a1\u00danase gratis hoy! 844.621.2852[:]\" \/>\n<meta property=\"og:url\" content=\"https:\/\/powermepronto.com\/cheaper-than-all-other-prepay-electric-companies-in-carrollton\/\" \/>\n<meta property=\"og:site_name\" content=\"Pronto Power\" \/>\n<meta property=\"article:modified_time\" content=\"2022-12-21T10:25:28+00:00\" \/>\n<meta name=\"twitter:card\" content=\"summary_large_image\" \/>\n<meta name=\"twitter:label1\" content=\"Est. reading time\" \/>\n\t<meta name=\"twitter:data1\" content=\"4 minutes\" \/>\n<script type=\"application\/ld+json\" class=\"yoast-schema-graph\">{\"@context\":\"https:\\\/\\\/schema.org\",\"@graph\":[{\"@type\":\"WebPage\",\"@id\":\"https:\\\/\\\/powermepronto.com\\\/cheaper-than-all-other-prepay-electric-companies-in-carrollton\\\/\",\"url\":\"https:\\\/\\\/powermepronto.com\\\/cheaper-than-all-other-prepay-electric-companies-in-carrollton\\\/\",\"name\":\"[:en]Cheaper Than All Other Prepay Electric Companies in Carrollton[:es]M\u00e1s barato que todas las dem\u00e1s empresas el\u00e9ctricas de prepago en Carrollton[:] - Pronto Power\",\"isPartOf\":{\"@id\":\"https:\\\/\\\/powermepronto.com\\\/en\\\/#website\"},\"datePublished\":\"2021-06-24T15:45:55+00:00\",\"dateModified\":\"2022-12-21T10:25:28+00:00\",\"description\":\"[:en]Get the cheapest prepaid electric rates in Carrollton. Plus find out how to save 20% more. No deposit. No contract. No hidden fees. Join free today! 844.621.2852[:es]Obtenga las tarifas el\u00e9ctricas prepagas m\u00e1s baratas en Carrollton. Adem\u00e1s, descubra c\u00f3mo ahorrar un 20% m\u00e1s. No hay dep\u00f3sito. Sin contrato. Sin cuotas escondidas. \u00a1\u00danase gratis hoy! 844.621.2852[:]\",\"breadcrumb\":{\"@id\":\"https:\\\/\\\/powermepronto.com\\\/cheaper-than-all-other-prepay-electric-companies-in-carrollton\\\/#breadcrumb\"},\"inLanguage\":\"en-US\",\"potentialAction\":[{\"@type\":\"ReadAction\",\"target\":[\"https:\\\/\\\/powermepronto.com\\\/cheaper-than-all-other-prepay-electric-companies-in-carrollton\\\/\"]}]},{\"@type\":\"BreadcrumbList\",\"@id\":\"https:\\\/\\\/powermepronto.com\\\/cheaper-than-all-other-prepay-electric-companies-in-carrollton\\\/#breadcrumb\",\"itemListElement\":[{\"@type\":\"ListItem\",\"position\":1,\"name\":\"Home\",\"item\":\"https:\\\/\\\/powermepronto.com\\\/en\\\/\"},{\"@type\":\"ListItem\",\"position\":2,\"name\":\"Cheaper Than All Other Prepay Electric Companies in Carrollton\"}]},{\"@type\":\"WebSite\",\"@id\":\"https:\\\/\\\/powermepronto.com\\\/en\\\/#website\",\"url\":\"https:\\\/\\\/powermepronto.com\\\/en\\\/\",\"name\":\"Pronto Power\",\"description\":\"\",\"potentialAction\":[{\"@type\":\"SearchAction\",\"target\":{\"@type\":\"EntryPoint\",\"urlTemplate\":\"https:\\\/\\\/powermepronto.com\\\/en\\\/?s={search_term_string}\"},\"query-input\":{\"@type\":\"PropertyValueSpecification\",\"valueRequired\":true,\"valueName\":\"search_term_string\"}}],\"inLanguage\":\"en-US\"}]}<\/script>\n<!-- \/ Yoast SEO plugin. -->","yoast_head_json":{"title":"[:en]Cheaper Than All Other Prepay Electric Companies in Carrollton[:es]M\u00e1s barato que todas las dem\u00e1s empresas el\u00e9ctricas de prepago en Carrollton[:] - Pronto Power","description":"[:en]Get the cheapest prepaid electric rates in Carrollton. Plus find out how to save 20% more. No deposit. No contract. No hidden fees. Join free today! 844.621.2852[:es]Obtenga las tarifas el\u00e9ctricas prepagas m\u00e1s baratas en Carrollton. Adem\u00e1s, descubra c\u00f3mo ahorrar un 20% m\u00e1s. No hay dep\u00f3sito. Sin contrato. Sin cuotas escondidas. \u00a1\u00danase gratis hoy! 844.621.2852[:]","robots":{"index":"index","follow":"follow","max-snippet":"max-snippet:-1","max-image-preview":"max-image-preview:large","max-video-preview":"max-video-preview:-1"},"canonical":"https:\/\/powermepronto.com\/cheaper-than-all-other-prepay-electric-companies-in-carrollton\/","og_locale":"en_US","og_type":"article","og_title":"[:en]Cheaper Than All Other Prepay Electric Companies in Carrollton[:es]M\u00e1s barato que todas las dem\u00e1s empresas el\u00e9ctricas de prepago en Carrollton[:] - Pronto Power","og_description":"[:en]Get the cheapest prepaid electric rates in Carrollton. Plus find out how to save 20% more. No deposit. No contract. No hidden fees. Join free today! 844.621.2852[:es]Obtenga las tarifas el\u00e9ctricas prepagas m\u00e1s baratas en Carrollton. Adem\u00e1s, descubra c\u00f3mo ahorrar un 20% m\u00e1s. No hay dep\u00f3sito. Sin contrato. Sin cuotas escondidas. \u00a1\u00danase gratis hoy! 844.621.2852[:]","og_url":"https:\/\/powermepronto.com\/cheaper-than-all-other-prepay-electric-companies-in-carrollton\/","og_site_name":"Pronto Power","article_modified_time":"2022-12-21T10:25:28+00:00","twitter_card":"summary_large_image","twitter_misc":{"Est. reading time":"4 minutes"},"schema":{"@context":"https:\/\/schema.org","@graph":[{"@type":"WebPage","@id":"https:\/\/powermepronto.com\/cheaper-than-all-other-prepay-electric-companies-in-carrollton\/","url":"https:\/\/powermepronto.com\/cheaper-than-all-other-prepay-electric-companies-in-carrollton\/","name":"[:en]Cheaper Than All Other Prepay Electric Companies in Carrollton[:es]M\u00e1s barato que todas las dem\u00e1s empresas el\u00e9ctricas de prepago en Carrollton[:] - Pronto Power","isPartOf":{"@id":"https:\/\/powermepronto.com\/en\/#website"},"datePublished":"2021-06-24T15:45:55+00:00","dateModified":"2022-12-21T10:25:28+00:00","description":"[:en]Get the cheapest prepaid electric rates in Carrollton. Plus find out how to save 20% more. No deposit. No contract. No hidden fees. Join free today! 844.621.2852[:es]Obtenga las tarifas el\u00e9ctricas prepagas m\u00e1s baratas en Carrollton. Adem\u00e1s, descubra c\u00f3mo ahorrar un 20% m\u00e1s. No hay dep\u00f3sito. Sin contrato. Sin cuotas escondidas. \u00a1\u00danase gratis hoy! 844.621.2852[:]","breadcrumb":{"@id":"https:\/\/powermepronto.com\/cheaper-than-all-other-prepay-electric-companies-in-carrollton\/#breadcrumb"},"inLanguage":"en-US","potentialAction":[{"@type":"ReadAction","target":["https:\/\/powermepronto.com\/cheaper-than-all-other-prepay-electric-companies-in-carrollton\/"]}]},{"@type":"BreadcrumbList","@id":"https:\/\/powermepronto.com\/cheaper-than-all-other-prepay-electric-companies-in-carrollton\/#breadcrumb","itemListElement":[{"@type":"ListItem","position":1,"name":"Home","item":"https:\/\/powermepronto.com\/en\/"},{"@type":"ListItem","position":2,"name":"Cheaper Than All Other Prepay Electric Companies in Carrollton"}]},{"@type":"WebSite","@id":"https:\/\/powermepronto.com\/en\/#website","url":"https:\/\/powermepronto.com\/en\/","name":"Pronto Power","description":"","potentialAction":[{"@type":"SearchAction","target":{"@type":"EntryPoint","urlTemplate":"https:\/\/powermepronto.com\/en\/?s={search_term_string}"},"query-input":{"@type":"PropertyValueSpecification","valueRequired":true,"valueName":"search_term_string"}}],"inLanguage":"en-US"}]}},"_links":{"self":[{"href":"https:\/\/powermepronto.com\/en\/wp-json\/wp\/v2\/pages\/2662","targetHints":{"allow":["GET"]}}],"collection":[{"href":"https:\/\/powermepronto.com\/en\/wp-json\/wp\/v2\/pages"}],"about":[{"href":"https:\/\/powermepronto.com\/en\/wp-json\/wp\/v2\/types\/page"}],"author":[{"embeddable":true,"href":"https:\/\/powermepronto.com\/en\/wp-json\/wp\/v2\/users\/1"}],"replies":[{"embeddable":true,"href":"https:\/\/powermepronto.com\/en\/wp-json\/wp\/v2\/comments?post=2662"}],"version-history":[{"count":4,"href":"https:\/\/powermepronto.com\/en\/wp-json\/wp\/v2\/pages\/2662\/revisions"}],"predecessor-version":[{"id":3496,"href":"https:\/\/powermepronto.com\/en\/wp-json\/wp\/v2\/pages\/2662\/revisions\/3496"}],"wp:attachment":[{"href":"https:\/\/powermepronto.com\/en\/wp-json\/wp\/v2\/media?parent=2662"}],"curies":[{"name":"wp","href":"https:\/\/api.w.org\/{rel}","templated":true}]}}