{"id":2648,"date":"2021-06-15T10:25:19","date_gmt":"2021-06-15T15:25:19","guid":{"rendered":"https:\/\/powermepronto.com\/?page_id=2648"},"modified":"2022-12-21T05:25:39","modified_gmt":"2022-12-21T11:25:39","slug":"no-contract-no-hidden-fees-and-arlingtons-cheapest-prepay-electric","status":"publish","type":"page","link":"https:\/\/powermepronto.com\/en\/no-contract-no-hidden-fees-and-arlingtons-cheapest-prepay-electric\/","title":{"rendered":"No Contract. No Hidden Fees. And Arlington\u2019s Cheapest Prepay Electric!"},"content":{"rendered":"<p>Sick and tired of REPs that reel you in with promises of big savings&#8230;only to find out that they have all sorts of tricks and traps in place so they get as much of your money as possible?<\/p>\n<p>It\u2019s one way REPs do business.<\/p>\n<p>But, unlike other electric companies, Pronto Power doesn\u2019t do business that way.<\/p>\n<p>Instead, you don\u2019t sign a contract, never pay any hidden fees, and always get the cheapest prepaid rates.<\/p>\n<p>That means you stay with us longer as a customer. And that\u2019s a big win-win!<\/p>\n<h2>What Else Do You Get With Pronto Power?<\/h2>\n<p>You might already think you\u2019re getting a pretty good deal. But there\u2019s even more to it!<\/p>\n<p>With Pronto Power, there\u2019s:<\/p>\n<ul>\n<li>No credit check<\/li>\n<li>No ID check<\/li>\n<li>No deposit at all<\/li>\n<li>Always great customer service<\/li>\n<li>The chance to save 20% more off the cheapest prepaid electric in Texas<\/li>\n<\/ul>\n<p>Oh, and did we mention customer service actually can\u2019t wait to do their job and help you create a deferred payment plan if you\u2019re experiencing serious financial difficulty?<\/p>\n<p>And to prove that\u2019s what you really get, you don\u2019t sign a contract or pay any connection or disconnection fees.<\/p>\n<p>That means that you can cancel anytime completely risk-free. And that forces us to follow through on our promises.<\/p>\n<h2>How You Can Save 20% More Versus Other Texas Electric Companies<\/h2>\n<p>This one puts you in control. When you join Pronto Power, you get access to free online electricity monitoring software.<\/p>\n<p>It connects to your smart meter and shows you exactly how you\u2019re using electricity right this very moment.<\/p>\n<p>Many of our customers use what they learn to change their behavior and save 20%&#8230;and some even more!<\/p>\n<h2>Join Free Within the Hour If Your Home Has a Smart Meter<\/h2>\n<p>So what\u2019re you waiting for?<\/p>\n<p>And then you simply add funds however works best for you (monthly, weekly, or even daily if you want).<\/p>\n<p>As long as you have just a single penny in your prepaid account by 1 PM each day, your electricity stays on!<\/p>\n<p>The cheapest prepaid rates with no contract and no hidden fees, along with the opportunity to save 20% more off those rates, can be yours within the hour with just a single phone call to Pronto Power at <span class=\"affiliatecode\">844.621.2852<\/span>!<\/p>","protected":false},"excerpt":{"rendered":"<p>Sick and tired of REPs that reel you in with promises of big savings&#8230;only to find out that they have all sorts of tricks and traps in place so they get as much of your money as possible? It\u2019s one way REPs do business. But, unlike other electric companies, Pronto Power doesn\u2019t do business that &hellip; <a href=\"https:\/\/powermepronto.com\/en\/no-contract-no-hidden-fees-and-arlingtons-cheapest-prepay-electric\/\" class=\"more-link\">Continue reading <span class=\"screen-reader-text\">No Contract. No Hidden Fees. And Arlington\u2019s Cheapest Prepay Electric!<\/span><\/a><\/p>\n","protected":false},"author":1,"featured_media":0,"parent":0,"menu_order":0,"comment_status":"closed","ping_status":"closed","template":"","meta":{"_acf_changed":false,"_glsr_average":0,"_glsr_ranking":0,"_glsr_reviews":0,"footnotes":"","_links_to":"","_links_to_target":""},"class_list":["post-2648","page","type-page","status-publish","hentry"],"acf":[],"yoast_head":"<!-- This site is optimized with the Yoast SEO plugin v27.5 - https:\/\/yoast.com\/product\/yoast-seo-wordpress\/ -->\n<title>No Contract. No Hidden Fees. And Arlington\u2019s Cheapest Prepay Electric! - Pronto Power<\/title>\n<meta name=\"description\" content=\"[:en]Get the cheapest prepaid electric rates in Arlington. Plus find out how to save 20% more. No deposit. No contract. No hidden fees. Join free today! 844.621.2852[:es]Obtenga las tarifas el\u00e9ctricas prepagas m\u00e1s econ\u00f3micas en Arlington. Adem\u00e1s, descubra c\u00f3mo ahorrar un 20% m\u00e1s. No hay dep\u00f3sito. Sin contrato. Sin cuotas escondidas. \u00a1\u00danase gratis hoy! 844.621.2852[:]\" \/>\n<meta name=\"robots\" content=\"index, follow, max-snippet:-1, max-image-preview:large, max-video-preview:-1\" \/>\n<link rel=\"canonical\" href=\"https:\/\/powermepronto.com\/no-contract-no-hidden-fees-and-arlingtons-cheapest-prepay-electric\/\" \/>\n<meta property=\"og:locale\" content=\"en_US\" \/>\n<meta property=\"og:type\" content=\"article\" \/>\n<meta property=\"og:title\" content=\"[:en]No Contract. No Hidden Fees. And Arlington\u2019s Cheapest Prepay Electric![:es]Sin contrato. Sin cuotas escondidas. \u00a1Y el servicio el\u00e9ctrico prepago m\u00e1s barato de Arlington![:] - Pronto Power\" \/>\n<meta property=\"og:description\" content=\"[:en]Get the cheapest prepaid electric rates in Arlington. Plus find out how to save 20% more. No deposit. No contract. No hidden fees. Join free today! 844.621.2852[:es]Obtenga las tarifas el\u00e9ctricas prepagas m\u00e1s econ\u00f3micas en Arlington. Adem\u00e1s, descubra c\u00f3mo ahorrar un 20% m\u00e1s. No hay dep\u00f3sito. Sin contrato. Sin cuotas escondidas. \u00a1\u00danase gratis hoy! 844.621.2852[:]\" \/>\n<meta property=\"og:url\" content=\"https:\/\/powermepronto.com\/no-contract-no-hidden-fees-and-arlingtons-cheapest-prepay-electric\/\" \/>\n<meta property=\"og:site_name\" content=\"Pronto Power\" \/>\n<meta property=\"article:modified_time\" content=\"2022-12-21T11:25:39+00:00\" \/>\n<meta name=\"twitter:card\" content=\"summary_large_image\" \/>\n<meta name=\"twitter:label1\" content=\"Est. reading time\" \/>\n\t<meta name=\"twitter:data1\" content=\"4 minutes\" \/>\n<script type=\"application\/ld+json\" class=\"yoast-schema-graph\">{\"@context\":\"https:\\\/\\\/schema.org\",\"@graph\":[{\"@type\":\"WebPage\",\"@id\":\"https:\\\/\\\/powermepronto.com\\\/no-contract-no-hidden-fees-and-arlingtons-cheapest-prepay-electric\\\/\",\"url\":\"https:\\\/\\\/powermepronto.com\\\/no-contract-no-hidden-fees-and-arlingtons-cheapest-prepay-electric\\\/\",\"name\":\"[:en]No Contract. No Hidden Fees. And Arlington\u2019s Cheapest Prepay Electric![:es]Sin contrato. Sin cuotas escondidas. \u00a1Y el servicio el\u00e9ctrico prepago m\u00e1s barato de Arlington![:] - Pronto Power\",\"isPartOf\":{\"@id\":\"https:\\\/\\\/powermepronto.com\\\/en\\\/#website\"},\"datePublished\":\"2021-06-15T15:25:19+00:00\",\"dateModified\":\"2022-12-21T11:25:39+00:00\",\"description\":\"[:en]Get the cheapest prepaid electric rates in Arlington. Plus find out how to save 20% more. No deposit. No contract. No hidden fees. Join free today! 844.621.2852[:es]Obtenga las tarifas el\u00e9ctricas prepagas m\u00e1s econ\u00f3micas en Arlington. Adem\u00e1s, descubra c\u00f3mo ahorrar un 20% m\u00e1s. No hay dep\u00f3sito. Sin contrato. Sin cuotas escondidas. \u00a1\u00danase gratis hoy! 844.621.2852[:]\",\"breadcrumb\":{\"@id\":\"https:\\\/\\\/powermepronto.com\\\/no-contract-no-hidden-fees-and-arlingtons-cheapest-prepay-electric\\\/#breadcrumb\"},\"inLanguage\":\"en-US\",\"potentialAction\":[{\"@type\":\"ReadAction\",\"target\":[\"https:\\\/\\\/powermepronto.com\\\/no-contract-no-hidden-fees-and-arlingtons-cheapest-prepay-electric\\\/\"]}]},{\"@type\":\"BreadcrumbList\",\"@id\":\"https:\\\/\\\/powermepronto.com\\\/no-contract-no-hidden-fees-and-arlingtons-cheapest-prepay-electric\\\/#breadcrumb\",\"itemListElement\":[{\"@type\":\"ListItem\",\"position\":1,\"name\":\"Home\",\"item\":\"https:\\\/\\\/powermepronto.com\\\/en\\\/\"},{\"@type\":\"ListItem\",\"position\":2,\"name\":\"No Contract. No Hidden Fees. And Arlington\u2019s Cheapest Prepay Electric!\"}]},{\"@type\":\"WebSite\",\"@id\":\"https:\\\/\\\/powermepronto.com\\\/en\\\/#website\",\"url\":\"https:\\\/\\\/powermepronto.com\\\/en\\\/\",\"name\":\"Pronto Power\",\"description\":\"\",\"potentialAction\":[{\"@type\":\"SearchAction\",\"target\":{\"@type\":\"EntryPoint\",\"urlTemplate\":\"https:\\\/\\\/powermepronto.com\\\/en\\\/?s={search_term_string}\"},\"query-input\":{\"@type\":\"PropertyValueSpecification\",\"valueRequired\":true,\"valueName\":\"search_term_string\"}}],\"inLanguage\":\"en-US\"}]}<\/script>\n<!-- \/ Yoast SEO plugin. -->","yoast_head_json":{"title":"[:en]No Contract. No Hidden Fees. And Arlington\u2019s Cheapest Prepay Electric![:es]Sin contrato. Sin cuotas escondidas. \u00a1Y el servicio el\u00e9ctrico prepago m\u00e1s barato de Arlington![:] - Pronto Power","description":"[:en]Get the cheapest prepaid electric rates in Arlington. Plus find out how to save 20% more. No deposit. No contract. No hidden fees. Join free today! 844.621.2852[:es]Obtenga las tarifas el\u00e9ctricas prepagas m\u00e1s econ\u00f3micas en Arlington. Adem\u00e1s, descubra c\u00f3mo ahorrar un 20% m\u00e1s. No hay dep\u00f3sito. Sin contrato. Sin cuotas escondidas. \u00a1\u00danase gratis hoy! 844.621.2852[:]","robots":{"index":"index","follow":"follow","max-snippet":"max-snippet:-1","max-image-preview":"max-image-preview:large","max-video-preview":"max-video-preview:-1"},"canonical":"https:\/\/powermepronto.com\/no-contract-no-hidden-fees-and-arlingtons-cheapest-prepay-electric\/","og_locale":"en_US","og_type":"article","og_title":"[:en]No Contract. No Hidden Fees. And Arlington\u2019s Cheapest Prepay Electric![:es]Sin contrato. Sin cuotas escondidas. \u00a1Y el servicio el\u00e9ctrico prepago m\u00e1s barato de Arlington![:] - Pronto Power","og_description":"[:en]Get the cheapest prepaid electric rates in Arlington. Plus find out how to save 20% more. No deposit. No contract. No hidden fees. Join free today! 844.621.2852[:es]Obtenga las tarifas el\u00e9ctricas prepagas m\u00e1s econ\u00f3micas en Arlington. Adem\u00e1s, descubra c\u00f3mo ahorrar un 20% m\u00e1s. No hay dep\u00f3sito. Sin contrato. Sin cuotas escondidas. \u00a1\u00danase gratis hoy! 844.621.2852[:]","og_url":"https:\/\/powermepronto.com\/no-contract-no-hidden-fees-and-arlingtons-cheapest-prepay-electric\/","og_site_name":"Pronto Power","article_modified_time":"2022-12-21T11:25:39+00:00","twitter_card":"summary_large_image","twitter_misc":{"Est. reading time":"4 minutes"},"schema":{"@context":"https:\/\/schema.org","@graph":[{"@type":"WebPage","@id":"https:\/\/powermepronto.com\/no-contract-no-hidden-fees-and-arlingtons-cheapest-prepay-electric\/","url":"https:\/\/powermepronto.com\/no-contract-no-hidden-fees-and-arlingtons-cheapest-prepay-electric\/","name":"[:en]No Contract. No Hidden Fees. And Arlington\u2019s Cheapest Prepay Electric![:es]Sin contrato. Sin cuotas escondidas. \u00a1Y el servicio el\u00e9ctrico prepago m\u00e1s barato de Arlington![:] - Pronto Power","isPartOf":{"@id":"https:\/\/powermepronto.com\/en\/#website"},"datePublished":"2021-06-15T15:25:19+00:00","dateModified":"2022-12-21T11:25:39+00:00","description":"[:en]Get the cheapest prepaid electric rates in Arlington. Plus find out how to save 20% more. No deposit. No contract. No hidden fees. Join free today! 844.621.2852[:es]Obtenga las tarifas el\u00e9ctricas prepagas m\u00e1s econ\u00f3micas en Arlington. Adem\u00e1s, descubra c\u00f3mo ahorrar un 20% m\u00e1s. No hay dep\u00f3sito. Sin contrato. Sin cuotas escondidas. \u00a1\u00danase gratis hoy! 844.621.2852[:]","breadcrumb":{"@id":"https:\/\/powermepronto.com\/no-contract-no-hidden-fees-and-arlingtons-cheapest-prepay-electric\/#breadcrumb"},"inLanguage":"en-US","potentialAction":[{"@type":"ReadAction","target":["https:\/\/powermepronto.com\/no-contract-no-hidden-fees-and-arlingtons-cheapest-prepay-electric\/"]}]},{"@type":"BreadcrumbList","@id":"https:\/\/powermepronto.com\/no-contract-no-hidden-fees-and-arlingtons-cheapest-prepay-electric\/#breadcrumb","itemListElement":[{"@type":"ListItem","position":1,"name":"Home","item":"https:\/\/powermepronto.com\/en\/"},{"@type":"ListItem","position":2,"name":"No Contract. No Hidden Fees. And Arlington\u2019s Cheapest Prepay Electric!"}]},{"@type":"WebSite","@id":"https:\/\/powermepronto.com\/en\/#website","url":"https:\/\/powermepronto.com\/en\/","name":"Pronto Power","description":"","potentialAction":[{"@type":"SearchAction","target":{"@type":"EntryPoint","urlTemplate":"https:\/\/powermepronto.com\/en\/?s={search_term_string}"},"query-input":{"@type":"PropertyValueSpecification","valueRequired":true,"valueName":"search_term_string"}}],"inLanguage":"en-US"}]}},"_links":{"self":[{"href":"https:\/\/powermepronto.com\/en\/wp-json\/wp\/v2\/pages\/2648","targetHints":{"allow":["GET"]}}],"collection":[{"href":"https:\/\/powermepronto.com\/en\/wp-json\/wp\/v2\/pages"}],"about":[{"href":"https:\/\/powermepronto.com\/en\/wp-json\/wp\/v2\/types\/page"}],"author":[{"embeddable":true,"href":"https:\/\/powermepronto.com\/en\/wp-json\/wp\/v2\/users\/1"}],"replies":[{"embeddable":true,"href":"https:\/\/powermepronto.com\/en\/wp-json\/wp\/v2\/comments?post=2648"}],"version-history":[{"count":3,"href":"https:\/\/powermepronto.com\/en\/wp-json\/wp\/v2\/pages\/2648\/revisions"}],"predecessor-version":[{"id":3552,"href":"https:\/\/powermepronto.com\/en\/wp-json\/wp\/v2\/pages\/2648\/revisions\/3552"}],"wp:attachment":[{"href":"https:\/\/powermepronto.com\/en\/wp-json\/wp\/v2\/media?parent=2648"}],"curies":[{"name":"wp","href":"https:\/\/api.w.org\/{rel}","templated":true}]}}