{"id":2408,"date":"2021-02-07T10:05:28","date_gmt":"2021-02-07T16:05:28","guid":{"rendered":"https:\/\/powermepronto.com\/?page_id=2408"},"modified":"2022-12-21T05:23:21","modified_gmt":"2022-12-21T11:23:21","slug":"laredos-cheapest-prepaid-no-deposit-power-no-hidden-fees-no-contract","status":"publish","type":"page","link":"https:\/\/powermepronto.com\/en\/laredos-cheapest-prepaid-no-deposit-power-no-hidden-fees-no-contract\/","title":{"rendered":"Laredo\u2019s Cheapest Prepaid No-Deposit Power. No Hidden Fees! No Contract!"},"content":{"rendered":"<p>What would you say to paying the cheapest prepaid electric rates in Texas, and then saving 20% (or even more) off those rates too?<\/p>\n<p>There\u2019s got to be some sort of catch, right?<\/p>\n<p>How could an REP offer such an amazing deal?<\/p>\n<p>Well, Pronto Power offers this deal. And it\u2019s 100% real, with absolutely no catch. When you join Pronto Power, there\u2019s:<\/p>\n<ul>\n<li>No contract<\/li>\n<li>No hidden fees<\/li>\n<li>No deposit<\/li>\n<li>No connection fees<\/li>\n<li>No disconnection fees<\/li>\n<li>No hassles of any kind<\/li>\n<\/ul>\n<p>&#8230;And customer service loves to help you make it through if you\u2019re having trouble paying!<\/p>\n<p>In other words, joining Pronto Power is risk-free and you can cancel anytime and for any reason.<\/p>\n<h2>How Can Pronto Power Offer Such an Amazing Deal to Laredo Residents?<\/h2>\n<p>It\u2019s simple: we focus on offering you service and rates so good that you choose to stay as a customer for years.<\/p>\n<p>Other REPs use a churn-and-burn strategy. They get you as a customer. Force you into a contract. Charge you outrageous fees. Then you leave when your contract expires. And then they just find more customers to replace you.<\/p>\n<p>Since customers choose to stay with Pronto Power for years, we pass the money we don\u2019t have to spend on acquiring new customers directly to you!<\/p>\n<h2>How You Can Save an Additional 20%&#8230;or Even More<\/h2>\n<p>When you join Pronto Power, you get access to an online electricity usage monitoring tool free of charge.<\/p>\n<p>Login, and you can see exactly how you\u2019re using electricity this very instant. Our customers use this software to save up to 20% off their electricity bills&#8230;and some even more!<\/p>\n<h2>Join Pronto Power Free Within the Hour If Your Home Has A Smart Meter<\/h2>\n<p>No-deposit power doesn\u2019t get any cheaper than it does with Pronto Power.<\/p>\n<p>Then you simply add funds however makes most sense for you (monthly, weekly, or even daily).<\/p>\n<p>As long as you have just one penny in your account by 1 PM each day, your electricity stays on.<\/p>\n<p>And remember customer service can\u2019t wait to help you if you\u2019re having a hard time paying.<\/p>\n<p>Look, you just can\u2019t find cheaper prepaid rates, with the opportunity to save 20% or more, with no contract and no hidden fees anywhere else!<\/p>\n<p>So join Pronto Power free within the hour if you have a smart meter by calling <span class=\"affiliatecode\">844.621.2852<\/span>!<\/p>","protected":false},"excerpt":{"rendered":"<p>What would you say to paying the cheapest prepaid electric rates in Texas, and then saving 20% (or even more) off those rates too? There\u2019s got to be some sort of catch, right? How could an REP offer such an amazing deal? Well, Pronto Power offers this deal. And it\u2019s 100% real, with absolutely no &hellip; <a href=\"https:\/\/powermepronto.com\/en\/laredos-cheapest-prepaid-no-deposit-power-no-hidden-fees-no-contract\/\" class=\"more-link\">Continue reading <span class=\"screen-reader-text\">Laredo\u2019s Cheapest Prepaid No-Deposit Power. No Hidden Fees! No Contract!<\/span><\/a><\/p>\n","protected":false},"author":1,"featured_media":0,"parent":0,"menu_order":0,"comment_status":"closed","ping_status":"closed","template":"","meta":{"_acf_changed":false,"_glsr_average":0,"_glsr_ranking":0,"_glsr_reviews":0,"footnotes":"","_links_to":"","_links_to_target":""},"class_list":["post-2408","page","type-page","status-publish","hentry"],"acf":[],"yoast_head":"<!-- This site is optimized with the Yoast SEO plugin v27.4 - https:\/\/yoast.com\/product\/yoast-seo-wordpress\/ -->\n<title>Laredo\u2019s Cheapest Prepaid No-Deposit Power. No Hidden Fees! No Contract! - Pronto Power<\/title>\n<meta name=\"description\" content=\"[;en]Get the cheapest prepaid rates in Laredo. Plus find out how to save 20% more. No deposit. No contract. No hidden fees. Join Pronto Power free today! 844.621.2852[:es]Obtenga las tarifas prepagas m\u00e1s econ\u00f3micas en Laredo. Adem\u00e1s, descubra c\u00f3mo ahorrar un 20% m\u00e1s. No hay dep\u00f3sito. Sin contrato. Sin cuotas escondidas. \u00a1\u00danase a Pronto Power gratis hoy! 844.621.2852[:]\" \/>\n<meta name=\"robots\" content=\"index, follow, max-snippet:-1, max-image-preview:large, max-video-preview:-1\" \/>\n<link rel=\"canonical\" href=\"https:\/\/powermepronto.com\/laredos-cheapest-prepaid-no-deposit-power-no-hidden-fees-no-contract\/\" \/>\n<meta property=\"og:locale\" content=\"en_US\" \/>\n<meta property=\"og:type\" content=\"article\" \/>\n<meta property=\"og:title\" content=\"[:en]Laredo\u2019s Cheapest Prepaid No-Deposit Power. No Hidden Fees! No Contract![:es]El poder prepago sin dep\u00f3sito m\u00e1s barato de Laredo. \u00a1Sin cuotas escondidas! \u00a1Sin contrato![:] - Pronto Power\" \/>\n<meta property=\"og:description\" content=\"[;en]Get the cheapest prepaid rates in Laredo. Plus find out how to save 20% more. No deposit. No contract. No hidden fees. Join Pronto Power free today! 844.621.2852[:es]Obtenga las tarifas prepagas m\u00e1s econ\u00f3micas en Laredo. Adem\u00e1s, descubra c\u00f3mo ahorrar un 20% m\u00e1s. No hay dep\u00f3sito. Sin contrato. Sin cuotas escondidas. \u00a1\u00danase a Pronto Power gratis hoy! 844.621.2852[:]\" \/>\n<meta property=\"og:url\" content=\"https:\/\/powermepronto.com\/laredos-cheapest-prepaid-no-deposit-power-no-hidden-fees-no-contract\/\" \/>\n<meta property=\"og:site_name\" content=\"Pronto Power\" \/>\n<meta property=\"article:modified_time\" content=\"2022-12-21T11:23:21+00:00\" \/>\n<meta name=\"twitter:card\" content=\"summary_large_image\" \/>\n<meta name=\"twitter:label1\" content=\"Est. reading time\" \/>\n\t<meta name=\"twitter:data1\" content=\"4 minutes\" \/>\n<script type=\"application\/ld+json\" class=\"yoast-schema-graph\">{\"@context\":\"https:\\\/\\\/schema.org\",\"@graph\":[{\"@type\":\"WebPage\",\"@id\":\"https:\\\/\\\/powermepronto.com\\\/laredos-cheapest-prepaid-no-deposit-power-no-hidden-fees-no-contract\\\/\",\"url\":\"https:\\\/\\\/powermepronto.com\\\/laredos-cheapest-prepaid-no-deposit-power-no-hidden-fees-no-contract\\\/\",\"name\":\"[:en]Laredo\u2019s Cheapest Prepaid No-Deposit Power. No Hidden Fees! No Contract![:es]El poder prepago sin dep\u00f3sito m\u00e1s barato de Laredo. \u00a1Sin cuotas escondidas! \u00a1Sin contrato![:] - Pronto Power\",\"isPartOf\":{\"@id\":\"https:\\\/\\\/powermepronto.com\\\/en\\\/#website\"},\"datePublished\":\"2021-02-07T16:05:28+00:00\",\"dateModified\":\"2022-12-21T11:23:21+00:00\",\"description\":\"[;en]Get the cheapest prepaid rates in Laredo. Plus find out how to save 20% more. No deposit. No contract. No hidden fees. Join Pronto Power free today! 844.621.2852[:es]Obtenga las tarifas prepagas m\u00e1s econ\u00f3micas en Laredo. Adem\u00e1s, descubra c\u00f3mo ahorrar un 20% m\u00e1s. No hay dep\u00f3sito. Sin contrato. Sin cuotas escondidas. \u00a1\u00danase a Pronto Power gratis hoy! 844.621.2852[:]\",\"breadcrumb\":{\"@id\":\"https:\\\/\\\/powermepronto.com\\\/laredos-cheapest-prepaid-no-deposit-power-no-hidden-fees-no-contract\\\/#breadcrumb\"},\"inLanguage\":\"en-US\",\"potentialAction\":[{\"@type\":\"ReadAction\",\"target\":[\"https:\\\/\\\/powermepronto.com\\\/laredos-cheapest-prepaid-no-deposit-power-no-hidden-fees-no-contract\\\/\"]}]},{\"@type\":\"BreadcrumbList\",\"@id\":\"https:\\\/\\\/powermepronto.com\\\/laredos-cheapest-prepaid-no-deposit-power-no-hidden-fees-no-contract\\\/#breadcrumb\",\"itemListElement\":[{\"@type\":\"ListItem\",\"position\":1,\"name\":\"Home\",\"item\":\"https:\\\/\\\/powermepronto.com\\\/en\\\/\"},{\"@type\":\"ListItem\",\"position\":2,\"name\":\"Laredo\u2019s Cheapest Prepaid No-Deposit Power. No Hidden Fees! No Contract!\"}]},{\"@type\":\"WebSite\",\"@id\":\"https:\\\/\\\/powermepronto.com\\\/en\\\/#website\",\"url\":\"https:\\\/\\\/powermepronto.com\\\/en\\\/\",\"name\":\"Pronto Power\",\"description\":\"\",\"potentialAction\":[{\"@type\":\"SearchAction\",\"target\":{\"@type\":\"EntryPoint\",\"urlTemplate\":\"https:\\\/\\\/powermepronto.com\\\/en\\\/?s={search_term_string}\"},\"query-input\":{\"@type\":\"PropertyValueSpecification\",\"valueRequired\":true,\"valueName\":\"search_term_string\"}}],\"inLanguage\":\"en-US\"}]}<\/script>\n<!-- \/ Yoast SEO plugin. -->","yoast_head_json":{"title":"[:en]Laredo\u2019s Cheapest Prepaid No-Deposit Power. No Hidden Fees! No Contract![:es]El poder prepago sin dep\u00f3sito m\u00e1s barato de Laredo. \u00a1Sin cuotas escondidas! \u00a1Sin contrato![:] - Pronto Power","description":"[;en]Get the cheapest prepaid rates in Laredo. Plus find out how to save 20% more. No deposit. No contract. No hidden fees. Join Pronto Power free today! 844.621.2852[:es]Obtenga las tarifas prepagas m\u00e1s econ\u00f3micas en Laredo. Adem\u00e1s, descubra c\u00f3mo ahorrar un 20% m\u00e1s. No hay dep\u00f3sito. Sin contrato. Sin cuotas escondidas. \u00a1\u00danase a Pronto Power gratis hoy! 844.621.2852[:]","robots":{"index":"index","follow":"follow","max-snippet":"max-snippet:-1","max-image-preview":"max-image-preview:large","max-video-preview":"max-video-preview:-1"},"canonical":"https:\/\/powermepronto.com\/laredos-cheapest-prepaid-no-deposit-power-no-hidden-fees-no-contract\/","og_locale":"en_US","og_type":"article","og_title":"[:en]Laredo\u2019s Cheapest Prepaid No-Deposit Power. No Hidden Fees! No Contract![:es]El poder prepago sin dep\u00f3sito m\u00e1s barato de Laredo. \u00a1Sin cuotas escondidas! \u00a1Sin contrato![:] - Pronto Power","og_description":"[;en]Get the cheapest prepaid rates in Laredo. Plus find out how to save 20% more. No deposit. No contract. No hidden fees. Join Pronto Power free today! 844.621.2852[:es]Obtenga las tarifas prepagas m\u00e1s econ\u00f3micas en Laredo. Adem\u00e1s, descubra c\u00f3mo ahorrar un 20% m\u00e1s. No hay dep\u00f3sito. Sin contrato. Sin cuotas escondidas. \u00a1\u00danase a Pronto Power gratis hoy! 844.621.2852[:]","og_url":"https:\/\/powermepronto.com\/laredos-cheapest-prepaid-no-deposit-power-no-hidden-fees-no-contract\/","og_site_name":"Pronto Power","article_modified_time":"2022-12-21T11:23:21+00:00","twitter_card":"summary_large_image","twitter_misc":{"Est. reading time":"4 minutes"},"schema":{"@context":"https:\/\/schema.org","@graph":[{"@type":"WebPage","@id":"https:\/\/powermepronto.com\/laredos-cheapest-prepaid-no-deposit-power-no-hidden-fees-no-contract\/","url":"https:\/\/powermepronto.com\/laredos-cheapest-prepaid-no-deposit-power-no-hidden-fees-no-contract\/","name":"[:en]Laredo\u2019s Cheapest Prepaid No-Deposit Power. No Hidden Fees! No Contract![:es]El poder prepago sin dep\u00f3sito m\u00e1s barato de Laredo. \u00a1Sin cuotas escondidas! \u00a1Sin contrato![:] - Pronto Power","isPartOf":{"@id":"https:\/\/powermepronto.com\/en\/#website"},"datePublished":"2021-02-07T16:05:28+00:00","dateModified":"2022-12-21T11:23:21+00:00","description":"[;en]Get the cheapest prepaid rates in Laredo. Plus find out how to save 20% more. No deposit. No contract. No hidden fees. Join Pronto Power free today! 844.621.2852[:es]Obtenga las tarifas prepagas m\u00e1s econ\u00f3micas en Laredo. Adem\u00e1s, descubra c\u00f3mo ahorrar un 20% m\u00e1s. No hay dep\u00f3sito. Sin contrato. Sin cuotas escondidas. \u00a1\u00danase a Pronto Power gratis hoy! 844.621.2852[:]","breadcrumb":{"@id":"https:\/\/powermepronto.com\/laredos-cheapest-prepaid-no-deposit-power-no-hidden-fees-no-contract\/#breadcrumb"},"inLanguage":"en-US","potentialAction":[{"@type":"ReadAction","target":["https:\/\/powermepronto.com\/laredos-cheapest-prepaid-no-deposit-power-no-hidden-fees-no-contract\/"]}]},{"@type":"BreadcrumbList","@id":"https:\/\/powermepronto.com\/laredos-cheapest-prepaid-no-deposit-power-no-hidden-fees-no-contract\/#breadcrumb","itemListElement":[{"@type":"ListItem","position":1,"name":"Home","item":"https:\/\/powermepronto.com\/en\/"},{"@type":"ListItem","position":2,"name":"Laredo\u2019s Cheapest Prepaid No-Deposit Power. No Hidden Fees! No Contract!"}]},{"@type":"WebSite","@id":"https:\/\/powermepronto.com\/en\/#website","url":"https:\/\/powermepronto.com\/en\/","name":"Pronto Power","description":"","potentialAction":[{"@type":"SearchAction","target":{"@type":"EntryPoint","urlTemplate":"https:\/\/powermepronto.com\/en\/?s={search_term_string}"},"query-input":{"@type":"PropertyValueSpecification","valueRequired":true,"valueName":"search_term_string"}}],"inLanguage":"en-US"}]}},"_links":{"self":[{"href":"https:\/\/powermepronto.com\/en\/wp-json\/wp\/v2\/pages\/2408","targetHints":{"allow":["GET"]}}],"collection":[{"href":"https:\/\/powermepronto.com\/en\/wp-json\/wp\/v2\/pages"}],"about":[{"href":"https:\/\/powermepronto.com\/en\/wp-json\/wp\/v2\/types\/page"}],"author":[{"embeddable":true,"href":"https:\/\/powermepronto.com\/en\/wp-json\/wp\/v2\/users\/1"}],"replies":[{"embeddable":true,"href":"https:\/\/powermepronto.com\/en\/wp-json\/wp\/v2\/comments?post=2408"}],"version-history":[{"count":3,"href":"https:\/\/powermepronto.com\/en\/wp-json\/wp\/v2\/pages\/2408\/revisions"}],"predecessor-version":[{"id":3548,"href":"https:\/\/powermepronto.com\/en\/wp-json\/wp\/v2\/pages\/2408\/revisions\/3548"}],"wp:attachment":[{"href":"https:\/\/powermepronto.com\/en\/wp-json\/wp\/v2\/media?parent=2408"}],"curies":[{"name":"wp","href":"https:\/\/api.w.org\/{rel}","templated":true}]}}