{"id":2205,"date":"2020-07-28T15:11:45","date_gmt":"2020-07-28T20:11:45","guid":{"rendered":"https:\/\/www.powermepronto.com\/?page_id=2205"},"modified":"2022-12-21T03:54:58","modified_gmt":"2022-12-21T09:54:58","slug":"arlingtons-cheapest-no-deposit-electric-company","status":"publish","type":"page","link":"https:\/\/powermepronto.com\/en\/arlingtons-cheapest-no-deposit-electric-company\/","title":{"rendered":"Arlington\u2019s Cheapest No-Deposit Electric Company"},"content":{"rendered":"<p><img loading=\"lazy\" decoding=\"async\" class=\"alignright size-medium wp-image-1050\" src=\"https:\/\/www.powermepronto.com\/wp-content\/uploads\/2018\/10\/bigstock-144219044-300x200.jpg\" alt=\"\" width=\"300\" height=\"200\" srcset=\"https:\/\/powermepronto.com\/wp-content\/uploads\/2018\/10\/bigstock-144219044-300x200.jpg 300w, https:\/\/powermepronto.com\/wp-content\/uploads\/2018\/10\/bigstock-144219044-768x512.jpg 768w, https:\/\/powermepronto.com\/wp-content\/uploads\/2018\/10\/bigstock-144219044.jpg 1000w\" sizes=\"auto, (max-width: 300px) 100vw, 300px\" \/>Do you know if your current REP charges you way more than you should pay?<\/p>\n<p>It\u2019s easy to figure out. The average Texan pays 11.86 cents per kWh for their electricity.<\/p>\n<p>So, simply add up all the fees your REP charges you, plus charges for your actual electricity usage, and then divide that number by your kWhs used.<\/p>\n<p>Remember to include ticky-tacky fees like ones you get charged if you pay over the phone.<\/p>\n<p>&#8230;What did you get?<\/p>\n<p>If you ended up with a number anywhere near the Texas average of 11.86 cents per kWh, you\u2019re paying too much.<\/p>\n<h2>Pronto Power: The Cheapest No-Deposit and Prepaid Power Company with Absolutely Zero Hidden Fees<\/h2>\n<p>With Pronto Power, you do get the cheapest prepaid electric rates in all of Texas. Plus, you also never have to pay any hidden fees.<\/p>\n<p>So you only pay for electricity you actually use. And that\u2019s it.<\/p>\n<p>Our business model relies on keeping customers for a long time, rather than attracting them, nailing them with hidden fees, and then finding new customers to replace them when they leave.<\/p>\n<p>Plus, with Pronto Power there\u2019s:<\/p>\n<ul>\n<li>No credit check<\/li>\n<li>No ID check<\/li>\n<li>No hidden fees<\/li>\n<li>No connection fees<\/li>\n<li>No disconnection fees<\/li>\n<li>Customer service who likes to help<\/li>\n<li>No contract<\/li>\n<\/ul>\n<p>So, that means you have absolutely no risk in trying Pronto Power! You can try us out one day and then disconnect the very next if you want to.<\/p>\n<p>But since you get the cheapest prepaid rates in Texas, with no hidden fees and no contract, and customer service can\u2019t wait to help you if you have trouble paying, you won\u2019t want to.<\/p>\n<p>Pronto Power is easy.<\/p>\n<p>Then you simply add more funds however works best for you &#8211; monthly, weekly, or even daily if you want to. As long as you keep just a single penny in your account balance, your electricity stays on.<\/p>\n<h2>Save an Additional 20% Versus Other Texas Electric Companies<\/h2>\n<p>This part lies totally within your control. When you join Pronto Power, you get access to an online electricity usage monitoring tool.<\/p>\n<p>Then you simply look at it regularly to learn exactly how you use electricity. Simply change your behavior so you use less. And then watch your monthly bill go down.<\/p>\n<p>Many customers use this to save 20% off the already-cheapest rates in Texas&#8230;and some even more!<\/p>\n<p>The cheapest prepaid electric in Texas. No hidden fees. No contract. And customer service who helps you keep your electricity on if you have trouble paying&#8230;<\/p>\n<p>It\u2019s all yours when you call <span class=\"affiliatecode\">844.621.2852<\/span> and join free within the hour (if your home has a smart meter)!<\/p>","protected":false},"excerpt":{"rendered":"<p>Do you know if your current REP charges you way more than you should pay? It\u2019s easy to figure out. The average Texan pays 11.86 cents per kWh for their electricity. So, simply add up all the fees your REP charges you, plus charges for your actual electricity usage, and then divide that number by &hellip; <a href=\"https:\/\/powermepronto.com\/en\/arlingtons-cheapest-no-deposit-electric-company\/\" class=\"more-link\">Continue reading <span class=\"screen-reader-text\">Arlington\u2019s Cheapest No-Deposit Electric Company<\/span><\/a><\/p>\n","protected":false},"author":1,"featured_media":0,"parent":0,"menu_order":0,"comment_status":"closed","ping_status":"closed","template":"","meta":{"_acf_changed":false,"_glsr_average":0,"_glsr_ranking":0,"_glsr_reviews":0,"footnotes":"","_links_to":"","_links_to_target":""},"class_list":["post-2205","page","type-page","status-publish","hentry"],"acf":[],"yoast_head":"<!-- This site is optimized with the Yoast SEO plugin v27.5 - https:\/\/yoast.com\/product\/yoast-seo-wordpress\/ -->\n<title>Arlington\u2019s Cheapest No-Deposit Electric Company - Pronto Power<\/title>\n<meta name=\"description\" content=\"[:en]No one in Arlington beats our cheap prepaid electric prices. No deposit. No contract. No hidden fees. Call 844.621.2852 to join Pronto Power free today![:es]Nadie en Arlington supera nuestros precios econ\u00f3micos de electricidad prepaga. No hay dep\u00f3sito. Sin contrato. Sin cuotas escondidas. \u00a1Llame al 844.621.2852 para unirse a Pronto Power gratis hoy![:]\" \/>\n<meta name=\"robots\" content=\"index, follow, max-snippet:-1, max-image-preview:large, max-video-preview:-1\" \/>\n<link rel=\"canonical\" href=\"https:\/\/powermepronto.com\/arlingtons-cheapest-no-deposit-electric-company\/\" \/>\n<meta property=\"og:locale\" content=\"en_US\" \/>\n<meta property=\"og:type\" content=\"article\" \/>\n<meta property=\"og:title\" content=\"[:en]Arlington\u2019s Cheapest No-Deposit Electric Company[:es]La compa\u00f1\u00eda el\u00e9ctrica sin dep\u00f3sito m\u00e1s barata de Arlington[:] - Pronto Power\" \/>\n<meta property=\"og:description\" content=\"[:en]No one in Arlington beats our cheap prepaid electric prices. No deposit. No contract. No hidden fees. Call 844.621.2852 to join Pronto Power free today![:es]Nadie en Arlington supera nuestros precios econ\u00f3micos de electricidad prepaga. No hay dep\u00f3sito. Sin contrato. Sin cuotas escondidas. \u00a1Llame al 844.621.2852 para unirse a Pronto Power gratis hoy![:]\" \/>\n<meta property=\"og:url\" content=\"https:\/\/powermepronto.com\/arlingtons-cheapest-no-deposit-electric-company\/\" \/>\n<meta property=\"og:site_name\" content=\"Pronto Power\" \/>\n<meta property=\"article:modified_time\" content=\"2022-12-21T09:54:58+00:00\" \/>\n<meta property=\"og:image\" content=\"https:\/\/www.powermepronto.com\/wp-content\/uploads\/2018\/10\/bigstock-144219044-300x200.jpg\" \/>\n<meta name=\"twitter:card\" content=\"summary_large_image\" \/>\n<meta name=\"twitter:label1\" content=\"Est. reading time\" \/>\n\t<meta name=\"twitter:data1\" content=\"5 minutes\" \/>\n<script type=\"application\/ld+json\" class=\"yoast-schema-graph\">{\"@context\":\"https:\\\/\\\/schema.org\",\"@graph\":[{\"@type\":\"WebPage\",\"@id\":\"https:\\\/\\\/powermepronto.com\\\/arlingtons-cheapest-no-deposit-electric-company\\\/\",\"url\":\"https:\\\/\\\/powermepronto.com\\\/arlingtons-cheapest-no-deposit-electric-company\\\/\",\"name\":\"[:en]Arlington\u2019s Cheapest No-Deposit Electric Company[:es]La compa\u00f1\u00eda el\u00e9ctrica sin dep\u00f3sito m\u00e1s barata de Arlington[:] - Pronto Power\",\"isPartOf\":{\"@id\":\"https:\\\/\\\/powermepronto.com\\\/en\\\/#website\"},\"primaryImageOfPage\":{\"@id\":\"https:\\\/\\\/powermepronto.com\\\/arlingtons-cheapest-no-deposit-electric-company\\\/#primaryimage\"},\"image\":{\"@id\":\"https:\\\/\\\/powermepronto.com\\\/arlingtons-cheapest-no-deposit-electric-company\\\/#primaryimage\"},\"thumbnailUrl\":\"https:\\\/\\\/www.powermepronto.com\\\/wp-content\\\/uploads\\\/2018\\\/10\\\/bigstock-144219044-300x200.jpg\",\"datePublished\":\"2020-07-28T20:11:45+00:00\",\"dateModified\":\"2022-12-21T09:54:58+00:00\",\"description\":\"[:en]No one in Arlington beats our cheap prepaid electric prices. No deposit. No contract. No hidden fees. Call 844.621.2852 to join Pronto Power free today![:es]Nadie en Arlington supera nuestros precios econ\u00f3micos de electricidad prepaga. No hay dep\u00f3sito. Sin contrato. Sin cuotas escondidas. \u00a1Llame al 844.621.2852 para unirse a Pronto Power gratis hoy![:]\",\"breadcrumb\":{\"@id\":\"https:\\\/\\\/powermepronto.com\\\/arlingtons-cheapest-no-deposit-electric-company\\\/#breadcrumb\"},\"inLanguage\":\"en-US\",\"potentialAction\":[{\"@type\":\"ReadAction\",\"target\":[\"https:\\\/\\\/powermepronto.com\\\/arlingtons-cheapest-no-deposit-electric-company\\\/\"]}]},{\"@type\":\"ImageObject\",\"inLanguage\":\"en-US\",\"@id\":\"https:\\\/\\\/powermepronto.com\\\/arlingtons-cheapest-no-deposit-electric-company\\\/#primaryimage\",\"url\":\"https:\\\/\\\/www.powermepronto.com\\\/wp-content\\\/uploads\\\/2018\\\/10\\\/bigstock-144219044-300x200.jpg\",\"contentUrl\":\"https:\\\/\\\/www.powermepronto.com\\\/wp-content\\\/uploads\\\/2018\\\/10\\\/bigstock-144219044-300x200.jpg\"},{\"@type\":\"BreadcrumbList\",\"@id\":\"https:\\\/\\\/powermepronto.com\\\/arlingtons-cheapest-no-deposit-electric-company\\\/#breadcrumb\",\"itemListElement\":[{\"@type\":\"ListItem\",\"position\":1,\"name\":\"Home\",\"item\":\"https:\\\/\\\/powermepronto.com\\\/en\\\/\"},{\"@type\":\"ListItem\",\"position\":2,\"name\":\"Arlington\u2019s Cheapest No-Deposit Electric Company\"}]},{\"@type\":\"WebSite\",\"@id\":\"https:\\\/\\\/powermepronto.com\\\/en\\\/#website\",\"url\":\"https:\\\/\\\/powermepronto.com\\\/en\\\/\",\"name\":\"Pronto Power\",\"description\":\"\",\"potentialAction\":[{\"@type\":\"SearchAction\",\"target\":{\"@type\":\"EntryPoint\",\"urlTemplate\":\"https:\\\/\\\/powermepronto.com\\\/en\\\/?s={search_term_string}\"},\"query-input\":{\"@type\":\"PropertyValueSpecification\",\"valueRequired\":true,\"valueName\":\"search_term_string\"}}],\"inLanguage\":\"en-US\"}]}<\/script>\n<!-- \/ Yoast SEO plugin. -->","yoast_head_json":{"title":"[:en]Arlington\u2019s Cheapest No-Deposit Electric Company[:es]La compa\u00f1\u00eda el\u00e9ctrica sin dep\u00f3sito m\u00e1s barata de Arlington[:] - Pronto Power","description":"[:en]No one in Arlington beats our cheap prepaid electric prices. No deposit. No contract. No hidden fees. Call 844.621.2852 to join Pronto Power free today![:es]Nadie en Arlington supera nuestros precios econ\u00f3micos de electricidad prepaga. No hay dep\u00f3sito. Sin contrato. Sin cuotas escondidas. \u00a1Llame al 844.621.2852 para unirse a Pronto Power gratis hoy![:]","robots":{"index":"index","follow":"follow","max-snippet":"max-snippet:-1","max-image-preview":"max-image-preview:large","max-video-preview":"max-video-preview:-1"},"canonical":"https:\/\/powermepronto.com\/arlingtons-cheapest-no-deposit-electric-company\/","og_locale":"en_US","og_type":"article","og_title":"[:en]Arlington\u2019s Cheapest No-Deposit Electric Company[:es]La compa\u00f1\u00eda el\u00e9ctrica sin dep\u00f3sito m\u00e1s barata de Arlington[:] - Pronto Power","og_description":"[:en]No one in Arlington beats our cheap prepaid electric prices. No deposit. No contract. No hidden fees. Call 844.621.2852 to join Pronto Power free today![:es]Nadie en Arlington supera nuestros precios econ\u00f3micos de electricidad prepaga. No hay dep\u00f3sito. Sin contrato. Sin cuotas escondidas. \u00a1Llame al 844.621.2852 para unirse a Pronto Power gratis hoy![:]","og_url":"https:\/\/powermepronto.com\/arlingtons-cheapest-no-deposit-electric-company\/","og_site_name":"Pronto Power","article_modified_time":"2022-12-21T09:54:58+00:00","og_image":[{"url":"https:\/\/www.powermepronto.com\/wp-content\/uploads\/2018\/10\/bigstock-144219044-300x200.jpg","type":"","width":"","height":""}],"twitter_card":"summary_large_image","twitter_misc":{"Est. reading time":"5 minutes"},"schema":{"@context":"https:\/\/schema.org","@graph":[{"@type":"WebPage","@id":"https:\/\/powermepronto.com\/arlingtons-cheapest-no-deposit-electric-company\/","url":"https:\/\/powermepronto.com\/arlingtons-cheapest-no-deposit-electric-company\/","name":"[:en]Arlington\u2019s Cheapest No-Deposit Electric Company[:es]La compa\u00f1\u00eda el\u00e9ctrica sin dep\u00f3sito m\u00e1s barata de Arlington[:] - Pronto Power","isPartOf":{"@id":"https:\/\/powermepronto.com\/en\/#website"},"primaryImageOfPage":{"@id":"https:\/\/powermepronto.com\/arlingtons-cheapest-no-deposit-electric-company\/#primaryimage"},"image":{"@id":"https:\/\/powermepronto.com\/arlingtons-cheapest-no-deposit-electric-company\/#primaryimage"},"thumbnailUrl":"https:\/\/www.powermepronto.com\/wp-content\/uploads\/2018\/10\/bigstock-144219044-300x200.jpg","datePublished":"2020-07-28T20:11:45+00:00","dateModified":"2022-12-21T09:54:58+00:00","description":"[:en]No one in Arlington beats our cheap prepaid electric prices. No deposit. No contract. No hidden fees. Call 844.621.2852 to join Pronto Power free today![:es]Nadie en Arlington supera nuestros precios econ\u00f3micos de electricidad prepaga. No hay dep\u00f3sito. Sin contrato. Sin cuotas escondidas. \u00a1Llame al 844.621.2852 para unirse a Pronto Power gratis hoy![:]","breadcrumb":{"@id":"https:\/\/powermepronto.com\/arlingtons-cheapest-no-deposit-electric-company\/#breadcrumb"},"inLanguage":"en-US","potentialAction":[{"@type":"ReadAction","target":["https:\/\/powermepronto.com\/arlingtons-cheapest-no-deposit-electric-company\/"]}]},{"@type":"ImageObject","inLanguage":"en-US","@id":"https:\/\/powermepronto.com\/arlingtons-cheapest-no-deposit-electric-company\/#primaryimage","url":"https:\/\/www.powermepronto.com\/wp-content\/uploads\/2018\/10\/bigstock-144219044-300x200.jpg","contentUrl":"https:\/\/www.powermepronto.com\/wp-content\/uploads\/2018\/10\/bigstock-144219044-300x200.jpg"},{"@type":"BreadcrumbList","@id":"https:\/\/powermepronto.com\/arlingtons-cheapest-no-deposit-electric-company\/#breadcrumb","itemListElement":[{"@type":"ListItem","position":1,"name":"Home","item":"https:\/\/powermepronto.com\/en\/"},{"@type":"ListItem","position":2,"name":"Arlington\u2019s Cheapest No-Deposit Electric Company"}]},{"@type":"WebSite","@id":"https:\/\/powermepronto.com\/en\/#website","url":"https:\/\/powermepronto.com\/en\/","name":"Pronto Power","description":"","potentialAction":[{"@type":"SearchAction","target":{"@type":"EntryPoint","urlTemplate":"https:\/\/powermepronto.com\/en\/?s={search_term_string}"},"query-input":{"@type":"PropertyValueSpecification","valueRequired":true,"valueName":"search_term_string"}}],"inLanguage":"en-US"}]}},"_links":{"self":[{"href":"https:\/\/powermepronto.com\/en\/wp-json\/wp\/v2\/pages\/2205","targetHints":{"allow":["GET"]}}],"collection":[{"href":"https:\/\/powermepronto.com\/en\/wp-json\/wp\/v2\/pages"}],"about":[{"href":"https:\/\/powermepronto.com\/en\/wp-json\/wp\/v2\/types\/page"}],"author":[{"embeddable":true,"href":"https:\/\/powermepronto.com\/en\/wp-json\/wp\/v2\/users\/1"}],"replies":[{"embeddable":true,"href":"https:\/\/powermepronto.com\/en\/wp-json\/wp\/v2\/comments?post=2205"}],"version-history":[{"count":4,"href":"https:\/\/powermepronto.com\/en\/wp-json\/wp\/v2\/pages\/2205\/revisions"}],"predecessor-version":[{"id":3470,"href":"https:\/\/powermepronto.com\/en\/wp-json\/wp\/v2\/pages\/2205\/revisions\/3470"}],"wp:attachment":[{"href":"https:\/\/powermepronto.com\/en\/wp-json\/wp\/v2\/media?parent=2205"}],"curies":[{"name":"wp","href":"https:\/\/api.w.org\/{rel}","templated":true}]}}