{"id":2201,"date":"2020-07-28T15:06:34","date_gmt":"2020-07-28T20:06:34","guid":{"rendered":"https:\/\/www.powermepronto.com\/?page_id=2201"},"modified":"2020-08-31T04:47:52","modified_gmt":"2020-08-31T09:47:52","slug":"cheaper-than-all-other-whitney-texas-electric-companies","status":"publish","type":"page","link":"https:\/\/powermepronto.com\/en\/cheaper-than-all-other-whitney-texas-electric-companies\/","title":{"rendered":"Cheaper Than All Other Whitney, Texas Electric Companies"},"content":{"rendered":"<p><img loading=\"lazy\" decoding=\"async\" class=\"alignright size-medium wp-image-1050\" src=\"https:\/\/www.powermepronto.com\/wp-content\/uploads\/2018\/10\/bigstock-144219044-300x200.jpg\" alt=\"\" width=\"300\" height=\"200\" srcset=\"https:\/\/powermepronto.com\/wp-content\/uploads\/2018\/10\/bigstock-144219044-300x200.jpg 300w, https:\/\/powermepronto.com\/wp-content\/uploads\/2018\/10\/bigstock-144219044-768x512.jpg 768w, https:\/\/powermepronto.com\/wp-content\/uploads\/2018\/10\/bigstock-144219044.jpg 1000w\" sizes=\"auto, (max-width: 300px) 100vw, 300px\" \/>How do you feel when someone takes advantage of you?<\/p>\n<p>Well, your REP may be doing just that to you right now.<\/p>\n<p>Do you pay more than the average Texas rate of 11.86 cents per kWh?<\/p>\n<p>Remember to add in all the other fees and deposits you get charged and divide that and your billed usage by the total number of kWh you use during a month.<\/p>\n<p>Now what does your average cost look like?<\/p>\n<p>If you\u2019re way above the average, or even if you\u2019re near it, you\u2019re paying too much.<\/p>\n<p>That\u2019s because, when you choose Pronto Power, you get the cheapest prepay electric prices per kWh not just in Whitney, but in all of Texas.<\/p>\n<p>And with Pronto Power, you never have to deal with any hidden fees or large up-front deposits.<\/p>\n<p>So, you always know your true costs, which are lower than the competition\u2019s.<\/p>\n<h2>&#8230;But That\u2019s Not All!<\/h2>\n<p>The cheapest prepaid electric rates and no hidden fees sound good. But that\u2019s just the beginning with Pronto Power.<\/p>\n<p>With Pronto Power, there\u2019s:<\/p>\n<ul>\n<li>No up-front deposit<\/li>\n<li>No credit check<\/li>\n<li>No ID check<\/li>\n<li>No connection fees<\/li>\n<li>No disconnection fees<\/li>\n<li>Customer service who likes to help you<\/li>\n<li>No contract<\/li>\n<\/ul>\n<p>In other words, the cheapest prepaid electric rates and great customer service are simply available to you whenever you want!<\/p>\n<h2>Plus, Save an Additional 20%<\/h2>\n<p>You have the power to save 20% off the cheapest rates, and possibly even more.<\/p>\n<p>When you join Pronto Power, you get access to a free online electricity usage monitoring tool. It shows you exactly how you\u2019re using electricity right now.<\/p>\n<p>Change your behavior and watch your usage go down.<\/p>\n<p>Many of our customers use this tool to save 20% off their electricity bill, and some even more.<\/p>\n<p>With no contract, the cheapest prepaid rates, customer service who will help you make it through extreme financial hardship, and the opportunity to save 20% more, you can\u2019t beat Pronto Power!<\/p>\n<p>Call <span class=\"affiliatecode\">844.621.2852<\/span> to join free within the hour if your home has a smart meter!<\/p>","protected":false},"excerpt":{"rendered":"<p>How do you feel when someone takes advantage of you? Well, your REP may be doing just that to you right now. Do you pay more than the average Texas rate of 11.86 cents per kWh? Remember to add in all the other fees and deposits you get charged and divide that and your billed &hellip; <a href=\"https:\/\/powermepronto.com\/en\/cheaper-than-all-other-whitney-texas-electric-companies\/\" class=\"more-link\">Continue reading <span class=\"screen-reader-text\">Cheaper Than All Other Whitney, Texas Electric Companies<\/span><\/a><\/p>\n","protected":false},"author":1,"featured_media":0,"parent":0,"menu_order":0,"comment_status":"closed","ping_status":"closed","template":"","meta":{"_acf_changed":false,"_glsr_average":0,"_glsr_ranking":0,"_glsr_reviews":0,"footnotes":"","_links_to":"","_links_to_target":""},"class_list":["post-2201","page","type-page","status-publish","hentry"],"acf":[],"yoast_head":"<!-- This site is optimized with the Yoast SEO plugin v27.4 - https:\/\/yoast.com\/product\/yoast-seo-wordpress\/ -->\n<title>Cheaper Than All Other Whitney, Texas Electric Companies - Pronto Power<\/title>\n<meta name=\"description\" content=\"No one in Westlake beats our cheap prepaid electric prices. No deposit. No contract. No hidden fees. Call 844.621.2852 to join Pronto Power free today!\" \/>\n<meta name=\"robots\" content=\"index, follow, max-snippet:-1, max-image-preview:large, max-video-preview:-1\" \/>\n<link rel=\"canonical\" href=\"https:\/\/powermepronto.com\/en\/cheaper-than-all-other-whitney-texas-electric-companies\/\" \/>\n<meta property=\"og:locale\" content=\"en_US\" \/>\n<meta property=\"og:type\" content=\"article\" \/>\n<meta property=\"og:title\" content=\"[:en]Cheaper Than All Other Whitney, Texas Electric Companies[:es]M\u00e1s barato que todas las dem\u00e1s compa\u00f1\u00edas el\u00e9ctricas de Whitney, Texas[:] - Pronto Power\" \/>\n<meta property=\"og:description\" content=\"No one in Westlake beats our cheap prepaid electric prices. No deposit. No contract. No hidden fees. Call 844.621.2852 to join Pronto Power free today!\" \/>\n<meta property=\"og:url\" content=\"https:\/\/powermepronto.com\/en\/cheaper-than-all-other-whitney-texas-electric-companies\/\" \/>\n<meta property=\"og:site_name\" content=\"Pronto Power\" \/>\n<meta property=\"article:modified_time\" content=\"2020-08-31T09:47:52+00:00\" \/>\n<meta property=\"og:image\" content=\"https:\/\/www.powermepronto.com\/wp-content\/uploads\/2018\/10\/bigstock-144219044-300x200.jpg\" \/>\n<meta name=\"twitter:card\" content=\"summary_large_image\" \/>\n<meta name=\"twitter:label1\" content=\"Est. reading time\" \/>\n\t<meta name=\"twitter:data1\" content=\"5 minutes\" \/>\n<script type=\"application\/ld+json\" class=\"yoast-schema-graph\">{\"@context\":\"https:\\\/\\\/schema.org\",\"@graph\":[{\"@type\":\"WebPage\",\"@id\":\"https:\\\/\\\/powermepronto.com\\\/en\\\/cheaper-than-all-other-whitney-texas-electric-companies\\\/\",\"url\":\"https:\\\/\\\/powermepronto.com\\\/en\\\/cheaper-than-all-other-whitney-texas-electric-companies\\\/\",\"name\":\"[:en]Cheaper Than All Other Whitney, Texas Electric Companies[:es]M\u00e1s barato que todas las dem\u00e1s compa\u00f1\u00edas el\u00e9ctricas de Whitney, Texas[:] - Pronto Power\",\"isPartOf\":{\"@id\":\"https:\\\/\\\/powermepronto.com\\\/en\\\/#website\"},\"primaryImageOfPage\":{\"@id\":\"https:\\\/\\\/powermepronto.com\\\/en\\\/cheaper-than-all-other-whitney-texas-electric-companies\\\/#primaryimage\"},\"image\":{\"@id\":\"https:\\\/\\\/powermepronto.com\\\/en\\\/cheaper-than-all-other-whitney-texas-electric-companies\\\/#primaryimage\"},\"thumbnailUrl\":\"https:\\\/\\\/www.powermepronto.com\\\/wp-content\\\/uploads\\\/2018\\\/10\\\/bigstock-144219044-300x200.jpg\",\"datePublished\":\"2020-07-28T20:06:34+00:00\",\"dateModified\":\"2020-08-31T09:47:52+00:00\",\"description\":\"No one in Westlake beats our cheap prepaid electric prices. No deposit. No contract. No hidden fees. Call 844.621.2852 to join Pronto Power free today!\",\"breadcrumb\":{\"@id\":\"https:\\\/\\\/powermepronto.com\\\/en\\\/cheaper-than-all-other-whitney-texas-electric-companies\\\/#breadcrumb\"},\"inLanguage\":\"en-US\",\"potentialAction\":[{\"@type\":\"ReadAction\",\"target\":[\"https:\\\/\\\/powermepronto.com\\\/en\\\/cheaper-than-all-other-whitney-texas-electric-companies\\\/\"]}]},{\"@type\":\"ImageObject\",\"inLanguage\":\"en-US\",\"@id\":\"https:\\\/\\\/powermepronto.com\\\/en\\\/cheaper-than-all-other-whitney-texas-electric-companies\\\/#primaryimage\",\"url\":\"https:\\\/\\\/www.powermepronto.com\\\/wp-content\\\/uploads\\\/2018\\\/10\\\/bigstock-144219044-300x200.jpg\",\"contentUrl\":\"https:\\\/\\\/www.powermepronto.com\\\/wp-content\\\/uploads\\\/2018\\\/10\\\/bigstock-144219044-300x200.jpg\"},{\"@type\":\"BreadcrumbList\",\"@id\":\"https:\\\/\\\/powermepronto.com\\\/en\\\/cheaper-than-all-other-whitney-texas-electric-companies\\\/#breadcrumb\",\"itemListElement\":[{\"@type\":\"ListItem\",\"position\":1,\"name\":\"Home\",\"item\":\"https:\\\/\\\/powermepronto.com\\\/en\\\/\"},{\"@type\":\"ListItem\",\"position\":2,\"name\":\"Cheaper Than All Other Whitney, Texas Electric Companies\"}]},{\"@type\":\"WebSite\",\"@id\":\"https:\\\/\\\/powermepronto.com\\\/en\\\/#website\",\"url\":\"https:\\\/\\\/powermepronto.com\\\/en\\\/\",\"name\":\"Pronto Power\",\"description\":\"\",\"potentialAction\":[{\"@type\":\"SearchAction\",\"target\":{\"@type\":\"EntryPoint\",\"urlTemplate\":\"https:\\\/\\\/powermepronto.com\\\/en\\\/?s={search_term_string}\"},\"query-input\":{\"@type\":\"PropertyValueSpecification\",\"valueRequired\":true,\"valueName\":\"search_term_string\"}}],\"inLanguage\":\"en-US\"}]}<\/script>\n<!-- \/ Yoast SEO plugin. -->","yoast_head_json":{"title":"[:en]Cheaper Than All Other Whitney, Texas Electric Companies[:es]M\u00e1s barato que todas las dem\u00e1s compa\u00f1\u00edas el\u00e9ctricas de Whitney, Texas[:] - Pronto Power","description":"No one in Westlake beats our cheap prepaid electric prices. No deposit. No contract. No hidden fees. Call 844.621.2852 to join Pronto Power free today!","robots":{"index":"index","follow":"follow","max-snippet":"max-snippet:-1","max-image-preview":"max-image-preview:large","max-video-preview":"max-video-preview:-1"},"canonical":"https:\/\/powermepronto.com\/en\/cheaper-than-all-other-whitney-texas-electric-companies\/","og_locale":"en_US","og_type":"article","og_title":"[:en]Cheaper Than All Other Whitney, Texas Electric Companies[:es]M\u00e1s barato que todas las dem\u00e1s compa\u00f1\u00edas el\u00e9ctricas de Whitney, Texas[:] - Pronto Power","og_description":"No one in Westlake beats our cheap prepaid electric prices. No deposit. No contract. No hidden fees. Call 844.621.2852 to join Pronto Power free today!","og_url":"https:\/\/powermepronto.com\/en\/cheaper-than-all-other-whitney-texas-electric-companies\/","og_site_name":"Pronto Power","article_modified_time":"2020-08-31T09:47:52+00:00","og_image":[{"url":"https:\/\/www.powermepronto.com\/wp-content\/uploads\/2018\/10\/bigstock-144219044-300x200.jpg","type":"","width":"","height":""}],"twitter_card":"summary_large_image","twitter_misc":{"Est. reading time":"5 minutes"},"schema":{"@context":"https:\/\/schema.org","@graph":[{"@type":"WebPage","@id":"https:\/\/powermepronto.com\/en\/cheaper-than-all-other-whitney-texas-electric-companies\/","url":"https:\/\/powermepronto.com\/en\/cheaper-than-all-other-whitney-texas-electric-companies\/","name":"[:en]Cheaper Than All Other Whitney, Texas Electric Companies[:es]M\u00e1s barato que todas las dem\u00e1s compa\u00f1\u00edas el\u00e9ctricas de Whitney, Texas[:] - Pronto Power","isPartOf":{"@id":"https:\/\/powermepronto.com\/en\/#website"},"primaryImageOfPage":{"@id":"https:\/\/powermepronto.com\/en\/cheaper-than-all-other-whitney-texas-electric-companies\/#primaryimage"},"image":{"@id":"https:\/\/powermepronto.com\/en\/cheaper-than-all-other-whitney-texas-electric-companies\/#primaryimage"},"thumbnailUrl":"https:\/\/www.powermepronto.com\/wp-content\/uploads\/2018\/10\/bigstock-144219044-300x200.jpg","datePublished":"2020-07-28T20:06:34+00:00","dateModified":"2020-08-31T09:47:52+00:00","description":"No one in Westlake beats our cheap prepaid electric prices. No deposit. No contract. No hidden fees. Call 844.621.2852 to join Pronto Power free today!","breadcrumb":{"@id":"https:\/\/powermepronto.com\/en\/cheaper-than-all-other-whitney-texas-electric-companies\/#breadcrumb"},"inLanguage":"en-US","potentialAction":[{"@type":"ReadAction","target":["https:\/\/powermepronto.com\/en\/cheaper-than-all-other-whitney-texas-electric-companies\/"]}]},{"@type":"ImageObject","inLanguage":"en-US","@id":"https:\/\/powermepronto.com\/en\/cheaper-than-all-other-whitney-texas-electric-companies\/#primaryimage","url":"https:\/\/www.powermepronto.com\/wp-content\/uploads\/2018\/10\/bigstock-144219044-300x200.jpg","contentUrl":"https:\/\/www.powermepronto.com\/wp-content\/uploads\/2018\/10\/bigstock-144219044-300x200.jpg"},{"@type":"BreadcrumbList","@id":"https:\/\/powermepronto.com\/en\/cheaper-than-all-other-whitney-texas-electric-companies\/#breadcrumb","itemListElement":[{"@type":"ListItem","position":1,"name":"Home","item":"https:\/\/powermepronto.com\/en\/"},{"@type":"ListItem","position":2,"name":"Cheaper Than All Other Whitney, Texas Electric Companies"}]},{"@type":"WebSite","@id":"https:\/\/powermepronto.com\/en\/#website","url":"https:\/\/powermepronto.com\/en\/","name":"Pronto Power","description":"","potentialAction":[{"@type":"SearchAction","target":{"@type":"EntryPoint","urlTemplate":"https:\/\/powermepronto.com\/en\/?s={search_term_string}"},"query-input":{"@type":"PropertyValueSpecification","valueRequired":true,"valueName":"search_term_string"}}],"inLanguage":"en-US"}]}},"_links":{"self":[{"href":"https:\/\/powermepronto.com\/en\/wp-json\/wp\/v2\/pages\/2201","targetHints":{"allow":["GET"]}}],"collection":[{"href":"https:\/\/powermepronto.com\/en\/wp-json\/wp\/v2\/pages"}],"about":[{"href":"https:\/\/powermepronto.com\/en\/wp-json\/wp\/v2\/types\/page"}],"author":[{"embeddable":true,"href":"https:\/\/powermepronto.com\/en\/wp-json\/wp\/v2\/users\/1"}],"replies":[{"embeddable":true,"href":"https:\/\/powermepronto.com\/en\/wp-json\/wp\/v2\/comments?post=2201"}],"version-history":[{"count":3,"href":"https:\/\/powermepronto.com\/en\/wp-json\/wp\/v2\/pages\/2201\/revisions"}],"predecessor-version":[{"id":2241,"href":"https:\/\/powermepronto.com\/en\/wp-json\/wp\/v2\/pages\/2201\/revisions\/2241"}],"wp:attachment":[{"href":"https:\/\/powermepronto.com\/en\/wp-json\/wp\/v2\/media?parent=2201"}],"curies":[{"name":"wp","href":"https:\/\/api.w.org\/{rel}","templated":true}]}}