{"id":1985,"date":"2020-03-09T15:57:03","date_gmt":"2020-03-09T15:57:03","guid":{"rendered":"https:\/\/www.powermepronto.com\/?page_id=1985"},"modified":"2022-12-21T05:07:19","modified_gmt":"2022-12-21T11:07:19","slug":"hursts-cheapest-no-deposit-power-company-with-no-contract","status":"publish","type":"page","link":"https:\/\/powermepronto.com\/en\/hursts-cheapest-no-deposit-power-company-with-no-contract\/","title":{"rendered":"Hurst\u2019s Cheapest No-Deposit Power Company with No Contract"},"content":{"rendered":"<p><img loading=\"lazy\" decoding=\"async\" src=\"https:\/\/www.powermepronto.com\/wp-content\/uploads\/2018\/07\/bigstock-Cf-Dollar-2863411-300x203.jpg\" alt=\"\" width=\"300\" height=\"203\" class=\"alignright size-medium wp-image-801\" srcset=\"https:\/\/powermepronto.com\/wp-content\/uploads\/2018\/07\/bigstock-Cf-Dollar-2863411-300x203.jpg 300w, https:\/\/powermepronto.com\/wp-content\/uploads\/2018\/07\/bigstock-Cf-Dollar-2863411-768x520.jpg 768w, https:\/\/powermepronto.com\/wp-content\/uploads\/2018\/07\/bigstock-Cf-Dollar-2863411.jpg 1000w\" sizes=\"auto, (max-width: 300px) 100vw, 300px\" \/>Tired of all the games Texas electric companies play with their contracts? <\/p>\n<p>They hide all sorts of hidden fees in there. So, that low price they quote you up front suddenly balloons to an absurdly high price. <\/p>\n<p>You thought you\u2019d pay just 2-3 cents per kWh. But after you add in all the fees, your rate truly explodes to 20 &#8211; 23 cents per kWh. <\/p>\n<p>This, when the average Texan pays around 11 cents per kWh!<\/p>\n<h2>With Pronto Power, You Pay The Cheapest Rates in Texas&#8230;And You Can Save 20% More! <\/h2>\n<p>No joke! If you\u2019ve been taken advantage of by other Texas electric companies, and even if you have poor credit or no credit at all, and even if you don\u2019t have a valid US ID, we can\u2019t wait to help you! <\/p>\n<p>With Pronto Power, you never sign a contract. You don\u2019t pay any money down. And if you have trouble paying, please just call our customer service team who can\u2019t wait to help you make it through even the most difficult financial crisis of your life! <\/p>\n<p>In other words, you have absolutely no risk. <\/p>\n<p>Then add more funds monthly, weekly, or even daily if you need to. As long as you have just one cent in your account by 1 PM each day, your electricity stays on. <\/p>\n<p>And you get a daily text or email (your choice) at 7 AM that reminds you exactly what funds you have in your account. <\/p>\n<h2>How Can You Save an Additional 20%? <\/h2>\n<p>Getting the cheapest no-deposit electricity in Texas with no contract, no hidden fees, and no hassles may sound like a sweet deal. <\/p>\n<p>And, you can save 20% off those cheap rates. <\/p>\n<p>Just use our online electricity usage monitoring tool which tells you exactly how you\u2019re using electricity right now. <\/p>\n<p>Learn how you use electric over time and make changes to your behavior. Then, watch your electric bill fall. <\/p>\n<p>Many of our customers easily save 20% off the already cheapest prepay electric in Texas&#8230;and some even more!<\/p>\n<h2>Join Pronto Power Free Today for the Cheapest Rates with No Hassles, No Money Down, and No Contract <\/h2>\n<p>Electricity doesn\u2019t get any cheaper or more convenient! <\/p>\n<p>So, call Pronto Power today at <span class=\"affiliatecode\">844.621.2852<\/span> to join free within the hour if your home has a smart meter.<\/p>","protected":false},"excerpt":{"rendered":"<p>Tired of all the games Texas electric companies play with their contracts? They hide all sorts of hidden fees in there. So, that low price they quote you up front suddenly balloons to an absurdly high price. You thought you\u2019d pay just 2-3 cents per kWh. But after you add in all the fees, your &hellip; <a href=\"https:\/\/powermepronto.com\/en\/hursts-cheapest-no-deposit-power-company-with-no-contract\/\" class=\"more-link\">Continue reading <span class=\"screen-reader-text\">Hurst\u2019s Cheapest No-Deposit Power Company with No Contract<\/span><\/a><\/p>\n","protected":false},"author":1,"featured_media":0,"parent":0,"menu_order":0,"comment_status":"closed","ping_status":"closed","template":"","meta":{"_acf_changed":false,"_glsr_average":0,"_glsr_ranking":0,"_glsr_reviews":0,"footnotes":"","_links_to":"","_links_to_target":""},"class_list":["post-1985","page","type-page","status-publish","hentry"],"acf":[],"yoast_head":"<!-- This site is optimized with the Yoast SEO plugin v27.4 - https:\/\/yoast.com\/product\/yoast-seo-wordpress\/ -->\n<title>Hurst\u2019s Cheapest No-Deposit Power Company with No Contract  - Pronto Power<\/title>\n<meta name=\"description\" content=\"[:en]You can\u2019t beat our prepaid electric prices. No contract. No hidden fees. No deposit. No hassles. No joke. Call 844.621.2852 to join Pronto Power free today! [:es]No puede superar nuestros precios de prepago de electricidad. Sin contrato. Sin cuotas escondidas. No hay dep\u00f3sito. Sin problemas No es broma. \u00a1Llame al 844.621.2852 para unirse a Pronto Power gratis hoy![:]\" \/>\n<meta name=\"robots\" content=\"index, follow, max-snippet:-1, max-image-preview:large, max-video-preview:-1\" \/>\n<link rel=\"canonical\" href=\"https:\/\/powermepronto.com\/hursts-cheapest-no-deposit-power-company-with-no-contract\/\" \/>\n<meta property=\"og:locale\" content=\"en_US\" \/>\n<meta property=\"og:type\" content=\"article\" \/>\n<meta property=\"og:title\" content=\"[:en]Hurst\u2019s Cheapest No-Deposit Power Company with No Contract [:es]La compa\u00f1\u00eda de energ\u00eda sin dep\u00f3sito m\u00e1s barata de Hurst sin contrato[:] - Pronto Power\" \/>\n<meta property=\"og:description\" content=\"[:en]You can\u2019t beat our prepaid electric prices. No contract. No hidden fees. No deposit. No hassles. No joke. Call 844.621.2852 to join Pronto Power free today! [:es]No puede superar nuestros precios de prepago de electricidad. Sin contrato. Sin cuotas escondidas. No hay dep\u00f3sito. Sin problemas No es broma. \u00a1Llame al 844.621.2852 para unirse a Pronto Power gratis hoy![:]\" \/>\n<meta property=\"og:url\" content=\"https:\/\/powermepronto.com\/hursts-cheapest-no-deposit-power-company-with-no-contract\/\" \/>\n<meta property=\"og:site_name\" content=\"Pronto Power\" \/>\n<meta property=\"article:modified_time\" content=\"2022-12-21T11:07:19+00:00\" \/>\n<meta property=\"og:image\" content=\"https:\/\/www.powermepronto.com\/wp-content\/uploads\/2018\/07\/bigstock-Cf-Dollar-2863411-300x203.jpg\" \/>\n<meta name=\"twitter:card\" content=\"summary_large_image\" \/>\n<meta name=\"twitter:label1\" content=\"Est. reading time\" \/>\n\t<meta name=\"twitter:data1\" content=\"4 minutes\" \/>\n<script type=\"application\/ld+json\" class=\"yoast-schema-graph\">{\"@context\":\"https:\\\/\\\/schema.org\",\"@graph\":[{\"@type\":\"WebPage\",\"@id\":\"https:\\\/\\\/powermepronto.com\\\/hursts-cheapest-no-deposit-power-company-with-no-contract\\\/\",\"url\":\"https:\\\/\\\/powermepronto.com\\\/hursts-cheapest-no-deposit-power-company-with-no-contract\\\/\",\"name\":\"[:en]Hurst\u2019s Cheapest No-Deposit Power Company with No Contract [:es]La compa\u00f1\u00eda de energ\u00eda sin dep\u00f3sito m\u00e1s barata de Hurst sin contrato[:] - Pronto Power\",\"isPartOf\":{\"@id\":\"https:\\\/\\\/powermepronto.com\\\/en\\\/#website\"},\"primaryImageOfPage\":{\"@id\":\"https:\\\/\\\/powermepronto.com\\\/hursts-cheapest-no-deposit-power-company-with-no-contract\\\/#primaryimage\"},\"image\":{\"@id\":\"https:\\\/\\\/powermepronto.com\\\/hursts-cheapest-no-deposit-power-company-with-no-contract\\\/#primaryimage\"},\"thumbnailUrl\":\"https:\\\/\\\/www.powermepronto.com\\\/wp-content\\\/uploads\\\/2018\\\/07\\\/bigstock-Cf-Dollar-2863411-300x203.jpg\",\"datePublished\":\"2020-03-09T15:57:03+00:00\",\"dateModified\":\"2022-12-21T11:07:19+00:00\",\"description\":\"[:en]You can\u2019t beat our prepaid electric prices. No contract. No hidden fees. No deposit. No hassles. No joke. Call 844.621.2852 to join Pronto Power free today! [:es]No puede superar nuestros precios de prepago de electricidad. Sin contrato. Sin cuotas escondidas. No hay dep\u00f3sito. Sin problemas No es broma. \u00a1Llame al 844.621.2852 para unirse a Pronto Power gratis hoy![:]\",\"breadcrumb\":{\"@id\":\"https:\\\/\\\/powermepronto.com\\\/hursts-cheapest-no-deposit-power-company-with-no-contract\\\/#breadcrumb\"},\"inLanguage\":\"en-US\",\"potentialAction\":[{\"@type\":\"ReadAction\",\"target\":[\"https:\\\/\\\/powermepronto.com\\\/hursts-cheapest-no-deposit-power-company-with-no-contract\\\/\"]}]},{\"@type\":\"ImageObject\",\"inLanguage\":\"en-US\",\"@id\":\"https:\\\/\\\/powermepronto.com\\\/hursts-cheapest-no-deposit-power-company-with-no-contract\\\/#primaryimage\",\"url\":\"https:\\\/\\\/www.powermepronto.com\\\/wp-content\\\/uploads\\\/2018\\\/07\\\/bigstock-Cf-Dollar-2863411-300x203.jpg\",\"contentUrl\":\"https:\\\/\\\/www.powermepronto.com\\\/wp-content\\\/uploads\\\/2018\\\/07\\\/bigstock-Cf-Dollar-2863411-300x203.jpg\"},{\"@type\":\"BreadcrumbList\",\"@id\":\"https:\\\/\\\/powermepronto.com\\\/hursts-cheapest-no-deposit-power-company-with-no-contract\\\/#breadcrumb\",\"itemListElement\":[{\"@type\":\"ListItem\",\"position\":1,\"name\":\"Home\",\"item\":\"https:\\\/\\\/powermepronto.com\\\/en\\\/\"},{\"@type\":\"ListItem\",\"position\":2,\"name\":\"Hurst\u2019s Cheapest No-Deposit Power Company with No Contract\"}]},{\"@type\":\"WebSite\",\"@id\":\"https:\\\/\\\/powermepronto.com\\\/en\\\/#website\",\"url\":\"https:\\\/\\\/powermepronto.com\\\/en\\\/\",\"name\":\"Pronto Power\",\"description\":\"\",\"potentialAction\":[{\"@type\":\"SearchAction\",\"target\":{\"@type\":\"EntryPoint\",\"urlTemplate\":\"https:\\\/\\\/powermepronto.com\\\/en\\\/?s={search_term_string}\"},\"query-input\":{\"@type\":\"PropertyValueSpecification\",\"valueRequired\":true,\"valueName\":\"search_term_string\"}}],\"inLanguage\":\"en-US\"}]}<\/script>\n<!-- \/ Yoast SEO plugin. -->","yoast_head_json":{"title":"[:en]Hurst\u2019s Cheapest No-Deposit Power Company with No Contract [:es]La compa\u00f1\u00eda de energ\u00eda sin dep\u00f3sito m\u00e1s barata de Hurst sin contrato[:] - Pronto Power","description":"[:en]You can\u2019t beat our prepaid electric prices. No contract. No hidden fees. No deposit. No hassles. No joke. Call 844.621.2852 to join Pronto Power free today! [:es]No puede superar nuestros precios de prepago de electricidad. Sin contrato. Sin cuotas escondidas. No hay dep\u00f3sito. Sin problemas No es broma. \u00a1Llame al 844.621.2852 para unirse a Pronto Power gratis hoy![:]","robots":{"index":"index","follow":"follow","max-snippet":"max-snippet:-1","max-image-preview":"max-image-preview:large","max-video-preview":"max-video-preview:-1"},"canonical":"https:\/\/powermepronto.com\/hursts-cheapest-no-deposit-power-company-with-no-contract\/","og_locale":"en_US","og_type":"article","og_title":"[:en]Hurst\u2019s Cheapest No-Deposit Power Company with No Contract [:es]La compa\u00f1\u00eda de energ\u00eda sin dep\u00f3sito m\u00e1s barata de Hurst sin contrato[:] - Pronto Power","og_description":"[:en]You can\u2019t beat our prepaid electric prices. No contract. No hidden fees. No deposit. No hassles. No joke. Call 844.621.2852 to join Pronto Power free today! [:es]No puede superar nuestros precios de prepago de electricidad. Sin contrato. Sin cuotas escondidas. No hay dep\u00f3sito. Sin problemas No es broma. \u00a1Llame al 844.621.2852 para unirse a Pronto Power gratis hoy![:]","og_url":"https:\/\/powermepronto.com\/hursts-cheapest-no-deposit-power-company-with-no-contract\/","og_site_name":"Pronto Power","article_modified_time":"2022-12-21T11:07:19+00:00","og_image":[{"url":"https:\/\/www.powermepronto.com\/wp-content\/uploads\/2018\/07\/bigstock-Cf-Dollar-2863411-300x203.jpg","type":"","width":"","height":""}],"twitter_card":"summary_large_image","twitter_misc":{"Est. reading time":"4 minutes"},"schema":{"@context":"https:\/\/schema.org","@graph":[{"@type":"WebPage","@id":"https:\/\/powermepronto.com\/hursts-cheapest-no-deposit-power-company-with-no-contract\/","url":"https:\/\/powermepronto.com\/hursts-cheapest-no-deposit-power-company-with-no-contract\/","name":"[:en]Hurst\u2019s Cheapest No-Deposit Power Company with No Contract [:es]La compa\u00f1\u00eda de energ\u00eda sin dep\u00f3sito m\u00e1s barata de Hurst sin contrato[:] - Pronto Power","isPartOf":{"@id":"https:\/\/powermepronto.com\/en\/#website"},"primaryImageOfPage":{"@id":"https:\/\/powermepronto.com\/hursts-cheapest-no-deposit-power-company-with-no-contract\/#primaryimage"},"image":{"@id":"https:\/\/powermepronto.com\/hursts-cheapest-no-deposit-power-company-with-no-contract\/#primaryimage"},"thumbnailUrl":"https:\/\/www.powermepronto.com\/wp-content\/uploads\/2018\/07\/bigstock-Cf-Dollar-2863411-300x203.jpg","datePublished":"2020-03-09T15:57:03+00:00","dateModified":"2022-12-21T11:07:19+00:00","description":"[:en]You can\u2019t beat our prepaid electric prices. No contract. No hidden fees. No deposit. No hassles. No joke. Call 844.621.2852 to join Pronto Power free today! [:es]No puede superar nuestros precios de prepago de electricidad. Sin contrato. Sin cuotas escondidas. No hay dep\u00f3sito. Sin problemas No es broma. \u00a1Llame al 844.621.2852 para unirse a Pronto Power gratis hoy![:]","breadcrumb":{"@id":"https:\/\/powermepronto.com\/hursts-cheapest-no-deposit-power-company-with-no-contract\/#breadcrumb"},"inLanguage":"en-US","potentialAction":[{"@type":"ReadAction","target":["https:\/\/powermepronto.com\/hursts-cheapest-no-deposit-power-company-with-no-contract\/"]}]},{"@type":"ImageObject","inLanguage":"en-US","@id":"https:\/\/powermepronto.com\/hursts-cheapest-no-deposit-power-company-with-no-contract\/#primaryimage","url":"https:\/\/www.powermepronto.com\/wp-content\/uploads\/2018\/07\/bigstock-Cf-Dollar-2863411-300x203.jpg","contentUrl":"https:\/\/www.powermepronto.com\/wp-content\/uploads\/2018\/07\/bigstock-Cf-Dollar-2863411-300x203.jpg"},{"@type":"BreadcrumbList","@id":"https:\/\/powermepronto.com\/hursts-cheapest-no-deposit-power-company-with-no-contract\/#breadcrumb","itemListElement":[{"@type":"ListItem","position":1,"name":"Home","item":"https:\/\/powermepronto.com\/en\/"},{"@type":"ListItem","position":2,"name":"Hurst\u2019s Cheapest No-Deposit Power Company with No Contract"}]},{"@type":"WebSite","@id":"https:\/\/powermepronto.com\/en\/#website","url":"https:\/\/powermepronto.com\/en\/","name":"Pronto Power","description":"","potentialAction":[{"@type":"SearchAction","target":{"@type":"EntryPoint","urlTemplate":"https:\/\/powermepronto.com\/en\/?s={search_term_string}"},"query-input":{"@type":"PropertyValueSpecification","valueRequired":true,"valueName":"search_term_string"}}],"inLanguage":"en-US"}]}},"_links":{"self":[{"href":"https:\/\/powermepronto.com\/en\/wp-json\/wp\/v2\/pages\/1985","targetHints":{"allow":["GET"]}}],"collection":[{"href":"https:\/\/powermepronto.com\/en\/wp-json\/wp\/v2\/pages"}],"about":[{"href":"https:\/\/powermepronto.com\/en\/wp-json\/wp\/v2\/types\/page"}],"author":[{"embeddable":true,"href":"https:\/\/powermepronto.com\/en\/wp-json\/wp\/v2\/users\/1"}],"replies":[{"embeddable":true,"href":"https:\/\/powermepronto.com\/en\/wp-json\/wp\/v2\/comments?post=1985"}],"version-history":[{"count":4,"href":"https:\/\/powermepronto.com\/en\/wp-json\/wp\/v2\/pages\/1985\/revisions"}],"predecessor-version":[{"id":3535,"href":"https:\/\/powermepronto.com\/en\/wp-json\/wp\/v2\/pages\/1985\/revisions\/3535"}],"wp:attachment":[{"href":"https:\/\/powermepronto.com\/en\/wp-json\/wp\/v2\/media?parent=1985"}],"curies":[{"name":"wp","href":"https:\/\/api.w.org\/{rel}","templated":true}]}}