{"id":1980,"date":"2020-03-09T15:40:02","date_gmt":"2020-03-09T15:40:02","guid":{"rendered":"https:\/\/www.powermepronto.com\/?page_id=1980"},"modified":"2022-12-21T04:58:53","modified_gmt":"2022-12-21T10:58:53","slug":"harlingens-cheapest-no-deposit-power-company-with-no-contract","status":"publish","type":"page","link":"https:\/\/powermepronto.com\/en\/harlingens-cheapest-no-deposit-power-company-with-no-contract\/","title":{"rendered":"Harlingen\u2019s Cheapest No-Deposit Power Company&#8230;With No Contract!"},"content":{"rendered":"<p><img loading=\"lazy\" decoding=\"async\" src=\"https:\/\/www.powermepronto.com\/wp-content\/uploads\/2018\/10\/bigstock-Concept-Of-Expensive-Energy-Bi-1036464-300x200.jpg\" alt=\"\" width=\"300\" height=\"200\" class=\"alignright size-medium wp-image-1053\" srcset=\"https:\/\/powermepronto.com\/wp-content\/uploads\/2018\/10\/bigstock-Concept-Of-Expensive-Energy-Bi-1036464-300x200.jpg 300w, https:\/\/powermepronto.com\/wp-content\/uploads\/2018\/10\/bigstock-Concept-Of-Expensive-Energy-Bi-1036464-768x512.jpg 768w, https:\/\/powermepronto.com\/wp-content\/uploads\/2018\/10\/bigstock-Concept-Of-Expensive-Energy-Bi-1036464.jpg 1000w\" sizes=\"auto, (max-width: 300px) 100vw, 300px\" \/>Remember back in the good ol\u2019 days when companies valued relationships with customers and give great service?<\/p>\n<p>Why has everything and everyone turned into just another number in a business transaction these days?<\/p>\n<p>Truth be told, many companies offer good service. But they\u2019re harder to find.<\/p>\n<p>You\u2019ll love Pronto Power.<\/p>\n<p>Not just because of our friendly customer service team who can\u2019t wait to help you make it through even the most difficult of financial times&#8230;but because you don\u2019t sign a contract, never pay anything down, don\u2019t have a credit or ID check, and you get the cheapest prepaid electricity in Harlingen!<\/p>\n<p>All that, and many of our customers save an additional 20% off their electric bills&#8230;even after paying the cheapest prices in Texas!<\/p>\n<p>Find out how below.<\/p>\n<h2>How Does Joining Pronto Power Work?<\/h2>\n<p>Easy: you simply put money into a prepaid account. It works just like a debit card.<\/p>\n<p>When you use the funds up, you simply add more. You get daily text and email notifications so you know your account balance exactly.<\/p>\n<p>Then you pay monthly, weekly, or even daily if you need to &#8211; however works best for you!<\/p>\n<p>Keep your account balance positive with just one penny or more by 1 PM each day, and your electricity stays on.<\/p>\n<p>And if you have trouble paying your electric bill because of financial difficulty, please just call us. We\u2019re happy to help you make it through even the toughest financial challenges!<\/p>\n<h2>How You Can Save an Additional 20%&#8230;Or More On Your No-Deposit Power<\/h2>\n<p>You can save even more beyond just paying the cheapest prepaid rates any Texas electric companies have to offer.<\/p>\n<p>Just login to our free energy usage monitoring tool. It shows you how you use electricity in real-time.<\/p>\n<p>You simply login and watch how what you do changes your usage. Then you change your behavior over time. And you can easily save 20% just like many other customers&#8230;and possibly even more!<\/p>\n<h2>Harlingen Homeowners: Join Pronto Power Free Today <\/h2>\n<p>Look, no-deposit electric doesn\u2019t get any cheaper or more convenient.<\/p>\n<p>So, call Pronto Power <span class=\"affiliatecode\">844.621.2852<\/span> to join free within the hour if your home has a smart meter!<\/p>","protected":false},"excerpt":{"rendered":"<p>Remember back in the good ol\u2019 days when companies valued relationships with customers and give great service? Why has everything and everyone turned into just another number in a business transaction these days? Truth be told, many companies offer good service. But they\u2019re harder to find. You\u2019ll love Pronto Power. Not just because of our &hellip; <a href=\"https:\/\/powermepronto.com\/en\/harlingens-cheapest-no-deposit-power-company-with-no-contract\/\" class=\"more-link\">Continue reading <span class=\"screen-reader-text\">Harlingen\u2019s Cheapest No-Deposit Power Company&#8230;With No Contract!<\/span><\/a><\/p>\n","protected":false},"author":1,"featured_media":0,"parent":0,"menu_order":0,"comment_status":"closed","ping_status":"closed","template":"","meta":{"_acf_changed":false,"_glsr_average":0,"_glsr_ranking":0,"_glsr_reviews":0,"footnotes":"","_links_to":"","_links_to_target":""},"class_list":["post-1980","page","type-page","status-publish","hentry"],"acf":[],"yoast_head":"<!-- This site is optimized with the Yoast SEO plugin v27.4 - https:\/\/yoast.com\/product\/yoast-seo-wordpress\/ -->\n<title>Harlingen\u2019s Cheapest No-Deposit Power Company...With No Contract! - Pronto Power<\/title>\n<meta name=\"description\" content=\"[:en]You can\u2019t beat our prepaid electric prices. No contract. No hidden fees. No deposit. No hassles. No joke. Call 844.621.2852 to join Pronto Power free today![:es]No puede superar nuestros precios de prepago de electricidad. Sin contrato. Sin cuotas escondidas. No hay dep\u00f3sito. Sin problemas No es broma. \u00a1Llame al 844.621.2852 para unirse a Pronto Power gratis hoy![:]\" \/>\n<meta name=\"robots\" content=\"index, follow, max-snippet:-1, max-image-preview:large, max-video-preview:-1\" \/>\n<link rel=\"canonical\" href=\"https:\/\/powermepronto.com\/harlingens-cheapest-no-deposit-power-company-with-no-contract\/\" \/>\n<meta property=\"og:locale\" content=\"en_US\" \/>\n<meta property=\"og:type\" content=\"article\" \/>\n<meta property=\"og:title\" content=\"[:en]Harlingen\u2019s Cheapest No-Deposit Power Company...With No Contract![:es]La compa\u00f1\u00eda de energ\u00eda sin dep\u00f3sito m\u00e1s barata de Harlingen ... \u00a1Sin contrato![:] - Pronto Power\" \/>\n<meta property=\"og:description\" content=\"[:en]You can\u2019t beat our prepaid electric prices. No contract. No hidden fees. No deposit. No hassles. No joke. Call 844.621.2852 to join Pronto Power free today![:es]No puede superar nuestros precios de prepago de electricidad. Sin contrato. Sin cuotas escondidas. No hay dep\u00f3sito. Sin problemas No es broma. \u00a1Llame al 844.621.2852 para unirse a Pronto Power gratis hoy![:]\" \/>\n<meta property=\"og:url\" content=\"https:\/\/powermepronto.com\/harlingens-cheapest-no-deposit-power-company-with-no-contract\/\" \/>\n<meta property=\"og:site_name\" content=\"Pronto Power\" \/>\n<meta property=\"article:modified_time\" content=\"2022-12-21T10:58:53+00:00\" \/>\n<meta property=\"og:image\" content=\"https:\/\/www.powermepronto.com\/wp-content\/uploads\/2018\/10\/bigstock-Concept-Of-Expensive-Energy-Bi-1036464-300x200.jpg\" \/>\n<meta name=\"twitter:card\" content=\"summary_large_image\" \/>\n<meta name=\"twitter:label1\" content=\"Est. reading time\" \/>\n\t<meta name=\"twitter:data1\" content=\"4 minutes\" \/>\n<script type=\"application\/ld+json\" class=\"yoast-schema-graph\">{\"@context\":\"https:\\\/\\\/schema.org\",\"@graph\":[{\"@type\":\"WebPage\",\"@id\":\"https:\\\/\\\/powermepronto.com\\\/harlingens-cheapest-no-deposit-power-company-with-no-contract\\\/\",\"url\":\"https:\\\/\\\/powermepronto.com\\\/harlingens-cheapest-no-deposit-power-company-with-no-contract\\\/\",\"name\":\"[:en]Harlingen\u2019s Cheapest No-Deposit Power Company...With No Contract![:es]La compa\u00f1\u00eda de energ\u00eda sin dep\u00f3sito m\u00e1s barata de Harlingen ... \u00a1Sin contrato![:] - Pronto Power\",\"isPartOf\":{\"@id\":\"https:\\\/\\\/powermepronto.com\\\/en\\\/#website\"},\"primaryImageOfPage\":{\"@id\":\"https:\\\/\\\/powermepronto.com\\\/harlingens-cheapest-no-deposit-power-company-with-no-contract\\\/#primaryimage\"},\"image\":{\"@id\":\"https:\\\/\\\/powermepronto.com\\\/harlingens-cheapest-no-deposit-power-company-with-no-contract\\\/#primaryimage\"},\"thumbnailUrl\":\"https:\\\/\\\/www.powermepronto.com\\\/wp-content\\\/uploads\\\/2018\\\/10\\\/bigstock-Concept-Of-Expensive-Energy-Bi-1036464-300x200.jpg\",\"datePublished\":\"2020-03-09T15:40:02+00:00\",\"dateModified\":\"2022-12-21T10:58:53+00:00\",\"description\":\"[:en]You can\u2019t beat our prepaid electric prices. No contract. No hidden fees. No deposit. No hassles. No joke. Call 844.621.2852 to join Pronto Power free today![:es]No puede superar nuestros precios de prepago de electricidad. Sin contrato. Sin cuotas escondidas. No hay dep\u00f3sito. Sin problemas No es broma. \u00a1Llame al 844.621.2852 para unirse a Pronto Power gratis hoy![:]\",\"breadcrumb\":{\"@id\":\"https:\\\/\\\/powermepronto.com\\\/harlingens-cheapest-no-deposit-power-company-with-no-contract\\\/#breadcrumb\"},\"inLanguage\":\"en-US\",\"potentialAction\":[{\"@type\":\"ReadAction\",\"target\":[\"https:\\\/\\\/powermepronto.com\\\/harlingens-cheapest-no-deposit-power-company-with-no-contract\\\/\"]}]},{\"@type\":\"ImageObject\",\"inLanguage\":\"en-US\",\"@id\":\"https:\\\/\\\/powermepronto.com\\\/harlingens-cheapest-no-deposit-power-company-with-no-contract\\\/#primaryimage\",\"url\":\"https:\\\/\\\/www.powermepronto.com\\\/wp-content\\\/uploads\\\/2018\\\/10\\\/bigstock-Concept-Of-Expensive-Energy-Bi-1036464-300x200.jpg\",\"contentUrl\":\"https:\\\/\\\/www.powermepronto.com\\\/wp-content\\\/uploads\\\/2018\\\/10\\\/bigstock-Concept-Of-Expensive-Energy-Bi-1036464-300x200.jpg\"},{\"@type\":\"BreadcrumbList\",\"@id\":\"https:\\\/\\\/powermepronto.com\\\/harlingens-cheapest-no-deposit-power-company-with-no-contract\\\/#breadcrumb\",\"itemListElement\":[{\"@type\":\"ListItem\",\"position\":1,\"name\":\"Home\",\"item\":\"https:\\\/\\\/powermepronto.com\\\/en\\\/\"},{\"@type\":\"ListItem\",\"position\":2,\"name\":\"Harlingen\u2019s Cheapest No-Deposit Power Company&#8230;With No Contract!\"}]},{\"@type\":\"WebSite\",\"@id\":\"https:\\\/\\\/powermepronto.com\\\/en\\\/#website\",\"url\":\"https:\\\/\\\/powermepronto.com\\\/en\\\/\",\"name\":\"Pronto Power\",\"description\":\"\",\"potentialAction\":[{\"@type\":\"SearchAction\",\"target\":{\"@type\":\"EntryPoint\",\"urlTemplate\":\"https:\\\/\\\/powermepronto.com\\\/en\\\/?s={search_term_string}\"},\"query-input\":{\"@type\":\"PropertyValueSpecification\",\"valueRequired\":true,\"valueName\":\"search_term_string\"}}],\"inLanguage\":\"en-US\"}]}<\/script>\n<!-- \/ Yoast SEO plugin. -->","yoast_head_json":{"title":"[:en]Harlingen\u2019s Cheapest No-Deposit Power Company...With No Contract![:es]La compa\u00f1\u00eda de energ\u00eda sin dep\u00f3sito m\u00e1s barata de Harlingen ... \u00a1Sin contrato![:] - Pronto Power","description":"[:en]You can\u2019t beat our prepaid electric prices. No contract. No hidden fees. No deposit. No hassles. No joke. Call 844.621.2852 to join Pronto Power free today![:es]No puede superar nuestros precios de prepago de electricidad. Sin contrato. Sin cuotas escondidas. No hay dep\u00f3sito. Sin problemas No es broma. \u00a1Llame al 844.621.2852 para unirse a Pronto Power gratis hoy![:]","robots":{"index":"index","follow":"follow","max-snippet":"max-snippet:-1","max-image-preview":"max-image-preview:large","max-video-preview":"max-video-preview:-1"},"canonical":"https:\/\/powermepronto.com\/harlingens-cheapest-no-deposit-power-company-with-no-contract\/","og_locale":"en_US","og_type":"article","og_title":"[:en]Harlingen\u2019s Cheapest No-Deposit Power Company...With No Contract![:es]La compa\u00f1\u00eda de energ\u00eda sin dep\u00f3sito m\u00e1s barata de Harlingen ... \u00a1Sin contrato![:] - Pronto Power","og_description":"[:en]You can\u2019t beat our prepaid electric prices. No contract. No hidden fees. No deposit. No hassles. No joke. Call 844.621.2852 to join Pronto Power free today![:es]No puede superar nuestros precios de prepago de electricidad. Sin contrato. Sin cuotas escondidas. No hay dep\u00f3sito. Sin problemas No es broma. \u00a1Llame al 844.621.2852 para unirse a Pronto Power gratis hoy![:]","og_url":"https:\/\/powermepronto.com\/harlingens-cheapest-no-deposit-power-company-with-no-contract\/","og_site_name":"Pronto Power","article_modified_time":"2022-12-21T10:58:53+00:00","og_image":[{"url":"https:\/\/www.powermepronto.com\/wp-content\/uploads\/2018\/10\/bigstock-Concept-Of-Expensive-Energy-Bi-1036464-300x200.jpg","type":"","width":"","height":""}],"twitter_card":"summary_large_image","twitter_misc":{"Est. reading time":"4 minutes"},"schema":{"@context":"https:\/\/schema.org","@graph":[{"@type":"WebPage","@id":"https:\/\/powermepronto.com\/harlingens-cheapest-no-deposit-power-company-with-no-contract\/","url":"https:\/\/powermepronto.com\/harlingens-cheapest-no-deposit-power-company-with-no-contract\/","name":"[:en]Harlingen\u2019s Cheapest No-Deposit Power Company...With No Contract![:es]La compa\u00f1\u00eda de energ\u00eda sin dep\u00f3sito m\u00e1s barata de Harlingen ... \u00a1Sin contrato![:] - Pronto Power","isPartOf":{"@id":"https:\/\/powermepronto.com\/en\/#website"},"primaryImageOfPage":{"@id":"https:\/\/powermepronto.com\/harlingens-cheapest-no-deposit-power-company-with-no-contract\/#primaryimage"},"image":{"@id":"https:\/\/powermepronto.com\/harlingens-cheapest-no-deposit-power-company-with-no-contract\/#primaryimage"},"thumbnailUrl":"https:\/\/www.powermepronto.com\/wp-content\/uploads\/2018\/10\/bigstock-Concept-Of-Expensive-Energy-Bi-1036464-300x200.jpg","datePublished":"2020-03-09T15:40:02+00:00","dateModified":"2022-12-21T10:58:53+00:00","description":"[:en]You can\u2019t beat our prepaid electric prices. No contract. No hidden fees. No deposit. No hassles. No joke. Call 844.621.2852 to join Pronto Power free today![:es]No puede superar nuestros precios de prepago de electricidad. Sin contrato. Sin cuotas escondidas. No hay dep\u00f3sito. Sin problemas No es broma. \u00a1Llame al 844.621.2852 para unirse a Pronto Power gratis hoy![:]","breadcrumb":{"@id":"https:\/\/powermepronto.com\/harlingens-cheapest-no-deposit-power-company-with-no-contract\/#breadcrumb"},"inLanguage":"en-US","potentialAction":[{"@type":"ReadAction","target":["https:\/\/powermepronto.com\/harlingens-cheapest-no-deposit-power-company-with-no-contract\/"]}]},{"@type":"ImageObject","inLanguage":"en-US","@id":"https:\/\/powermepronto.com\/harlingens-cheapest-no-deposit-power-company-with-no-contract\/#primaryimage","url":"https:\/\/www.powermepronto.com\/wp-content\/uploads\/2018\/10\/bigstock-Concept-Of-Expensive-Energy-Bi-1036464-300x200.jpg","contentUrl":"https:\/\/www.powermepronto.com\/wp-content\/uploads\/2018\/10\/bigstock-Concept-Of-Expensive-Energy-Bi-1036464-300x200.jpg"},{"@type":"BreadcrumbList","@id":"https:\/\/powermepronto.com\/harlingens-cheapest-no-deposit-power-company-with-no-contract\/#breadcrumb","itemListElement":[{"@type":"ListItem","position":1,"name":"Home","item":"https:\/\/powermepronto.com\/en\/"},{"@type":"ListItem","position":2,"name":"Harlingen\u2019s Cheapest No-Deposit Power Company&#8230;With No Contract!"}]},{"@type":"WebSite","@id":"https:\/\/powermepronto.com\/en\/#website","url":"https:\/\/powermepronto.com\/en\/","name":"Pronto Power","description":"","potentialAction":[{"@type":"SearchAction","target":{"@type":"EntryPoint","urlTemplate":"https:\/\/powermepronto.com\/en\/?s={search_term_string}"},"query-input":{"@type":"PropertyValueSpecification","valueRequired":true,"valueName":"search_term_string"}}],"inLanguage":"en-US"}]}},"_links":{"self":[{"href":"https:\/\/powermepronto.com\/en\/wp-json\/wp\/v2\/pages\/1980","targetHints":{"allow":["GET"]}}],"collection":[{"href":"https:\/\/powermepronto.com\/en\/wp-json\/wp\/v2\/pages"}],"about":[{"href":"https:\/\/powermepronto.com\/en\/wp-json\/wp\/v2\/types\/page"}],"author":[{"embeddable":true,"href":"https:\/\/powermepronto.com\/en\/wp-json\/wp\/v2\/users\/1"}],"replies":[{"embeddable":true,"href":"https:\/\/powermepronto.com\/en\/wp-json\/wp\/v2\/comments?post=1980"}],"version-history":[{"count":4,"href":"https:\/\/powermepronto.com\/en\/wp-json\/wp\/v2\/pages\/1980\/revisions"}],"predecessor-version":[{"id":3534,"href":"https:\/\/powermepronto.com\/en\/wp-json\/wp\/v2\/pages\/1980\/revisions\/3534"}],"wp:attachment":[{"href":"https:\/\/powermepronto.com\/en\/wp-json\/wp\/v2\/media?parent=1980"}],"curies":[{"name":"wp","href":"https:\/\/api.w.org\/{rel}","templated":true}]}}