{"id":1978,"date":"2020-03-09T15:36:53","date_gmt":"2020-03-09T15:36:53","guid":{"rendered":"https:\/\/www.powermepronto.com\/?page_id=1978"},"modified":"2020-04-07T15:50:57","modified_gmt":"2020-04-07T15:50:57","slug":"haltom-citys-cheapest-no-deposit-power-company","status":"publish","type":"page","link":"https:\/\/powermepronto.com\/en\/haltom-citys-cheapest-no-deposit-power-company\/","title":{"rendered":"Haltom City\u2019s Cheapest No-Deposit Power Company"},"content":{"rendered":"<p><img loading=\"lazy\" decoding=\"async\" class=\"alignright size-medium wp-image-1056\" src=\"https:\/\/www.powermepronto.com\/wp-content\/uploads\/2018\/10\/bigstock-Hand-holding-digital-tablet-an-221146828-300x199.jpg\" alt=\"\" width=\"300\" height=\"199\" srcset=\"https:\/\/powermepronto.com\/wp-content\/uploads\/2018\/10\/bigstock-Hand-holding-digital-tablet-an-221146828-300x199.jpg 300w, https:\/\/powermepronto.com\/wp-content\/uploads\/2018\/10\/bigstock-Hand-holding-digital-tablet-an-221146828-768x510.jpg 768w, https:\/\/powermepronto.com\/wp-content\/uploads\/2018\/10\/bigstock-Hand-holding-digital-tablet-an-221146828.jpg 1000w\" sizes=\"auto, (max-width: 300px) 100vw, 300px\" \/>It\u2019s prepaid electricity. And it\u2019s the cheapest you can get in Haltom City.<\/p>\n<p>Sound good?<\/p>\n<p>Wait&#8230;there\u2019s more.<\/p>\n<p>When you choose Pronto Power, you don\u2019t have to sign a contract that you don\u2019t understand. You never pay any hidden fees. You don\u2019t have to pay a deposit. And there\u2019s no hassles of any kind.<\/p>\n<p>Plus, you\u2019re guaranteed to qualify because you don\u2019t have to go through a credit check or an ID check.<\/p>\n<p>And, customer service can\u2019t wait to make you happy!<\/p>\n<p>So, you get the cheapest prepaid rates of all electric companies in Haltom City. And you don\u2019t have any risk because you don\u2019t sign a contract, don\u2019t have a deposit, and never pay any hidden fees.<\/p>\n<p>And yes, it really is like that. Because if we don\u2019t follow through, you can leave at any time and for any reason (even if it\u2019s not our fault).<\/p>\n<h2>How Can Pronto Power Offer the Cheapest No-Deposit Power and Great Service with No Contract?<\/h2>\n<p>Many electric companies have a short-term, profit-now business model. They raise fees or have hidden fees, and even come up with new ones to add to their bottom line.<\/p>\n<p>They trap you in a contract. They milk you for all you\u2019re worth. And then they move on and get new customers when you leave.<\/p>\n<p>At Pronto Power, we give you great service from the start so you stay with us for the long-term. That means we don\u2019t need to create hidden fees to profit. We save money by not churning customers.<\/p>\n<p>And those savings pass right onto you.<\/p>\n<h2>Plus, You Can Save An Extra 20% Versus Other Texas Electric Companies<\/h2>\n<p>You already get the cheapest rates. And you can save 20% more. When you join Pronto Power, you get access to an online energy usage monitoring tool.<\/p>\n<p>It shows you exactly how you use electricity right now. Turn off your TV and watch your power use go down right this instant.<\/p>\n<p>Our customers use this to learn how they use electricity and change their behavior. Many save 20% on their electricity. And some&#8230;even more!<\/p>\n<p>You can too.<\/p>\n<p>For the cheapest prepay electric in Haltom City with great service and no contract or hidden fees, join Pronto Power free by calling <span class=\"affiliatecode\">844.621.2852<\/span> today!<\/p>","protected":false},"excerpt":{"rendered":"<p>It\u2019s prepaid electricity. And it\u2019s the cheapest you can get in Haltom City. Sound good? Wait&#8230;there\u2019s more. When you choose Pronto Power, you don\u2019t have to sign a contract that you don\u2019t understand. You never pay any hidden fees. You don\u2019t have to pay a deposit. And there\u2019s no hassles of any kind. Plus, you\u2019re &hellip; <a href=\"https:\/\/powermepronto.com\/en\/haltom-citys-cheapest-no-deposit-power-company\/\" class=\"more-link\">Continue reading <span class=\"screen-reader-text\">Haltom City\u2019s Cheapest No-Deposit Power Company<\/span><\/a><\/p>\n","protected":false},"author":1,"featured_media":0,"parent":0,"menu_order":0,"comment_status":"closed","ping_status":"closed","template":"","meta":{"_acf_changed":false,"_glsr_average":0,"_glsr_ranking":0,"_glsr_reviews":0,"footnotes":"","_links_to":"","_links_to_target":""},"class_list":["post-1978","page","type-page","status-publish","hentry"],"acf":[],"yoast_head":"<!-- This site is optimized with the Yoast SEO plugin v27.4 - https:\/\/yoast.com\/product\/yoast-seo-wordpress\/ -->\n<title>Haltom City\u2019s Cheapest No-Deposit Power Company - Pronto Power<\/title>\n<meta name=\"description\" content=\"You can\u2019t beat our prepaid electric prices. No contract. No hidden fees. No deposit. No hassles. No joke. Call 844.621.2852 to join Pronto Power free today!\" \/>\n<meta name=\"robots\" content=\"index, follow, max-snippet:-1, max-image-preview:large, max-video-preview:-1\" \/>\n<link rel=\"canonical\" href=\"https:\/\/powermepronto.com\/en\/haltom-citys-cheapest-no-deposit-power-company\/\" \/>\n<meta property=\"og:locale\" content=\"en_US\" \/>\n<meta property=\"og:type\" content=\"article\" \/>\n<meta property=\"og:title\" content=\"[:en]Haltom City\u2019s Cheapest No-Deposit Power Company[:es]La compa\u00f1\u00eda de energ\u00eda sin dep\u00f3sito m\u00e1s barata de Haltom City[:] - Pronto Power\" \/>\n<meta property=\"og:description\" content=\"You can\u2019t beat our prepaid electric prices. No contract. No hidden fees. No deposit. No hassles. No joke. Call 844.621.2852 to join Pronto Power free today!\" \/>\n<meta property=\"og:url\" content=\"https:\/\/powermepronto.com\/en\/haltom-citys-cheapest-no-deposit-power-company\/\" \/>\n<meta property=\"og:site_name\" content=\"Pronto Power\" \/>\n<meta property=\"article:modified_time\" content=\"2020-04-07T15:50:57+00:00\" \/>\n<meta property=\"og:image\" content=\"https:\/\/www.powermepronto.com\/wp-content\/uploads\/2018\/10\/bigstock-Hand-holding-digital-tablet-an-221146828-300x199.jpg\" \/>\n<meta name=\"twitter:card\" content=\"summary_large_image\" \/>\n<meta name=\"twitter:label1\" content=\"Est. reading time\" \/>\n\t<meta name=\"twitter:data1\" content=\"4 minutes\" \/>\n<script type=\"application\/ld+json\" class=\"yoast-schema-graph\">{\"@context\":\"https:\\\/\\\/schema.org\",\"@graph\":[{\"@type\":\"WebPage\",\"@id\":\"https:\\\/\\\/powermepronto.com\\\/en\\\/haltom-citys-cheapest-no-deposit-power-company\\\/\",\"url\":\"https:\\\/\\\/powermepronto.com\\\/en\\\/haltom-citys-cheapest-no-deposit-power-company\\\/\",\"name\":\"[:en]Haltom City\u2019s Cheapest No-Deposit Power Company[:es]La compa\u00f1\u00eda de energ\u00eda sin dep\u00f3sito m\u00e1s barata de Haltom City[:] - Pronto Power\",\"isPartOf\":{\"@id\":\"https:\\\/\\\/powermepronto.com\\\/en\\\/#website\"},\"primaryImageOfPage\":{\"@id\":\"https:\\\/\\\/powermepronto.com\\\/en\\\/haltom-citys-cheapest-no-deposit-power-company\\\/#primaryimage\"},\"image\":{\"@id\":\"https:\\\/\\\/powermepronto.com\\\/en\\\/haltom-citys-cheapest-no-deposit-power-company\\\/#primaryimage\"},\"thumbnailUrl\":\"https:\\\/\\\/www.powermepronto.com\\\/wp-content\\\/uploads\\\/2018\\\/10\\\/bigstock-Hand-holding-digital-tablet-an-221146828-300x199.jpg\",\"datePublished\":\"2020-03-09T15:36:53+00:00\",\"dateModified\":\"2020-04-07T15:50:57+00:00\",\"description\":\"You can\u2019t beat our prepaid electric prices. No contract. No hidden fees. No deposit. No hassles. No joke. Call 844.621.2852 to join Pronto Power free today!\",\"breadcrumb\":{\"@id\":\"https:\\\/\\\/powermepronto.com\\\/en\\\/haltom-citys-cheapest-no-deposit-power-company\\\/#breadcrumb\"},\"inLanguage\":\"en-US\",\"potentialAction\":[{\"@type\":\"ReadAction\",\"target\":[\"https:\\\/\\\/powermepronto.com\\\/en\\\/haltom-citys-cheapest-no-deposit-power-company\\\/\"]}]},{\"@type\":\"ImageObject\",\"inLanguage\":\"en-US\",\"@id\":\"https:\\\/\\\/powermepronto.com\\\/en\\\/haltom-citys-cheapest-no-deposit-power-company\\\/#primaryimage\",\"url\":\"https:\\\/\\\/www.powermepronto.com\\\/wp-content\\\/uploads\\\/2018\\\/10\\\/bigstock-Hand-holding-digital-tablet-an-221146828-300x199.jpg\",\"contentUrl\":\"https:\\\/\\\/www.powermepronto.com\\\/wp-content\\\/uploads\\\/2018\\\/10\\\/bigstock-Hand-holding-digital-tablet-an-221146828-300x199.jpg\"},{\"@type\":\"BreadcrumbList\",\"@id\":\"https:\\\/\\\/powermepronto.com\\\/en\\\/haltom-citys-cheapest-no-deposit-power-company\\\/#breadcrumb\",\"itemListElement\":[{\"@type\":\"ListItem\",\"position\":1,\"name\":\"Home\",\"item\":\"https:\\\/\\\/powermepronto.com\\\/en\\\/\"},{\"@type\":\"ListItem\",\"position\":2,\"name\":\"Haltom City\u2019s Cheapest No-Deposit Power Company\"}]},{\"@type\":\"WebSite\",\"@id\":\"https:\\\/\\\/powermepronto.com\\\/en\\\/#website\",\"url\":\"https:\\\/\\\/powermepronto.com\\\/en\\\/\",\"name\":\"Pronto Power\",\"description\":\"\",\"potentialAction\":[{\"@type\":\"SearchAction\",\"target\":{\"@type\":\"EntryPoint\",\"urlTemplate\":\"https:\\\/\\\/powermepronto.com\\\/en\\\/?s={search_term_string}\"},\"query-input\":{\"@type\":\"PropertyValueSpecification\",\"valueRequired\":true,\"valueName\":\"search_term_string\"}}],\"inLanguage\":\"en-US\"}]}<\/script>\n<!-- \/ Yoast SEO plugin. -->","yoast_head_json":{"title":"[:en]Haltom City\u2019s Cheapest No-Deposit Power Company[:es]La compa\u00f1\u00eda de energ\u00eda sin dep\u00f3sito m\u00e1s barata de Haltom City[:] - Pronto Power","description":"You can\u2019t beat our prepaid electric prices. No contract. No hidden fees. No deposit. No hassles. No joke. Call 844.621.2852 to join Pronto Power free today!","robots":{"index":"index","follow":"follow","max-snippet":"max-snippet:-1","max-image-preview":"max-image-preview:large","max-video-preview":"max-video-preview:-1"},"canonical":"https:\/\/powermepronto.com\/en\/haltom-citys-cheapest-no-deposit-power-company\/","og_locale":"en_US","og_type":"article","og_title":"[:en]Haltom City\u2019s Cheapest No-Deposit Power Company[:es]La compa\u00f1\u00eda de energ\u00eda sin dep\u00f3sito m\u00e1s barata de Haltom City[:] - Pronto Power","og_description":"You can\u2019t beat our prepaid electric prices. No contract. No hidden fees. No deposit. No hassles. No joke. Call 844.621.2852 to join Pronto Power free today!","og_url":"https:\/\/powermepronto.com\/en\/haltom-citys-cheapest-no-deposit-power-company\/","og_site_name":"Pronto Power","article_modified_time":"2020-04-07T15:50:57+00:00","og_image":[{"url":"https:\/\/www.powermepronto.com\/wp-content\/uploads\/2018\/10\/bigstock-Hand-holding-digital-tablet-an-221146828-300x199.jpg","type":"","width":"","height":""}],"twitter_card":"summary_large_image","twitter_misc":{"Est. reading time":"4 minutes"},"schema":{"@context":"https:\/\/schema.org","@graph":[{"@type":"WebPage","@id":"https:\/\/powermepronto.com\/en\/haltom-citys-cheapest-no-deposit-power-company\/","url":"https:\/\/powermepronto.com\/en\/haltom-citys-cheapest-no-deposit-power-company\/","name":"[:en]Haltom City\u2019s Cheapest No-Deposit Power Company[:es]La compa\u00f1\u00eda de energ\u00eda sin dep\u00f3sito m\u00e1s barata de Haltom City[:] - Pronto Power","isPartOf":{"@id":"https:\/\/powermepronto.com\/en\/#website"},"primaryImageOfPage":{"@id":"https:\/\/powermepronto.com\/en\/haltom-citys-cheapest-no-deposit-power-company\/#primaryimage"},"image":{"@id":"https:\/\/powermepronto.com\/en\/haltom-citys-cheapest-no-deposit-power-company\/#primaryimage"},"thumbnailUrl":"https:\/\/www.powermepronto.com\/wp-content\/uploads\/2018\/10\/bigstock-Hand-holding-digital-tablet-an-221146828-300x199.jpg","datePublished":"2020-03-09T15:36:53+00:00","dateModified":"2020-04-07T15:50:57+00:00","description":"You can\u2019t beat our prepaid electric prices. No contract. No hidden fees. No deposit. No hassles. No joke. Call 844.621.2852 to join Pronto Power free today!","breadcrumb":{"@id":"https:\/\/powermepronto.com\/en\/haltom-citys-cheapest-no-deposit-power-company\/#breadcrumb"},"inLanguage":"en-US","potentialAction":[{"@type":"ReadAction","target":["https:\/\/powermepronto.com\/en\/haltom-citys-cheapest-no-deposit-power-company\/"]}]},{"@type":"ImageObject","inLanguage":"en-US","@id":"https:\/\/powermepronto.com\/en\/haltom-citys-cheapest-no-deposit-power-company\/#primaryimage","url":"https:\/\/www.powermepronto.com\/wp-content\/uploads\/2018\/10\/bigstock-Hand-holding-digital-tablet-an-221146828-300x199.jpg","contentUrl":"https:\/\/www.powermepronto.com\/wp-content\/uploads\/2018\/10\/bigstock-Hand-holding-digital-tablet-an-221146828-300x199.jpg"},{"@type":"BreadcrumbList","@id":"https:\/\/powermepronto.com\/en\/haltom-citys-cheapest-no-deposit-power-company\/#breadcrumb","itemListElement":[{"@type":"ListItem","position":1,"name":"Home","item":"https:\/\/powermepronto.com\/en\/"},{"@type":"ListItem","position":2,"name":"Haltom City\u2019s Cheapest No-Deposit Power Company"}]},{"@type":"WebSite","@id":"https:\/\/powermepronto.com\/en\/#website","url":"https:\/\/powermepronto.com\/en\/","name":"Pronto Power","description":"","potentialAction":[{"@type":"SearchAction","target":{"@type":"EntryPoint","urlTemplate":"https:\/\/powermepronto.com\/en\/?s={search_term_string}"},"query-input":{"@type":"PropertyValueSpecification","valueRequired":true,"valueName":"search_term_string"}}],"inLanguage":"en-US"}]}},"_links":{"self":[{"href":"https:\/\/powermepronto.com\/en\/wp-json\/wp\/v2\/pages\/1978","targetHints":{"allow":["GET"]}}],"collection":[{"href":"https:\/\/powermepronto.com\/en\/wp-json\/wp\/v2\/pages"}],"about":[{"href":"https:\/\/powermepronto.com\/en\/wp-json\/wp\/v2\/types\/page"}],"author":[{"embeddable":true,"href":"https:\/\/powermepronto.com\/en\/wp-json\/wp\/v2\/users\/1"}],"replies":[{"embeddable":true,"href":"https:\/\/powermepronto.com\/en\/wp-json\/wp\/v2\/comments?post=1978"}],"version-history":[{"count":3,"href":"https:\/\/powermepronto.com\/en\/wp-json\/wp\/v2\/pages\/1978\/revisions"}],"predecessor-version":[{"id":2031,"href":"https:\/\/powermepronto.com\/en\/wp-json\/wp\/v2\/pages\/1978\/revisions\/2031"}],"wp:attachment":[{"href":"https:\/\/powermepronto.com\/en\/wp-json\/wp\/v2\/media?parent=1978"}],"curies":[{"name":"wp","href":"https:\/\/api.w.org\/{rel}","templated":true}]}}