{"id":1908,"date":"2020-01-23T14:04:13","date_gmt":"2020-01-23T14:04:13","guid":{"rendered":"http:\/\/www.powermepronto.com\/?page_id=1908"},"modified":"2020-03-03T13:05:53","modified_gmt":"2020-03-03T13:05:53","slug":"save-10-now-with-the-cheapest-electric-company-in-fort-worth","status":"publish","type":"page","link":"https:\/\/powermepronto.com\/en\/save-10-now-with-the-cheapest-electric-company-in-fort-worth\/","title":{"rendered":"Save 10% Now with the Cheapest Electric Company in Fort Worth"},"content":{"rendered":"<p>The Washington Post reports that you save an additional 10% by switching to prepaid electric.<\/p>\n<p>Why?<\/p>\n<p>Because you\u2019re aware of the cost of your electricity as you pay it.<\/p>\n<p>With Pronto Power, you can easily save an additional 20%, or even more.<\/p>\n<p>Not only do you get the cheapest prepay electric rates not just in Fort Worth, but in all of Texas, but you also get access to a software tool that shows how you use electricity right now.<\/p>\n<p>Many of our customers view this tool frequently to understand their own behavior. Then they change their behavior and score additional savings!<\/p>\n<p>How much you save is only limited by the choices you make.<\/p>\n<h2>But Wait! That\u2019s Not All. You Get Much More with Pronto Power!<\/h2>\n<p>The additional savings you get might be enough for you to switch to Pronto Power.<\/p>\n<p>But you actually get so much more when you join:<\/p>\n<ul>\n<li>No hidden fees<\/li>\n<li>No deposit<\/li>\n<li>No hassles<\/li>\n<li>No contract<\/li>\n<li>No credit check<\/li>\n<li>No ID check<\/li>\n<\/ul>\n<p>&#8230;Plus you get access to a customer service team who actually enjoys their job and can\u2019t wait to help you!<\/p>\n<h2>Why Does Pronto Power Offer This When Most Texas Electric Companies Won\u2019t?<\/h2>\n<p>Well, it\u2019s the way to business success. You get what you want: the cheapest no-deposit power. And we get what we want: consistent customers who want to stay.<\/p>\n<p>It\u2019s a win-win. And that\u2019s when American business is at its best.<\/p>\n<p>So, that\u2019s why you don\u2019t experience many of the annoying hassles that you do with other cheap electric companies: hidden fees, huge up-front deposits, having to pay customer service to take your payment, and all sorts of other hassles.<\/p>\n<p>With Pronto Power, it\u2019s straightforward and simple: the cheapest no-deposit power with absolutely no hidden fees.<\/p>\n<p>Get it within the hour if your home has a smart meter by calling <span class=\"affiliatecode\">844.621.2852<\/span> now.<\/p>","protected":false},"excerpt":{"rendered":"<p>The Washington Post reports that you save an additional 10% by switching to prepaid electric. Why? Because you\u2019re aware of the cost of your electricity as you pay it. With Pronto Power, you can easily save an additional 20%, or even more. Not only do you get the cheapest prepay electric rates not just in &hellip; <a href=\"https:\/\/powermepronto.com\/en\/save-10-now-with-the-cheapest-electric-company-in-fort-worth\/\" class=\"more-link\">Continue reading <span class=\"screen-reader-text\">Save 10% Now with the Cheapest Electric Company in Fort Worth<\/span><\/a><\/p>\n","protected":false},"author":1,"featured_media":0,"parent":0,"menu_order":0,"comment_status":"closed","ping_status":"closed","template":"","meta":{"_acf_changed":false,"_glsr_average":0,"_glsr_ranking":0,"_glsr_reviews":0,"footnotes":"","_links_to":"","_links_to_target":""},"class_list":["post-1908","page","type-page","status-publish","hentry"],"acf":[],"yoast_head":"<!-- This site is optimized with the Yoast SEO plugin v27.4 - https:\/\/yoast.com\/product\/yoast-seo-wordpress\/ -->\n<title>Save 10% Now with the Cheapest Electric Company in Fort Worth - Pronto Power<\/title>\n<meta name=\"description\" content=\"\u00a1No hay electricidad prepaga en Fort Worth que sea m\u00e1s barata que la de Pronto Power! Sin contrato. Sin cuotas escondidas. No hay dep\u00f3sito. Sin problemas No es broma. \u00a1Llame al 844.621.2852 para unirse gratis hoy!\" \/>\n<meta name=\"robots\" content=\"index, follow, max-snippet:-1, max-image-preview:large, max-video-preview:-1\" \/>\n<link rel=\"canonical\" href=\"https:\/\/powermepronto.com\/es\/save-10-now-with-the-cheapest-electric-company-in-fort-worth\/\" \/>\n<meta property=\"og:locale\" content=\"en_US\" \/>\n<meta property=\"og:type\" content=\"article\" \/>\n<meta property=\"og:title\" content=\"[:en]Save 10% Now with the Cheapest Electric Company in Fort Worth[:es]Ahorre 10% ahora con la compa\u00f1\u00eda el\u00e9ctrica m\u00e1s barata en Fort Worth[:] - Pronto Power\" \/>\n<meta property=\"og:description\" content=\"\u00a1No hay electricidad prepaga en Fort Worth que sea m\u00e1s barata que la de Pronto Power! Sin contrato. Sin cuotas escondidas. No hay dep\u00f3sito. Sin problemas No es broma. \u00a1Llame al 844.621.2852 para unirse gratis hoy!\" \/>\n<meta property=\"og:url\" content=\"https:\/\/powermepronto.com\/es\/save-10-now-with-the-cheapest-electric-company-in-fort-worth\/\" \/>\n<meta property=\"og:site_name\" content=\"Pronto Power\" \/>\n<meta property=\"article:modified_time\" content=\"2020-03-03T13:05:53+00:00\" \/>\n<meta name=\"twitter:card\" content=\"summary_large_image\" \/>\n<meta name=\"twitter:label1\" content=\"Est. reading time\" \/>\n\t<meta name=\"twitter:data1\" content=\"3 minutes\" \/>\n<script type=\"application\/ld+json\" class=\"yoast-schema-graph\">{\"@context\":\"https:\\\/\\\/schema.org\",\"@graph\":[{\"@type\":\"WebPage\",\"@id\":\"https:\\\/\\\/powermepronto.com\\\/es\\\/save-10-now-with-the-cheapest-electric-company-in-fort-worth\\\/\",\"url\":\"https:\\\/\\\/powermepronto.com\\\/es\\\/save-10-now-with-the-cheapest-electric-company-in-fort-worth\\\/\",\"name\":\"[:en]Save 10% Now with the Cheapest Electric Company in Fort Worth[:es]Ahorre 10% ahora con la compa\u00f1\u00eda el\u00e9ctrica m\u00e1s barata en Fort Worth[:] - Pronto Power\",\"isPartOf\":{\"@id\":\"https:\\\/\\\/powermepronto.com\\\/en\\\/#website\"},\"datePublished\":\"2020-01-23T14:04:13+00:00\",\"dateModified\":\"2020-03-03T13:05:53+00:00\",\"description\":\"\u00a1No hay electricidad prepaga en Fort Worth que sea m\u00e1s barata que la de Pronto Power! Sin contrato. Sin cuotas escondidas. No hay dep\u00f3sito. Sin problemas No es broma. \u00a1Llame al 844.621.2852 para unirse gratis hoy!\",\"breadcrumb\":{\"@id\":\"https:\\\/\\\/powermepronto.com\\\/es\\\/save-10-now-with-the-cheapest-electric-company-in-fort-worth\\\/#breadcrumb\"},\"inLanguage\":\"en-US\",\"potentialAction\":[{\"@type\":\"ReadAction\",\"target\":[\"https:\\\/\\\/powermepronto.com\\\/es\\\/save-10-now-with-the-cheapest-electric-company-in-fort-worth\\\/\"]}]},{\"@type\":\"BreadcrumbList\",\"@id\":\"https:\\\/\\\/powermepronto.com\\\/es\\\/save-10-now-with-the-cheapest-electric-company-in-fort-worth\\\/#breadcrumb\",\"itemListElement\":[{\"@type\":\"ListItem\",\"position\":1,\"name\":\"Home\",\"item\":\"https:\\\/\\\/powermepronto.com\\\/en\\\/\"},{\"@type\":\"ListItem\",\"position\":2,\"name\":\"Ahorre 10% ahora con la compa\u00f1\u00eda el\u00e9ctrica m\u00e1s barata en Fort Worth\"}]},{\"@type\":\"WebSite\",\"@id\":\"https:\\\/\\\/powermepronto.com\\\/en\\\/#website\",\"url\":\"https:\\\/\\\/powermepronto.com\\\/en\\\/\",\"name\":\"Pronto Power\",\"description\":\"\",\"potentialAction\":[{\"@type\":\"SearchAction\",\"target\":{\"@type\":\"EntryPoint\",\"urlTemplate\":\"https:\\\/\\\/powermepronto.com\\\/en\\\/?s={search_term_string}\"},\"query-input\":{\"@type\":\"PropertyValueSpecification\",\"valueRequired\":true,\"valueName\":\"search_term_string\"}}],\"inLanguage\":\"en-US\"}]}<\/script>\n<!-- \/ Yoast SEO plugin. -->","yoast_head_json":{"title":"[:en]Save 10% Now with the Cheapest Electric Company in Fort Worth[:es]Ahorre 10% ahora con la compa\u00f1\u00eda el\u00e9ctrica m\u00e1s barata en Fort Worth[:] - Pronto Power","description":"\u00a1No hay electricidad prepaga en Fort Worth que sea m\u00e1s barata que la de Pronto Power! Sin contrato. Sin cuotas escondidas. No hay dep\u00f3sito. Sin problemas No es broma. \u00a1Llame al 844.621.2852 para unirse gratis hoy!","robots":{"index":"index","follow":"follow","max-snippet":"max-snippet:-1","max-image-preview":"max-image-preview:large","max-video-preview":"max-video-preview:-1"},"canonical":"https:\/\/powermepronto.com\/es\/save-10-now-with-the-cheapest-electric-company-in-fort-worth\/","og_locale":"en_US","og_type":"article","og_title":"[:en]Save 10% Now with the Cheapest Electric Company in Fort Worth[:es]Ahorre 10% ahora con la compa\u00f1\u00eda el\u00e9ctrica m\u00e1s barata en Fort Worth[:] - Pronto Power","og_description":"\u00a1No hay electricidad prepaga en Fort Worth que sea m\u00e1s barata que la de Pronto Power! Sin contrato. Sin cuotas escondidas. No hay dep\u00f3sito. Sin problemas No es broma. \u00a1Llame al 844.621.2852 para unirse gratis hoy!","og_url":"https:\/\/powermepronto.com\/es\/save-10-now-with-the-cheapest-electric-company-in-fort-worth\/","og_site_name":"Pronto Power","article_modified_time":"2020-03-03T13:05:53+00:00","twitter_card":"summary_large_image","twitter_misc":{"Est. reading time":"3 minutes"},"schema":{"@context":"https:\/\/schema.org","@graph":[{"@type":"WebPage","@id":"https:\/\/powermepronto.com\/es\/save-10-now-with-the-cheapest-electric-company-in-fort-worth\/","url":"https:\/\/powermepronto.com\/es\/save-10-now-with-the-cheapest-electric-company-in-fort-worth\/","name":"[:en]Save 10% Now with the Cheapest Electric Company in Fort Worth[:es]Ahorre 10% ahora con la compa\u00f1\u00eda el\u00e9ctrica m\u00e1s barata en Fort Worth[:] - Pronto Power","isPartOf":{"@id":"https:\/\/powermepronto.com\/en\/#website"},"datePublished":"2020-01-23T14:04:13+00:00","dateModified":"2020-03-03T13:05:53+00:00","description":"\u00a1No hay electricidad prepaga en Fort Worth que sea m\u00e1s barata que la de Pronto Power! Sin contrato. Sin cuotas escondidas. No hay dep\u00f3sito. Sin problemas No es broma. \u00a1Llame al 844.621.2852 para unirse gratis hoy!","breadcrumb":{"@id":"https:\/\/powermepronto.com\/es\/save-10-now-with-the-cheapest-electric-company-in-fort-worth\/#breadcrumb"},"inLanguage":"en-US","potentialAction":[{"@type":"ReadAction","target":["https:\/\/powermepronto.com\/es\/save-10-now-with-the-cheapest-electric-company-in-fort-worth\/"]}]},{"@type":"BreadcrumbList","@id":"https:\/\/powermepronto.com\/es\/save-10-now-with-the-cheapest-electric-company-in-fort-worth\/#breadcrumb","itemListElement":[{"@type":"ListItem","position":1,"name":"Home","item":"https:\/\/powermepronto.com\/en\/"},{"@type":"ListItem","position":2,"name":"Ahorre 10% ahora con la compa\u00f1\u00eda el\u00e9ctrica m\u00e1s barata en Fort Worth"}]},{"@type":"WebSite","@id":"https:\/\/powermepronto.com\/en\/#website","url":"https:\/\/powermepronto.com\/en\/","name":"Pronto Power","description":"","potentialAction":[{"@type":"SearchAction","target":{"@type":"EntryPoint","urlTemplate":"https:\/\/powermepronto.com\/en\/?s={search_term_string}"},"query-input":{"@type":"PropertyValueSpecification","valueRequired":true,"valueName":"search_term_string"}}],"inLanguage":"en-US"}]}},"_links":{"self":[{"href":"https:\/\/powermepronto.com\/en\/wp-json\/wp\/v2\/pages\/1908","targetHints":{"allow":["GET"]}}],"collection":[{"href":"https:\/\/powermepronto.com\/en\/wp-json\/wp\/v2\/pages"}],"about":[{"href":"https:\/\/powermepronto.com\/en\/wp-json\/wp\/v2\/types\/page"}],"author":[{"embeddable":true,"href":"https:\/\/powermepronto.com\/en\/wp-json\/wp\/v2\/users\/1"}],"replies":[{"embeddable":true,"href":"https:\/\/powermepronto.com\/en\/wp-json\/wp\/v2\/comments?post=1908"}],"version-history":[{"count":4,"href":"https:\/\/powermepronto.com\/en\/wp-json\/wp\/v2\/pages\/1908\/revisions"}],"predecessor-version":[{"id":1954,"href":"https:\/\/powermepronto.com\/en\/wp-json\/wp\/v2\/pages\/1908\/revisions\/1954"}],"wp:attachment":[{"href":"https:\/\/powermepronto.com\/en\/wp-json\/wp\/v2\/media?parent=1908"}],"curies":[{"name":"wp","href":"https:\/\/api.w.org\/{rel}","templated":true}]}}