{"id":1716,"date":"2019-10-27T22:54:28","date_gmt":"2019-10-27T22:54:28","guid":{"rendered":"http:\/\/www.powermepronto.com\/?page_id=1716"},"modified":"2022-12-21T03:55:39","modified_gmt":"2022-12-21T09:55:39","slug":"arlingtons-cheapest-no-deposit-electricity-with-great-service","status":"publish","type":"page","link":"https:\/\/powermepronto.com\/en\/arlingtons-cheapest-no-deposit-electricity-with-great-service\/","title":{"rendered":"Arlington\u2019s Cheapest No-Deposit Electricity with Great Service"},"content":{"rendered":"<p>Just who is your REP in business for anyway? <\/p>\n<p>Do they look at you as a bunch of dollar signs, or do they actually care about the service they deliver? <\/p>\n<p>Do they want you to sign a contract and pressure the ever-living heck out of you to sign it ASAP? <\/p>\n<p>If so, you should get out of there fast. Any company who does that can\u2019t wait to have you join because they know they\u2019ll profit off of you bigtime. <\/p>\n<p>Don\u2019t let them take advantage of you!<\/p>\n<p>But with more than 250 options for REPs in Texas, each with their own unique offers and claims, who should you actually go with? <\/p>\n<h2>Pronto Power: The Cheapest Prepaid Electric Company That Doesn\u2019t Require a Contract And Still Gives You Great Service <\/h2>\n<p>You just won\u2019t find prepay electricity rates cheaper anywhere else. Pronto Power charges the cheapest prepaid rates possible, and they\u2019re lower than you can find anywhere in Arlington, and even in all of Texas.<\/p>\n<p>Plus, you don\u2019t have to sign a contract. Oh, and we\u2019re also no-deposit too. And there\u2019s no annoying credit check or ID check. And with good payment history once you join, you can also eventually qualify for traditional post-pay electricity. <\/p>\n<p>And we also have deferred payment plans available for those times when your personal finances get out of control in a bad way. Our customer service team is happy to help. So just give us a call.<\/p>\n<p>Unlike other electric companies, we help you keep your electricity on. <\/p>\n<h2>Join Free Within the Hour And Get No-Deposit Electricity at the Cheapest Rate<\/h2>\n<p>If your home has a smart meter, which 99% do, you can get connected within the hour. <\/p>\n<p>Just call Pronto Power at <span class=\"affiliatecode\">844.621.2852<\/span> to join free now.<\/p>","protected":false},"excerpt":{"rendered":"<p>Just who is your REP in business for anyway? Do they look at you as a bunch of dollar signs, or do they actually care about the service they deliver? Do they want you to sign a contract and pressure the ever-living heck out of you to sign it ASAP? If so, you should get &hellip; <a href=\"https:\/\/powermepronto.com\/en\/arlingtons-cheapest-no-deposit-electricity-with-great-service\/\" class=\"more-link\">Continue reading <span class=\"screen-reader-text\">Arlington\u2019s Cheapest No-Deposit Electricity with Great Service<\/span><\/a><\/p>\n","protected":false},"author":1,"featured_media":0,"parent":0,"menu_order":0,"comment_status":"closed","ping_status":"closed","template":"","meta":{"_acf_changed":false,"_glsr_average":0,"_glsr_ranking":0,"_glsr_reviews":0,"footnotes":"","_links_to":"","_links_to_target":""},"class_list":["post-1716","page","type-page","status-publish","hentry"],"acf":[],"yoast_head":"<!-- This site is optimized with the Yoast SEO plugin v27.5 - https:\/\/yoast.com\/product\/yoast-seo-wordpress\/ -->\n<title>Arlington\u2019s Cheapest No-Deposit Electricity with Great Service - Pronto Power<\/title>\n<meta name=\"description\" content=\"[:en]Yep. The cheapest rates are yours at Pronto Power. And you also get great customer service too. No contract. No hidden fees. No deposit. Call 844.621.2852 [:es]S\u00ed. Las tarifas m\u00e1s baratas son suyas en Pronto Power. Y tambi\u00e9n obtienes un excelente servicio al cliente. Sin contrato. Sin cuotas escondidas. No hay dep\u00f3sito. Llama al 844.621.2852.[:]\" \/>\n<meta name=\"robots\" content=\"index, follow, max-snippet:-1, max-image-preview:large, max-video-preview:-1\" \/>\n<link rel=\"canonical\" href=\"https:\/\/powermepronto.com\/arlingtons-cheapest-no-deposit-electricity-with-great-service\/\" \/>\n<meta property=\"og:locale\" content=\"en_US\" \/>\n<meta property=\"og:type\" content=\"article\" \/>\n<meta property=\"og:title\" content=\"[:en]Arlington\u2019s Cheapest No-Deposit Electricity with Great Service[:es]La Electricidad Sin Dep\u00f3sito M\u00e1s Barata De Arlington Con Un Gran Servicio[:] - Pronto Power\" \/>\n<meta property=\"og:description\" content=\"[:en]Yep. The cheapest rates are yours at Pronto Power. And you also get great customer service too. No contract. No hidden fees. No deposit. Call 844.621.2852 [:es]S\u00ed. Las tarifas m\u00e1s baratas son suyas en Pronto Power. Y tambi\u00e9n obtienes un excelente servicio al cliente. Sin contrato. Sin cuotas escondidas. No hay dep\u00f3sito. Llama al 844.621.2852.[:]\" \/>\n<meta property=\"og:url\" content=\"https:\/\/powermepronto.com\/arlingtons-cheapest-no-deposit-electricity-with-great-service\/\" \/>\n<meta property=\"og:site_name\" content=\"Pronto Power\" \/>\n<meta property=\"article:modified_time\" content=\"2022-12-21T09:55:39+00:00\" \/>\n<meta name=\"twitter:card\" content=\"summary_large_image\" \/>\n<meta name=\"twitter:label1\" content=\"Est. reading time\" \/>\n\t<meta name=\"twitter:data1\" content=\"3 minutes\" \/>\n<script type=\"application\/ld+json\" class=\"yoast-schema-graph\">{\"@context\":\"https:\\\/\\\/schema.org\",\"@graph\":[{\"@type\":\"WebPage\",\"@id\":\"https:\\\/\\\/powermepronto.com\\\/arlingtons-cheapest-no-deposit-electricity-with-great-service\\\/\",\"url\":\"https:\\\/\\\/powermepronto.com\\\/arlingtons-cheapest-no-deposit-electricity-with-great-service\\\/\",\"name\":\"[:en]Arlington\u2019s Cheapest No-Deposit Electricity with Great Service[:es]La Electricidad Sin Dep\u00f3sito M\u00e1s Barata De Arlington Con Un Gran Servicio[:] - Pronto Power\",\"isPartOf\":{\"@id\":\"https:\\\/\\\/powermepronto.com\\\/en\\\/#website\"},\"datePublished\":\"2019-10-27T22:54:28+00:00\",\"dateModified\":\"2022-12-21T09:55:39+00:00\",\"description\":\"[:en]Yep. The cheapest rates are yours at Pronto Power. And you also get great customer service too. No contract. No hidden fees. No deposit. Call 844.621.2852 [:es]S\u00ed. Las tarifas m\u00e1s baratas son suyas en Pronto Power. Y tambi\u00e9n obtienes un excelente servicio al cliente. Sin contrato. Sin cuotas escondidas. No hay dep\u00f3sito. Llama al 844.621.2852.[:]\",\"breadcrumb\":{\"@id\":\"https:\\\/\\\/powermepronto.com\\\/arlingtons-cheapest-no-deposit-electricity-with-great-service\\\/#breadcrumb\"},\"inLanguage\":\"en-US\",\"potentialAction\":[{\"@type\":\"ReadAction\",\"target\":[\"https:\\\/\\\/powermepronto.com\\\/arlingtons-cheapest-no-deposit-electricity-with-great-service\\\/\"]}]},{\"@type\":\"BreadcrumbList\",\"@id\":\"https:\\\/\\\/powermepronto.com\\\/arlingtons-cheapest-no-deposit-electricity-with-great-service\\\/#breadcrumb\",\"itemListElement\":[{\"@type\":\"ListItem\",\"position\":1,\"name\":\"Home\",\"item\":\"https:\\\/\\\/powermepronto.com\\\/en\\\/\"},{\"@type\":\"ListItem\",\"position\":2,\"name\":\"Arlington\u2019s Cheapest No-Deposit Electricity with Great Service\"}]},{\"@type\":\"WebSite\",\"@id\":\"https:\\\/\\\/powermepronto.com\\\/en\\\/#website\",\"url\":\"https:\\\/\\\/powermepronto.com\\\/en\\\/\",\"name\":\"Pronto Power\",\"description\":\"\",\"potentialAction\":[{\"@type\":\"SearchAction\",\"target\":{\"@type\":\"EntryPoint\",\"urlTemplate\":\"https:\\\/\\\/powermepronto.com\\\/en\\\/?s={search_term_string}\"},\"query-input\":{\"@type\":\"PropertyValueSpecification\",\"valueRequired\":true,\"valueName\":\"search_term_string\"}}],\"inLanguage\":\"en-US\"}]}<\/script>\n<!-- \/ Yoast SEO plugin. -->","yoast_head_json":{"title":"[:en]Arlington\u2019s Cheapest No-Deposit Electricity with Great Service[:es]La Electricidad Sin Dep\u00f3sito M\u00e1s Barata De Arlington Con Un Gran Servicio[:] - Pronto Power","description":"[:en]Yep. The cheapest rates are yours at Pronto Power. And you also get great customer service too. No contract. No hidden fees. No deposit. Call 844.621.2852 [:es]S\u00ed. Las tarifas m\u00e1s baratas son suyas en Pronto Power. Y tambi\u00e9n obtienes un excelente servicio al cliente. Sin contrato. Sin cuotas escondidas. No hay dep\u00f3sito. Llama al 844.621.2852.[:]","robots":{"index":"index","follow":"follow","max-snippet":"max-snippet:-1","max-image-preview":"max-image-preview:large","max-video-preview":"max-video-preview:-1"},"canonical":"https:\/\/powermepronto.com\/arlingtons-cheapest-no-deposit-electricity-with-great-service\/","og_locale":"en_US","og_type":"article","og_title":"[:en]Arlington\u2019s Cheapest No-Deposit Electricity with Great Service[:es]La Electricidad Sin Dep\u00f3sito M\u00e1s Barata De Arlington Con Un Gran Servicio[:] - Pronto Power","og_description":"[:en]Yep. The cheapest rates are yours at Pronto Power. And you also get great customer service too. No contract. No hidden fees. No deposit. Call 844.621.2852 [:es]S\u00ed. Las tarifas m\u00e1s baratas son suyas en Pronto Power. Y tambi\u00e9n obtienes un excelente servicio al cliente. Sin contrato. Sin cuotas escondidas. No hay dep\u00f3sito. Llama al 844.621.2852.[:]","og_url":"https:\/\/powermepronto.com\/arlingtons-cheapest-no-deposit-electricity-with-great-service\/","og_site_name":"Pronto Power","article_modified_time":"2022-12-21T09:55:39+00:00","twitter_card":"summary_large_image","twitter_misc":{"Est. reading time":"3 minutes"},"schema":{"@context":"https:\/\/schema.org","@graph":[{"@type":"WebPage","@id":"https:\/\/powermepronto.com\/arlingtons-cheapest-no-deposit-electricity-with-great-service\/","url":"https:\/\/powermepronto.com\/arlingtons-cheapest-no-deposit-electricity-with-great-service\/","name":"[:en]Arlington\u2019s Cheapest No-Deposit Electricity with Great Service[:es]La Electricidad Sin Dep\u00f3sito M\u00e1s Barata De Arlington Con Un Gran Servicio[:] - Pronto Power","isPartOf":{"@id":"https:\/\/powermepronto.com\/en\/#website"},"datePublished":"2019-10-27T22:54:28+00:00","dateModified":"2022-12-21T09:55:39+00:00","description":"[:en]Yep. The cheapest rates are yours at Pronto Power. And you also get great customer service too. No contract. No hidden fees. No deposit. Call 844.621.2852 [:es]S\u00ed. Las tarifas m\u00e1s baratas son suyas en Pronto Power. Y tambi\u00e9n obtienes un excelente servicio al cliente. Sin contrato. Sin cuotas escondidas. No hay dep\u00f3sito. Llama al 844.621.2852.[:]","breadcrumb":{"@id":"https:\/\/powermepronto.com\/arlingtons-cheapest-no-deposit-electricity-with-great-service\/#breadcrumb"},"inLanguage":"en-US","potentialAction":[{"@type":"ReadAction","target":["https:\/\/powermepronto.com\/arlingtons-cheapest-no-deposit-electricity-with-great-service\/"]}]},{"@type":"BreadcrumbList","@id":"https:\/\/powermepronto.com\/arlingtons-cheapest-no-deposit-electricity-with-great-service\/#breadcrumb","itemListElement":[{"@type":"ListItem","position":1,"name":"Home","item":"https:\/\/powermepronto.com\/en\/"},{"@type":"ListItem","position":2,"name":"Arlington\u2019s Cheapest No-Deposit Electricity with Great Service"}]},{"@type":"WebSite","@id":"https:\/\/powermepronto.com\/en\/#website","url":"https:\/\/powermepronto.com\/en\/","name":"Pronto Power","description":"","potentialAction":[{"@type":"SearchAction","target":{"@type":"EntryPoint","urlTemplate":"https:\/\/powermepronto.com\/en\/?s={search_term_string}"},"query-input":{"@type":"PropertyValueSpecification","valueRequired":true,"valueName":"search_term_string"}}],"inLanguage":"en-US"}]}},"_links":{"self":[{"href":"https:\/\/powermepronto.com\/en\/wp-json\/wp\/v2\/pages\/1716","targetHints":{"allow":["GET"]}}],"collection":[{"href":"https:\/\/powermepronto.com\/en\/wp-json\/wp\/v2\/pages"}],"about":[{"href":"https:\/\/powermepronto.com\/en\/wp-json\/wp\/v2\/types\/page"}],"author":[{"embeddable":true,"href":"https:\/\/powermepronto.com\/en\/wp-json\/wp\/v2\/users\/1"}],"replies":[{"embeddable":true,"href":"https:\/\/powermepronto.com\/en\/wp-json\/wp\/v2\/comments?post=1716"}],"version-history":[{"count":4,"href":"https:\/\/powermepronto.com\/en\/wp-json\/wp\/v2\/pages\/1716\/revisions"}],"predecessor-version":[{"id":3471,"href":"https:\/\/powermepronto.com\/en\/wp-json\/wp\/v2\/pages\/1716\/revisions\/3471"}],"wp:attachment":[{"href":"https:\/\/powermepronto.com\/en\/wp-json\/wp\/v2\/media?parent=1716"}],"curies":[{"name":"wp","href":"https:\/\/api.w.org\/{rel}","templated":true}]}}