{"id":1652,"date":"2019-09-30T15:15:35","date_gmt":"2019-09-30T15:15:35","guid":{"rendered":"http:\/\/www.powermepronto.com\/?page_id=1652"},"modified":"2022-12-21T05:31:37","modified_gmt":"2022-12-21T11:31:37","slug":"the-cheapest-no-deposit-electric-in-roanoke-no-contract","status":"publish","type":"page","link":"https:\/\/powermepronto.com\/en\/the-cheapest-no-deposit-electric-in-roanoke-no-contract\/","title":{"rendered":"The Cheapest No-Deposit Electric in Roanoke &#8211; No Contract!"},"content":{"rendered":"<p><img loading=\"lazy\" decoding=\"async\" src=\"http:\/\/www.powermepronto.com\/wp-content\/uploads\/2018\/07\/bigstock-Cf-Dollar-2863411-300x203.jpg\" alt=\"\" width=\"300\" height=\"203\" class=\"alignright size-medium wp-image-801\" srcset=\"https:\/\/powermepronto.com\/wp-content\/uploads\/2018\/07\/bigstock-Cf-Dollar-2863411-300x203.jpg 300w, https:\/\/powermepronto.com\/wp-content\/uploads\/2018\/07\/bigstock-Cf-Dollar-2863411-768x520.jpg 768w, https:\/\/powermepronto.com\/wp-content\/uploads\/2018\/07\/bigstock-Cf-Dollar-2863411.jpg 1000w\" sizes=\"auto, (max-width: 300px) 100vw, 300px\" \/>Sick and tired of being trampled on by REPs and all your other services who can\u2019t wait to crank as much money out of you as they can each month? <\/p>\n<p>Surprise fees. Customer service transfers you in circles. <\/p>\n<p>&#8230;No one cares!<\/p>\n<p>And if you\u2019re like most people, you\u2019re already ripping the hair out of your head. <\/p>\n<p>This on top of everything else you have to deal with in life, like your boss and job, the car breaking down, and your kids misbehaving. <\/p>\n<h2>The Frustration All Ends with Pronto Power! The Cheapest Electric Company with No Hidden Fees and No Contract<\/h2>\n<p>Yep. Pronto Power really does work as advertised. <\/p>\n<p>You do pay the cheapest prepay electric rates in all of Texas. You never pay any hidden fees of any sort. <\/p>\n<p>You don\u2019t sign a contract (so there\u2019s no risk). And you can even save an additional 20% versus the typical Texan (find out how in a little bit). <\/p>\n<p>When you prepay, you prepay however you want: monthly, weekly, or even daily if needed. As long as you have a positive account balance by 1 PM, your electric stays on.<\/p>\n<p>And if you ever have any difficulty paying, simply contact our friendly customer service team. They love doing their job and are happy to help you out, even in the most difficult of financial situations! <\/p>\n<h2>How to Save an Additional 20% Versus Other Texas Electric Companies<\/h2>\n<p>When you join Pronto Power, you get access to an online electricity usage monitoring tool. Turn off your HVAC system, and watch your usage plummet instantly. <\/p>\n<p>Then, use this tool over time to understand how you and your family use electricity. Change your behavior to maximize your savings. <\/p>\n<p>And watch your bill fall by 20%, or even more! <\/p>\n<p>What\u2019re you waiting for? There\u2019s absolutely no risk to join Pronto Power because you don\u2019t sign a contract, and you don\u2019t pay any connection or disconnection fees. <\/p>\n<p>Leave at any time and for any reason&#8230;but you won\u2019t want to!<\/p>\n<p>Call <span class=\"affiliatecode\">844.621.2852<\/span> and get access to the cheapest no-deposit electricity in Texas within the hour if your home has a smart meter.<\/p>","protected":false},"excerpt":{"rendered":"<p>Sick and tired of being trampled on by REPs and all your other services who can\u2019t wait to crank as much money out of you as they can each month? Surprise fees. Customer service transfers you in circles. &#8230;No one cares! And if you\u2019re like most people, you\u2019re already ripping the hair out of your &hellip; <a href=\"https:\/\/powermepronto.com\/en\/the-cheapest-no-deposit-electric-in-roanoke-no-contract\/\" class=\"more-link\">Continue reading <span class=\"screen-reader-text\">The Cheapest No-Deposit Electric in Roanoke &#8211; No Contract!<\/span><\/a><\/p>\n","protected":false},"author":1,"featured_media":0,"parent":0,"menu_order":0,"comment_status":"closed","ping_status":"closed","template":"","meta":{"_acf_changed":false,"_glsr_average":0,"_glsr_ranking":0,"_glsr_reviews":0,"footnotes":"","_links_to":"","_links_to_target":""},"class_list":["post-1652","page","type-page","status-publish","hentry"],"acf":[],"yoast_head":"<!-- This site is optimized with the Yoast SEO plugin v27.4 - https:\/\/yoast.com\/product\/yoast-seo-wordpress\/ -->\n<title>The Cheapest No-Deposit Electric in Roanoke - No Contract! - Pronto Power<\/title>\n<meta name=\"description\" content=\"[:en]You better believe it. No deposit. No contract. No hidden fees. And the cheapest rates. Get it all with Pronto Power. Call 844.621.2852 to join free now.[:es]Es mejor que lo creas. No hay dep\u00f3sito. Sin contrato. Sin cuotas escondidas. Y las tarifas m\u00e1s baratas. Cons\u00edguelo todo con Pronto Power. Llama al 844.621.2852 para unirte gratis ahora.[:]\" \/>\n<meta name=\"robots\" content=\"index, follow, max-snippet:-1, max-image-preview:large, max-video-preview:-1\" \/>\n<link rel=\"canonical\" href=\"https:\/\/powermepronto.com\/the-cheapest-no-deposit-electric-in-roanoke-no-contract\/\" \/>\n<meta property=\"og:locale\" content=\"en_US\" \/>\n<meta property=\"og:type\" content=\"article\" \/>\n<meta property=\"og:title\" content=\"[:en]The Cheapest No-Deposit Electric in Roanoke - No Contract![:es]El m\u00e1s barato sin dep\u00f3sito el\u00e9ctrico en Roanoke - \u00a1Sin contrato![:] - Pronto Power\" \/>\n<meta property=\"og:description\" content=\"[:en]You better believe it. No deposit. No contract. No hidden fees. And the cheapest rates. Get it all with Pronto Power. Call 844.621.2852 to join free now.[:es]Es mejor que lo creas. No hay dep\u00f3sito. Sin contrato. Sin cuotas escondidas. Y las tarifas m\u00e1s baratas. Cons\u00edguelo todo con Pronto Power. Llama al 844.621.2852 para unirte gratis ahora.[:]\" \/>\n<meta property=\"og:url\" content=\"https:\/\/powermepronto.com\/the-cheapest-no-deposit-electric-in-roanoke-no-contract\/\" \/>\n<meta property=\"og:site_name\" content=\"Pronto Power\" \/>\n<meta property=\"article:modified_time\" content=\"2022-12-21T11:31:37+00:00\" \/>\n<meta property=\"og:image\" content=\"http:\/\/www.powermepronto.com\/wp-content\/uploads\/2018\/07\/bigstock-Cf-Dollar-2863411-300x203.jpg\" \/>\n<meta name=\"twitter:card\" content=\"summary_large_image\" \/>\n<meta name=\"twitter:label1\" content=\"Est. reading time\" \/>\n\t<meta name=\"twitter:data1\" content=\"4 minutes\" \/>\n<script type=\"application\/ld+json\" class=\"yoast-schema-graph\">{\"@context\":\"https:\\\/\\\/schema.org\",\"@graph\":[{\"@type\":\"WebPage\",\"@id\":\"https:\\\/\\\/powermepronto.com\\\/the-cheapest-no-deposit-electric-in-roanoke-no-contract\\\/\",\"url\":\"https:\\\/\\\/powermepronto.com\\\/the-cheapest-no-deposit-electric-in-roanoke-no-contract\\\/\",\"name\":\"[:en]The Cheapest No-Deposit Electric in Roanoke - No Contract![:es]El m\u00e1s barato sin dep\u00f3sito el\u00e9ctrico en Roanoke - \u00a1Sin contrato![:] - Pronto Power\",\"isPartOf\":{\"@id\":\"https:\\\/\\\/powermepronto.com\\\/en\\\/#website\"},\"primaryImageOfPage\":{\"@id\":\"https:\\\/\\\/powermepronto.com\\\/the-cheapest-no-deposit-electric-in-roanoke-no-contract\\\/#primaryimage\"},\"image\":{\"@id\":\"https:\\\/\\\/powermepronto.com\\\/the-cheapest-no-deposit-electric-in-roanoke-no-contract\\\/#primaryimage\"},\"thumbnailUrl\":\"http:\\\/\\\/www.powermepronto.com\\\/wp-content\\\/uploads\\\/2018\\\/07\\\/bigstock-Cf-Dollar-2863411-300x203.jpg\",\"datePublished\":\"2019-09-30T15:15:35+00:00\",\"dateModified\":\"2022-12-21T11:31:37+00:00\",\"description\":\"[:en]You better believe it. No deposit. No contract. No hidden fees. And the cheapest rates. Get it all with Pronto Power. Call 844.621.2852 to join free now.[:es]Es mejor que lo creas. No hay dep\u00f3sito. Sin contrato. Sin cuotas escondidas. Y las tarifas m\u00e1s baratas. Cons\u00edguelo todo con Pronto Power. Llama al 844.621.2852 para unirte gratis ahora.[:]\",\"breadcrumb\":{\"@id\":\"https:\\\/\\\/powermepronto.com\\\/the-cheapest-no-deposit-electric-in-roanoke-no-contract\\\/#breadcrumb\"},\"inLanguage\":\"en-US\",\"potentialAction\":[{\"@type\":\"ReadAction\",\"target\":[\"https:\\\/\\\/powermepronto.com\\\/the-cheapest-no-deposit-electric-in-roanoke-no-contract\\\/\"]}]},{\"@type\":\"ImageObject\",\"inLanguage\":\"en-US\",\"@id\":\"https:\\\/\\\/powermepronto.com\\\/the-cheapest-no-deposit-electric-in-roanoke-no-contract\\\/#primaryimage\",\"url\":\"http:\\\/\\\/www.powermepronto.com\\\/wp-content\\\/uploads\\\/2018\\\/07\\\/bigstock-Cf-Dollar-2863411-300x203.jpg\",\"contentUrl\":\"http:\\\/\\\/www.powermepronto.com\\\/wp-content\\\/uploads\\\/2018\\\/07\\\/bigstock-Cf-Dollar-2863411-300x203.jpg\"},{\"@type\":\"BreadcrumbList\",\"@id\":\"https:\\\/\\\/powermepronto.com\\\/the-cheapest-no-deposit-electric-in-roanoke-no-contract\\\/#breadcrumb\",\"itemListElement\":[{\"@type\":\"ListItem\",\"position\":1,\"name\":\"Home\",\"item\":\"https:\\\/\\\/powermepronto.com\\\/en\\\/\"},{\"@type\":\"ListItem\",\"position\":2,\"name\":\"The Cheapest No-Deposit Electric in Roanoke &#8211; No Contract!\"}]},{\"@type\":\"WebSite\",\"@id\":\"https:\\\/\\\/powermepronto.com\\\/en\\\/#website\",\"url\":\"https:\\\/\\\/powermepronto.com\\\/en\\\/\",\"name\":\"Pronto Power\",\"description\":\"\",\"potentialAction\":[{\"@type\":\"SearchAction\",\"target\":{\"@type\":\"EntryPoint\",\"urlTemplate\":\"https:\\\/\\\/powermepronto.com\\\/en\\\/?s={search_term_string}\"},\"query-input\":{\"@type\":\"PropertyValueSpecification\",\"valueRequired\":true,\"valueName\":\"search_term_string\"}}],\"inLanguage\":\"en-US\"}]}<\/script>\n<!-- \/ Yoast SEO plugin. -->","yoast_head_json":{"title":"[:en]The Cheapest No-Deposit Electric in Roanoke - No Contract![:es]El m\u00e1s barato sin dep\u00f3sito el\u00e9ctrico en Roanoke - \u00a1Sin contrato![:] - Pronto Power","description":"[:en]You better believe it. No deposit. No contract. No hidden fees. And the cheapest rates. Get it all with Pronto Power. Call 844.621.2852 to join free now.[:es]Es mejor que lo creas. No hay dep\u00f3sito. Sin contrato. Sin cuotas escondidas. Y las tarifas m\u00e1s baratas. Cons\u00edguelo todo con Pronto Power. Llama al 844.621.2852 para unirte gratis ahora.[:]","robots":{"index":"index","follow":"follow","max-snippet":"max-snippet:-1","max-image-preview":"max-image-preview:large","max-video-preview":"max-video-preview:-1"},"canonical":"https:\/\/powermepronto.com\/the-cheapest-no-deposit-electric-in-roanoke-no-contract\/","og_locale":"en_US","og_type":"article","og_title":"[:en]The Cheapest No-Deposit Electric in Roanoke - No Contract![:es]El m\u00e1s barato sin dep\u00f3sito el\u00e9ctrico en Roanoke - \u00a1Sin contrato![:] - Pronto Power","og_description":"[:en]You better believe it. No deposit. No contract. No hidden fees. And the cheapest rates. Get it all with Pronto Power. Call 844.621.2852 to join free now.[:es]Es mejor que lo creas. No hay dep\u00f3sito. Sin contrato. Sin cuotas escondidas. Y las tarifas m\u00e1s baratas. Cons\u00edguelo todo con Pronto Power. Llama al 844.621.2852 para unirte gratis ahora.[:]","og_url":"https:\/\/powermepronto.com\/the-cheapest-no-deposit-electric-in-roanoke-no-contract\/","og_site_name":"Pronto Power","article_modified_time":"2022-12-21T11:31:37+00:00","og_image":[{"url":"http:\/\/www.powermepronto.com\/wp-content\/uploads\/2018\/07\/bigstock-Cf-Dollar-2863411-300x203.jpg","type":"","width":"","height":""}],"twitter_card":"summary_large_image","twitter_misc":{"Est. reading time":"4 minutes"},"schema":{"@context":"https:\/\/schema.org","@graph":[{"@type":"WebPage","@id":"https:\/\/powermepronto.com\/the-cheapest-no-deposit-electric-in-roanoke-no-contract\/","url":"https:\/\/powermepronto.com\/the-cheapest-no-deposit-electric-in-roanoke-no-contract\/","name":"[:en]The Cheapest No-Deposit Electric in Roanoke - No Contract![:es]El m\u00e1s barato sin dep\u00f3sito el\u00e9ctrico en Roanoke - \u00a1Sin contrato![:] - Pronto Power","isPartOf":{"@id":"https:\/\/powermepronto.com\/en\/#website"},"primaryImageOfPage":{"@id":"https:\/\/powermepronto.com\/the-cheapest-no-deposit-electric-in-roanoke-no-contract\/#primaryimage"},"image":{"@id":"https:\/\/powermepronto.com\/the-cheapest-no-deposit-electric-in-roanoke-no-contract\/#primaryimage"},"thumbnailUrl":"http:\/\/www.powermepronto.com\/wp-content\/uploads\/2018\/07\/bigstock-Cf-Dollar-2863411-300x203.jpg","datePublished":"2019-09-30T15:15:35+00:00","dateModified":"2022-12-21T11:31:37+00:00","description":"[:en]You better believe it. No deposit. No contract. No hidden fees. And the cheapest rates. Get it all with Pronto Power. Call 844.621.2852 to join free now.[:es]Es mejor que lo creas. No hay dep\u00f3sito. Sin contrato. Sin cuotas escondidas. Y las tarifas m\u00e1s baratas. Cons\u00edguelo todo con Pronto Power. Llama al 844.621.2852 para unirte gratis ahora.[:]","breadcrumb":{"@id":"https:\/\/powermepronto.com\/the-cheapest-no-deposit-electric-in-roanoke-no-contract\/#breadcrumb"},"inLanguage":"en-US","potentialAction":[{"@type":"ReadAction","target":["https:\/\/powermepronto.com\/the-cheapest-no-deposit-electric-in-roanoke-no-contract\/"]}]},{"@type":"ImageObject","inLanguage":"en-US","@id":"https:\/\/powermepronto.com\/the-cheapest-no-deposit-electric-in-roanoke-no-contract\/#primaryimage","url":"http:\/\/www.powermepronto.com\/wp-content\/uploads\/2018\/07\/bigstock-Cf-Dollar-2863411-300x203.jpg","contentUrl":"http:\/\/www.powermepronto.com\/wp-content\/uploads\/2018\/07\/bigstock-Cf-Dollar-2863411-300x203.jpg"},{"@type":"BreadcrumbList","@id":"https:\/\/powermepronto.com\/the-cheapest-no-deposit-electric-in-roanoke-no-contract\/#breadcrumb","itemListElement":[{"@type":"ListItem","position":1,"name":"Home","item":"https:\/\/powermepronto.com\/en\/"},{"@type":"ListItem","position":2,"name":"The Cheapest No-Deposit Electric in Roanoke &#8211; No Contract!"}]},{"@type":"WebSite","@id":"https:\/\/powermepronto.com\/en\/#website","url":"https:\/\/powermepronto.com\/en\/","name":"Pronto Power","description":"","potentialAction":[{"@type":"SearchAction","target":{"@type":"EntryPoint","urlTemplate":"https:\/\/powermepronto.com\/en\/?s={search_term_string}"},"query-input":{"@type":"PropertyValueSpecification","valueRequired":true,"valueName":"search_term_string"}}],"inLanguage":"en-US"}]}},"_links":{"self":[{"href":"https:\/\/powermepronto.com\/en\/wp-json\/wp\/v2\/pages\/1652","targetHints":{"allow":["GET"]}}],"collection":[{"href":"https:\/\/powermepronto.com\/en\/wp-json\/wp\/v2\/pages"}],"about":[{"href":"https:\/\/powermepronto.com\/en\/wp-json\/wp\/v2\/types\/page"}],"author":[{"embeddable":true,"href":"https:\/\/powermepronto.com\/en\/wp-json\/wp\/v2\/users\/1"}],"replies":[{"embeddable":true,"href":"https:\/\/powermepronto.com\/en\/wp-json\/wp\/v2\/comments?post=1652"}],"version-history":[{"count":4,"href":"https:\/\/powermepronto.com\/en\/wp-json\/wp\/v2\/pages\/1652\/revisions"}],"predecessor-version":[{"id":3563,"href":"https:\/\/powermepronto.com\/en\/wp-json\/wp\/v2\/pages\/1652\/revisions\/3563"}],"wp:attachment":[{"href":"https:\/\/powermepronto.com\/en\/wp-json\/wp\/v2\/media?parent=1652"}],"curies":[{"name":"wp","href":"https:\/\/api.w.org\/{rel}","templated":true}]}}