{"id":1650,"date":"2019-09-30T15:13:02","date_gmt":"2019-09-30T15:13:02","guid":{"rendered":"http:\/\/www.powermepronto.com\/?page_id=1650"},"modified":"2019-10-09T19:02:41","modified_gmt":"2019-10-09T19:02:41","slug":"saginaw-no-deposit-power-company-with-the-cheapest-rates","status":"publish","type":"page","link":"https:\/\/powermepronto.com\/en\/saginaw-no-deposit-power-company-with-the-cheapest-rates\/","title":{"rendered":"Saginaw No-Deposit Power Company with the Cheapest Rates"},"content":{"rendered":"<p><img loading=\"lazy\" decoding=\"async\" src=\"http:\/\/www.powermepronto.com\/wp-content\/uploads\/2018\/10\/bigstock-144219044-300x200.jpg\" alt=\"\" width=\"300\" height=\"200\" class=\"alignright size-medium wp-image-1050\" srcset=\"https:\/\/powermepronto.com\/wp-content\/uploads\/2018\/10\/bigstock-144219044-300x200.jpg 300w, https:\/\/powermepronto.com\/wp-content\/uploads\/2018\/10\/bigstock-144219044-768x512.jpg 768w, https:\/\/powermepronto.com\/wp-content\/uploads\/2018\/10\/bigstock-144219044.jpg 1000w\" sizes=\"auto, (max-width: 300px) 100vw, 300px\" \/>Ever feel like a number to your REP?<\/p>\n<p>Like you\u2019re just another statistic they\u2019re using to extract as much money as possible from so their execs can maximize company profitability and their own salaries?<\/p>\n<p>You\u2019re not alone.<\/p>\n<p>Deregulating the Texas electricity market has led to a mix of good and bad.<\/p>\n<p>Some companies drive your rates through the roof with deceptive billing practices and hidden fees.<\/p>\n<p>But some also treat you right:<\/p>\n<h2>Pronto Power Gives You the Cheapest Prepaid Rates, Along with No Contract and No Hidden Fees<\/h2>\n<p>Yep. We aim to give you a too-good-to-be-true deal.<\/p>\n<p>Why?<\/p>\n<p>We\u2019re not interested in churning customers over. It\u2019s healthier for our business to keep you as long as possible &#8211; and even for your entire lifetime.<\/p>\n<p>So, that\u2019s why you get the cheapest prepaid rates. And it\u2019s why you don\u2019t have a credit or ID check. And it\u2019s also why you never sign a contract or pay any hidden fees, unlike many other Texas electric companies.<\/p>\n<p>Since you don\u2019t sign a contract or pay any hidden fees, that also means you have no risk. And that means you can come and go for any time and any reason.<\/p>\n<p>It also means we have to follow through on the promises made to you.<\/p>\n<p>So it creates an awesome win-win situation, which is the ideal of American business, right?<\/p>\n<h2>Plus, Save an Additional 20% Versus Other No-Deposit Power Companies <\/h2>\n<p>When you join Pronto Power, you get the opportunity to save an additional 20% on your utility bill&#8230;or even more!<\/p>\n<p>You\u2019ll get access to our electricity usage monitoring software. Simply watch how you and your family use electricity over time, and then change your behavior.<\/p>\n<p>You have total control to save practically as much as you want.<\/p>\n<p>And finally, our customer service team can\u2019t wait to help you out if you have trouble paying. They\u2019ll work out a payment plan with you so your electricity stays on.<\/p>\n<p>So, what\u2019re you waiting for?<\/p>\n<p>You can get all this within the hour when you call Pronto Power at <span class=\"affiliatecode\">844.621.2852<\/span> and join free!<\/p>","protected":false},"excerpt":{"rendered":"<p>Ever feel like a number to your REP? Like you\u2019re just another statistic they\u2019re using to extract as much money as possible from so their execs can maximize company profitability and their own salaries? You\u2019re not alone. Deregulating the Texas electricity market has led to a mix of good and bad. Some companies drive your &hellip; <a href=\"https:\/\/powermepronto.com\/en\/saginaw-no-deposit-power-company-with-the-cheapest-rates\/\" class=\"more-link\">Continue reading <span class=\"screen-reader-text\">Saginaw No-Deposit Power Company with the Cheapest Rates<\/span><\/a><\/p>\n","protected":false},"author":1,"featured_media":0,"parent":0,"menu_order":0,"comment_status":"closed","ping_status":"closed","template":"","meta":{"_acf_changed":false,"_glsr_average":0,"_glsr_ranking":0,"_glsr_reviews":0,"footnotes":"","_links_to":"","_links_to_target":""},"class_list":["post-1650","page","type-page","status-publish","hentry"],"acf":[],"yoast_head":"<!-- This site is optimized with the Yoast SEO plugin v27.6 - https:\/\/yoast.com\/product\/yoast-seo-wordpress\/ -->\n<title>Saginaw No-Deposit Power Company with the Cheapest Rates - Pronto Power<\/title>\n<meta name=\"description\" content=\"Get the cheapest prepaid rates with Pronto Power. No contract. No hidden fees. And customer service who loves to help. Call 844.621.2852 to join free now.\" \/>\n<meta name=\"robots\" content=\"index, follow, max-snippet:-1, max-image-preview:large, max-video-preview:-1\" \/>\n<link rel=\"canonical\" href=\"https:\/\/powermepronto.com\/en\/saginaw-no-deposit-power-company-with-the-cheapest-rates\/\" \/>\n<meta property=\"og:locale\" content=\"en_US\" \/>\n<meta property=\"og:type\" content=\"article\" \/>\n<meta property=\"og:title\" content=\"[:en]Saginaw No-Deposit Power Company with the Cheapest Rates[:es]Saginaw, compa\u00f1\u00eda de energ\u00eda sin dep\u00f3sito con las tarifas m\u00e1s baratas[:] - Pronto Power\" \/>\n<meta property=\"og:description\" content=\"Get the cheapest prepaid rates with Pronto Power. No contract. No hidden fees. And customer service who loves to help. Call 844.621.2852 to join free now.\" \/>\n<meta property=\"og:url\" content=\"https:\/\/powermepronto.com\/en\/saginaw-no-deposit-power-company-with-the-cheapest-rates\/\" \/>\n<meta property=\"og:site_name\" content=\"Pronto Power\" \/>\n<meta property=\"article:modified_time\" content=\"2019-10-09T19:02:41+00:00\" \/>\n<meta property=\"og:image\" content=\"http:\/\/www.powermepronto.com\/wp-content\/uploads\/2018\/10\/bigstock-144219044-300x200.jpg\" \/>\n<meta name=\"twitter:card\" content=\"summary_large_image\" \/>\n<meta name=\"twitter:label1\" content=\"Est. reading time\" \/>\n\t<meta name=\"twitter:data1\" content=\"4 minutes\" \/>\n<script type=\"application\/ld+json\" class=\"yoast-schema-graph\">{\"@context\":\"https:\\\/\\\/schema.org\",\"@graph\":[{\"@type\":\"WebPage\",\"@id\":\"https:\\\/\\\/powermepronto.com\\\/en\\\/saginaw-no-deposit-power-company-with-the-cheapest-rates\\\/\",\"url\":\"https:\\\/\\\/powermepronto.com\\\/en\\\/saginaw-no-deposit-power-company-with-the-cheapest-rates\\\/\",\"name\":\"[:en]Saginaw No-Deposit Power Company with the Cheapest Rates[:es]Saginaw, compa\u00f1\u00eda de energ\u00eda sin dep\u00f3sito con las tarifas m\u00e1s baratas[:] - Pronto Power\",\"isPartOf\":{\"@id\":\"https:\\\/\\\/powermepronto.com\\\/en\\\/#website\"},\"primaryImageOfPage\":{\"@id\":\"https:\\\/\\\/powermepronto.com\\\/en\\\/saginaw-no-deposit-power-company-with-the-cheapest-rates\\\/#primaryimage\"},\"image\":{\"@id\":\"https:\\\/\\\/powermepronto.com\\\/en\\\/saginaw-no-deposit-power-company-with-the-cheapest-rates\\\/#primaryimage\"},\"thumbnailUrl\":\"http:\\\/\\\/www.powermepronto.com\\\/wp-content\\\/uploads\\\/2018\\\/10\\\/bigstock-144219044-300x200.jpg\",\"datePublished\":\"2019-09-30T15:13:02+00:00\",\"dateModified\":\"2019-10-09T19:02:41+00:00\",\"description\":\"Get the cheapest prepaid rates with Pronto Power. No contract. No hidden fees. And customer service who loves to help. Call 844.621.2852 to join free now.\",\"breadcrumb\":{\"@id\":\"https:\\\/\\\/powermepronto.com\\\/en\\\/saginaw-no-deposit-power-company-with-the-cheapest-rates\\\/#breadcrumb\"},\"inLanguage\":\"en-US\",\"potentialAction\":[{\"@type\":\"ReadAction\",\"target\":[\"https:\\\/\\\/powermepronto.com\\\/en\\\/saginaw-no-deposit-power-company-with-the-cheapest-rates\\\/\"]}]},{\"@type\":\"ImageObject\",\"inLanguage\":\"en-US\",\"@id\":\"https:\\\/\\\/powermepronto.com\\\/en\\\/saginaw-no-deposit-power-company-with-the-cheapest-rates\\\/#primaryimage\",\"url\":\"http:\\\/\\\/www.powermepronto.com\\\/wp-content\\\/uploads\\\/2018\\\/10\\\/bigstock-144219044-300x200.jpg\",\"contentUrl\":\"http:\\\/\\\/www.powermepronto.com\\\/wp-content\\\/uploads\\\/2018\\\/10\\\/bigstock-144219044-300x200.jpg\"},{\"@type\":\"BreadcrumbList\",\"@id\":\"https:\\\/\\\/powermepronto.com\\\/en\\\/saginaw-no-deposit-power-company-with-the-cheapest-rates\\\/#breadcrumb\",\"itemListElement\":[{\"@type\":\"ListItem\",\"position\":1,\"name\":\"Home\",\"item\":\"https:\\\/\\\/powermepronto.com\\\/en\\\/\"},{\"@type\":\"ListItem\",\"position\":2,\"name\":\"Saginaw No-Deposit Power Company with the Cheapest Rates\"}]},{\"@type\":\"WebSite\",\"@id\":\"https:\\\/\\\/powermepronto.com\\\/en\\\/#website\",\"url\":\"https:\\\/\\\/powermepronto.com\\\/en\\\/\",\"name\":\"Pronto Power\",\"description\":\"\",\"potentialAction\":[{\"@type\":\"SearchAction\",\"target\":{\"@type\":\"EntryPoint\",\"urlTemplate\":\"https:\\\/\\\/powermepronto.com\\\/en\\\/?s={search_term_string}\"},\"query-input\":{\"@type\":\"PropertyValueSpecification\",\"valueRequired\":true,\"valueName\":\"search_term_string\"}}],\"inLanguage\":\"en-US\"}]}<\/script>\n<!-- \/ Yoast SEO plugin. -->","yoast_head_json":{"title":"[:en]Saginaw No-Deposit Power Company with the Cheapest Rates[:es]Saginaw, compa\u00f1\u00eda de energ\u00eda sin dep\u00f3sito con las tarifas m\u00e1s baratas[:] - Pronto Power","description":"Get the cheapest prepaid rates with Pronto Power. No contract. No hidden fees. And customer service who loves to help. Call 844.621.2852 to join free now.","robots":{"index":"index","follow":"follow","max-snippet":"max-snippet:-1","max-image-preview":"max-image-preview:large","max-video-preview":"max-video-preview:-1"},"canonical":"https:\/\/powermepronto.com\/en\/saginaw-no-deposit-power-company-with-the-cheapest-rates\/","og_locale":"en_US","og_type":"article","og_title":"[:en]Saginaw No-Deposit Power Company with the Cheapest Rates[:es]Saginaw, compa\u00f1\u00eda de energ\u00eda sin dep\u00f3sito con las tarifas m\u00e1s baratas[:] - Pronto Power","og_description":"Get the cheapest prepaid rates with Pronto Power. No contract. No hidden fees. And customer service who loves to help. Call 844.621.2852 to join free now.","og_url":"https:\/\/powermepronto.com\/en\/saginaw-no-deposit-power-company-with-the-cheapest-rates\/","og_site_name":"Pronto Power","article_modified_time":"2019-10-09T19:02:41+00:00","og_image":[{"url":"http:\/\/www.powermepronto.com\/wp-content\/uploads\/2018\/10\/bigstock-144219044-300x200.jpg","type":"","width":"","height":""}],"twitter_card":"summary_large_image","twitter_misc":{"Est. reading time":"4 minutes"},"schema":{"@context":"https:\/\/schema.org","@graph":[{"@type":"WebPage","@id":"https:\/\/powermepronto.com\/en\/saginaw-no-deposit-power-company-with-the-cheapest-rates\/","url":"https:\/\/powermepronto.com\/en\/saginaw-no-deposit-power-company-with-the-cheapest-rates\/","name":"[:en]Saginaw No-Deposit Power Company with the Cheapest Rates[:es]Saginaw, compa\u00f1\u00eda de energ\u00eda sin dep\u00f3sito con las tarifas m\u00e1s baratas[:] - Pronto Power","isPartOf":{"@id":"https:\/\/powermepronto.com\/en\/#website"},"primaryImageOfPage":{"@id":"https:\/\/powermepronto.com\/en\/saginaw-no-deposit-power-company-with-the-cheapest-rates\/#primaryimage"},"image":{"@id":"https:\/\/powermepronto.com\/en\/saginaw-no-deposit-power-company-with-the-cheapest-rates\/#primaryimage"},"thumbnailUrl":"http:\/\/www.powermepronto.com\/wp-content\/uploads\/2018\/10\/bigstock-144219044-300x200.jpg","datePublished":"2019-09-30T15:13:02+00:00","dateModified":"2019-10-09T19:02:41+00:00","description":"Get the cheapest prepaid rates with Pronto Power. No contract. No hidden fees. And customer service who loves to help. Call 844.621.2852 to join free now.","breadcrumb":{"@id":"https:\/\/powermepronto.com\/en\/saginaw-no-deposit-power-company-with-the-cheapest-rates\/#breadcrumb"},"inLanguage":"en-US","potentialAction":[{"@type":"ReadAction","target":["https:\/\/powermepronto.com\/en\/saginaw-no-deposit-power-company-with-the-cheapest-rates\/"]}]},{"@type":"ImageObject","inLanguage":"en-US","@id":"https:\/\/powermepronto.com\/en\/saginaw-no-deposit-power-company-with-the-cheapest-rates\/#primaryimage","url":"http:\/\/www.powermepronto.com\/wp-content\/uploads\/2018\/10\/bigstock-144219044-300x200.jpg","contentUrl":"http:\/\/www.powermepronto.com\/wp-content\/uploads\/2018\/10\/bigstock-144219044-300x200.jpg"},{"@type":"BreadcrumbList","@id":"https:\/\/powermepronto.com\/en\/saginaw-no-deposit-power-company-with-the-cheapest-rates\/#breadcrumb","itemListElement":[{"@type":"ListItem","position":1,"name":"Home","item":"https:\/\/powermepronto.com\/en\/"},{"@type":"ListItem","position":2,"name":"Saginaw No-Deposit Power Company with the Cheapest Rates"}]},{"@type":"WebSite","@id":"https:\/\/powermepronto.com\/en\/#website","url":"https:\/\/powermepronto.com\/en\/","name":"Pronto Power","description":"","potentialAction":[{"@type":"SearchAction","target":{"@type":"EntryPoint","urlTemplate":"https:\/\/powermepronto.com\/en\/?s={search_term_string}"},"query-input":{"@type":"PropertyValueSpecification","valueRequired":true,"valueName":"search_term_string"}}],"inLanguage":"en-US"}]}},"_links":{"self":[{"href":"https:\/\/powermepronto.com\/en\/wp-json\/wp\/v2\/pages\/1650","targetHints":{"allow":["GET"]}}],"collection":[{"href":"https:\/\/powermepronto.com\/en\/wp-json\/wp\/v2\/pages"}],"about":[{"href":"https:\/\/powermepronto.com\/en\/wp-json\/wp\/v2\/types\/page"}],"author":[{"embeddable":true,"href":"https:\/\/powermepronto.com\/en\/wp-json\/wp\/v2\/users\/1"}],"replies":[{"embeddable":true,"href":"https:\/\/powermepronto.com\/en\/wp-json\/wp\/v2\/comments?post=1650"}],"version-history":[{"count":3,"href":"https:\/\/powermepronto.com\/en\/wp-json\/wp\/v2\/pages\/1650\/revisions"}],"predecessor-version":[{"id":1702,"href":"https:\/\/powermepronto.com\/en\/wp-json\/wp\/v2\/pages\/1650\/revisions\/1702"}],"wp:attachment":[{"href":"https:\/\/powermepronto.com\/en\/wp-json\/wp\/v2\/media?parent=1650"}],"curies":[{"name":"wp","href":"https:\/\/api.w.org\/{rel}","templated":true}]}}