{"id":1538,"date":"2019-08-04T22:24:22","date_gmt":"2019-08-04T22:24:22","guid":{"rendered":"http:\/\/www.powermepronto.com\/?page_id=1538"},"modified":"2019-09-02T22:39:35","modified_gmt":"2019-09-02T22:39:35","slug":"mesquite-no-deposit-power-company-no-risk-cancel-anytime","status":"publish","type":"page","link":"https:\/\/powermepronto.com\/en\/mesquite-no-deposit-power-company-no-risk-cancel-anytime\/","title":{"rendered":"Mesquite No Deposit Power Company &#8211; No Risk. Cancel Anytime."},"content":{"rendered":"<p>You read the headline right. There\u2019s absolutely no risk when you choose Pronto Power. And you absolutely can cancel anytime and for any reason. <\/p>\n<p>That\u2019s because you don\u2019t sign a contract. And you don\u2019t pay any fees. <\/p>\n<p>There\u2019s no deposit. No connection fees. No disconnection fees. <\/p>\n<p>The cheapest prepay electricity rates available in Mesquite are simply yours. All you have to do is act. <\/p>\n<p>If you think about it, that forces us to offer you amazing service and follow through on all the above promises. Because if we don\u2019t, you can go anywhere else you want with just a single call. <\/p>\n<h2>How Does Pronto Power Work? <\/h2>\n<p>Unlike other electric companies in Texas, we aim to keep you as a customer for the long-term. <\/p>\n<p>That means you truly do get the cheapest prepaid rates. And you don\u2019t pay any fees of any kind, as long as you make your payments on time. <\/p>\n<p>By the way, paying is easy too. You can pay however you want (monthly, weekly, or even daily). You can get daily email or text notifications (or both) at 7 AM that remind you of your account balance. <\/p>\n<p>That way, you know when you need to add more funds to your prepaid account. As long as you keep your account balance positive with just a single penny, your electricity stays on. <\/p>\n<p>And what if you\u2019re having difficulty paying? <\/p>\n<p>No problem. Just give our friendly customer service team a call. The reps are trained to help you create a payment plan that gets you through even the worst of financial difficulties. <\/p>\n<h2>Plus, Save an Additional 20%<\/h2>\n<p>Now, this part is completely up to you. When you join Pronto Power, you get access to our real-time electricity usage monitoring tool, which shows the data from your smart meter. <\/p>\n<p>Turn off a light, and watch your usage go down. <\/p>\n<p>Then, study how you use electricity and change your behavior. Many of our customers do this to save 20% more on their electric bills. <\/p>\n<p>Look, you just won\u2019t find a better experience than what you get with Pronto Power. <\/p>\n<p>So call <span class=\"affiliatecode\">844.621.2852<\/span> to join free now and get access to the cheapest prepaid electric rates within the hour.<\/p>","protected":false},"excerpt":{"rendered":"<p>You read the headline right. There\u2019s absolutely no risk when you choose Pronto Power. And you absolutely can cancel anytime and for any reason. That\u2019s because you don\u2019t sign a contract. And you don\u2019t pay any fees. There\u2019s no deposit. No connection fees. No disconnection fees. The cheapest prepay electricity rates available in Mesquite are &hellip; <a href=\"https:\/\/powermepronto.com\/en\/mesquite-no-deposit-power-company-no-risk-cancel-anytime\/\" class=\"more-link\">Continue reading <span class=\"screen-reader-text\">Mesquite No Deposit Power Company &#8211; No Risk. Cancel Anytime.<\/span><\/a><\/p>\n","protected":false},"author":1,"featured_media":0,"parent":0,"menu_order":0,"comment_status":"closed","ping_status":"closed","template":"","meta":{"_acf_changed":false,"_glsr_average":0,"_glsr_ranking":0,"_glsr_reviews":0,"footnotes":"","_links_to":"","_links_to_target":""},"class_list":["post-1538","page","type-page","status-publish","hentry"],"acf":[],"yoast_head":"<!-- This site is optimized with the Yoast SEO plugin v27.4 - https:\/\/yoast.com\/product\/yoast-seo-wordpress\/ -->\n<title>Mesquite Compa\u00f1\u00eda sin dep\u00f3sito el\u00e9ctrico- Sin riesgo. Cancela en cualquier momento.<\/title>\n<meta name=\"description\" content=\"Sin dep\u00f3sito. Sin contrato. Sin cuotas escondidas. Sin riesgo. Cancele en cualquier momento y por cualquier motivo. Pero no querr\u00e1s hacerlo. Obt\u00e9n las tarifas m\u00e1s baratas. 844.621.2852\" \/>\n<meta name=\"robots\" content=\"index, follow, max-snippet:-1, max-image-preview:large, max-video-preview:-1\" \/>\n<link rel=\"canonical\" href=\"https:\/\/powermepronto.com\/es\/mesquite-no-deposit-power-company-no-risk-cancel-anytime\/\" \/>\n<meta property=\"og:locale\" content=\"en_US\" \/>\n<meta property=\"og:type\" content=\"article\" \/>\n<meta property=\"og:title\" content=\"Mesquite Compa\u00f1\u00eda sin dep\u00f3sito el\u00e9ctrico- Sin riesgo. Cancela en cualquier momento.\" \/>\n<meta property=\"og:description\" content=\"Sin dep\u00f3sito. Sin contrato. Sin cuotas escondidas. Sin riesgo. Cancele en cualquier momento y por cualquier motivo. Pero no querr\u00e1s hacerlo. Obt\u00e9n las tarifas m\u00e1s baratas. 844.621.2852\" \/>\n<meta property=\"og:url\" content=\"https:\/\/powermepronto.com\/es\/mesquite-no-deposit-power-company-no-risk-cancel-anytime\/\" \/>\n<meta property=\"og:site_name\" content=\"Pronto Power\" \/>\n<meta property=\"article:modified_time\" content=\"2019-09-02T22:39:35+00:00\" \/>\n<meta name=\"twitter:card\" content=\"summary_large_image\" \/>\n<meta name=\"twitter:label1\" content=\"Est. reading time\" \/>\n\t<meta name=\"twitter:data1\" content=\"4 minutes\" \/>\n<script type=\"application\/ld+json\" class=\"yoast-schema-graph\">{\"@context\":\"https:\\\/\\\/schema.org\",\"@graph\":[{\"@type\":\"WebPage\",\"@id\":\"https:\\\/\\\/powermepronto.com\\\/es\\\/mesquite-no-deposit-power-company-no-risk-cancel-anytime\\\/\",\"url\":\"https:\\\/\\\/powermepronto.com\\\/es\\\/mesquite-no-deposit-power-company-no-risk-cancel-anytime\\\/\",\"name\":\"Mesquite Compa\u00f1\u00eda sin dep\u00f3sito el\u00e9ctrico- Sin riesgo. Cancela en cualquier momento.\",\"isPartOf\":{\"@id\":\"https:\\\/\\\/powermepronto.com\\\/en\\\/#website\"},\"datePublished\":\"2019-08-04T22:24:22+00:00\",\"dateModified\":\"2019-09-02T22:39:35+00:00\",\"description\":\"Sin dep\u00f3sito. Sin contrato. Sin cuotas escondidas. Sin riesgo. Cancele en cualquier momento y por cualquier motivo. Pero no querr\u00e1s hacerlo. Obt\u00e9n las tarifas m\u00e1s baratas. 844.621.2852\",\"breadcrumb\":{\"@id\":\"https:\\\/\\\/powermepronto.com\\\/es\\\/mesquite-no-deposit-power-company-no-risk-cancel-anytime\\\/#breadcrumb\"},\"inLanguage\":\"en-US\",\"potentialAction\":[{\"@type\":\"ReadAction\",\"target\":[\"https:\\\/\\\/powermepronto.com\\\/es\\\/mesquite-no-deposit-power-company-no-risk-cancel-anytime\\\/\"]}]},{\"@type\":\"BreadcrumbList\",\"@id\":\"https:\\\/\\\/powermepronto.com\\\/es\\\/mesquite-no-deposit-power-company-no-risk-cancel-anytime\\\/#breadcrumb\",\"itemListElement\":[{\"@type\":\"ListItem\",\"position\":1,\"name\":\"Home\",\"item\":\"https:\\\/\\\/powermepronto.com\\\/en\\\/\"},{\"@type\":\"ListItem\",\"position\":2,\"name\":\"Mesquite Compa\u00f1\u00eda sin dep\u00f3sito el\u00e9ctrico- Sin riesgo. Cancela en cualquier momento.\"}]},{\"@type\":\"WebSite\",\"@id\":\"https:\\\/\\\/powermepronto.com\\\/en\\\/#website\",\"url\":\"https:\\\/\\\/powermepronto.com\\\/en\\\/\",\"name\":\"Pronto Power\",\"description\":\"\",\"potentialAction\":[{\"@type\":\"SearchAction\",\"target\":{\"@type\":\"EntryPoint\",\"urlTemplate\":\"https:\\\/\\\/powermepronto.com\\\/en\\\/?s={search_term_string}\"},\"query-input\":{\"@type\":\"PropertyValueSpecification\",\"valueRequired\":true,\"valueName\":\"search_term_string\"}}],\"inLanguage\":\"en-US\"}]}<\/script>\n<!-- \/ Yoast SEO plugin. -->","yoast_head_json":{"title":"Mesquite Compa\u00f1\u00eda sin dep\u00f3sito el\u00e9ctrico- Sin riesgo. Cancela en cualquier momento.","description":"Sin dep\u00f3sito. Sin contrato. Sin cuotas escondidas. Sin riesgo. Cancele en cualquier momento y por cualquier motivo. Pero no querr\u00e1s hacerlo. Obt\u00e9n las tarifas m\u00e1s baratas. 844.621.2852","robots":{"index":"index","follow":"follow","max-snippet":"max-snippet:-1","max-image-preview":"max-image-preview:large","max-video-preview":"max-video-preview:-1"},"canonical":"https:\/\/powermepronto.com\/es\/mesquite-no-deposit-power-company-no-risk-cancel-anytime\/","og_locale":"en_US","og_type":"article","og_title":"Mesquite Compa\u00f1\u00eda sin dep\u00f3sito el\u00e9ctrico- Sin riesgo. Cancela en cualquier momento.","og_description":"Sin dep\u00f3sito. Sin contrato. Sin cuotas escondidas. Sin riesgo. Cancele en cualquier momento y por cualquier motivo. Pero no querr\u00e1s hacerlo. Obt\u00e9n las tarifas m\u00e1s baratas. 844.621.2852","og_url":"https:\/\/powermepronto.com\/es\/mesquite-no-deposit-power-company-no-risk-cancel-anytime\/","og_site_name":"Pronto Power","article_modified_time":"2019-09-02T22:39:35+00:00","twitter_card":"summary_large_image","twitter_misc":{"Est. reading time":"4 minutes"},"schema":{"@context":"https:\/\/schema.org","@graph":[{"@type":"WebPage","@id":"https:\/\/powermepronto.com\/es\/mesquite-no-deposit-power-company-no-risk-cancel-anytime\/","url":"https:\/\/powermepronto.com\/es\/mesquite-no-deposit-power-company-no-risk-cancel-anytime\/","name":"Mesquite Compa\u00f1\u00eda sin dep\u00f3sito el\u00e9ctrico- Sin riesgo. Cancela en cualquier momento.","isPartOf":{"@id":"https:\/\/powermepronto.com\/en\/#website"},"datePublished":"2019-08-04T22:24:22+00:00","dateModified":"2019-09-02T22:39:35+00:00","description":"Sin dep\u00f3sito. Sin contrato. Sin cuotas escondidas. Sin riesgo. Cancele en cualquier momento y por cualquier motivo. Pero no querr\u00e1s hacerlo. Obt\u00e9n las tarifas m\u00e1s baratas. 844.621.2852","breadcrumb":{"@id":"https:\/\/powermepronto.com\/es\/mesquite-no-deposit-power-company-no-risk-cancel-anytime\/#breadcrumb"},"inLanguage":"en-US","potentialAction":[{"@type":"ReadAction","target":["https:\/\/powermepronto.com\/es\/mesquite-no-deposit-power-company-no-risk-cancel-anytime\/"]}]},{"@type":"BreadcrumbList","@id":"https:\/\/powermepronto.com\/es\/mesquite-no-deposit-power-company-no-risk-cancel-anytime\/#breadcrumb","itemListElement":[{"@type":"ListItem","position":1,"name":"Home","item":"https:\/\/powermepronto.com\/en\/"},{"@type":"ListItem","position":2,"name":"Mesquite Compa\u00f1\u00eda sin dep\u00f3sito el\u00e9ctrico- Sin riesgo. Cancela en cualquier momento."}]},{"@type":"WebSite","@id":"https:\/\/powermepronto.com\/en\/#website","url":"https:\/\/powermepronto.com\/en\/","name":"Pronto Power","description":"","potentialAction":[{"@type":"SearchAction","target":{"@type":"EntryPoint","urlTemplate":"https:\/\/powermepronto.com\/en\/?s={search_term_string}"},"query-input":{"@type":"PropertyValueSpecification","valueRequired":true,"valueName":"search_term_string"}}],"inLanguage":"en-US"}]}},"_links":{"self":[{"href":"https:\/\/powermepronto.com\/en\/wp-json\/wp\/v2\/pages\/1538","targetHints":{"allow":["GET"]}}],"collection":[{"href":"https:\/\/powermepronto.com\/en\/wp-json\/wp\/v2\/pages"}],"about":[{"href":"https:\/\/powermepronto.com\/en\/wp-json\/wp\/v2\/types\/page"}],"author":[{"embeddable":true,"href":"https:\/\/powermepronto.com\/en\/wp-json\/wp\/v2\/users\/1"}],"replies":[{"embeddable":true,"href":"https:\/\/powermepronto.com\/en\/wp-json\/wp\/v2\/comments?post=1538"}],"version-history":[{"count":3,"href":"https:\/\/powermepronto.com\/en\/wp-json\/wp\/v2\/pages\/1538\/revisions"}],"predecessor-version":[{"id":1620,"href":"https:\/\/powermepronto.com\/en\/wp-json\/wp\/v2\/pages\/1538\/revisions\/1620"}],"wp:attachment":[{"href":"https:\/\/powermepronto.com\/en\/wp-json\/wp\/v2\/media?parent=1538"}],"curies":[{"name":"wp","href":"https:\/\/api.w.org\/{rel}","templated":true}]}}