{"id":1463,"date":"2019-06-11T19:43:41","date_gmt":"2019-06-11T19:43:41","guid":{"rendered":"http:\/\/www.powermepronto.com\/?page_id=1463"},"modified":"2022-12-21T04:56:50","modified_gmt":"2022-12-21T10:56:50","slug":"haltom-citys-cheapest-prepaid-no-deposit-electric-company","status":"publish","type":"page","link":"https:\/\/powermepronto.com\/en\/haltom-citys-cheapest-prepaid-no-deposit-electric-company\/","title":{"rendered":"Haltom City\u2019s Cheapest Prepaid, No-Deposit Electric Company"},"content":{"rendered":"<p>It seems like with anything, there\u2019s always a catch. Come on, you never get it all in one deal, right? <\/p>\n<p>If a \u201cdeal\u201d sounds too good to be true, it is. So, you just ignore it and walk the other direction, don\u2019t you? <\/p>\n<p>Well, listen up because this is an awesome deal. And it is one without any catches of any kind. <\/p>\n<p>What\u2019s the deal? <\/p>\n<p>Well, first you get the cheapest prepaid electric rates in all of Haltom City. In fact, you get the cheapest prepaid rates any electric company in all of Texas offers. <\/p>\n<p>Now, that\u2019s a pretty good deal to start, isn\u2019t it? <\/p>\n<p>But wait, there\u2019s more!<\/p>\n<p>First, you never have to pay any hidden fees. None at all. There\u2019s no connection fees, disconnection fees, fees for taking your payment over the phone, or even an initial deposit. <\/p>\n<p>And there\u2019s no contract. So that means, unlike what happens with other Texas electric companies, you have absolutely nothing to worry about or remember. You get the cheapest rates&#8230;without all the hassles. <\/p>\n<p>But wait, there\u2019s even more!    <\/p>\n<p>Customer service can\u2019t wait to help you out if you run into trouble paying your electric bill. Look, everyone goes through rough times. And we\u2019re here to help you make it through with your electricity on the entire time. <\/p>\n<p>But wait, there\u2019s even more! <\/p>\n<p>Pronto Power customers save an additional 20-25% versus even the other cheap electric companies. However, this part rests squarely on your shoulders. <\/p>\n<p>When you join Pronto Power, you get access to an online electricity monitoring tool. Since it shows you exactly how much electricity you use right now, you can change your behavior and start saving immediately. <\/p>\n<p>Many of our customers use this tool to save an additional 20% on their electric bills. <\/p>\n<h2>So What\u2019s the Catch? <\/h2>\n<p>After hearing all this, you have to wonder,\u201dWhat\u2019s the catch? Come on! There can\u2019t possibly be all this without some sort of big catch.\u201d <\/p>\n<p>Well, there is none. <\/p>\n<p>You do have to prepay for your electricity going forward. But you get notifications and a customer service team happy to help you keep your electricity on. <\/p>\n<p>But, it\u2019s a fair deal, right? <\/p>\n<p>After all, you never pay any obnoxious hidden fees. You don\u2019t sign a contract. You have a customer service team who can\u2019t wait to help you. And you can save an additional 20% versus the average Texas REP customer. <\/p>\n<p>Plus, you can get access to all that within the hour by calling Pronto Power at <span class=\"affiliatecode\">844.621.2852<\/span> to join free now.<\/p>","protected":false},"excerpt":{"rendered":"<p>It seems like with anything, there\u2019s always a catch. Come on, you never get it all in one deal, right? If a \u201cdeal\u201d sounds too good to be true, it is. So, you just ignore it and walk the other direction, don\u2019t you? Well, listen up because this is an awesome deal. And it is &hellip; <a href=\"https:\/\/powermepronto.com\/en\/haltom-citys-cheapest-prepaid-no-deposit-electric-company\/\" class=\"more-link\">Continue reading <span class=\"screen-reader-text\">Haltom City\u2019s Cheapest Prepaid, No-Deposit Electric Company<\/span><\/a><\/p>\n","protected":false},"author":1,"featured_media":0,"parent":0,"menu_order":0,"comment_status":"closed","ping_status":"closed","template":"","meta":{"_acf_changed":false,"_glsr_average":0,"_glsr_ranking":0,"_glsr_reviews":0,"footnotes":"","_links_to":"","_links_to_target":""},"class_list":["post-1463","page","type-page","status-publish","hentry"],"acf":[],"yoast_head":"<!-- This site is optimized with the Yoast SEO plugin v27.4 - https:\/\/yoast.com\/product\/yoast-seo-wordpress\/ -->\n<title>Haltom City\u2019s Cheapest Prepaid, No-Deposit Electric Company - Pronto Power<\/title>\n<meta name=\"description\" content=\"[:en]Yep. Just the cheapest rates in Haltom City. And not a single hassle or \u201cgot-ya.\u201d Plus, no hidden fees. No joke! Oh...and no contract either, which makes our service risk-free. Call Pronto Power at 844.621.2852 to join free now.[:es]s\u00ed. Las tarifas m\u00e1s baratas en Haltom City. Y ni una sola molestia o &quot;got-ya&quot;. Adem\u00e1s, no hay cargos ocultos. \u00a1No es broma! Ah ... y sin contrato tampoco, lo que hace que nuestro servicio est\u00e9 libre de riesgos. Llame a Pronto Power al 844.621.2852 para unirse gratis ahora.[:]\" \/>\n<meta name=\"robots\" content=\"index, follow, max-snippet:-1, max-image-preview:large, max-video-preview:-1\" \/>\n<link rel=\"canonical\" href=\"https:\/\/powermepronto.com\/haltom-citys-cheapest-prepaid-no-deposit-electric-company\/\" \/>\n<meta property=\"og:locale\" content=\"en_US\" \/>\n<meta property=\"og:type\" content=\"article\" \/>\n<meta property=\"og:title\" content=\"[:en]Haltom City\u2019s Cheapest Prepaid, No-Deposit Electric Company[:es]La compa\u00f1\u00eda de electricidad sin dep\u00f3sito, m\u00e1s barata y sin dep\u00f3sitos de Haltom City[:] - Pronto Power\" \/>\n<meta property=\"og:description\" content=\"[:en]Yep. Just the cheapest rates in Haltom City. And not a single hassle or \u201cgot-ya.\u201d Plus, no hidden fees. No joke! Oh...and no contract either, which makes our service risk-free. Call Pronto Power at 844.621.2852 to join free now.[:es]s\u00ed. Las tarifas m\u00e1s baratas en Haltom City. Y ni una sola molestia o &quot;got-ya&quot;. Adem\u00e1s, no hay cargos ocultos. \u00a1No es broma! Ah ... y sin contrato tampoco, lo que hace que nuestro servicio est\u00e9 libre de riesgos. Llame a Pronto Power al 844.621.2852 para unirse gratis ahora.[:]\" \/>\n<meta property=\"og:url\" content=\"https:\/\/powermepronto.com\/haltom-citys-cheapest-prepaid-no-deposit-electric-company\/\" \/>\n<meta property=\"og:site_name\" content=\"Pronto Power\" \/>\n<meta property=\"article:modified_time\" content=\"2022-12-21T10:56:50+00:00\" \/>\n<meta name=\"twitter:card\" content=\"summary_large_image\" \/>\n<meta name=\"twitter:label1\" content=\"Est. reading time\" \/>\n\t<meta name=\"twitter:data1\" content=\"4 minutes\" \/>\n<script type=\"application\/ld+json\" class=\"yoast-schema-graph\">{\"@context\":\"https:\\\/\\\/schema.org\",\"@graph\":[{\"@type\":\"WebPage\",\"@id\":\"https:\\\/\\\/powermepronto.com\\\/haltom-citys-cheapest-prepaid-no-deposit-electric-company\\\/\",\"url\":\"https:\\\/\\\/powermepronto.com\\\/haltom-citys-cheapest-prepaid-no-deposit-electric-company\\\/\",\"name\":\"[:en]Haltom City\u2019s Cheapest Prepaid, No-Deposit Electric Company[:es]La compa\u00f1\u00eda de electricidad sin dep\u00f3sito, m\u00e1s barata y sin dep\u00f3sitos de Haltom City[:] - Pronto Power\",\"isPartOf\":{\"@id\":\"https:\\\/\\\/powermepronto.com\\\/en\\\/#website\"},\"datePublished\":\"2019-06-11T19:43:41+00:00\",\"dateModified\":\"2022-12-21T10:56:50+00:00\",\"description\":\"[:en]Yep. Just the cheapest rates in Haltom City. And not a single hassle or \u201cgot-ya.\u201d Plus, no hidden fees. No joke! Oh...and no contract either, which makes our service risk-free. Call Pronto Power at 844.621.2852 to join free now.[:es]s\u00ed. Las tarifas m\u00e1s baratas en Haltom City. Y ni una sola molestia o \\\"got-ya\\\". Adem\u00e1s, no hay cargos ocultos. \u00a1No es broma! Ah ... y sin contrato tampoco, lo que hace que nuestro servicio est\u00e9 libre de riesgos. Llame a Pronto Power al 844.621.2852 para unirse gratis ahora.[:]\",\"breadcrumb\":{\"@id\":\"https:\\\/\\\/powermepronto.com\\\/haltom-citys-cheapest-prepaid-no-deposit-electric-company\\\/#breadcrumb\"},\"inLanguage\":\"en-US\",\"potentialAction\":[{\"@type\":\"ReadAction\",\"target\":[\"https:\\\/\\\/powermepronto.com\\\/haltom-citys-cheapest-prepaid-no-deposit-electric-company\\\/\"]}]},{\"@type\":\"BreadcrumbList\",\"@id\":\"https:\\\/\\\/powermepronto.com\\\/haltom-citys-cheapest-prepaid-no-deposit-electric-company\\\/#breadcrumb\",\"itemListElement\":[{\"@type\":\"ListItem\",\"position\":1,\"name\":\"Home\",\"item\":\"https:\\\/\\\/powermepronto.com\\\/en\\\/\"},{\"@type\":\"ListItem\",\"position\":2,\"name\":\"Haltom City\u2019s Cheapest Prepaid, No-Deposit Electric Company\"}]},{\"@type\":\"WebSite\",\"@id\":\"https:\\\/\\\/powermepronto.com\\\/en\\\/#website\",\"url\":\"https:\\\/\\\/powermepronto.com\\\/en\\\/\",\"name\":\"Pronto Power\",\"description\":\"\",\"potentialAction\":[{\"@type\":\"SearchAction\",\"target\":{\"@type\":\"EntryPoint\",\"urlTemplate\":\"https:\\\/\\\/powermepronto.com\\\/en\\\/?s={search_term_string}\"},\"query-input\":{\"@type\":\"PropertyValueSpecification\",\"valueRequired\":true,\"valueName\":\"search_term_string\"}}],\"inLanguage\":\"en-US\"}]}<\/script>\n<!-- \/ Yoast SEO plugin. -->","yoast_head_json":{"title":"[:en]Haltom City\u2019s Cheapest Prepaid, No-Deposit Electric Company[:es]La compa\u00f1\u00eda de electricidad sin dep\u00f3sito, m\u00e1s barata y sin dep\u00f3sitos de Haltom City[:] - Pronto Power","description":"[:en]Yep. Just the cheapest rates in Haltom City. And not a single hassle or \u201cgot-ya.\u201d Plus, no hidden fees. No joke! Oh...and no contract either, which makes our service risk-free. Call Pronto Power at 844.621.2852 to join free now.[:es]s\u00ed. Las tarifas m\u00e1s baratas en Haltom City. Y ni una sola molestia o \"got-ya\". Adem\u00e1s, no hay cargos ocultos. \u00a1No es broma! Ah ... y sin contrato tampoco, lo que hace que nuestro servicio est\u00e9 libre de riesgos. Llame a Pronto Power al 844.621.2852 para unirse gratis ahora.[:]","robots":{"index":"index","follow":"follow","max-snippet":"max-snippet:-1","max-image-preview":"max-image-preview:large","max-video-preview":"max-video-preview:-1"},"canonical":"https:\/\/powermepronto.com\/haltom-citys-cheapest-prepaid-no-deposit-electric-company\/","og_locale":"en_US","og_type":"article","og_title":"[:en]Haltom City\u2019s Cheapest Prepaid, No-Deposit Electric Company[:es]La compa\u00f1\u00eda de electricidad sin dep\u00f3sito, m\u00e1s barata y sin dep\u00f3sitos de Haltom City[:] - Pronto Power","og_description":"[:en]Yep. Just the cheapest rates in Haltom City. And not a single hassle or \u201cgot-ya.\u201d Plus, no hidden fees. No joke! Oh...and no contract either, which makes our service risk-free. Call Pronto Power at 844.621.2852 to join free now.[:es]s\u00ed. Las tarifas m\u00e1s baratas en Haltom City. Y ni una sola molestia o \"got-ya\". Adem\u00e1s, no hay cargos ocultos. \u00a1No es broma! Ah ... y sin contrato tampoco, lo que hace que nuestro servicio est\u00e9 libre de riesgos. Llame a Pronto Power al 844.621.2852 para unirse gratis ahora.[:]","og_url":"https:\/\/powermepronto.com\/haltom-citys-cheapest-prepaid-no-deposit-electric-company\/","og_site_name":"Pronto Power","article_modified_time":"2022-12-21T10:56:50+00:00","twitter_card":"summary_large_image","twitter_misc":{"Est. reading time":"4 minutes"},"schema":{"@context":"https:\/\/schema.org","@graph":[{"@type":"WebPage","@id":"https:\/\/powermepronto.com\/haltom-citys-cheapest-prepaid-no-deposit-electric-company\/","url":"https:\/\/powermepronto.com\/haltom-citys-cheapest-prepaid-no-deposit-electric-company\/","name":"[:en]Haltom City\u2019s Cheapest Prepaid, No-Deposit Electric Company[:es]La compa\u00f1\u00eda de electricidad sin dep\u00f3sito, m\u00e1s barata y sin dep\u00f3sitos de Haltom City[:] - Pronto Power","isPartOf":{"@id":"https:\/\/powermepronto.com\/en\/#website"},"datePublished":"2019-06-11T19:43:41+00:00","dateModified":"2022-12-21T10:56:50+00:00","description":"[:en]Yep. Just the cheapest rates in Haltom City. And not a single hassle or \u201cgot-ya.\u201d Plus, no hidden fees. No joke! Oh...and no contract either, which makes our service risk-free. Call Pronto Power at 844.621.2852 to join free now.[:es]s\u00ed. Las tarifas m\u00e1s baratas en Haltom City. Y ni una sola molestia o \"got-ya\". Adem\u00e1s, no hay cargos ocultos. \u00a1No es broma! Ah ... y sin contrato tampoco, lo que hace que nuestro servicio est\u00e9 libre de riesgos. Llame a Pronto Power al 844.621.2852 para unirse gratis ahora.[:]","breadcrumb":{"@id":"https:\/\/powermepronto.com\/haltom-citys-cheapest-prepaid-no-deposit-electric-company\/#breadcrumb"},"inLanguage":"en-US","potentialAction":[{"@type":"ReadAction","target":["https:\/\/powermepronto.com\/haltom-citys-cheapest-prepaid-no-deposit-electric-company\/"]}]},{"@type":"BreadcrumbList","@id":"https:\/\/powermepronto.com\/haltom-citys-cheapest-prepaid-no-deposit-electric-company\/#breadcrumb","itemListElement":[{"@type":"ListItem","position":1,"name":"Home","item":"https:\/\/powermepronto.com\/en\/"},{"@type":"ListItem","position":2,"name":"Haltom City\u2019s Cheapest Prepaid, No-Deposit Electric Company"}]},{"@type":"WebSite","@id":"https:\/\/powermepronto.com\/en\/#website","url":"https:\/\/powermepronto.com\/en\/","name":"Pronto Power","description":"","potentialAction":[{"@type":"SearchAction","target":{"@type":"EntryPoint","urlTemplate":"https:\/\/powermepronto.com\/en\/?s={search_term_string}"},"query-input":{"@type":"PropertyValueSpecification","valueRequired":true,"valueName":"search_term_string"}}],"inLanguage":"en-US"}]}},"_links":{"self":[{"href":"https:\/\/powermepronto.com\/en\/wp-json\/wp\/v2\/pages\/1463","targetHints":{"allow":["GET"]}}],"collection":[{"href":"https:\/\/powermepronto.com\/en\/wp-json\/wp\/v2\/pages"}],"about":[{"href":"https:\/\/powermepronto.com\/en\/wp-json\/wp\/v2\/types\/page"}],"author":[{"embeddable":true,"href":"https:\/\/powermepronto.com\/en\/wp-json\/wp\/v2\/users\/1"}],"replies":[{"embeddable":true,"href":"https:\/\/powermepronto.com\/en\/wp-json\/wp\/v2\/comments?post=1463"}],"version-history":[{"count":4,"href":"https:\/\/powermepronto.com\/en\/wp-json\/wp\/v2\/pages\/1463\/revisions"}],"predecessor-version":[{"id":3530,"href":"https:\/\/powermepronto.com\/en\/wp-json\/wp\/v2\/pages\/1463\/revisions\/3530"}],"wp:attachment":[{"href":"https:\/\/powermepronto.com\/en\/wp-json\/wp\/v2\/media?parent=1463"}],"curies":[{"name":"wp","href":"https:\/\/api.w.org\/{rel}","templated":true}]}}