{"id":1461,"date":"2019-06-11T19:03:00","date_gmt":"2019-06-11T19:03:00","guid":{"rendered":"http:\/\/www.powermepronto.com\/?page_id=1461"},"modified":"2022-12-21T05:09:06","modified_gmt":"2022-12-21T11:09:06","slug":"haslets-cheapest-prepaid-no-deposit-power-company","status":"publish","type":"page","link":"https:\/\/powermepronto.com\/en\/haslets-cheapest-prepaid-no-deposit-power-company\/","title":{"rendered":"Haslet\u2019s Cheapest Prepaid No-Deposit Power Company"},"content":{"rendered":"<p>Tired of hearing the same ol\u2019 spiel&#8230;only to find that once you sign your REP\u2019s contract, they do completely the opposite and try to beat as much money out of you as they can? <\/p>\n<p>That\u2019s one way to do business. <\/p>\n<p>&#8230;But it\u2019s not the way Pronto Power does business. <\/p>\n<p>And that\u2019s why we don\u2019t require you to sign a contract. For any reason. Ever. <\/p>\n<p>We don\u2019t want you to feel trapped. We want you to feel like you have the freedom to make any choice you want at any given time. <\/p>\n<p>And that holds us accountable for our actions. Provide service you like, and you stay. Provide service you don\u2019t like, and you leave for another company. <\/p>\n<p>Makes good business sense, right? <\/p>\n<p>Because if we forced you to sign a contract like other companies and then mistreated you during our relationship, you\u2019d take off for another the company the minute your contract expired, wouldn\u2019t you? <\/p>\n<p>We wouldn\u2019t blame you!<\/p>\n<h2>Prepay Electric with No Hidden Fees and No Hassles of Any Kind Either!<\/h2>\n<p>Not signing a contract is just the beginning. <\/p>\n<p>When you join Pronto Power\u2019s prepaid electric plan, you never pay any hidden fees either. There\u2019s no connection or disconnection fees. No up-front deposit. You don\u2019t pay a huge fee for exceeding a certain usage threshold. And you don\u2019t pay customer service a fee for taking your payment! <\/p>\n<p>Plus, you don\u2019t have to go through a credit check or ID check. And when you call customer service, we\u2019re more than happy to help you solve your problem as fast as possible. <\/p>\n<p>A novel approach, right? <\/p>\n<p>In fact, customer service will help you make it through even the most difficult financial circumstances you can imagine. All you have to do is give us a call! <\/p>\n<p>Can you name any other electric companies in Texas who offer the same? <\/p>\n<h2>But Wait, There\u2019s More! <\/h2>\n<p>Believe it or not, what you\u2019ve heard isn\u2019t the end of the deal. Because, you also get the cheapest prepaid rates. <\/p>\n<p>And you can save up to an additional 20% by using our real-time electricity usage monitoring tool to track how you use electricity and change your behavior. <\/p>\n<p>Then, you prepay for your electricity however you like &#8211; monthly, weekly, or even daily if you want to. Just keep your account balance positive each day and your electricity stays on. <\/p>\n<p>You just can\u2019t find another company who offers the cheapest prepaid rates with no contract, no hidden fees, and up to 20% in additional savings! <\/p>\n<p>Call <span class=\"affiliatecode\">844.621.2852<\/span> to join Pronto Power free now.<\/p>","protected":false},"excerpt":{"rendered":"<p>Tired of hearing the same ol\u2019 spiel&#8230;only to find that once you sign your REP\u2019s contract, they do completely the opposite and try to beat as much money out of you as they can? That\u2019s one way to do business. &#8230;But it\u2019s not the way Pronto Power does business. And that\u2019s why we don\u2019t require &hellip; <a href=\"https:\/\/powermepronto.com\/en\/haslets-cheapest-prepaid-no-deposit-power-company\/\" class=\"more-link\">Continue reading <span class=\"screen-reader-text\">Haslet\u2019s Cheapest Prepaid No-Deposit Power Company<\/span><\/a><\/p>\n","protected":false},"author":1,"featured_media":0,"parent":0,"menu_order":0,"comment_status":"closed","ping_status":"closed","template":"","meta":{"_acf_changed":false,"_glsr_average":0,"_glsr_ranking":0,"_glsr_reviews":0,"footnotes":"","_links_to":"","_links_to_target":""},"class_list":["post-1461","page","type-page","status-publish","hentry"],"acf":[],"yoast_head":"<!-- This site is optimized with the Yoast SEO plugin v27.5 - https:\/\/yoast.com\/product\/yoast-seo-wordpress\/ -->\n<title>Haslet\u2019s Cheapest Prepaid No-Deposit Power Company - Pronto Power<\/title>\n<meta name=\"description\" content=\"[:en]Kiss a big up-front deposit goodbye! ...And no hidden fees and no contract. Plus, customer service that\u2019s happy to help. Call Pronto Power at 844.621.2852 to join free now.[:es]\u00a1Adi\u00f3s a un gran dep\u00f3sito por adelantado! ... Y sin tarifas ocultas y sin contrato. Adem\u00e1s, el servicio al cliente est\u00e1 dispuesto a ayudar. Llame a Pronto Power al 844.621.2852 para unirse gratis ahora.[:]\" \/>\n<meta name=\"robots\" content=\"index, follow, max-snippet:-1, max-image-preview:large, max-video-preview:-1\" \/>\n<link rel=\"canonical\" href=\"https:\/\/powermepronto.com\/haslets-cheapest-prepaid-no-deposit-power-company\/\" \/>\n<meta property=\"og:locale\" content=\"en_US\" \/>\n<meta property=\"og:type\" content=\"article\" \/>\n<meta property=\"og:title\" content=\"[:en]Haslet\u2019s Cheapest Prepaid No-Deposit Power Company[:es]La compa\u00f1\u00eda de energ\u00eda de prepago sin dep\u00f3sito m\u00e1s barata de Haslet[:] - Pronto Power\" \/>\n<meta property=\"og:description\" content=\"[:en]Kiss a big up-front deposit goodbye! ...And no hidden fees and no contract. Plus, customer service that\u2019s happy to help. Call Pronto Power at 844.621.2852 to join free now.[:es]\u00a1Adi\u00f3s a un gran dep\u00f3sito por adelantado! ... Y sin tarifas ocultas y sin contrato. Adem\u00e1s, el servicio al cliente est\u00e1 dispuesto a ayudar. Llame a Pronto Power al 844.621.2852 para unirse gratis ahora.[:]\" \/>\n<meta property=\"og:url\" content=\"https:\/\/powermepronto.com\/haslets-cheapest-prepaid-no-deposit-power-company\/\" \/>\n<meta property=\"og:site_name\" content=\"Pronto Power\" \/>\n<meta property=\"article:modified_time\" content=\"2022-12-21T11:09:06+00:00\" \/>\n<meta name=\"twitter:card\" content=\"summary_large_image\" \/>\n<meta name=\"twitter:label1\" content=\"Est. reading time\" \/>\n\t<meta name=\"twitter:data1\" content=\"5 minutes\" \/>\n<script type=\"application\/ld+json\" class=\"yoast-schema-graph\">{\"@context\":\"https:\\\/\\\/schema.org\",\"@graph\":[{\"@type\":\"WebPage\",\"@id\":\"https:\\\/\\\/powermepronto.com\\\/haslets-cheapest-prepaid-no-deposit-power-company\\\/\",\"url\":\"https:\\\/\\\/powermepronto.com\\\/haslets-cheapest-prepaid-no-deposit-power-company\\\/\",\"name\":\"[:en]Haslet\u2019s Cheapest Prepaid No-Deposit Power Company[:es]La compa\u00f1\u00eda de energ\u00eda de prepago sin dep\u00f3sito m\u00e1s barata de Haslet[:] - Pronto Power\",\"isPartOf\":{\"@id\":\"https:\\\/\\\/powermepronto.com\\\/en\\\/#website\"},\"datePublished\":\"2019-06-11T19:03:00+00:00\",\"dateModified\":\"2022-12-21T11:09:06+00:00\",\"description\":\"[:en]Kiss a big up-front deposit goodbye! ...And no hidden fees and no contract. Plus, customer service that\u2019s happy to help. Call Pronto Power at 844.621.2852 to join free now.[:es]\u00a1Adi\u00f3s a un gran dep\u00f3sito por adelantado! ... Y sin tarifas ocultas y sin contrato. Adem\u00e1s, el servicio al cliente est\u00e1 dispuesto a ayudar. Llame a Pronto Power al 844.621.2852 para unirse gratis ahora.[:]\",\"breadcrumb\":{\"@id\":\"https:\\\/\\\/powermepronto.com\\\/haslets-cheapest-prepaid-no-deposit-power-company\\\/#breadcrumb\"},\"inLanguage\":\"en-US\",\"potentialAction\":[{\"@type\":\"ReadAction\",\"target\":[\"https:\\\/\\\/powermepronto.com\\\/haslets-cheapest-prepaid-no-deposit-power-company\\\/\"]}]},{\"@type\":\"BreadcrumbList\",\"@id\":\"https:\\\/\\\/powermepronto.com\\\/haslets-cheapest-prepaid-no-deposit-power-company\\\/#breadcrumb\",\"itemListElement\":[{\"@type\":\"ListItem\",\"position\":1,\"name\":\"Home\",\"item\":\"https:\\\/\\\/powermepronto.com\\\/en\\\/\"},{\"@type\":\"ListItem\",\"position\":2,\"name\":\"Haslet\u2019s Cheapest Prepaid No-Deposit Power Company\"}]},{\"@type\":\"WebSite\",\"@id\":\"https:\\\/\\\/powermepronto.com\\\/en\\\/#website\",\"url\":\"https:\\\/\\\/powermepronto.com\\\/en\\\/\",\"name\":\"Pronto Power\",\"description\":\"\",\"potentialAction\":[{\"@type\":\"SearchAction\",\"target\":{\"@type\":\"EntryPoint\",\"urlTemplate\":\"https:\\\/\\\/powermepronto.com\\\/en\\\/?s={search_term_string}\"},\"query-input\":{\"@type\":\"PropertyValueSpecification\",\"valueRequired\":true,\"valueName\":\"search_term_string\"}}],\"inLanguage\":\"en-US\"}]}<\/script>\n<!-- \/ Yoast SEO plugin. -->","yoast_head_json":{"title":"[:en]Haslet\u2019s Cheapest Prepaid No-Deposit Power Company[:es]La compa\u00f1\u00eda de energ\u00eda de prepago sin dep\u00f3sito m\u00e1s barata de Haslet[:] - Pronto Power","description":"[:en]Kiss a big up-front deposit goodbye! ...And no hidden fees and no contract. Plus, customer service that\u2019s happy to help. Call Pronto Power at 844.621.2852 to join free now.[:es]\u00a1Adi\u00f3s a un gran dep\u00f3sito por adelantado! ... Y sin tarifas ocultas y sin contrato. Adem\u00e1s, el servicio al cliente est\u00e1 dispuesto a ayudar. Llame a Pronto Power al 844.621.2852 para unirse gratis ahora.[:]","robots":{"index":"index","follow":"follow","max-snippet":"max-snippet:-1","max-image-preview":"max-image-preview:large","max-video-preview":"max-video-preview:-1"},"canonical":"https:\/\/powermepronto.com\/haslets-cheapest-prepaid-no-deposit-power-company\/","og_locale":"en_US","og_type":"article","og_title":"[:en]Haslet\u2019s Cheapest Prepaid No-Deposit Power Company[:es]La compa\u00f1\u00eda de energ\u00eda de prepago sin dep\u00f3sito m\u00e1s barata de Haslet[:] - Pronto Power","og_description":"[:en]Kiss a big up-front deposit goodbye! ...And no hidden fees and no contract. Plus, customer service that\u2019s happy to help. Call Pronto Power at 844.621.2852 to join free now.[:es]\u00a1Adi\u00f3s a un gran dep\u00f3sito por adelantado! ... Y sin tarifas ocultas y sin contrato. Adem\u00e1s, el servicio al cliente est\u00e1 dispuesto a ayudar. Llame a Pronto Power al 844.621.2852 para unirse gratis ahora.[:]","og_url":"https:\/\/powermepronto.com\/haslets-cheapest-prepaid-no-deposit-power-company\/","og_site_name":"Pronto Power","article_modified_time":"2022-12-21T11:09:06+00:00","twitter_card":"summary_large_image","twitter_misc":{"Est. reading time":"5 minutes"},"schema":{"@context":"https:\/\/schema.org","@graph":[{"@type":"WebPage","@id":"https:\/\/powermepronto.com\/haslets-cheapest-prepaid-no-deposit-power-company\/","url":"https:\/\/powermepronto.com\/haslets-cheapest-prepaid-no-deposit-power-company\/","name":"[:en]Haslet\u2019s Cheapest Prepaid No-Deposit Power Company[:es]La compa\u00f1\u00eda de energ\u00eda de prepago sin dep\u00f3sito m\u00e1s barata de Haslet[:] - Pronto Power","isPartOf":{"@id":"https:\/\/powermepronto.com\/en\/#website"},"datePublished":"2019-06-11T19:03:00+00:00","dateModified":"2022-12-21T11:09:06+00:00","description":"[:en]Kiss a big up-front deposit goodbye! ...And no hidden fees and no contract. Plus, customer service that\u2019s happy to help. Call Pronto Power at 844.621.2852 to join free now.[:es]\u00a1Adi\u00f3s a un gran dep\u00f3sito por adelantado! ... Y sin tarifas ocultas y sin contrato. Adem\u00e1s, el servicio al cliente est\u00e1 dispuesto a ayudar. Llame a Pronto Power al 844.621.2852 para unirse gratis ahora.[:]","breadcrumb":{"@id":"https:\/\/powermepronto.com\/haslets-cheapest-prepaid-no-deposit-power-company\/#breadcrumb"},"inLanguage":"en-US","potentialAction":[{"@type":"ReadAction","target":["https:\/\/powermepronto.com\/haslets-cheapest-prepaid-no-deposit-power-company\/"]}]},{"@type":"BreadcrumbList","@id":"https:\/\/powermepronto.com\/haslets-cheapest-prepaid-no-deposit-power-company\/#breadcrumb","itemListElement":[{"@type":"ListItem","position":1,"name":"Home","item":"https:\/\/powermepronto.com\/en\/"},{"@type":"ListItem","position":2,"name":"Haslet\u2019s Cheapest Prepaid No-Deposit Power Company"}]},{"@type":"WebSite","@id":"https:\/\/powermepronto.com\/en\/#website","url":"https:\/\/powermepronto.com\/en\/","name":"Pronto Power","description":"","potentialAction":[{"@type":"SearchAction","target":{"@type":"EntryPoint","urlTemplate":"https:\/\/powermepronto.com\/en\/?s={search_term_string}"},"query-input":{"@type":"PropertyValueSpecification","valueRequired":true,"valueName":"search_term_string"}}],"inLanguage":"en-US"}]}},"_links":{"self":[{"href":"https:\/\/powermepronto.com\/en\/wp-json\/wp\/v2\/pages\/1461","targetHints":{"allow":["GET"]}}],"collection":[{"href":"https:\/\/powermepronto.com\/en\/wp-json\/wp\/v2\/pages"}],"about":[{"href":"https:\/\/powermepronto.com\/en\/wp-json\/wp\/v2\/types\/page"}],"author":[{"embeddable":true,"href":"https:\/\/powermepronto.com\/en\/wp-json\/wp\/v2\/users\/1"}],"replies":[{"embeddable":true,"href":"https:\/\/powermepronto.com\/en\/wp-json\/wp\/v2\/comments?post=1461"}],"version-history":[{"count":3,"href":"https:\/\/powermepronto.com\/en\/wp-json\/wp\/v2\/pages\/1461\/revisions"}],"predecessor-version":[{"id":3540,"href":"https:\/\/powermepronto.com\/en\/wp-json\/wp\/v2\/pages\/1461\/revisions\/3540"}],"wp:attachment":[{"href":"https:\/\/powermepronto.com\/en\/wp-json\/wp\/v2\/media?parent=1461"}],"curies":[{"name":"wp","href":"https:\/\/api.w.org\/{rel}","templated":true}]}}