{"id":1398,"date":"2019-05-11T10:58:32","date_gmt":"2019-05-11T10:58:32","guid":{"rendered":"http:\/\/www.powermepronto.com\/?page_id=1398"},"modified":"2022-12-21T04:10:29","modified_gmt":"2022-12-21T10:10:29","slug":"cheaper-than-all-other-electric-companies-in-dallas-tx-with-no-deposit","status":"publish","type":"page","link":"https:\/\/powermepronto.com\/en\/cheaper-than-all-other-electric-companies-in-dallas-tx-with-no-deposit\/","title":{"rendered":"Cheaper Than All Other Electric Companies in Dallas, TX with No Deposit!"},"content":{"rendered":"<p>Imagine your dream electric company\u2026<\/p>\n<p>They charge you the cheapest rates you can get in Dallas.<\/p>\n<p>You don\u2019t pay a huge up-front deposit. In fact, you pay no deposit at all.<\/p>\n<p>There\u2019s no tricky or hidden fees for joining or after you join.<\/p>\n<p>You don\u2019t sign a contract.<\/p>\n<p>And if you have a hard time paying, instead of feeing you to death and making your problem worse, the company helps you make it through the difficulty.<\/p>\n<p>To top it off, they make it easy for you to leave should you decide they\u2019re not the right company for you.<\/p>\n<p>Well, imagine no more because\u2026<\/p>\n<h2>Pronto Power Gets You the Cheapest Prepaid Rates in Dallas, TX with No Deposit, No Contract, and No Hidden Fees<\/h2>\n<p>Yep. No joke.<\/p>\n<p>Your dream electric company is now a reality. Pronto Power is the company that actually wants to serve you and create a successful win-win relationship rather than take all that green stuff out of your wallet.<\/p>\n<p>What a novel idea in Texas\u2019 deregulated energy market!<\/p>\n<h2>Plus, Save an Additional 20%<\/h2>\n<p>Believe it or not, there\u2019s even more to the deal. The last part rests squarely on your shoulders and is totally within your control.<\/p>\n<p>When you join our electric service, you get access to a special software tool that monitors your electric usage in real-time.<\/p>\n<p>Turn your TV on and off and watch your electric usage reading go up and down.<\/p>\n<p>Customers use this to understand how they use electricity. Then they change their behavior.<\/p>\n<p>And many save an additional 20% off the already cheapest prepaid rates in Texas!<\/p>\n<p>As long as you have a positive account balance of 1 cent by 1 pm, your electricity stays on.<\/p>\n<p>&#8230;And if you can\u2019t do that, call our helpful customer service team who will arrange a payment plan with you so you can keep your electricity on.<\/p>\n<p>Electricity in Texas really doesn\u2019t get any better than this. Just call Pronto Power at\u00a0 <span class=\"affiliatecode\">844.621.2852<\/span> to join free&#8230;and get connected within the hour if your home has a smart meter!<\/p>","protected":false},"excerpt":{"rendered":"<p>Imagine your dream electric company\u2026 They charge you the cheapest rates you can get in Dallas. You don\u2019t pay a huge up-front deposit. In fact, you pay no deposit at all. There\u2019s no tricky or hidden fees for joining or after you join. You don\u2019t sign a contract. And if you have a hard time &hellip; <a href=\"https:\/\/powermepronto.com\/en\/cheaper-than-all-other-electric-companies-in-dallas-tx-with-no-deposit\/\" class=\"more-link\">Continue reading <span class=\"screen-reader-text\">Cheaper Than All Other Electric Companies in Dallas, TX with No Deposit!<\/span><\/a><\/p>\n","protected":false},"author":1,"featured_media":0,"parent":0,"menu_order":0,"comment_status":"closed","ping_status":"closed","template":"","meta":{"_acf_changed":false,"_glsr_average":0,"_glsr_ranking":0,"_glsr_reviews":0,"footnotes":"","_links_to":"","_links_to_target":""},"class_list":["post-1398","page","type-page","status-publish","hentry"],"acf":[],"yoast_head":"<!-- This site is optimized with the Yoast SEO plugin v27.5 - https:\/\/yoast.com\/product\/yoast-seo-wordpress\/ -->\n<title>Cheaper Than All Other Electric Companies in Dallas, TX with No Deposit! - Pronto Power<\/title>\n<meta name=\"description\" content=\"[:en]Get the cheapest prepaid electricity in Dallas with no deposit. No contract. No hidden fees. And a responsive customer service team excited to help you through even your most difficult financial struggles. Call 844.621.2852 to join Pronto Power free now.[:es]Obt\u00e9n la electricidad prepaga m\u00e1s barata en Dallas sin dep\u00f3sito. Sin contrato. Sin cuotas escondidas. Y un equipo de servicio al cliente receptivo, emocionado de ayudarlo a superar sus dificultades financieras m\u00e1s dif\u00edciles. Llame al 844.621.2852 para unirse a Pronto Power gratis ahora.[:]\" \/>\n<meta name=\"robots\" content=\"index, follow, max-snippet:-1, max-image-preview:large, max-video-preview:-1\" \/>\n<link rel=\"canonical\" href=\"https:\/\/powermepronto.com\/cheaper-than-all-other-electric-companies-in-dallas-tx-with-no-deposit\/\" \/>\n<meta property=\"og:locale\" content=\"en_US\" \/>\n<meta property=\"og:type\" content=\"article\" \/>\n<meta property=\"og:title\" content=\"[:en]Cheaper Than All Other Electric Companies in Dallas, TX with No Deposit![:es]\u00a1M\u00e1s barato que todas las otras compa\u00f1\u00edas el\u00e9ctricas en Dallas, TX sin dep\u00f3sito![:] - Pronto Power\" \/>\n<meta property=\"og:description\" content=\"[:en]Get the cheapest prepaid electricity in Dallas with no deposit. No contract. No hidden fees. And a responsive customer service team excited to help you through even your most difficult financial struggles. Call 844.621.2852 to join Pronto Power free now.[:es]Obt\u00e9n la electricidad prepaga m\u00e1s barata en Dallas sin dep\u00f3sito. Sin contrato. Sin cuotas escondidas. Y un equipo de servicio al cliente receptivo, emocionado de ayudarlo a superar sus dificultades financieras m\u00e1s dif\u00edciles. Llame al 844.621.2852 para unirse a Pronto Power gratis ahora.[:]\" \/>\n<meta property=\"og:url\" content=\"https:\/\/powermepronto.com\/cheaper-than-all-other-electric-companies-in-dallas-tx-with-no-deposit\/\" \/>\n<meta property=\"og:site_name\" content=\"Pronto Power\" \/>\n<meta property=\"article:modified_time\" content=\"2022-12-21T10:10:29+00:00\" \/>\n<meta name=\"twitter:card\" content=\"summary_large_image\" \/>\n<meta name=\"twitter:label1\" content=\"Est. reading time\" \/>\n\t<meta name=\"twitter:data1\" content=\"4 minutes\" \/>\n<script type=\"application\/ld+json\" class=\"yoast-schema-graph\">{\"@context\":\"https:\\\/\\\/schema.org\",\"@graph\":[{\"@type\":\"WebPage\",\"@id\":\"https:\\\/\\\/powermepronto.com\\\/cheaper-than-all-other-electric-companies-in-dallas-tx-with-no-deposit\\\/\",\"url\":\"https:\\\/\\\/powermepronto.com\\\/cheaper-than-all-other-electric-companies-in-dallas-tx-with-no-deposit\\\/\",\"name\":\"[:en]Cheaper Than All Other Electric Companies in Dallas, TX with No Deposit![:es]\u00a1M\u00e1s barato que todas las otras compa\u00f1\u00edas el\u00e9ctricas en Dallas, TX sin dep\u00f3sito![:] - Pronto Power\",\"isPartOf\":{\"@id\":\"https:\\\/\\\/powermepronto.com\\\/en\\\/#website\"},\"datePublished\":\"2019-05-11T10:58:32+00:00\",\"dateModified\":\"2022-12-21T10:10:29+00:00\",\"description\":\"[:en]Get the cheapest prepaid electricity in Dallas with no deposit. No contract. No hidden fees. And a responsive customer service team excited to help you through even your most difficult financial struggles. Call 844.621.2852 to join Pronto Power free now.[:es]Obt\u00e9n la electricidad prepaga m\u00e1s barata en Dallas sin dep\u00f3sito. Sin contrato. Sin cuotas escondidas. Y un equipo de servicio al cliente receptivo, emocionado de ayudarlo a superar sus dificultades financieras m\u00e1s dif\u00edciles. Llame al 844.621.2852 para unirse a Pronto Power gratis ahora.[:]\",\"breadcrumb\":{\"@id\":\"https:\\\/\\\/powermepronto.com\\\/cheaper-than-all-other-electric-companies-in-dallas-tx-with-no-deposit\\\/#breadcrumb\"},\"inLanguage\":\"en-US\",\"potentialAction\":[{\"@type\":\"ReadAction\",\"target\":[\"https:\\\/\\\/powermepronto.com\\\/cheaper-than-all-other-electric-companies-in-dallas-tx-with-no-deposit\\\/\"]}]},{\"@type\":\"BreadcrumbList\",\"@id\":\"https:\\\/\\\/powermepronto.com\\\/cheaper-than-all-other-electric-companies-in-dallas-tx-with-no-deposit\\\/#breadcrumb\",\"itemListElement\":[{\"@type\":\"ListItem\",\"position\":1,\"name\":\"Home\",\"item\":\"https:\\\/\\\/powermepronto.com\\\/en\\\/\"},{\"@type\":\"ListItem\",\"position\":2,\"name\":\"Cheaper Than All Other Electric Companies in Dallas, TX with No Deposit!\"}]},{\"@type\":\"WebSite\",\"@id\":\"https:\\\/\\\/powermepronto.com\\\/en\\\/#website\",\"url\":\"https:\\\/\\\/powermepronto.com\\\/en\\\/\",\"name\":\"Pronto Power\",\"description\":\"\",\"potentialAction\":[{\"@type\":\"SearchAction\",\"target\":{\"@type\":\"EntryPoint\",\"urlTemplate\":\"https:\\\/\\\/powermepronto.com\\\/en\\\/?s={search_term_string}\"},\"query-input\":{\"@type\":\"PropertyValueSpecification\",\"valueRequired\":true,\"valueName\":\"search_term_string\"}}],\"inLanguage\":\"en-US\"}]}<\/script>\n<!-- \/ Yoast SEO plugin. -->","yoast_head_json":{"title":"[:en]Cheaper Than All Other Electric Companies in Dallas, TX with No Deposit![:es]\u00a1M\u00e1s barato que todas las otras compa\u00f1\u00edas el\u00e9ctricas en Dallas, TX sin dep\u00f3sito![:] - Pronto Power","description":"[:en]Get the cheapest prepaid electricity in Dallas with no deposit. No contract. No hidden fees. And a responsive customer service team excited to help you through even your most difficult financial struggles. Call 844.621.2852 to join Pronto Power free now.[:es]Obt\u00e9n la electricidad prepaga m\u00e1s barata en Dallas sin dep\u00f3sito. Sin contrato. Sin cuotas escondidas. Y un equipo de servicio al cliente receptivo, emocionado de ayudarlo a superar sus dificultades financieras m\u00e1s dif\u00edciles. Llame al 844.621.2852 para unirse a Pronto Power gratis ahora.[:]","robots":{"index":"index","follow":"follow","max-snippet":"max-snippet:-1","max-image-preview":"max-image-preview:large","max-video-preview":"max-video-preview:-1"},"canonical":"https:\/\/powermepronto.com\/cheaper-than-all-other-electric-companies-in-dallas-tx-with-no-deposit\/","og_locale":"en_US","og_type":"article","og_title":"[:en]Cheaper Than All Other Electric Companies in Dallas, TX with No Deposit![:es]\u00a1M\u00e1s barato que todas las otras compa\u00f1\u00edas el\u00e9ctricas en Dallas, TX sin dep\u00f3sito![:] - Pronto Power","og_description":"[:en]Get the cheapest prepaid electricity in Dallas with no deposit. No contract. No hidden fees. And a responsive customer service team excited to help you through even your most difficult financial struggles. Call 844.621.2852 to join Pronto Power free now.[:es]Obt\u00e9n la electricidad prepaga m\u00e1s barata en Dallas sin dep\u00f3sito. Sin contrato. Sin cuotas escondidas. Y un equipo de servicio al cliente receptivo, emocionado de ayudarlo a superar sus dificultades financieras m\u00e1s dif\u00edciles. Llame al 844.621.2852 para unirse a Pronto Power gratis ahora.[:]","og_url":"https:\/\/powermepronto.com\/cheaper-than-all-other-electric-companies-in-dallas-tx-with-no-deposit\/","og_site_name":"Pronto Power","article_modified_time":"2022-12-21T10:10:29+00:00","twitter_card":"summary_large_image","twitter_misc":{"Est. reading time":"4 minutes"},"schema":{"@context":"https:\/\/schema.org","@graph":[{"@type":"WebPage","@id":"https:\/\/powermepronto.com\/cheaper-than-all-other-electric-companies-in-dallas-tx-with-no-deposit\/","url":"https:\/\/powermepronto.com\/cheaper-than-all-other-electric-companies-in-dallas-tx-with-no-deposit\/","name":"[:en]Cheaper Than All Other Electric Companies in Dallas, TX with No Deposit![:es]\u00a1M\u00e1s barato que todas las otras compa\u00f1\u00edas el\u00e9ctricas en Dallas, TX sin dep\u00f3sito![:] - Pronto Power","isPartOf":{"@id":"https:\/\/powermepronto.com\/en\/#website"},"datePublished":"2019-05-11T10:58:32+00:00","dateModified":"2022-12-21T10:10:29+00:00","description":"[:en]Get the cheapest prepaid electricity in Dallas with no deposit. No contract. No hidden fees. And a responsive customer service team excited to help you through even your most difficult financial struggles. Call 844.621.2852 to join Pronto Power free now.[:es]Obt\u00e9n la electricidad prepaga m\u00e1s barata en Dallas sin dep\u00f3sito. Sin contrato. Sin cuotas escondidas. Y un equipo de servicio al cliente receptivo, emocionado de ayudarlo a superar sus dificultades financieras m\u00e1s dif\u00edciles. Llame al 844.621.2852 para unirse a Pronto Power gratis ahora.[:]","breadcrumb":{"@id":"https:\/\/powermepronto.com\/cheaper-than-all-other-electric-companies-in-dallas-tx-with-no-deposit\/#breadcrumb"},"inLanguage":"en-US","potentialAction":[{"@type":"ReadAction","target":["https:\/\/powermepronto.com\/cheaper-than-all-other-electric-companies-in-dallas-tx-with-no-deposit\/"]}]},{"@type":"BreadcrumbList","@id":"https:\/\/powermepronto.com\/cheaper-than-all-other-electric-companies-in-dallas-tx-with-no-deposit\/#breadcrumb","itemListElement":[{"@type":"ListItem","position":1,"name":"Home","item":"https:\/\/powermepronto.com\/en\/"},{"@type":"ListItem","position":2,"name":"Cheaper Than All Other Electric Companies in Dallas, TX with No Deposit!"}]},{"@type":"WebSite","@id":"https:\/\/powermepronto.com\/en\/#website","url":"https:\/\/powermepronto.com\/en\/","name":"Pronto Power","description":"","potentialAction":[{"@type":"SearchAction","target":{"@type":"EntryPoint","urlTemplate":"https:\/\/powermepronto.com\/en\/?s={search_term_string}"},"query-input":{"@type":"PropertyValueSpecification","valueRequired":true,"valueName":"search_term_string"}}],"inLanguage":"en-US"}]}},"_links":{"self":[{"href":"https:\/\/powermepronto.com\/en\/wp-json\/wp\/v2\/pages\/1398","targetHints":{"allow":["GET"]}}],"collection":[{"href":"https:\/\/powermepronto.com\/en\/wp-json\/wp\/v2\/pages"}],"about":[{"href":"https:\/\/powermepronto.com\/en\/wp-json\/wp\/v2\/types\/page"}],"author":[{"embeddable":true,"href":"https:\/\/powermepronto.com\/en\/wp-json\/wp\/v2\/users\/1"}],"replies":[{"embeddable":true,"href":"https:\/\/powermepronto.com\/en\/wp-json\/wp\/v2\/comments?post=1398"}],"version-history":[{"count":4,"href":"https:\/\/powermepronto.com\/en\/wp-json\/wp\/v2\/pages\/1398\/revisions"}],"predecessor-version":[{"id":3484,"href":"https:\/\/powermepronto.com\/en\/wp-json\/wp\/v2\/pages\/1398\/revisions\/3484"}],"wp:attachment":[{"href":"https:\/\/powermepronto.com\/en\/wp-json\/wp\/v2\/media?parent=1398"}],"curies":[{"name":"wp","href":"https:\/\/api.w.org\/{rel}","templated":true}]}}