{"id":1393,"date":"2019-05-11T10:53:50","date_gmt":"2019-05-11T10:53:50","guid":{"rendered":"http:\/\/www.powermepronto.com\/?page_id=1393"},"modified":"2019-05-31T07:55:12","modified_gmt":"2019-05-31T07:55:12","slug":"garlands-cheapest-no-deposit-electric-company","status":"publish","type":"page","link":"https:\/\/powermepronto.com\/en\/garlands-cheapest-no-deposit-electric-company\/","title":{"rendered":"Garland\u2019s Cheapest No-Deposit Electric Company"},"content":{"rendered":"<p>It\u2019s rough being an electricity consumer in Texas, isn\u2019t it?<\/p>\n<p>Every electric company in Texas has a \u201cgreat\u201d or \u201climited time\u201d offer for you.<\/p>\n<p>&#8230;But you\u2019ve been burned before. So, you know that\u2019s not true.<\/p>\n<p>Sure, every company will tell you what you want to hear. But then once you actually join, it\u2019s a different story.<\/p>\n<p>You get slapped with hidden fees. Oh sure, you were notified in the fine print in the contract you signed.<\/p>\n<p>But c\u2019mon! You know the company\u2019s being deceptive so they can swipe more of your money. Of course, they blame you for it.<\/p>\n<p>Customer service doesn\u2019t want to do their job. It\u2019s hard just to get a person on the phone. And even when you do, you get transferred around, but can\u2019t get an answer.<\/p>\n<p>So, companies like that talk a good game. But, they don\u2019t walk a good game.<\/p>\n<h2>Pronto Power Blows Your Electric Company Away with the Cheapest Prepaid Rates, No Contract, and Awesome Customer Service Reps Who Want to Help<\/h2>\n<p>Yes. You do get the above when you join Pronto Power (plus it\u2019s no-deposit power too).<\/p>\n<p>And to help you feel safe and trust us, we don\u2019t require a contract. In fact, there\u2019s no risk in the relationship for you at all.<\/p>\n<p>You don\u2019t pay any hidden fees or connection\/disconnection fees. You don\u2019t sign a contract.<\/p>\n<p>And if you have trouble paying when you\u2019re a customer, we\u2019re happy to help you out with a payment plan that works for you.<\/p>\n<p>So you have absolutely no risk in joining. The cheapest prepaid electric rates in Garland are simply available.<\/p>\n<p>And if you decide Pronto Power\u2019s not right for you, simply call and cancel. There\u2019s no questions asked.<\/p>\n<p>Why do we do this?<\/p>\n<p>Because we\u2019re confident you\u2019ll love Pronto Power. With this kind of offer available in Texas, it makes us an attractive electric company to choose.<\/p>\n<p>So, to get the cheapest prepaid rates in Garland, with no contract, no hidden fees, no up-front deposit, and a customer service team who generally cares and wants to help, call Pronto Power at <span class=\"affiliatecode\">844.621.2852<\/span> to join free now.<\/p>","protected":false},"excerpt":{"rendered":"<p>It\u2019s rough being an electricity consumer in Texas, isn\u2019t it? Every electric company in Texas has a \u201cgreat\u201d or \u201climited time\u201d offer for you. &#8230;But you\u2019ve been burned before. So, you know that\u2019s not true. Sure, every company will tell you what you want to hear. But then once you actually join, it\u2019s a different &hellip; <a href=\"https:\/\/powermepronto.com\/en\/garlands-cheapest-no-deposit-electric-company\/\" class=\"more-link\">Continue reading <span class=\"screen-reader-text\">Garland\u2019s Cheapest No-Deposit Electric Company<\/span><\/a><\/p>\n","protected":false},"author":1,"featured_media":0,"parent":0,"menu_order":0,"comment_status":"closed","ping_status":"closed","template":"","meta":{"_acf_changed":false,"_glsr_average":0,"_glsr_ranking":0,"_glsr_reviews":0,"footnotes":"","_links_to":"","_links_to_target":""},"class_list":["post-1393","page","type-page","status-publish","hentry"],"acf":[],"yoast_head":"<!-- This site is optimized with the Yoast SEO plugin v27.5 - https:\/\/yoast.com\/product\/yoast-seo-wordpress\/ -->\n<title>Garland\u2019s Cheapest No-Deposit Electric Company - Pronto Power<\/title>\n<meta name=\"description\" content=\"Pronto Power offers the lowest prepaid rates in Garland. Plus, no contract, no hidden fees, no credit check, and no ID check. Risk-free electric service. Call Pronto Power at 844.621.2852 to join free now.\" \/>\n<meta name=\"robots\" content=\"index, follow, max-snippet:-1, max-image-preview:large, max-video-preview:-1\" \/>\n<link rel=\"canonical\" href=\"https:\/\/powermepronto.com\/en\/garlands-cheapest-no-deposit-electric-company\/\" \/>\n<meta property=\"og:locale\" content=\"en_US\" \/>\n<meta property=\"og:type\" content=\"article\" \/>\n<meta property=\"og:title\" content=\"[:en]Garland\u2019s Cheapest No-Deposit Electric Company[:es]La compa\u00f1\u00eda de electricidad sin dep\u00f3sito m\u00e1s barata de Garland[:] - Pronto Power\" \/>\n<meta property=\"og:description\" content=\"Pronto Power offers the lowest prepaid rates in Garland. Plus, no contract, no hidden fees, no credit check, and no ID check. Risk-free electric service. Call Pronto Power at 844.621.2852 to join free now.\" \/>\n<meta property=\"og:url\" content=\"https:\/\/powermepronto.com\/en\/garlands-cheapest-no-deposit-electric-company\/\" \/>\n<meta property=\"og:site_name\" content=\"Pronto Power\" \/>\n<meta property=\"article:modified_time\" content=\"2019-05-31T07:55:12+00:00\" \/>\n<meta name=\"twitter:card\" content=\"summary_large_image\" \/>\n<meta name=\"twitter:label1\" content=\"Est. reading time\" \/>\n\t<meta name=\"twitter:data1\" content=\"4 minutes\" \/>\n<script type=\"application\/ld+json\" class=\"yoast-schema-graph\">{\"@context\":\"https:\\\/\\\/schema.org\",\"@graph\":[{\"@type\":\"WebPage\",\"@id\":\"https:\\\/\\\/powermepronto.com\\\/en\\\/garlands-cheapest-no-deposit-electric-company\\\/\",\"url\":\"https:\\\/\\\/powermepronto.com\\\/en\\\/garlands-cheapest-no-deposit-electric-company\\\/\",\"name\":\"[:en]Garland\u2019s Cheapest No-Deposit Electric Company[:es]La compa\u00f1\u00eda de electricidad sin dep\u00f3sito m\u00e1s barata de Garland[:] - Pronto Power\",\"isPartOf\":{\"@id\":\"https:\\\/\\\/powermepronto.com\\\/en\\\/#website\"},\"datePublished\":\"2019-05-11T10:53:50+00:00\",\"dateModified\":\"2019-05-31T07:55:12+00:00\",\"description\":\"Pronto Power offers the lowest prepaid rates in Garland. Plus, no contract, no hidden fees, no credit check, and no ID check. Risk-free electric service. Call Pronto Power at 844.621.2852 to join free now.\",\"breadcrumb\":{\"@id\":\"https:\\\/\\\/powermepronto.com\\\/en\\\/garlands-cheapest-no-deposit-electric-company\\\/#breadcrumb\"},\"inLanguage\":\"en-US\",\"potentialAction\":[{\"@type\":\"ReadAction\",\"target\":[\"https:\\\/\\\/powermepronto.com\\\/en\\\/garlands-cheapest-no-deposit-electric-company\\\/\"]}]},{\"@type\":\"BreadcrumbList\",\"@id\":\"https:\\\/\\\/powermepronto.com\\\/en\\\/garlands-cheapest-no-deposit-electric-company\\\/#breadcrumb\",\"itemListElement\":[{\"@type\":\"ListItem\",\"position\":1,\"name\":\"Home\",\"item\":\"https:\\\/\\\/powermepronto.com\\\/en\\\/\"},{\"@type\":\"ListItem\",\"position\":2,\"name\":\"Garland\u2019s Cheapest No-Deposit Electric Company\"}]},{\"@type\":\"WebSite\",\"@id\":\"https:\\\/\\\/powermepronto.com\\\/en\\\/#website\",\"url\":\"https:\\\/\\\/powermepronto.com\\\/en\\\/\",\"name\":\"Pronto Power\",\"description\":\"\",\"potentialAction\":[{\"@type\":\"SearchAction\",\"target\":{\"@type\":\"EntryPoint\",\"urlTemplate\":\"https:\\\/\\\/powermepronto.com\\\/en\\\/?s={search_term_string}\"},\"query-input\":{\"@type\":\"PropertyValueSpecification\",\"valueRequired\":true,\"valueName\":\"search_term_string\"}}],\"inLanguage\":\"en-US\"}]}<\/script>\n<!-- \/ Yoast SEO plugin. -->","yoast_head_json":{"title":"[:en]Garland\u2019s Cheapest No-Deposit Electric Company[:es]La compa\u00f1\u00eda de electricidad sin dep\u00f3sito m\u00e1s barata de Garland[:] - Pronto Power","description":"Pronto Power offers the lowest prepaid rates in Garland. Plus, no contract, no hidden fees, no credit check, and no ID check. Risk-free electric service. Call Pronto Power at 844.621.2852 to join free now.","robots":{"index":"index","follow":"follow","max-snippet":"max-snippet:-1","max-image-preview":"max-image-preview:large","max-video-preview":"max-video-preview:-1"},"canonical":"https:\/\/powermepronto.com\/en\/garlands-cheapest-no-deposit-electric-company\/","og_locale":"en_US","og_type":"article","og_title":"[:en]Garland\u2019s Cheapest No-Deposit Electric Company[:es]La compa\u00f1\u00eda de electricidad sin dep\u00f3sito m\u00e1s barata de Garland[:] - Pronto Power","og_description":"Pronto Power offers the lowest prepaid rates in Garland. Plus, no contract, no hidden fees, no credit check, and no ID check. Risk-free electric service. Call Pronto Power at 844.621.2852 to join free now.","og_url":"https:\/\/powermepronto.com\/en\/garlands-cheapest-no-deposit-electric-company\/","og_site_name":"Pronto Power","article_modified_time":"2019-05-31T07:55:12+00:00","twitter_card":"summary_large_image","twitter_misc":{"Est. reading time":"4 minutes"},"schema":{"@context":"https:\/\/schema.org","@graph":[{"@type":"WebPage","@id":"https:\/\/powermepronto.com\/en\/garlands-cheapest-no-deposit-electric-company\/","url":"https:\/\/powermepronto.com\/en\/garlands-cheapest-no-deposit-electric-company\/","name":"[:en]Garland\u2019s Cheapest No-Deposit Electric Company[:es]La compa\u00f1\u00eda de electricidad sin dep\u00f3sito m\u00e1s barata de Garland[:] - Pronto Power","isPartOf":{"@id":"https:\/\/powermepronto.com\/en\/#website"},"datePublished":"2019-05-11T10:53:50+00:00","dateModified":"2019-05-31T07:55:12+00:00","description":"Pronto Power offers the lowest prepaid rates in Garland. Plus, no contract, no hidden fees, no credit check, and no ID check. Risk-free electric service. Call Pronto Power at 844.621.2852 to join free now.","breadcrumb":{"@id":"https:\/\/powermepronto.com\/en\/garlands-cheapest-no-deposit-electric-company\/#breadcrumb"},"inLanguage":"en-US","potentialAction":[{"@type":"ReadAction","target":["https:\/\/powermepronto.com\/en\/garlands-cheapest-no-deposit-electric-company\/"]}]},{"@type":"BreadcrumbList","@id":"https:\/\/powermepronto.com\/en\/garlands-cheapest-no-deposit-electric-company\/#breadcrumb","itemListElement":[{"@type":"ListItem","position":1,"name":"Home","item":"https:\/\/powermepronto.com\/en\/"},{"@type":"ListItem","position":2,"name":"Garland\u2019s Cheapest No-Deposit Electric Company"}]},{"@type":"WebSite","@id":"https:\/\/powermepronto.com\/en\/#website","url":"https:\/\/powermepronto.com\/en\/","name":"Pronto Power","description":"","potentialAction":[{"@type":"SearchAction","target":{"@type":"EntryPoint","urlTemplate":"https:\/\/powermepronto.com\/en\/?s={search_term_string}"},"query-input":{"@type":"PropertyValueSpecification","valueRequired":true,"valueName":"search_term_string"}}],"inLanguage":"en-US"}]}},"_links":{"self":[{"href":"https:\/\/powermepronto.com\/en\/wp-json\/wp\/v2\/pages\/1393","targetHints":{"allow":["GET"]}}],"collection":[{"href":"https:\/\/powermepronto.com\/en\/wp-json\/wp\/v2\/pages"}],"about":[{"href":"https:\/\/powermepronto.com\/en\/wp-json\/wp\/v2\/types\/page"}],"author":[{"embeddable":true,"href":"https:\/\/powermepronto.com\/en\/wp-json\/wp\/v2\/users\/1"}],"replies":[{"embeddable":true,"href":"https:\/\/powermepronto.com\/en\/wp-json\/wp\/v2\/comments?post=1393"}],"version-history":[{"count":3,"href":"https:\/\/powermepronto.com\/en\/wp-json\/wp\/v2\/pages\/1393\/revisions"}],"predecessor-version":[{"id":1454,"href":"https:\/\/powermepronto.com\/en\/wp-json\/wp\/v2\/pages\/1393\/revisions\/1454"}],"wp:attachment":[{"href":"https:\/\/powermepronto.com\/en\/wp-json\/wp\/v2\/media?parent=1393"}],"curies":[{"name":"wp","href":"https:\/\/api.w.org\/{rel}","templated":true}]}}