{"id":1242,"date":"2019-02-08T21:16:26","date_gmt":"2019-02-08T21:16:26","guid":{"rendered":"http:\/\/www.powermepronto.com\/?page_id=1242"},"modified":"2019-02-19T15:34:50","modified_gmt":"2019-02-19T15:34:50","slug":"cheaper-than-all-other-prepay-electric-companies-in-denton","status":"publish","type":"page","link":"https:\/\/powermepronto.com\/en\/cheaper-than-all-other-prepay-electric-companies-in-denton\/","title":{"rendered":"Cheaper Than All Other Prepay Electric Companies in Denton"},"content":{"rendered":"<p><img loading=\"lazy\" decoding=\"async\" src=\"\/wp-content\/uploads\/2018\/10\/bigstock-144219044-300x200.jpg\" alt=\"\" width=\"300\" height=\"200\" class=\"alignright size-medium wp-image-1050\" srcset=\"https:\/\/powermepronto.com\/wp-content\/uploads\/2018\/10\/bigstock-144219044-300x200.jpg 300w, https:\/\/powermepronto.com\/wp-content\/uploads\/2018\/10\/bigstock-144219044-768x512.jpg 768w, https:\/\/powermepronto.com\/wp-content\/uploads\/2018\/10\/bigstock-144219044.jpg 1000w\" sizes=\"auto, (max-width: 300px) 100vw, 300px\" \/>Electricity is electricity, right? So, why should you pay higher rates with one company versus another?<\/p>\n<p>Of course, you shouldn\u2019t.<\/p>\n<p>So, the obvious answer is to go with the cheapest prepaid electric company you can find.<\/p>\n<p>&#8230;But then other worries run through your mind:<\/p>\n<ul>\n<li>Will they make you sign a contract?<\/li>\n<li>Will you have to pay all sorts of crazy hidden fees, like connection and disconnection fees, and fees for using certain amounts like 1000 kWh per month?<\/li>\n<li>Will they require a huge up-front deposit and have the goal of doing whatever they can to justify taking it from you?<\/li>\n<li>How will their customer service treat you?<\/li>\n<li>Will you have a credit and ID check?<\/li>\n<\/ul>\n<p>Basically, will you get the cheapest rates, but then end up feeling like you\u2019re held prisoner by that company?<\/p>\n<p>That may well end up being the case with many of the cheapest electric companies in Texas.<\/p>\n<p>&#8230;But it\u2019s not like that at all with Pronto Power.<\/p>\n<h2>Pronto Power Gives You The Cheapest Prepaid Rates in Denton &#8211; Without Annoying Hidden Fees, a Huge Up-Front Deposit, or Even a Contract to Sign! <\/h2>\n<p>Yep. The above headline is 100% true. It\u2019s not a joke.<\/p>\n<p>You really do get the cheapest prepaid rates. And there\u2019s no hidden fees. You don\u2019t have any up-front deposit to pay. And you don\u2019t even sign a contract.<\/p>\n<p>In other words: you have absolutely no risk whatsoever.<\/p>\n<p>Join Pronto Power without having your credit or ID checked. Get the cheapest prepaid rates. And if you\u2019re not happy at any time and for any reason, just cancel and go somewhere else! It really works like that.<\/p>\n<p>&#8230;But once you experience that we deliver 100% on our promises, you won\u2019t want to try another retail electric company in Texas.<\/p>\n<p>Plus, you also get amazingly helpful customer service reps who want to solve all your most difficult problems and concerns. We\u2019re here to help you through the most stressful of financial times and will happily grant you a deferred payment plan so your electricity stays on.<\/p>\n<p>Finally, with our electricity usage monitoring software, you can save an additional 20%. This software helps you understand how you use electricity. Then it\u2019s up to you to change your behavior and reap the savings.<\/p>\n<p>No electric company in Denton does prepaid electricity any better! Join Pronto Power today when you call <span class=\"affiliatecode\">844.621.2852<\/span>.<\/p>","protected":false},"excerpt":{"rendered":"<p>Electricity is electricity, right? So, why should you pay higher rates with one company versus another? Of course, you shouldn\u2019t. So, the obvious answer is to go with the cheapest prepaid electric company you can find. &#8230;But then other worries run through your mind: Will they make you sign a contract? Will you have to &hellip; <a href=\"https:\/\/powermepronto.com\/en\/cheaper-than-all-other-prepay-electric-companies-in-denton\/\" class=\"more-link\">Continue reading <span class=\"screen-reader-text\">Cheaper Than All Other Prepay Electric Companies in Denton<\/span><\/a><\/p>\n","protected":false},"author":1,"featured_media":0,"parent":0,"menu_order":0,"comment_status":"closed","ping_status":"closed","template":"","meta":{"_acf_changed":false,"_glsr_average":0,"_glsr_ranking":0,"_glsr_reviews":0,"footnotes":"","_links_to":"","_links_to_target":""},"class_list":["post-1242","page","type-page","status-publish","hentry"],"acf":[],"yoast_head":"<!-- This site is optimized with the Yoast SEO plugin v27.4 - https:\/\/yoast.com\/product\/yoast-seo-wordpress\/ -->\n<title>Cheaper Than All Other Prepay Electric Companies in Denton - Pronto Power<\/title>\n<meta name=\"description\" content=\"\u00bfNecesita la electricidad prepaga m\u00e1s barata en Denton? \u00bfQu\u00e9 hay de no tener que hacer un dep\u00f3sito, sin verificaci\u00f3n de identificaci\u00f3n, sin verificaci\u00f3n de cr\u00e9dito, sin cargos ocultos y sin contrato para firmar tambi\u00e9n? Obtenga todo eso cuando se una al Pronto Power gratis llamando al 844.621.2852 ahora.\" \/>\n<meta name=\"robots\" content=\"index, follow, max-snippet:-1, max-image-preview:large, max-video-preview:-1\" \/>\n<link rel=\"canonical\" href=\"https:\/\/powermepronto.com\/es\/cheaper-than-all-other-prepay-electric-companies-in-denton\/\" \/>\n<meta property=\"og:locale\" content=\"en_US\" \/>\n<meta property=\"og:type\" content=\"article\" \/>\n<meta property=\"og:title\" content=\"[:en]Cheaper Than All Other Prepay Electric Companies in Denton[:es]M\u00e1s barato que todas las dem\u00e1s empresas el\u00e9ctricas de prepago en Denton[:] - Pronto Power\" \/>\n<meta property=\"og:description\" content=\"\u00bfNecesita la electricidad prepaga m\u00e1s barata en Denton? \u00bfQu\u00e9 hay de no tener que hacer un dep\u00f3sito, sin verificaci\u00f3n de identificaci\u00f3n, sin verificaci\u00f3n de cr\u00e9dito, sin cargos ocultos y sin contrato para firmar tambi\u00e9n? Obtenga todo eso cuando se una al Pronto Power gratis llamando al 844.621.2852 ahora.\" \/>\n<meta property=\"og:url\" content=\"https:\/\/powermepronto.com\/es\/cheaper-than-all-other-prepay-electric-companies-in-denton\/\" \/>\n<meta property=\"og:site_name\" content=\"Pronto Power\" \/>\n<meta property=\"article:modified_time\" content=\"2019-02-19T15:34:50+00:00\" \/>\n<meta property=\"og:image\" content=\"https:\/\/powermepronto.com\/wp-content\/uploads\/2018\/10\/bigstock-144219044-300x200.jpg\" \/>\n<meta name=\"twitter:card\" content=\"summary_large_image\" \/>\n<meta name=\"twitter:label1\" content=\"Est. reading time\" \/>\n\t<meta name=\"twitter:data1\" content=\"4 minutes\" \/>\n<script type=\"application\/ld+json\" class=\"yoast-schema-graph\">{\"@context\":\"https:\\\/\\\/schema.org\",\"@graph\":[{\"@type\":\"WebPage\",\"@id\":\"https:\\\/\\\/powermepronto.com\\\/es\\\/cheaper-than-all-other-prepay-electric-companies-in-denton\\\/\",\"url\":\"https:\\\/\\\/powermepronto.com\\\/es\\\/cheaper-than-all-other-prepay-electric-companies-in-denton\\\/\",\"name\":\"[:en]Cheaper Than All Other Prepay Electric Companies in Denton[:es]M\u00e1s barato que todas las dem\u00e1s empresas el\u00e9ctricas de prepago en Denton[:] - Pronto Power\",\"isPartOf\":{\"@id\":\"https:\\\/\\\/powermepronto.com\\\/en\\\/#website\"},\"datePublished\":\"2019-02-08T21:16:26+00:00\",\"dateModified\":\"2019-02-19T15:34:50+00:00\",\"description\":\"\u00bfNecesita la electricidad prepaga m\u00e1s barata en Denton? \u00bfQu\u00e9 hay de no tener que hacer un dep\u00f3sito, sin verificaci\u00f3n de identificaci\u00f3n, sin verificaci\u00f3n de cr\u00e9dito, sin cargos ocultos y sin contrato para firmar tambi\u00e9n? Obtenga todo eso cuando se una al Pronto Power gratis llamando al 844.621.2852 ahora.\",\"breadcrumb\":{\"@id\":\"https:\\\/\\\/powermepronto.com\\\/es\\\/cheaper-than-all-other-prepay-electric-companies-in-denton\\\/#breadcrumb\"},\"inLanguage\":\"en-US\",\"potentialAction\":[{\"@type\":\"ReadAction\",\"target\":[\"https:\\\/\\\/powermepronto.com\\\/es\\\/cheaper-than-all-other-prepay-electric-companies-in-denton\\\/\"]}]},{\"@type\":\"BreadcrumbList\",\"@id\":\"https:\\\/\\\/powermepronto.com\\\/es\\\/cheaper-than-all-other-prepay-electric-companies-in-denton\\\/#breadcrumb\",\"itemListElement\":[{\"@type\":\"ListItem\",\"position\":1,\"name\":\"Home\",\"item\":\"https:\\\/\\\/powermepronto.com\\\/en\\\/\"},{\"@type\":\"ListItem\",\"position\":2,\"name\":\"M\u00e1s barato que todas las dem\u00e1s empresas el\u00e9ctricas de prepago en Denton\"}]},{\"@type\":\"WebSite\",\"@id\":\"https:\\\/\\\/powermepronto.com\\\/en\\\/#website\",\"url\":\"https:\\\/\\\/powermepronto.com\\\/en\\\/\",\"name\":\"Pronto Power\",\"description\":\"\",\"potentialAction\":[{\"@type\":\"SearchAction\",\"target\":{\"@type\":\"EntryPoint\",\"urlTemplate\":\"https:\\\/\\\/powermepronto.com\\\/en\\\/?s={search_term_string}\"},\"query-input\":{\"@type\":\"PropertyValueSpecification\",\"valueRequired\":true,\"valueName\":\"search_term_string\"}}],\"inLanguage\":\"en-US\"}]}<\/script>\n<!-- \/ Yoast SEO plugin. -->","yoast_head_json":{"title":"[:en]Cheaper Than All Other Prepay Electric Companies in Denton[:es]M\u00e1s barato que todas las dem\u00e1s empresas el\u00e9ctricas de prepago en Denton[:] - Pronto Power","description":"\u00bfNecesita la electricidad prepaga m\u00e1s barata en Denton? \u00bfQu\u00e9 hay de no tener que hacer un dep\u00f3sito, sin verificaci\u00f3n de identificaci\u00f3n, sin verificaci\u00f3n de cr\u00e9dito, sin cargos ocultos y sin contrato para firmar tambi\u00e9n? Obtenga todo eso cuando se una al Pronto Power gratis llamando al 844.621.2852 ahora.","robots":{"index":"index","follow":"follow","max-snippet":"max-snippet:-1","max-image-preview":"max-image-preview:large","max-video-preview":"max-video-preview:-1"},"canonical":"https:\/\/powermepronto.com\/es\/cheaper-than-all-other-prepay-electric-companies-in-denton\/","og_locale":"en_US","og_type":"article","og_title":"[:en]Cheaper Than All Other Prepay Electric Companies in Denton[:es]M\u00e1s barato que todas las dem\u00e1s empresas el\u00e9ctricas de prepago en Denton[:] - Pronto Power","og_description":"\u00bfNecesita la electricidad prepaga m\u00e1s barata en Denton? \u00bfQu\u00e9 hay de no tener que hacer un dep\u00f3sito, sin verificaci\u00f3n de identificaci\u00f3n, sin verificaci\u00f3n de cr\u00e9dito, sin cargos ocultos y sin contrato para firmar tambi\u00e9n? Obtenga todo eso cuando se una al Pronto Power gratis llamando al 844.621.2852 ahora.","og_url":"https:\/\/powermepronto.com\/es\/cheaper-than-all-other-prepay-electric-companies-in-denton\/","og_site_name":"Pronto Power","article_modified_time":"2019-02-19T15:34:50+00:00","og_image":[{"url":"https:\/\/powermepronto.com\/wp-content\/uploads\/2018\/10\/bigstock-144219044-300x200.jpg","type":"","width":"","height":""}],"twitter_card":"summary_large_image","twitter_misc":{"Est. reading time":"4 minutes"},"schema":{"@context":"https:\/\/schema.org","@graph":[{"@type":"WebPage","@id":"https:\/\/powermepronto.com\/es\/cheaper-than-all-other-prepay-electric-companies-in-denton\/","url":"https:\/\/powermepronto.com\/es\/cheaper-than-all-other-prepay-electric-companies-in-denton\/","name":"[:en]Cheaper Than All Other Prepay Electric Companies in Denton[:es]M\u00e1s barato que todas las dem\u00e1s empresas el\u00e9ctricas de prepago en Denton[:] - Pronto Power","isPartOf":{"@id":"https:\/\/powermepronto.com\/en\/#website"},"datePublished":"2019-02-08T21:16:26+00:00","dateModified":"2019-02-19T15:34:50+00:00","description":"\u00bfNecesita la electricidad prepaga m\u00e1s barata en Denton? \u00bfQu\u00e9 hay de no tener que hacer un dep\u00f3sito, sin verificaci\u00f3n de identificaci\u00f3n, sin verificaci\u00f3n de cr\u00e9dito, sin cargos ocultos y sin contrato para firmar tambi\u00e9n? Obtenga todo eso cuando se una al Pronto Power gratis llamando al 844.621.2852 ahora.","breadcrumb":{"@id":"https:\/\/powermepronto.com\/es\/cheaper-than-all-other-prepay-electric-companies-in-denton\/#breadcrumb"},"inLanguage":"en-US","potentialAction":[{"@type":"ReadAction","target":["https:\/\/powermepronto.com\/es\/cheaper-than-all-other-prepay-electric-companies-in-denton\/"]}]},{"@type":"BreadcrumbList","@id":"https:\/\/powermepronto.com\/es\/cheaper-than-all-other-prepay-electric-companies-in-denton\/#breadcrumb","itemListElement":[{"@type":"ListItem","position":1,"name":"Home","item":"https:\/\/powermepronto.com\/en\/"},{"@type":"ListItem","position":2,"name":"M\u00e1s barato que todas las dem\u00e1s empresas el\u00e9ctricas de prepago en Denton"}]},{"@type":"WebSite","@id":"https:\/\/powermepronto.com\/en\/#website","url":"https:\/\/powermepronto.com\/en\/","name":"Pronto Power","description":"","potentialAction":[{"@type":"SearchAction","target":{"@type":"EntryPoint","urlTemplate":"https:\/\/powermepronto.com\/en\/?s={search_term_string}"},"query-input":{"@type":"PropertyValueSpecification","valueRequired":true,"valueName":"search_term_string"}}],"inLanguage":"en-US"}]}},"_links":{"self":[{"href":"https:\/\/powermepronto.com\/en\/wp-json\/wp\/v2\/pages\/1242","targetHints":{"allow":["GET"]}}],"collection":[{"href":"https:\/\/powermepronto.com\/en\/wp-json\/wp\/v2\/pages"}],"about":[{"href":"https:\/\/powermepronto.com\/en\/wp-json\/wp\/v2\/types\/page"}],"author":[{"embeddable":true,"href":"https:\/\/powermepronto.com\/en\/wp-json\/wp\/v2\/users\/1"}],"replies":[{"embeddable":true,"href":"https:\/\/powermepronto.com\/en\/wp-json\/wp\/v2\/comments?post=1242"}],"version-history":[{"count":2,"href":"https:\/\/powermepronto.com\/en\/wp-json\/wp\/v2\/pages\/1242\/revisions"}],"predecessor-version":[{"id":1278,"href":"https:\/\/powermepronto.com\/en\/wp-json\/wp\/v2\/pages\/1242\/revisions\/1278"}],"wp:attachment":[{"href":"https:\/\/powermepronto.com\/en\/wp-json\/wp\/v2\/media?parent=1242"}],"curies":[{"name":"wp","href":"https:\/\/api.w.org\/{rel}","templated":true}]}}