{"id":1240,"date":"2019-02-08T21:14:19","date_gmt":"2019-02-08T21:14:19","guid":{"rendered":"http:\/\/www.powermepronto.com\/?page_id=1240"},"modified":"2022-12-21T04:21:22","modified_gmt":"2022-12-21T10:21:22","slug":"cheaper-than-all-other-prepaid-electricity-providers-in-dallas","status":"publish","type":"page","link":"https:\/\/powermepronto.com\/en\/cheaper-than-all-other-prepaid-electricity-providers-in-dallas\/","title":{"rendered":"Cheaper Than All Other Prepaid Electricity Providers in Dallas!"},"content":{"rendered":"<p><img loading=\"lazy\" decoding=\"async\" src=\"\/wp-content\/uploads\/2018\/10\/bigstock-Concept-Of-Expensive-Energy-Bi-1036464-300x200.jpg\" alt=\"\" width=\"300\" height=\"200\" class=\"alignright size-medium wp-image-1053\" srcset=\"https:\/\/powermepronto.com\/wp-content\/uploads\/2018\/10\/bigstock-Concept-Of-Expensive-Energy-Bi-1036464-300x200.jpg 300w, https:\/\/powermepronto.com\/wp-content\/uploads\/2018\/10\/bigstock-Concept-Of-Expensive-Energy-Bi-1036464-768x512.jpg 768w, https:\/\/powermepronto.com\/wp-content\/uploads\/2018\/10\/bigstock-Concept-Of-Expensive-Energy-Bi-1036464.jpg 1000w\" sizes=\"auto, (max-width: 300px) 100vw, 300px\" \/>Well, if we\u2019re cheaper than all other prepaid electricity providers in the Dallas\/Fort Worth Metroplex, there\u2019s gotta be some huge catch, right?<\/p>\n<p>Because, come on, what kind of company can actually afford to give you anything more than that?<\/p>\n<p>There\u2019s gotta be some tricky fees or something like that once you join, right?<\/p>\n<p>After all, that\u2019s been your experience with other electric providers in the area. They tell you all these wonderful stories of great energy savings, and then they end up nickle and diming you to death once you become a customer.<\/p>\n<h2>Pronto Power\u2019s Different! Get the Cheapest Prepaid Electricity Rates in Dallas, Without Hidden Fees or Signing a Contract<\/h2>\n<p>Well, Pronto Power\u2019s unlike all the rest.<\/p>\n<p>We know your typical experience. Another utility gives you grand promises of ridiculously cheap rates.<\/p>\n<p>But then you sign their contract. They force you to pay a huge up-front deposit you truly can\u2019t afford.<\/p>\n<p>And then when you become a customer, all these strange fees you didn\u2019t know about start coming up. Fees for paying over the phone. Fees for using certain amounts of electricity each month.<\/p>\n<p>Even fees for connecting and disconnecting your service.<\/p>\n<p>You get none of that with Pronto Power.<\/p>\n<h2>Pronto Power\u2019s So Affordable and Easy, It\u2019s Almost Absurd<\/h2>\n<p>When you join Pronto Power on our prepaid electricity plan, it\u2019s almost ridiculously easy.<\/p>\n<p>First, you don\u2019t sign a contract. There\u2019s no credit or ID check. You don\u2019t pay a huge up-front deposit.<\/p>\n<p>Then, you get emails or texts (or both, your choice) every day notifying you of your usage and account balance. Prepay however you want &#8211; monthly, weekly, or even daily. As long as you have just one penny in your account by 1 PM that day, your electricity stays on.<\/p>\n<p>It really is that simple.<\/p>\n<p>So instead of fighting your utility and worrying about what fee you\u2019ll get slapped with next, you just sit back and enjoy the cheapest rates of all providers in the Dallas area. By the way, if you see cheaper rates advertised elsewhere, make sure to read the fine print and understand all the potential fees competitors charge. Compare that to what you\u2019d pay at Pronto Power for an accurate and fair comparison.<\/p>\n<p>Sound good?<\/p>\n<p>Great. Call <span class=\"affiliatecode\">844.621.2852<\/span> to join Pronto Power and get connected within the hour (if your home has a smart meter).<\/p>","protected":false},"excerpt":{"rendered":"<p>Well, if we\u2019re cheaper than all other prepaid electricity providers in the Dallas\/Fort Worth Metroplex, there\u2019s gotta be some huge catch, right? Because, come on, what kind of company can actually afford to give you anything more than that? There\u2019s gotta be some tricky fees or something like that once you join, right? After all, &hellip; <a href=\"https:\/\/powermepronto.com\/en\/cheaper-than-all-other-prepaid-electricity-providers-in-dallas\/\" class=\"more-link\">Continue reading <span class=\"screen-reader-text\">Cheaper Than All Other Prepaid Electricity Providers in Dallas!<\/span><\/a><\/p>\n","protected":false},"author":1,"featured_media":0,"parent":0,"menu_order":0,"comment_status":"closed","ping_status":"closed","template":"","meta":{"_acf_changed":false,"_glsr_average":0,"_glsr_ranking":0,"_glsr_reviews":0,"footnotes":"","_links_to":"","_links_to_target":""},"class_list":["post-1240","page","type-page","status-publish","hentry"],"acf":[],"yoast_head":"<!-- This site is optimized with the Yoast SEO plugin v27.4 - https:\/\/yoast.com\/product\/yoast-seo-wordpress\/ -->\n<title>Cheaper Than All Other Prepaid Electricity Providers in Dallas! - Pronto Power<\/title>\n<meta name=\"description\" content=\"[:en]Get the cheapest prepaid electricity rates in all of Dallas when you join Pronto Power. No contract. No hidden fees. Just the lowest rates and great service. Call 844.621.2852 to join Pronto Power free now.[:es]Obtenga las tarifas de electricidad prepagas m\u00e1s baratas en todo Dallas cuando se una a Pronto Power. Sin contrato. Sin cuotas escondidas. S\u00f3lo las tarifas m\u00e1s bajas y un gran servicio. Llame al 844.621.2852 para unirse a Pronto Power gratis ahora.[:]\" \/>\n<meta name=\"robots\" content=\"index, follow, max-snippet:-1, max-image-preview:large, max-video-preview:-1\" \/>\n<link rel=\"canonical\" href=\"https:\/\/powermepronto.com\/cheaper-than-all-other-prepaid-electricity-providers-in-dallas\/\" \/>\n<meta property=\"og:locale\" content=\"en_US\" \/>\n<meta property=\"og:type\" content=\"article\" \/>\n<meta property=\"og:title\" content=\"[:en]Cheaper Than All Other Prepaid Electricity Providers in Dallas![:es]\u00a1M\u00e1s barato que todos los dem\u00e1s proveedores de electricidad prepagos en Dallas![:] - Pronto Power\" \/>\n<meta property=\"og:description\" content=\"[:en]Get the cheapest prepaid electricity rates in all of Dallas when you join Pronto Power. No contract. No hidden fees. Just the lowest rates and great service. Call 844.621.2852 to join Pronto Power free now.[:es]Obtenga las tarifas de electricidad prepagas m\u00e1s baratas en todo Dallas cuando se una a Pronto Power. Sin contrato. Sin cuotas escondidas. S\u00f3lo las tarifas m\u00e1s bajas y un gran servicio. Llame al 844.621.2852 para unirse a Pronto Power gratis ahora.[:]\" \/>\n<meta property=\"og:url\" content=\"https:\/\/powermepronto.com\/cheaper-than-all-other-prepaid-electricity-providers-in-dallas\/\" \/>\n<meta property=\"og:site_name\" content=\"Pronto Power\" \/>\n<meta property=\"article:modified_time\" content=\"2022-12-21T10:21:22+00:00\" \/>\n<meta name=\"twitter:card\" content=\"summary_large_image\" \/>\n<meta name=\"twitter:label1\" content=\"Est. reading time\" \/>\n\t<meta name=\"twitter:data1\" content=\"5 minutes\" \/>\n<script type=\"application\/ld+json\" class=\"yoast-schema-graph\">{\"@context\":\"https:\\\/\\\/schema.org\",\"@graph\":[{\"@type\":\"WebPage\",\"@id\":\"https:\\\/\\\/powermepronto.com\\\/cheaper-than-all-other-prepaid-electricity-providers-in-dallas\\\/\",\"url\":\"https:\\\/\\\/powermepronto.com\\\/cheaper-than-all-other-prepaid-electricity-providers-in-dallas\\\/\",\"name\":\"[:en]Cheaper Than All Other Prepaid Electricity Providers in Dallas![:es]\u00a1M\u00e1s barato que todos los dem\u00e1s proveedores de electricidad prepagos en Dallas![:] - Pronto Power\",\"isPartOf\":{\"@id\":\"https:\\\/\\\/powermepronto.com\\\/en\\\/#website\"},\"datePublished\":\"2019-02-08T21:14:19+00:00\",\"dateModified\":\"2022-12-21T10:21:22+00:00\",\"description\":\"[:en]Get the cheapest prepaid electricity rates in all of Dallas when you join Pronto Power. No contract. No hidden fees. Just the lowest rates and great service. Call 844.621.2852 to join Pronto Power free now.[:es]Obtenga las tarifas de electricidad prepagas m\u00e1s baratas en todo Dallas cuando se una a Pronto Power. Sin contrato. Sin cuotas escondidas. S\u00f3lo las tarifas m\u00e1s bajas y un gran servicio. Llame al 844.621.2852 para unirse a Pronto Power gratis ahora.[:]\",\"breadcrumb\":{\"@id\":\"https:\\\/\\\/powermepronto.com\\\/cheaper-than-all-other-prepaid-electricity-providers-in-dallas\\\/#breadcrumb\"},\"inLanguage\":\"en-US\",\"potentialAction\":[{\"@type\":\"ReadAction\",\"target\":[\"https:\\\/\\\/powermepronto.com\\\/cheaper-than-all-other-prepaid-electricity-providers-in-dallas\\\/\"]}]},{\"@type\":\"BreadcrumbList\",\"@id\":\"https:\\\/\\\/powermepronto.com\\\/cheaper-than-all-other-prepaid-electricity-providers-in-dallas\\\/#breadcrumb\",\"itemListElement\":[{\"@type\":\"ListItem\",\"position\":1,\"name\":\"Home\",\"item\":\"https:\\\/\\\/powermepronto.com\\\/en\\\/\"},{\"@type\":\"ListItem\",\"position\":2,\"name\":\"Cheaper Than All Other Prepaid Electricity Providers in Dallas!\"}]},{\"@type\":\"WebSite\",\"@id\":\"https:\\\/\\\/powermepronto.com\\\/en\\\/#website\",\"url\":\"https:\\\/\\\/powermepronto.com\\\/en\\\/\",\"name\":\"Pronto Power\",\"description\":\"\",\"potentialAction\":[{\"@type\":\"SearchAction\",\"target\":{\"@type\":\"EntryPoint\",\"urlTemplate\":\"https:\\\/\\\/powermepronto.com\\\/en\\\/?s={search_term_string}\"},\"query-input\":{\"@type\":\"PropertyValueSpecification\",\"valueRequired\":true,\"valueName\":\"search_term_string\"}}],\"inLanguage\":\"en-US\"}]}<\/script>\n<!-- \/ Yoast SEO plugin. -->","yoast_head_json":{"title":"[:en]Cheaper Than All Other Prepaid Electricity Providers in Dallas![:es]\u00a1M\u00e1s barato que todos los dem\u00e1s proveedores de electricidad prepagos en Dallas![:] - Pronto Power","description":"[:en]Get the cheapest prepaid electricity rates in all of Dallas when you join Pronto Power. No contract. No hidden fees. Just the lowest rates and great service. Call 844.621.2852 to join Pronto Power free now.[:es]Obtenga las tarifas de electricidad prepagas m\u00e1s baratas en todo Dallas cuando se una a Pronto Power. Sin contrato. Sin cuotas escondidas. S\u00f3lo las tarifas m\u00e1s bajas y un gran servicio. Llame al 844.621.2852 para unirse a Pronto Power gratis ahora.[:]","robots":{"index":"index","follow":"follow","max-snippet":"max-snippet:-1","max-image-preview":"max-image-preview:large","max-video-preview":"max-video-preview:-1"},"canonical":"https:\/\/powermepronto.com\/cheaper-than-all-other-prepaid-electricity-providers-in-dallas\/","og_locale":"en_US","og_type":"article","og_title":"[:en]Cheaper Than All Other Prepaid Electricity Providers in Dallas![:es]\u00a1M\u00e1s barato que todos los dem\u00e1s proveedores de electricidad prepagos en Dallas![:] - Pronto Power","og_description":"[:en]Get the cheapest prepaid electricity rates in all of Dallas when you join Pronto Power. No contract. No hidden fees. Just the lowest rates and great service. Call 844.621.2852 to join Pronto Power free now.[:es]Obtenga las tarifas de electricidad prepagas m\u00e1s baratas en todo Dallas cuando se una a Pronto Power. Sin contrato. Sin cuotas escondidas. S\u00f3lo las tarifas m\u00e1s bajas y un gran servicio. Llame al 844.621.2852 para unirse a Pronto Power gratis ahora.[:]","og_url":"https:\/\/powermepronto.com\/cheaper-than-all-other-prepaid-electricity-providers-in-dallas\/","og_site_name":"Pronto Power","article_modified_time":"2022-12-21T10:21:22+00:00","twitter_card":"summary_large_image","twitter_misc":{"Est. reading time":"5 minutes"},"schema":{"@context":"https:\/\/schema.org","@graph":[{"@type":"WebPage","@id":"https:\/\/powermepronto.com\/cheaper-than-all-other-prepaid-electricity-providers-in-dallas\/","url":"https:\/\/powermepronto.com\/cheaper-than-all-other-prepaid-electricity-providers-in-dallas\/","name":"[:en]Cheaper Than All Other Prepaid Electricity Providers in Dallas![:es]\u00a1M\u00e1s barato que todos los dem\u00e1s proveedores de electricidad prepagos en Dallas![:] - Pronto Power","isPartOf":{"@id":"https:\/\/powermepronto.com\/en\/#website"},"datePublished":"2019-02-08T21:14:19+00:00","dateModified":"2022-12-21T10:21:22+00:00","description":"[:en]Get the cheapest prepaid electricity rates in all of Dallas when you join Pronto Power. No contract. No hidden fees. Just the lowest rates and great service. Call 844.621.2852 to join Pronto Power free now.[:es]Obtenga las tarifas de electricidad prepagas m\u00e1s baratas en todo Dallas cuando se una a Pronto Power. Sin contrato. Sin cuotas escondidas. S\u00f3lo las tarifas m\u00e1s bajas y un gran servicio. Llame al 844.621.2852 para unirse a Pronto Power gratis ahora.[:]","breadcrumb":{"@id":"https:\/\/powermepronto.com\/cheaper-than-all-other-prepaid-electricity-providers-in-dallas\/#breadcrumb"},"inLanguage":"en-US","potentialAction":[{"@type":"ReadAction","target":["https:\/\/powermepronto.com\/cheaper-than-all-other-prepaid-electricity-providers-in-dallas\/"]}]},{"@type":"BreadcrumbList","@id":"https:\/\/powermepronto.com\/cheaper-than-all-other-prepaid-electricity-providers-in-dallas\/#breadcrumb","itemListElement":[{"@type":"ListItem","position":1,"name":"Home","item":"https:\/\/powermepronto.com\/en\/"},{"@type":"ListItem","position":2,"name":"Cheaper Than All Other Prepaid Electricity Providers in Dallas!"}]},{"@type":"WebSite","@id":"https:\/\/powermepronto.com\/en\/#website","url":"https:\/\/powermepronto.com\/en\/","name":"Pronto Power","description":"","potentialAction":[{"@type":"SearchAction","target":{"@type":"EntryPoint","urlTemplate":"https:\/\/powermepronto.com\/en\/?s={search_term_string}"},"query-input":{"@type":"PropertyValueSpecification","valueRequired":true,"valueName":"search_term_string"}}],"inLanguage":"en-US"}]}},"_links":{"self":[{"href":"https:\/\/powermepronto.com\/en\/wp-json\/wp\/v2\/pages\/1240","targetHints":{"allow":["GET"]}}],"collection":[{"href":"https:\/\/powermepronto.com\/en\/wp-json\/wp\/v2\/pages"}],"about":[{"href":"https:\/\/powermepronto.com\/en\/wp-json\/wp\/v2\/types\/page"}],"author":[{"embeddable":true,"href":"https:\/\/powermepronto.com\/en\/wp-json\/wp\/v2\/users\/1"}],"replies":[{"embeddable":true,"href":"https:\/\/powermepronto.com\/en\/wp-json\/wp\/v2\/comments?post=1240"}],"version-history":[{"count":6,"href":"https:\/\/powermepronto.com\/en\/wp-json\/wp\/v2\/pages\/1240\/revisions"}],"predecessor-version":[{"id":3493,"href":"https:\/\/powermepronto.com\/en\/wp-json\/wp\/v2\/pages\/1240\/revisions\/3493"}],"wp:attachment":[{"href":"https:\/\/powermepronto.com\/en\/wp-json\/wp\/v2\/media?parent=1240"}],"curies":[{"name":"wp","href":"https:\/\/api.w.org\/{rel}","templated":true}]}}