{"id":1156,"date":"2018-12-23T18:15:50","date_gmt":"2018-12-23T18:15:50","guid":{"rendered":"http:\/\/www.powermepronto.com\/?page_id=1156"},"modified":"2022-12-21T04:19:58","modified_gmt":"2022-12-21T10:19:58","slug":"cheaper-than-all-other-houston-electricity-providers","status":"publish","type":"page","link":"https:\/\/powermepronto.com\/en\/cheaper-than-all-other-houston-electricity-providers\/","title":{"rendered":"Cheaper Than All Other Houston Electricity Providers"},"content":{"rendered":"<p>With electricity in Texas, it\u2019s hard to tell what you actually pay.  <\/p>\n<p>Energy deregulation was supposed to make this a huge win for consumers. <\/p>\n<p>However, more than 15 years after the fact, there\u2019s mounting evidence that prices have actually gone up! <\/p>\n<p>Do you know what you actually pay for your electricity? <\/p>\n<p>Note that you have to include all the various fees. This could include late fees, hidden fees, estimated charges, connection fees, and anything else your electric provider could imagine. <\/p>\n<p>Once you add up all the costs and then divide that by your kWh usage, then you know your true electric costs. <\/p>\n<p>&#8230;But even though most companies may charge more than you\u2019ve ever paid, not all do. <\/p>\n<h2>What Makes Pronto Power Cheaper Than All Other Houston Electric Providers<\/h2>\n<p>We\u2019re cheaper than your current electric company because we never charge any hidden fees. <\/p>\n<p>Ever. <\/p>\n<p>You don\u2019t pay any \u201cestimated charges.\u201d And in fact, you don\u2019t pay any fees at all. <\/p>\n<p>You pay only for the electric you use. It\u2019s the cheapest overall rate. And that\u2019s all there is to it! <\/p>\n<p>You simply place your funds in a prepaid account.<\/p>\n<p>Then, you simply prepay monthly, weekly, or daily as it suits you and your budget. <\/p>\n<p>Can\u2019t make a payment? No problem. Call our friendly customer service team and we\u2019ll be happy to work out a payment plan with you that helps you make it through the toughest of financial difficulties. <\/p>\n<h2>How You Can Save an Additional 20-25% <\/h2>\n<p>When you become a customer, you get special access to a software tool that connects to your smart meter and shows you your electricity usage exactly as you use it. <\/p>\n<p>So, you can change what you do and watch your electricity usage change this very second! <\/p>\n<p>Our customers use this to save an average of 20-25% more versus customers who don\u2019t. <\/p>\n<p>Out of all the electric companies in Houston that you can choose, Pronto Power is the cheapest &#8211; with the best customer service. <\/p>\n<p>And you don\u2019t have to sign a contract. <\/p>\n<p>Just call <span class=\"affiliatecode\">844.621.2852<\/span> to join free now!<\/p>","protected":false},"excerpt":{"rendered":"<p>With electricity in Texas, it\u2019s hard to tell what you actually pay. Energy deregulation was supposed to make this a huge win for consumers. However, more than 15 years after the fact, there\u2019s mounting evidence that prices have actually gone up! Do you know what you actually pay for your electricity? Note that you have &hellip; <a href=\"https:\/\/powermepronto.com\/en\/cheaper-than-all-other-houston-electricity-providers\/\" class=\"more-link\">Continue reading <span class=\"screen-reader-text\">Cheaper Than All Other Houston Electricity Providers<\/span><\/a><\/p>\n","protected":false},"author":1,"featured_media":0,"parent":0,"menu_order":0,"comment_status":"closed","ping_status":"closed","template":"","meta":{"_acf_changed":false,"_glsr_average":0,"_glsr_ranking":0,"_glsr_reviews":0,"footnotes":"","_links_to":"","_links_to_target":""},"class_list":["post-1156","page","type-page","status-publish","hentry"],"acf":[],"yoast_head":"<!-- This site is optimized with the Yoast SEO plugin v27.5 - https:\/\/yoast.com\/product\/yoast-seo-wordpress\/ -->\n<title>Cheaper Than All Other Houston Electricity Providers - Pronto Power<\/title>\n<meta name=\"description\" content=\"[:en]How much do you pay for your electricity, including all the fees? Yep. Pronto Power can beat that. Find out how we make your service cheaper than all other electricity providers in Houston.[:es]Cu\u00e1nto paga por su electricidad, incluidas todas las tarifas? S\u00ed. Pronto Power puede vencer eso. Descubra c\u00f3mo hacemos que su servicio sea m\u00e1s barato que todos los dem\u00e1s proveedores de electricidad en Houston.[:]\" \/>\n<meta name=\"robots\" content=\"index, follow, max-snippet:-1, max-image-preview:large, max-video-preview:-1\" \/>\n<link rel=\"canonical\" href=\"https:\/\/powermepronto.com\/cheaper-than-all-other-houston-electricity-providers\/\" \/>\n<meta property=\"og:locale\" content=\"en_US\" \/>\n<meta property=\"og:type\" content=\"article\" \/>\n<meta property=\"og:title\" content=\"[:en]Cheaper Than All Other Houston Electricity Providers[:es]M\u00e1s barato que todos los dem\u00e1s proveedores de electricidad de Houston[:] - Pronto Power\" \/>\n<meta property=\"og:description\" content=\"[:en]How much do you pay for your electricity, including all the fees? Yep. Pronto Power can beat that. Find out how we make your service cheaper than all other electricity providers in Houston.[:es]Cu\u00e1nto paga por su electricidad, incluidas todas las tarifas? S\u00ed. Pronto Power puede vencer eso. Descubra c\u00f3mo hacemos que su servicio sea m\u00e1s barato que todos los dem\u00e1s proveedores de electricidad en Houston.[:]\" \/>\n<meta property=\"og:url\" content=\"https:\/\/powermepronto.com\/cheaper-than-all-other-houston-electricity-providers\/\" \/>\n<meta property=\"og:site_name\" content=\"Pronto Power\" \/>\n<meta property=\"article:modified_time\" content=\"2022-12-21T10:19:58+00:00\" \/>\n<meta name=\"twitter:card\" content=\"summary_large_image\" \/>\n<meta name=\"twitter:label1\" content=\"Est. reading time\" \/>\n\t<meta name=\"twitter:data1\" content=\"4 minutes\" \/>\n<script type=\"application\/ld+json\" class=\"yoast-schema-graph\">{\"@context\":\"https:\\\/\\\/schema.org\",\"@graph\":[{\"@type\":\"WebPage\",\"@id\":\"https:\\\/\\\/powermepronto.com\\\/cheaper-than-all-other-houston-electricity-providers\\\/\",\"url\":\"https:\\\/\\\/powermepronto.com\\\/cheaper-than-all-other-houston-electricity-providers\\\/\",\"name\":\"[:en]Cheaper Than All Other Houston Electricity Providers[:es]M\u00e1s barato que todos los dem\u00e1s proveedores de electricidad de Houston[:] - Pronto Power\",\"isPartOf\":{\"@id\":\"https:\\\/\\\/powermepronto.com\\\/en\\\/#website\"},\"datePublished\":\"2018-12-23T18:15:50+00:00\",\"dateModified\":\"2022-12-21T10:19:58+00:00\",\"description\":\"[:en]How much do you pay for your electricity, including all the fees? Yep. Pronto Power can beat that. Find out how we make your service cheaper than all other electricity providers in Houston.[:es]Cu\u00e1nto paga por su electricidad, incluidas todas las tarifas? S\u00ed. Pronto Power puede vencer eso. Descubra c\u00f3mo hacemos que su servicio sea m\u00e1s barato que todos los dem\u00e1s proveedores de electricidad en Houston.[:]\",\"breadcrumb\":{\"@id\":\"https:\\\/\\\/powermepronto.com\\\/cheaper-than-all-other-houston-electricity-providers\\\/#breadcrumb\"},\"inLanguage\":\"en-US\",\"potentialAction\":[{\"@type\":\"ReadAction\",\"target\":[\"https:\\\/\\\/powermepronto.com\\\/cheaper-than-all-other-houston-electricity-providers\\\/\"]}]},{\"@type\":\"BreadcrumbList\",\"@id\":\"https:\\\/\\\/powermepronto.com\\\/cheaper-than-all-other-houston-electricity-providers\\\/#breadcrumb\",\"itemListElement\":[{\"@type\":\"ListItem\",\"position\":1,\"name\":\"Home\",\"item\":\"https:\\\/\\\/powermepronto.com\\\/en\\\/\"},{\"@type\":\"ListItem\",\"position\":2,\"name\":\"Cheaper Than All Other Houston Electricity Providers\"}]},{\"@type\":\"WebSite\",\"@id\":\"https:\\\/\\\/powermepronto.com\\\/en\\\/#website\",\"url\":\"https:\\\/\\\/powermepronto.com\\\/en\\\/\",\"name\":\"Pronto Power\",\"description\":\"\",\"potentialAction\":[{\"@type\":\"SearchAction\",\"target\":{\"@type\":\"EntryPoint\",\"urlTemplate\":\"https:\\\/\\\/powermepronto.com\\\/en\\\/?s={search_term_string}\"},\"query-input\":{\"@type\":\"PropertyValueSpecification\",\"valueRequired\":true,\"valueName\":\"search_term_string\"}}],\"inLanguage\":\"en-US\"}]}<\/script>\n<!-- \/ Yoast SEO plugin. -->","yoast_head_json":{"title":"[:en]Cheaper Than All Other Houston Electricity Providers[:es]M\u00e1s barato que todos los dem\u00e1s proveedores de electricidad de Houston[:] - Pronto Power","description":"[:en]How much do you pay for your electricity, including all the fees? Yep. Pronto Power can beat that. Find out how we make your service cheaper than all other electricity providers in Houston.[:es]Cu\u00e1nto paga por su electricidad, incluidas todas las tarifas? S\u00ed. Pronto Power puede vencer eso. Descubra c\u00f3mo hacemos que su servicio sea m\u00e1s barato que todos los dem\u00e1s proveedores de electricidad en Houston.[:]","robots":{"index":"index","follow":"follow","max-snippet":"max-snippet:-1","max-image-preview":"max-image-preview:large","max-video-preview":"max-video-preview:-1"},"canonical":"https:\/\/powermepronto.com\/cheaper-than-all-other-houston-electricity-providers\/","og_locale":"en_US","og_type":"article","og_title":"[:en]Cheaper Than All Other Houston Electricity Providers[:es]M\u00e1s barato que todos los dem\u00e1s proveedores de electricidad de Houston[:] - Pronto Power","og_description":"[:en]How much do you pay for your electricity, including all the fees? Yep. Pronto Power can beat that. Find out how we make your service cheaper than all other electricity providers in Houston.[:es]Cu\u00e1nto paga por su electricidad, incluidas todas las tarifas? S\u00ed. Pronto Power puede vencer eso. Descubra c\u00f3mo hacemos que su servicio sea m\u00e1s barato que todos los dem\u00e1s proveedores de electricidad en Houston.[:]","og_url":"https:\/\/powermepronto.com\/cheaper-than-all-other-houston-electricity-providers\/","og_site_name":"Pronto Power","article_modified_time":"2022-12-21T10:19:58+00:00","twitter_card":"summary_large_image","twitter_misc":{"Est. reading time":"4 minutes"},"schema":{"@context":"https:\/\/schema.org","@graph":[{"@type":"WebPage","@id":"https:\/\/powermepronto.com\/cheaper-than-all-other-houston-electricity-providers\/","url":"https:\/\/powermepronto.com\/cheaper-than-all-other-houston-electricity-providers\/","name":"[:en]Cheaper Than All Other Houston Electricity Providers[:es]M\u00e1s barato que todos los dem\u00e1s proveedores de electricidad de Houston[:] - Pronto Power","isPartOf":{"@id":"https:\/\/powermepronto.com\/en\/#website"},"datePublished":"2018-12-23T18:15:50+00:00","dateModified":"2022-12-21T10:19:58+00:00","description":"[:en]How much do you pay for your electricity, including all the fees? Yep. Pronto Power can beat that. Find out how we make your service cheaper than all other electricity providers in Houston.[:es]Cu\u00e1nto paga por su electricidad, incluidas todas las tarifas? S\u00ed. Pronto Power puede vencer eso. Descubra c\u00f3mo hacemos que su servicio sea m\u00e1s barato que todos los dem\u00e1s proveedores de electricidad en Houston.[:]","breadcrumb":{"@id":"https:\/\/powermepronto.com\/cheaper-than-all-other-houston-electricity-providers\/#breadcrumb"},"inLanguage":"en-US","potentialAction":[{"@type":"ReadAction","target":["https:\/\/powermepronto.com\/cheaper-than-all-other-houston-electricity-providers\/"]}]},{"@type":"BreadcrumbList","@id":"https:\/\/powermepronto.com\/cheaper-than-all-other-houston-electricity-providers\/#breadcrumb","itemListElement":[{"@type":"ListItem","position":1,"name":"Home","item":"https:\/\/powermepronto.com\/en\/"},{"@type":"ListItem","position":2,"name":"Cheaper Than All Other Houston Electricity Providers"}]},{"@type":"WebSite","@id":"https:\/\/powermepronto.com\/en\/#website","url":"https:\/\/powermepronto.com\/en\/","name":"Pronto Power","description":"","potentialAction":[{"@type":"SearchAction","target":{"@type":"EntryPoint","urlTemplate":"https:\/\/powermepronto.com\/en\/?s={search_term_string}"},"query-input":{"@type":"PropertyValueSpecification","valueRequired":true,"valueName":"search_term_string"}}],"inLanguage":"en-US"}]}},"_links":{"self":[{"href":"https:\/\/powermepronto.com\/en\/wp-json\/wp\/v2\/pages\/1156","targetHints":{"allow":["GET"]}}],"collection":[{"href":"https:\/\/powermepronto.com\/en\/wp-json\/wp\/v2\/pages"}],"about":[{"href":"https:\/\/powermepronto.com\/en\/wp-json\/wp\/v2\/types\/page"}],"author":[{"embeddable":true,"href":"https:\/\/powermepronto.com\/en\/wp-json\/wp\/v2\/users\/1"}],"replies":[{"embeddable":true,"href":"https:\/\/powermepronto.com\/en\/wp-json\/wp\/v2\/comments?post=1156"}],"version-history":[{"count":4,"href":"https:\/\/powermepronto.com\/en\/wp-json\/wp\/v2\/pages\/1156\/revisions"}],"predecessor-version":[{"id":3490,"href":"https:\/\/powermepronto.com\/en\/wp-json\/wp\/v2\/pages\/1156\/revisions\/3490"}],"wp:attachment":[{"href":"https:\/\/powermepronto.com\/en\/wp-json\/wp\/v2\/media?parent=1156"}],"curies":[{"name":"wp","href":"https:\/\/api.w.org\/{rel}","templated":true}]}}