{"id":1153,"date":"2018-12-23T18:11:16","date_gmt":"2018-12-23T18:11:16","guid":{"rendered":"http:\/\/www.powermepronto.com\/?page_id=1153"},"modified":"2022-12-21T04:15:08","modified_gmt":"2022-12-21T10:15:08","slug":"cheaper-than-all-other-electricity-providers-in-houston-bar-none","status":"publish","type":"page","link":"https:\/\/powermepronto.com\/en\/cheaper-than-all-other-electricity-providers-in-houston-bar-none\/","title":{"rendered":"Cheaper Than All Other Electricity Providers in Houston. Bar None."},"content":{"rendered":"<p>Has this ever happened to you: <\/p>\n<p>You find an insanely cheap deal on electricity. Maybe just 2-6 cents per kWh. <\/p>\n<p>Excited, you rush to sign the company\u2019s contract and join. <\/p>\n<p>You read a little bit about their fees and policies. <\/p>\n<p>You pay their deposit. <\/p>\n<p>And you feel absolutely great because you know you\u2019re saving so much. <\/p>\n<p>Then, you find yourself hit with a $200 fee. Apparently, you crossed a usage threshold of 1000 kWh. <\/p>\n<p>Customer service has also forced you to pay a fee just for taking your payment over the phone. <\/p>\n<p>Frustrated, you also find that when you don\u2019t want to renew your contract, you pay a disconnection fee. <\/p>\n<p>And, did you check your bill to see if you pay the dreaded \u201cestimated charges?\u201d<\/p>\n<p>REPs use this to estimate your usage certain months based on past months. <\/p>\n<p>And guess who\u2019s favor they estimate in? <\/p>\n<p>Aaaargghh! What at first appeared a dream has now become a nightmare.  <\/p>\n<p>What can you do? <\/p>\n<h2>Join Pronto Power: Cheaper Than All Other Houston Electricity Providers With No Hidden Fees or Contract<\/h2>\n<p>At Pronto Power, we charge you a single kWh rate. <\/p>\n<p>&#8230;And that\u2019s it! <\/p>\n<p>You don\u2019t sign a contract intended to trap you in a relationship that\u2019s only beneficial to the company. <\/p>\n<p>You don\u2019t pay hidden fees. <\/p>\n<p>In fact, you don\u2019t pay fees of any kind. <\/p>\n<p>Instead, you simply prepay for your electricity however you want: monthly, weekly, or daily if needed. <\/p>\n<p>If you have trouble paying your bill, don\u2019t sweat it. Just call our friendly customer service team and we\u2019re happy to work out a payment arrangement with you.<\/p>\n<p>And with a good payment history, you can eventually switch to normal post-pay at the end of the month. <\/p>\n<p>So, you get consistent, fair, and the cheapest rates in Houston, with no contract, and no hidden fees. <\/p>\n<p>Sounds good? <\/p>\n<p>Great. We\u2019d love to have you. Call <span class=\"affiliatecode\">844.621.2852<\/span> to join free today!<\/p>\n<p>PS&#8230;remember that you don\u2019t sign a contract. So this is a risk-free relationship! Join or cancel whenever you want, for any reason you want.<\/p>","protected":false},"excerpt":{"rendered":"<p>Has this ever happened to you: You find an insanely cheap deal on electricity. Maybe just 2-6 cents per kWh. Excited, you rush to sign the company\u2019s contract and join. You read a little bit about their fees and policies. You pay their deposit. And you feel absolutely great because you know you\u2019re saving so &hellip; <a href=\"https:\/\/powermepronto.com\/en\/cheaper-than-all-other-electricity-providers-in-houston-bar-none\/\" class=\"more-link\">Continue reading <span class=\"screen-reader-text\">Cheaper Than All Other Electricity Providers in Houston. Bar None.<\/span><\/a><\/p>\n","protected":false},"author":1,"featured_media":0,"parent":0,"menu_order":0,"comment_status":"closed","ping_status":"closed","template":"","meta":{"_acf_changed":false,"_glsr_average":0,"_glsr_ranking":0,"_glsr_reviews":0,"footnotes":"","_links_to":"","_links_to_target":""},"class_list":["post-1153","page","type-page","status-publish","hentry"],"acf":[],"yoast_head":"<!-- This site is optimized with the Yoast SEO plugin v27.4 - https:\/\/yoast.com\/product\/yoast-seo-wordpress\/ -->\n<title>Cheaper Than All Other Electricity Providers in Houston. Bar None. - Pronto Power<\/title>\n<meta name=\"description\" content=\"[:en]Pronto Power gives you cheaper rates than all other electricity providers in the Houston area. No credit or ID check. No contract. Join free today. Call 844.621.2852 now. [:es]Pronto Power le ofrece tarifas m\u00e1s baratas que todos los dem\u00e1s proveedores de electricidad en el \u00e1rea de Houston. Sin verificaci\u00f3n de cr\u00e9dito o identificaci\u00f3n. Sin contrato. \u00danete gratis hoy. Llame al 844.621.2852 ahora.[:]\" \/>\n<meta name=\"robots\" content=\"index, follow, max-snippet:-1, max-image-preview:large, max-video-preview:-1\" \/>\n<link rel=\"canonical\" href=\"https:\/\/powermepronto.com\/cheaper-than-all-other-electricity-providers-in-houston-bar-none\/\" \/>\n<meta property=\"og:locale\" content=\"en_US\" \/>\n<meta property=\"og:type\" content=\"article\" \/>\n<meta property=\"og:title\" content=\"[:en]Cheaper Than All Other Electricity Providers in Houston. Bar None.[:es]M\u00e1s barato que todos los dem\u00e1s proveedores de electricidad en Houston. Sin excepci\u00f3n.[:] - Pronto Power\" \/>\n<meta property=\"og:description\" content=\"[:en]Pronto Power gives you cheaper rates than all other electricity providers in the Houston area. No credit or ID check. No contract. Join free today. Call 844.621.2852 now. [:es]Pronto Power le ofrece tarifas m\u00e1s baratas que todos los dem\u00e1s proveedores de electricidad en el \u00e1rea de Houston. Sin verificaci\u00f3n de cr\u00e9dito o identificaci\u00f3n. Sin contrato. \u00danete gratis hoy. Llame al 844.621.2852 ahora.[:]\" \/>\n<meta property=\"og:url\" content=\"https:\/\/powermepronto.com\/cheaper-than-all-other-electricity-providers-in-houston-bar-none\/\" \/>\n<meta property=\"og:site_name\" content=\"Pronto Power\" \/>\n<meta property=\"article:modified_time\" content=\"2022-12-21T10:15:08+00:00\" \/>\n<meta name=\"twitter:card\" content=\"summary_large_image\" \/>\n<meta name=\"twitter:label1\" content=\"Est. reading time\" \/>\n\t<meta name=\"twitter:data1\" content=\"4 minutes\" \/>\n<script type=\"application\/ld+json\" class=\"yoast-schema-graph\">{\"@context\":\"https:\\\/\\\/schema.org\",\"@graph\":[{\"@type\":\"WebPage\",\"@id\":\"https:\\\/\\\/powermepronto.com\\\/cheaper-than-all-other-electricity-providers-in-houston-bar-none\\\/\",\"url\":\"https:\\\/\\\/powermepronto.com\\\/cheaper-than-all-other-electricity-providers-in-houston-bar-none\\\/\",\"name\":\"[:en]Cheaper Than All Other Electricity Providers in Houston. Bar None.[:es]M\u00e1s barato que todos los dem\u00e1s proveedores de electricidad en Houston. Sin excepci\u00f3n.[:] - Pronto Power\",\"isPartOf\":{\"@id\":\"https:\\\/\\\/powermepronto.com\\\/en\\\/#website\"},\"datePublished\":\"2018-12-23T18:11:16+00:00\",\"dateModified\":\"2022-12-21T10:15:08+00:00\",\"description\":\"[:en]Pronto Power gives you cheaper rates than all other electricity providers in the Houston area. No credit or ID check. No contract. Join free today. Call 844.621.2852 now. [:es]Pronto Power le ofrece tarifas m\u00e1s baratas que todos los dem\u00e1s proveedores de electricidad en el \u00e1rea de Houston. Sin verificaci\u00f3n de cr\u00e9dito o identificaci\u00f3n. Sin contrato. \u00danete gratis hoy. Llame al 844.621.2852 ahora.[:]\",\"breadcrumb\":{\"@id\":\"https:\\\/\\\/powermepronto.com\\\/cheaper-than-all-other-electricity-providers-in-houston-bar-none\\\/#breadcrumb\"},\"inLanguage\":\"en-US\",\"potentialAction\":[{\"@type\":\"ReadAction\",\"target\":[\"https:\\\/\\\/powermepronto.com\\\/cheaper-than-all-other-electricity-providers-in-houston-bar-none\\\/\"]}]},{\"@type\":\"BreadcrumbList\",\"@id\":\"https:\\\/\\\/powermepronto.com\\\/cheaper-than-all-other-electricity-providers-in-houston-bar-none\\\/#breadcrumb\",\"itemListElement\":[{\"@type\":\"ListItem\",\"position\":1,\"name\":\"Home\",\"item\":\"https:\\\/\\\/powermepronto.com\\\/en\\\/\"},{\"@type\":\"ListItem\",\"position\":2,\"name\":\"Cheaper Than All Other Electricity Providers in Houston. Bar None.\"}]},{\"@type\":\"WebSite\",\"@id\":\"https:\\\/\\\/powermepronto.com\\\/en\\\/#website\",\"url\":\"https:\\\/\\\/powermepronto.com\\\/en\\\/\",\"name\":\"Pronto Power\",\"description\":\"\",\"potentialAction\":[{\"@type\":\"SearchAction\",\"target\":{\"@type\":\"EntryPoint\",\"urlTemplate\":\"https:\\\/\\\/powermepronto.com\\\/en\\\/?s={search_term_string}\"},\"query-input\":{\"@type\":\"PropertyValueSpecification\",\"valueRequired\":true,\"valueName\":\"search_term_string\"}}],\"inLanguage\":\"en-US\"}]}<\/script>\n<!-- \/ Yoast SEO plugin. -->","yoast_head_json":{"title":"[:en]Cheaper Than All Other Electricity Providers in Houston. Bar None.[:es]M\u00e1s barato que todos los dem\u00e1s proveedores de electricidad en Houston. Sin excepci\u00f3n.[:] - Pronto Power","description":"[:en]Pronto Power gives you cheaper rates than all other electricity providers in the Houston area. No credit or ID check. No contract. Join free today. Call 844.621.2852 now. [:es]Pronto Power le ofrece tarifas m\u00e1s baratas que todos los dem\u00e1s proveedores de electricidad en el \u00e1rea de Houston. Sin verificaci\u00f3n de cr\u00e9dito o identificaci\u00f3n. Sin contrato. \u00danete gratis hoy. Llame al 844.621.2852 ahora.[:]","robots":{"index":"index","follow":"follow","max-snippet":"max-snippet:-1","max-image-preview":"max-image-preview:large","max-video-preview":"max-video-preview:-1"},"canonical":"https:\/\/powermepronto.com\/cheaper-than-all-other-electricity-providers-in-houston-bar-none\/","og_locale":"en_US","og_type":"article","og_title":"[:en]Cheaper Than All Other Electricity Providers in Houston. Bar None.[:es]M\u00e1s barato que todos los dem\u00e1s proveedores de electricidad en Houston. Sin excepci\u00f3n.[:] - Pronto Power","og_description":"[:en]Pronto Power gives you cheaper rates than all other electricity providers in the Houston area. No credit or ID check. No contract. Join free today. Call 844.621.2852 now. [:es]Pronto Power le ofrece tarifas m\u00e1s baratas que todos los dem\u00e1s proveedores de electricidad en el \u00e1rea de Houston. Sin verificaci\u00f3n de cr\u00e9dito o identificaci\u00f3n. Sin contrato. \u00danete gratis hoy. Llame al 844.621.2852 ahora.[:]","og_url":"https:\/\/powermepronto.com\/cheaper-than-all-other-electricity-providers-in-houston-bar-none\/","og_site_name":"Pronto Power","article_modified_time":"2022-12-21T10:15:08+00:00","twitter_card":"summary_large_image","twitter_misc":{"Est. reading time":"4 minutes"},"schema":{"@context":"https:\/\/schema.org","@graph":[{"@type":"WebPage","@id":"https:\/\/powermepronto.com\/cheaper-than-all-other-electricity-providers-in-houston-bar-none\/","url":"https:\/\/powermepronto.com\/cheaper-than-all-other-electricity-providers-in-houston-bar-none\/","name":"[:en]Cheaper Than All Other Electricity Providers in Houston. Bar None.[:es]M\u00e1s barato que todos los dem\u00e1s proveedores de electricidad en Houston. Sin excepci\u00f3n.[:] - Pronto Power","isPartOf":{"@id":"https:\/\/powermepronto.com\/en\/#website"},"datePublished":"2018-12-23T18:11:16+00:00","dateModified":"2022-12-21T10:15:08+00:00","description":"[:en]Pronto Power gives you cheaper rates than all other electricity providers in the Houston area. No credit or ID check. No contract. Join free today. Call 844.621.2852 now. [:es]Pronto Power le ofrece tarifas m\u00e1s baratas que todos los dem\u00e1s proveedores de electricidad en el \u00e1rea de Houston. Sin verificaci\u00f3n de cr\u00e9dito o identificaci\u00f3n. Sin contrato. \u00danete gratis hoy. Llame al 844.621.2852 ahora.[:]","breadcrumb":{"@id":"https:\/\/powermepronto.com\/cheaper-than-all-other-electricity-providers-in-houston-bar-none\/#breadcrumb"},"inLanguage":"en-US","potentialAction":[{"@type":"ReadAction","target":["https:\/\/powermepronto.com\/cheaper-than-all-other-electricity-providers-in-houston-bar-none\/"]}]},{"@type":"BreadcrumbList","@id":"https:\/\/powermepronto.com\/cheaper-than-all-other-electricity-providers-in-houston-bar-none\/#breadcrumb","itemListElement":[{"@type":"ListItem","position":1,"name":"Home","item":"https:\/\/powermepronto.com\/en\/"},{"@type":"ListItem","position":2,"name":"Cheaper Than All Other Electricity Providers in Houston. Bar None."}]},{"@type":"WebSite","@id":"https:\/\/powermepronto.com\/en\/#website","url":"https:\/\/powermepronto.com\/en\/","name":"Pronto Power","description":"","potentialAction":[{"@type":"SearchAction","target":{"@type":"EntryPoint","urlTemplate":"https:\/\/powermepronto.com\/en\/?s={search_term_string}"},"query-input":{"@type":"PropertyValueSpecification","valueRequired":true,"valueName":"search_term_string"}}],"inLanguage":"en-US"}]}},"_links":{"self":[{"href":"https:\/\/powermepronto.com\/en\/wp-json\/wp\/v2\/pages\/1153","targetHints":{"allow":["GET"]}}],"collection":[{"href":"https:\/\/powermepronto.com\/en\/wp-json\/wp\/v2\/pages"}],"about":[{"href":"https:\/\/powermepronto.com\/en\/wp-json\/wp\/v2\/types\/page"}],"author":[{"embeddable":true,"href":"https:\/\/powermepronto.com\/en\/wp-json\/wp\/v2\/users\/1"}],"replies":[{"embeddable":true,"href":"https:\/\/powermepronto.com\/en\/wp-json\/wp\/v2\/comments?post=1153"}],"version-history":[{"count":2,"href":"https:\/\/powermepronto.com\/en\/wp-json\/wp\/v2\/pages\/1153\/revisions"}],"predecessor-version":[{"id":3489,"href":"https:\/\/powermepronto.com\/en\/wp-json\/wp\/v2\/pages\/1153\/revisions\/3489"}],"wp:attachment":[{"href":"https:\/\/powermepronto.com\/en\/wp-json\/wp\/v2\/media?parent=1153"}],"curies":[{"name":"wp","href":"https:\/\/api.w.org\/{rel}","templated":true}]}}