{"id":1134,"date":"2018-12-19T12:48:02","date_gmt":"2018-12-19T12:48:02","guid":{"rendered":"http:\/\/www.powermepronto.com\/?page_id=1134"},"modified":"2018-12-25T12:49:29","modified_gmt":"2018-12-25T12:49:29","slug":"bedfords-only-no-deposit-electricity-company-with-the-lowest-kwh-rates","status":"publish","type":"page","link":"https:\/\/powermepronto.com\/en\/bedfords-only-no-deposit-electricity-company-with-the-lowest-kwh-rates\/","title":{"rendered":"Bedford\u2019s Only No-Deposit Electricity Company With the Lowest KWH Rates!"},"content":{"rendered":"<p>Want:<\/p>\n<ul>\n<li>The lowest rates in Bedford, Texas?<\/li>\n<li>To not have to pay a deposit?<\/li>\n<li>No contract to sign?<\/li>\n<li>No hidden fees to pay?<\/li>\n<li>No ID or credit check?<\/li>\n<li>No connection or disconnection fees?<\/li>\n<li>To save an additional 20-25% off the quoted rate you sign up for?<\/li>\n<li>A customer service team excited to help you keep your electricity on when finances get tight?<\/li>\n<li>A simple, straightforward electric company whose bills you don\u2019t have to supervise and audit at the end of each month?<\/li>\n<\/ul>\n<p>Well, you\u2019re in the right place because you get all of that and more with Pronto Power.<\/p>\n<h2>How Can Pronto Power Promise All This? It Sounds Too Good to Be True!<\/h2>\n<p>Unlike other prepaid electric companies in Texas, we care about you the customer as a person. We focus on long-term relationships rather than signing you up, emptying out your wallet as much as possible, and then throwing you away and moving on to another customer when you finally get angry and leave.<\/p>\n<p>Instead, we make the relationship a win-win that works for you and us. You get a great financial deal up-front and over the long haul. You stay with our company longer, and perhaps for many years.<\/p>\n<p>Because you stay with us instead of leaving, we don\u2019t have to invent new ways to charge hidden fees and take your money.<\/p>\n<p>You actually get the great service and cheap rates you\u2019re promised and that you pay your hard-earned money for!<\/p>\n<p>And we get happy customers and a profitable bottom line year after year.<\/p>\n<p>That\u2019s business the way it should be: everyone wins.<\/p>\n<h2>Plus, Save An Additional 20-25% &#8211; Even Versus Other Cheap Electric Companies<\/h2>\n<p>How do you get this?<\/p>\n<p>Simple. When you join, you get access to real-time electricity usage monitoring software that connects to your smart meter.<\/p>\n<p>Turn your TV off and on, and watch your electricity usage rise and fall. So, since you can identify all the ways you use electricity, and how much you save with each, you can change your behavior to be the most energy-efficient possible.<\/p>\n<p>Not only do you save 20-25% versus the average Texan, but you also do your part to save the environment too!<\/p>\n<p>That drops your kWh rate to 8.5 &#8211; 9.0 cents per hour, depending on how much you change your own behavior.<\/p>\n<p>And this is genuine savings because you never pay any hidden fees of any kind. Ever. For any reason.<\/p>\n<p>Simply prepay for your electricity &#8211; monthly, weekly, or even daily if you need to. Or call our customer service team if you find yourself in a pinch and can\u2019t pay your bill now.<\/p>\n<p>Just call Pronto Power to join free today (and even within the hour) at <span class=\"affiliatecode\">844.621.2852<\/span>!<\/p>","protected":false},"excerpt":{"rendered":"<p>Want: The lowest rates in Bedford, Texas? To not have to pay a deposit? No contract to sign? No hidden fees to pay? No ID or credit check? No connection or disconnection fees? To save an additional 20-25% off the quoted rate you sign up for? A customer service team excited to help you keep &hellip; <a href=\"https:\/\/powermepronto.com\/en\/bedfords-only-no-deposit-electricity-company-with-the-lowest-kwh-rates\/\" class=\"more-link\">Continue reading <span class=\"screen-reader-text\">Bedford\u2019s Only No-Deposit Electricity Company With the Lowest KWH Rates!<\/span><\/a><\/p>\n","protected":false},"author":1,"featured_media":0,"parent":0,"menu_order":0,"comment_status":"closed","ping_status":"closed","template":"","meta":{"_acf_changed":false,"_glsr_average":0,"_glsr_ranking":0,"_glsr_reviews":0,"footnotes":"","_links_to":"","_links_to_target":""},"class_list":["post-1134","page","type-page","status-publish","hentry"],"acf":[],"yoast_head":"<!-- This site is optimized with the Yoast SEO plugin v27.4 - https:\/\/yoast.com\/product\/yoast-seo-wordpress\/ -->\n<title>Bedford\u2019s Only No-Deposit Electricity Company With the Lowest KWH Rates! - Pronto Power<\/title>\n<meta name=\"description\" content=\"Want the cheapest rates in Bedford, Texas, but don\u2019t want to pay a huge deposit, hidden fees, or sign a contract? No problem! Plus, save an additional 20-25% too. Call 844.621.2852 to join Pronto Power free now.\" \/>\n<meta name=\"robots\" content=\"index, follow, max-snippet:-1, max-image-preview:large, max-video-preview:-1\" \/>\n<link rel=\"canonical\" href=\"https:\/\/powermepronto.com\/en\/bedfords-only-no-deposit-electricity-company-with-the-lowest-kwh-rates\/\" \/>\n<meta property=\"og:locale\" content=\"en_US\" \/>\n<meta property=\"og:type\" content=\"article\" \/>\n<meta property=\"og:title\" content=\"[:en]Bedford\u2019s Only No-Deposit Electricity Company With the Lowest KWH Rates![:es]\u00a1La \u00fanica compa\u00f1\u00eda de electricidad sin dep\u00f3sito de Bedford con las tarifas m\u00e1s bajas de KWH![:] - Pronto Power\" \/>\n<meta property=\"og:description\" content=\"Want the cheapest rates in Bedford, Texas, but don\u2019t want to pay a huge deposit, hidden fees, or sign a contract? No problem! Plus, save an additional 20-25% too. Call 844.621.2852 to join Pronto Power free now.\" \/>\n<meta property=\"og:url\" content=\"https:\/\/powermepronto.com\/en\/bedfords-only-no-deposit-electricity-company-with-the-lowest-kwh-rates\/\" \/>\n<meta property=\"og:site_name\" content=\"Pronto Power\" \/>\n<meta property=\"article:modified_time\" content=\"2018-12-25T12:49:29+00:00\" \/>\n<meta name=\"twitter:card\" content=\"summary_large_image\" \/>\n<meta name=\"twitter:label1\" content=\"Est. reading time\" \/>\n\t<meta name=\"twitter:data1\" content=\"5 minutes\" \/>\n<script type=\"application\/ld+json\" class=\"yoast-schema-graph\">{\"@context\":\"https:\\\/\\\/schema.org\",\"@graph\":[{\"@type\":\"WebPage\",\"@id\":\"https:\\\/\\\/powermepronto.com\\\/en\\\/bedfords-only-no-deposit-electricity-company-with-the-lowest-kwh-rates\\\/\",\"url\":\"https:\\\/\\\/powermepronto.com\\\/en\\\/bedfords-only-no-deposit-electricity-company-with-the-lowest-kwh-rates\\\/\",\"name\":\"[:en]Bedford\u2019s Only No-Deposit Electricity Company With the Lowest KWH Rates![:es]\u00a1La \u00fanica compa\u00f1\u00eda de electricidad sin dep\u00f3sito de Bedford con las tarifas m\u00e1s bajas de KWH![:] - Pronto Power\",\"isPartOf\":{\"@id\":\"https:\\\/\\\/powermepronto.com\\\/en\\\/#website\"},\"datePublished\":\"2018-12-19T12:48:02+00:00\",\"dateModified\":\"2018-12-25T12:49:29+00:00\",\"description\":\"Want the cheapest rates in Bedford, Texas, but don\u2019t want to pay a huge deposit, hidden fees, or sign a contract? No problem! Plus, save an additional 20-25% too. Call 844.621.2852 to join Pronto Power free now.\",\"breadcrumb\":{\"@id\":\"https:\\\/\\\/powermepronto.com\\\/en\\\/bedfords-only-no-deposit-electricity-company-with-the-lowest-kwh-rates\\\/#breadcrumb\"},\"inLanguage\":\"en-US\",\"potentialAction\":[{\"@type\":\"ReadAction\",\"target\":[\"https:\\\/\\\/powermepronto.com\\\/en\\\/bedfords-only-no-deposit-electricity-company-with-the-lowest-kwh-rates\\\/\"]}]},{\"@type\":\"BreadcrumbList\",\"@id\":\"https:\\\/\\\/powermepronto.com\\\/en\\\/bedfords-only-no-deposit-electricity-company-with-the-lowest-kwh-rates\\\/#breadcrumb\",\"itemListElement\":[{\"@type\":\"ListItem\",\"position\":1,\"name\":\"Home\",\"item\":\"https:\\\/\\\/powermepronto.com\\\/en\\\/\"},{\"@type\":\"ListItem\",\"position\":2,\"name\":\"Bedford\u2019s Only No-Deposit Electricity Company With the Lowest KWH Rates!\"}]},{\"@type\":\"WebSite\",\"@id\":\"https:\\\/\\\/powermepronto.com\\\/en\\\/#website\",\"url\":\"https:\\\/\\\/powermepronto.com\\\/en\\\/\",\"name\":\"Pronto Power\",\"description\":\"\",\"potentialAction\":[{\"@type\":\"SearchAction\",\"target\":{\"@type\":\"EntryPoint\",\"urlTemplate\":\"https:\\\/\\\/powermepronto.com\\\/en\\\/?s={search_term_string}\"},\"query-input\":{\"@type\":\"PropertyValueSpecification\",\"valueRequired\":true,\"valueName\":\"search_term_string\"}}],\"inLanguage\":\"en-US\"}]}<\/script>\n<!-- \/ Yoast SEO plugin. -->","yoast_head_json":{"title":"[:en]Bedford\u2019s Only No-Deposit Electricity Company With the Lowest KWH Rates![:es]\u00a1La \u00fanica compa\u00f1\u00eda de electricidad sin dep\u00f3sito de Bedford con las tarifas m\u00e1s bajas de KWH![:] - Pronto Power","description":"Want the cheapest rates in Bedford, Texas, but don\u2019t want to pay a huge deposit, hidden fees, or sign a contract? No problem! Plus, save an additional 20-25% too. Call 844.621.2852 to join Pronto Power free now.","robots":{"index":"index","follow":"follow","max-snippet":"max-snippet:-1","max-image-preview":"max-image-preview:large","max-video-preview":"max-video-preview:-1"},"canonical":"https:\/\/powermepronto.com\/en\/bedfords-only-no-deposit-electricity-company-with-the-lowest-kwh-rates\/","og_locale":"en_US","og_type":"article","og_title":"[:en]Bedford\u2019s Only No-Deposit Electricity Company With the Lowest KWH Rates![:es]\u00a1La \u00fanica compa\u00f1\u00eda de electricidad sin dep\u00f3sito de Bedford con las tarifas m\u00e1s bajas de KWH![:] - Pronto Power","og_description":"Want the cheapest rates in Bedford, Texas, but don\u2019t want to pay a huge deposit, hidden fees, or sign a contract? No problem! Plus, save an additional 20-25% too. Call 844.621.2852 to join Pronto Power free now.","og_url":"https:\/\/powermepronto.com\/en\/bedfords-only-no-deposit-electricity-company-with-the-lowest-kwh-rates\/","og_site_name":"Pronto Power","article_modified_time":"2018-12-25T12:49:29+00:00","twitter_card":"summary_large_image","twitter_misc":{"Est. reading time":"5 minutes"},"schema":{"@context":"https:\/\/schema.org","@graph":[{"@type":"WebPage","@id":"https:\/\/powermepronto.com\/en\/bedfords-only-no-deposit-electricity-company-with-the-lowest-kwh-rates\/","url":"https:\/\/powermepronto.com\/en\/bedfords-only-no-deposit-electricity-company-with-the-lowest-kwh-rates\/","name":"[:en]Bedford\u2019s Only No-Deposit Electricity Company With the Lowest KWH Rates![:es]\u00a1La \u00fanica compa\u00f1\u00eda de electricidad sin dep\u00f3sito de Bedford con las tarifas m\u00e1s bajas de KWH![:] - Pronto Power","isPartOf":{"@id":"https:\/\/powermepronto.com\/en\/#website"},"datePublished":"2018-12-19T12:48:02+00:00","dateModified":"2018-12-25T12:49:29+00:00","description":"Want the cheapest rates in Bedford, Texas, but don\u2019t want to pay a huge deposit, hidden fees, or sign a contract? No problem! Plus, save an additional 20-25% too. Call 844.621.2852 to join Pronto Power free now.","breadcrumb":{"@id":"https:\/\/powermepronto.com\/en\/bedfords-only-no-deposit-electricity-company-with-the-lowest-kwh-rates\/#breadcrumb"},"inLanguage":"en-US","potentialAction":[{"@type":"ReadAction","target":["https:\/\/powermepronto.com\/en\/bedfords-only-no-deposit-electricity-company-with-the-lowest-kwh-rates\/"]}]},{"@type":"BreadcrumbList","@id":"https:\/\/powermepronto.com\/en\/bedfords-only-no-deposit-electricity-company-with-the-lowest-kwh-rates\/#breadcrumb","itemListElement":[{"@type":"ListItem","position":1,"name":"Home","item":"https:\/\/powermepronto.com\/en\/"},{"@type":"ListItem","position":2,"name":"Bedford\u2019s Only No-Deposit Electricity Company With the Lowest KWH Rates!"}]},{"@type":"WebSite","@id":"https:\/\/powermepronto.com\/en\/#website","url":"https:\/\/powermepronto.com\/en\/","name":"Pronto Power","description":"","potentialAction":[{"@type":"SearchAction","target":{"@type":"EntryPoint","urlTemplate":"https:\/\/powermepronto.com\/en\/?s={search_term_string}"},"query-input":{"@type":"PropertyValueSpecification","valueRequired":true,"valueName":"search_term_string"}}],"inLanguage":"en-US"}]}},"_links":{"self":[{"href":"https:\/\/powermepronto.com\/en\/wp-json\/wp\/v2\/pages\/1134","targetHints":{"allow":["GET"]}}],"collection":[{"href":"https:\/\/powermepronto.com\/en\/wp-json\/wp\/v2\/pages"}],"about":[{"href":"https:\/\/powermepronto.com\/en\/wp-json\/wp\/v2\/types\/page"}],"author":[{"embeddable":true,"href":"https:\/\/powermepronto.com\/en\/wp-json\/wp\/v2\/users\/1"}],"replies":[{"embeddable":true,"href":"https:\/\/powermepronto.com\/en\/wp-json\/wp\/v2\/comments?post=1134"}],"version-history":[{"count":3,"href":"https:\/\/powermepronto.com\/en\/wp-json\/wp\/v2\/pages\/1134\/revisions"}],"predecessor-version":[{"id":1171,"href":"https:\/\/powermepronto.com\/en\/wp-json\/wp\/v2\/pages\/1134\/revisions\/1171"}],"wp:attachment":[{"href":"https:\/\/powermepronto.com\/en\/wp-json\/wp\/v2\/media?parent=1134"}],"curies":[{"name":"wp","href":"https:\/\/api.w.org\/{rel}","templated":true}]}}