{"id":1130,"date":"2018-12-19T12:41:50","date_gmt":"2018-12-19T12:41:50","guid":{"rendered":"http:\/\/www.powermepronto.com\/?page_id=1130"},"modified":"2022-12-21T05:47:24","modified_gmt":"2022-12-21T11:47:24","slug":"the-only-energy-company-with-the-cheapest-rates-and-no-hidden-fees","status":"publish","type":"page","link":"https:\/\/powermepronto.com\/en\/the-only-energy-company-with-the-cheapest-rates-and-no-hidden-fees\/","title":{"rendered":"The Only Energy Company With the Cheapest Rates and No Hidden Fees"},"content":{"rendered":"<p>What happened with the last electric company you were with?<\/p>\n<p>Did they do any (or maybe even all of these):<\/p>\n<ul>\n<li>Force you to pay a $200 &#8211; $400 deposit<\/li>\n<li>Made you sign a contract you knew you didn\u2019t understand, which you later found out was loaded with fees and got-yas<\/li>\n<li>Came up with all kinds of hidden fees they didn\u2019t tell you about at first<\/li>\n<li>Even went as far as charging you fees for taking your payment over the phone. That\u2019s customer service charging you to do their jobs!<\/li>\n<\/ul>\n<p>Why do they do it?<\/p>\n<p>Truthfully, that\u2019s one way to make a profit and stay alive if you sell electricity. The rates are what they are. So, electric energy companies have two choices:<\/p>\n<ul>\n<li>Show you how to save electricity, which reduces their costs and increases their profitability<\/li>\n<li>Come up with all these additional fees and payments<\/li>\n<\/ul>\n<p>&#8230;But not all do business that way.<\/p>\n<h2>Pronto Power\u2019s Prepaid Electricity Program Means No Hidden Fees, No Large Deposit, and Always the Cheapest Rates<\/h2>\n<p>With Pronto Power, you don\u2019t have to listen to a long-winded sales approach. That\u2019s because ours is easy, and 100% fair! Unlike other electric companies in Texas, we have nothing to hide.<\/p>\n<p>You simply have to prepay for your electricity. And once you join, you never pay any hidden fees, you don\u2019t sign a contract, you don\u2019t pay a large deposit, and you always get the cheapest rates.<\/p>\n<p>It really is that easy.<\/p>\n<p>How does prepaying for your electricity work?<\/p>\n<p>Then, you simply prepay however you\u2019d like: monthly, weekly, or even daily.<\/p>\n<p>You\u2019ll get a daily text or email notification (or both, your choice) that tells you how much money you have in your prepaid account. Make any necessary payment by 1 PM, and your electricity stays on.<\/p>\n<p>In a financial crunch and can\u2019t pay?<\/p>\n<p>Please call our customer service team who\u2019s happy to help you through the most difficult of financial times!<\/p>\n<p>Electricity simply doesn\u2019t get any cheaper (or better). Call Pronto Power at <span class=\"affiliatecode\">844.621.2852<\/span> to join now!<\/p>","protected":false},"excerpt":{"rendered":"<p>What happened with the last electric company you were with? Did they do any (or maybe even all of these): Force you to pay a $200 &#8211; $400 deposit Made you sign a contract you knew you didn\u2019t understand, which you later found out was loaded with fees and got-yas Came up with all kinds &hellip; <a href=\"https:\/\/powermepronto.com\/en\/the-only-energy-company-with-the-cheapest-rates-and-no-hidden-fees\/\" class=\"more-link\">Continue reading <span class=\"screen-reader-text\">The Only Energy Company With the Cheapest Rates and No Hidden Fees<\/span><\/a><\/p>\n","protected":false},"author":1,"featured_media":0,"parent":0,"menu_order":0,"comment_status":"closed","ping_status":"closed","template":"","meta":{"_acf_changed":false,"_glsr_average":0,"_glsr_ranking":0,"_glsr_reviews":0,"footnotes":"","_links_to":"","_links_to_target":""},"class_list":["post-1130","page","type-page","status-publish","hentry"],"acf":[],"yoast_head":"<!-- This site is optimized with the Yoast SEO plugin v27.5 - https:\/\/yoast.com\/product\/yoast-seo-wordpress\/ -->\n<title>The Only Energy Company With the Cheapest Rates and No Hidden Fees - Pronto Power<\/title>\n<meta name=\"description\" content=\"[:en]No joke! The headline\u2019s 100% true. In addition to the cheapest rates and no hidden fees, you also don\u2019t sign a contract. Plus, no expensive deposit. No catches at all. The smartest prepaid energy you can get. Call 844.621.2852 now.[:es]\u00a1No es broma! El titular es 100% verdadero. Adem\u00e1s de las tarifas m\u00e1s baratas y sin tarifas ocultas, tampoco firma un contrato. Adem\u00e1s, no hay dep\u00f3sito caro. No hay trampas en absoluto. La energ\u00eda prepaga m\u00e1s inteligente que puedes obtener. Llame al 844.621.2852 ahora.[:]\" \/>\n<meta name=\"robots\" content=\"index, follow, max-snippet:-1, max-image-preview:large, max-video-preview:-1\" \/>\n<link rel=\"canonical\" href=\"https:\/\/powermepronto.com\/the-only-energy-company-with-the-cheapest-rates-and-no-hidden-fees\/\" \/>\n<meta property=\"og:locale\" content=\"en_US\" \/>\n<meta property=\"og:type\" content=\"article\" \/>\n<meta property=\"og:title\" content=\"[:en]The Only Energy Company With the Cheapest Rates and No Hidden Fees[:es]La \u00fanica compa\u00f1\u00eda de energ\u00eda con las tarifas m\u00e1s baratas y sin cargos ocultos[:] - Pronto Power\" \/>\n<meta property=\"og:description\" content=\"[:en]No joke! The headline\u2019s 100% true. In addition to the cheapest rates and no hidden fees, you also don\u2019t sign a contract. Plus, no expensive deposit. No catches at all. The smartest prepaid energy you can get. Call 844.621.2852 now.[:es]\u00a1No es broma! El titular es 100% verdadero. Adem\u00e1s de las tarifas m\u00e1s baratas y sin tarifas ocultas, tampoco firma un contrato. Adem\u00e1s, no hay dep\u00f3sito caro. No hay trampas en absoluto. La energ\u00eda prepaga m\u00e1s inteligente que puedes obtener. Llame al 844.621.2852 ahora.[:]\" \/>\n<meta property=\"og:url\" content=\"https:\/\/powermepronto.com\/the-only-energy-company-with-the-cheapest-rates-and-no-hidden-fees\/\" \/>\n<meta property=\"og:site_name\" content=\"Pronto Power\" \/>\n<meta property=\"article:modified_time\" content=\"2022-12-21T11:47:24+00:00\" \/>\n<meta name=\"twitter:card\" content=\"summary_large_image\" \/>\n<meta name=\"twitter:label1\" content=\"Est. reading time\" \/>\n\t<meta name=\"twitter:data1\" content=\"4 minutes\" \/>\n<script type=\"application\/ld+json\" class=\"yoast-schema-graph\">{\"@context\":\"https:\\\/\\\/schema.org\",\"@graph\":[{\"@type\":\"WebPage\",\"@id\":\"https:\\\/\\\/powermepronto.com\\\/the-only-energy-company-with-the-cheapest-rates-and-no-hidden-fees\\\/\",\"url\":\"https:\\\/\\\/powermepronto.com\\\/the-only-energy-company-with-the-cheapest-rates-and-no-hidden-fees\\\/\",\"name\":\"[:en]The Only Energy Company With the Cheapest Rates and No Hidden Fees[:es]La \u00fanica compa\u00f1\u00eda de energ\u00eda con las tarifas m\u00e1s baratas y sin cargos ocultos[:] - Pronto Power\",\"isPartOf\":{\"@id\":\"https:\\\/\\\/powermepronto.com\\\/en\\\/#website\"},\"datePublished\":\"2018-12-19T12:41:50+00:00\",\"dateModified\":\"2022-12-21T11:47:24+00:00\",\"description\":\"[:en]No joke! The headline\u2019s 100% true. In addition to the cheapest rates and no hidden fees, you also don\u2019t sign a contract. Plus, no expensive deposit. No catches at all. The smartest prepaid energy you can get. Call 844.621.2852 now.[:es]\u00a1No es broma! El titular es 100% verdadero. Adem\u00e1s de las tarifas m\u00e1s baratas y sin tarifas ocultas, tampoco firma un contrato. Adem\u00e1s, no hay dep\u00f3sito caro. No hay trampas en absoluto. La energ\u00eda prepaga m\u00e1s inteligente que puedes obtener. Llame al 844.621.2852 ahora.[:]\",\"breadcrumb\":{\"@id\":\"https:\\\/\\\/powermepronto.com\\\/the-only-energy-company-with-the-cheapest-rates-and-no-hidden-fees\\\/#breadcrumb\"},\"inLanguage\":\"en-US\",\"potentialAction\":[{\"@type\":\"ReadAction\",\"target\":[\"https:\\\/\\\/powermepronto.com\\\/the-only-energy-company-with-the-cheapest-rates-and-no-hidden-fees\\\/\"]}]},{\"@type\":\"BreadcrumbList\",\"@id\":\"https:\\\/\\\/powermepronto.com\\\/the-only-energy-company-with-the-cheapest-rates-and-no-hidden-fees\\\/#breadcrumb\",\"itemListElement\":[{\"@type\":\"ListItem\",\"position\":1,\"name\":\"Home\",\"item\":\"https:\\\/\\\/powermepronto.com\\\/en\\\/\"},{\"@type\":\"ListItem\",\"position\":2,\"name\":\"The Only Energy Company With the Cheapest Rates and No Hidden Fees\"}]},{\"@type\":\"WebSite\",\"@id\":\"https:\\\/\\\/powermepronto.com\\\/en\\\/#website\",\"url\":\"https:\\\/\\\/powermepronto.com\\\/en\\\/\",\"name\":\"Pronto Power\",\"description\":\"\",\"potentialAction\":[{\"@type\":\"SearchAction\",\"target\":{\"@type\":\"EntryPoint\",\"urlTemplate\":\"https:\\\/\\\/powermepronto.com\\\/en\\\/?s={search_term_string}\"},\"query-input\":{\"@type\":\"PropertyValueSpecification\",\"valueRequired\":true,\"valueName\":\"search_term_string\"}}],\"inLanguage\":\"en-US\"}]}<\/script>\n<!-- \/ Yoast SEO plugin. -->","yoast_head_json":{"title":"[:en]The Only Energy Company With the Cheapest Rates and No Hidden Fees[:es]La \u00fanica compa\u00f1\u00eda de energ\u00eda con las tarifas m\u00e1s baratas y sin cargos ocultos[:] - Pronto Power","description":"[:en]No joke! The headline\u2019s 100% true. In addition to the cheapest rates and no hidden fees, you also don\u2019t sign a contract. Plus, no expensive deposit. No catches at all. The smartest prepaid energy you can get. Call 844.621.2852 now.[:es]\u00a1No es broma! El titular es 100% verdadero. Adem\u00e1s de las tarifas m\u00e1s baratas y sin tarifas ocultas, tampoco firma un contrato. Adem\u00e1s, no hay dep\u00f3sito caro. No hay trampas en absoluto. La energ\u00eda prepaga m\u00e1s inteligente que puedes obtener. Llame al 844.621.2852 ahora.[:]","robots":{"index":"index","follow":"follow","max-snippet":"max-snippet:-1","max-image-preview":"max-image-preview:large","max-video-preview":"max-video-preview:-1"},"canonical":"https:\/\/powermepronto.com\/the-only-energy-company-with-the-cheapest-rates-and-no-hidden-fees\/","og_locale":"en_US","og_type":"article","og_title":"[:en]The Only Energy Company With the Cheapest Rates and No Hidden Fees[:es]La \u00fanica compa\u00f1\u00eda de energ\u00eda con las tarifas m\u00e1s baratas y sin cargos ocultos[:] - Pronto Power","og_description":"[:en]No joke! The headline\u2019s 100% true. In addition to the cheapest rates and no hidden fees, you also don\u2019t sign a contract. Plus, no expensive deposit. No catches at all. The smartest prepaid energy you can get. Call 844.621.2852 now.[:es]\u00a1No es broma! El titular es 100% verdadero. Adem\u00e1s de las tarifas m\u00e1s baratas y sin tarifas ocultas, tampoco firma un contrato. Adem\u00e1s, no hay dep\u00f3sito caro. No hay trampas en absoluto. La energ\u00eda prepaga m\u00e1s inteligente que puedes obtener. Llame al 844.621.2852 ahora.[:]","og_url":"https:\/\/powermepronto.com\/the-only-energy-company-with-the-cheapest-rates-and-no-hidden-fees\/","og_site_name":"Pronto Power","article_modified_time":"2022-12-21T11:47:24+00:00","twitter_card":"summary_large_image","twitter_misc":{"Est. reading time":"4 minutes"},"schema":{"@context":"https:\/\/schema.org","@graph":[{"@type":"WebPage","@id":"https:\/\/powermepronto.com\/the-only-energy-company-with-the-cheapest-rates-and-no-hidden-fees\/","url":"https:\/\/powermepronto.com\/the-only-energy-company-with-the-cheapest-rates-and-no-hidden-fees\/","name":"[:en]The Only Energy Company With the Cheapest Rates and No Hidden Fees[:es]La \u00fanica compa\u00f1\u00eda de energ\u00eda con las tarifas m\u00e1s baratas y sin cargos ocultos[:] - Pronto Power","isPartOf":{"@id":"https:\/\/powermepronto.com\/en\/#website"},"datePublished":"2018-12-19T12:41:50+00:00","dateModified":"2022-12-21T11:47:24+00:00","description":"[:en]No joke! The headline\u2019s 100% true. In addition to the cheapest rates and no hidden fees, you also don\u2019t sign a contract. Plus, no expensive deposit. No catches at all. The smartest prepaid energy you can get. Call 844.621.2852 now.[:es]\u00a1No es broma! El titular es 100% verdadero. Adem\u00e1s de las tarifas m\u00e1s baratas y sin tarifas ocultas, tampoco firma un contrato. Adem\u00e1s, no hay dep\u00f3sito caro. No hay trampas en absoluto. La energ\u00eda prepaga m\u00e1s inteligente que puedes obtener. Llame al 844.621.2852 ahora.[:]","breadcrumb":{"@id":"https:\/\/powermepronto.com\/the-only-energy-company-with-the-cheapest-rates-and-no-hidden-fees\/#breadcrumb"},"inLanguage":"en-US","potentialAction":[{"@type":"ReadAction","target":["https:\/\/powermepronto.com\/the-only-energy-company-with-the-cheapest-rates-and-no-hidden-fees\/"]}]},{"@type":"BreadcrumbList","@id":"https:\/\/powermepronto.com\/the-only-energy-company-with-the-cheapest-rates-and-no-hidden-fees\/#breadcrumb","itemListElement":[{"@type":"ListItem","position":1,"name":"Home","item":"https:\/\/powermepronto.com\/en\/"},{"@type":"ListItem","position":2,"name":"The Only Energy Company With the Cheapest Rates and No Hidden Fees"}]},{"@type":"WebSite","@id":"https:\/\/powermepronto.com\/en\/#website","url":"https:\/\/powermepronto.com\/en\/","name":"Pronto Power","description":"","potentialAction":[{"@type":"SearchAction","target":{"@type":"EntryPoint","urlTemplate":"https:\/\/powermepronto.com\/en\/?s={search_term_string}"},"query-input":{"@type":"PropertyValueSpecification","valueRequired":true,"valueName":"search_term_string"}}],"inLanguage":"en-US"}]}},"_links":{"self":[{"href":"https:\/\/powermepronto.com\/en\/wp-json\/wp\/v2\/pages\/1130","targetHints":{"allow":["GET"]}}],"collection":[{"href":"https:\/\/powermepronto.com\/en\/wp-json\/wp\/v2\/pages"}],"about":[{"href":"https:\/\/powermepronto.com\/en\/wp-json\/wp\/v2\/types\/page"}],"author":[{"embeddable":true,"href":"https:\/\/powermepronto.com\/en\/wp-json\/wp\/v2\/users\/1"}],"replies":[{"embeddable":true,"href":"https:\/\/powermepronto.com\/en\/wp-json\/wp\/v2\/comments?post=1130"}],"version-history":[{"count":5,"href":"https:\/\/powermepronto.com\/en\/wp-json\/wp\/v2\/pages\/1130\/revisions"}],"predecessor-version":[{"id":3586,"href":"https:\/\/powermepronto.com\/en\/wp-json\/wp\/v2\/pages\/1130\/revisions\/3586"}],"wp:attachment":[{"href":"https:\/\/powermepronto.com\/en\/wp-json\/wp\/v2\/media?parent=1130"}],"curies":[{"name":"wp","href":"https:\/\/api.w.org\/{rel}","templated":true}]}}