{"id":1047,"date":"2018-10-13T13:07:00","date_gmt":"2018-10-13T13:07:00","guid":{"rendered":"http:\/\/www.powermepronto.com\/?page_id=1047"},"modified":"2022-12-21T04:47:23","modified_gmt":"2022-12-21T10:47:23","slug":"get-the-cheapest-electricity-in-houston-no-contract-no-hidden-fees","status":"publish","type":"page","link":"https:\/\/powermepronto.com\/en\/get-the-cheapest-electricity-in-houston-no-contract-no-hidden-fees\/","title":{"rendered":"Get the Cheap(est) Electricity in Houston. No Contract. No Hidden Fees."},"content":{"rendered":"<p>Think of the most aggravating services you pay for. <\/p>\n<p>Your cable or satellite company. <\/p>\n<p>Your bank. <\/p>\n<p>Your doctor. <\/p>\n<p>Your electric provider. <\/p>\n<p>What do they all do? <\/p>\n<p>Sign this. Sign that. <\/p>\n<p>Fee this. Fee that. <\/p>\n<p>\u201cOh I\u2019m sorry\u2026\u201d says customer service. <\/p>\n<p>Hah! Right&#8230;<\/p>\n<p>It\u2019s never ending games designed to swipe more of your hard earned money. You know these services could care less about you because even doing the simplest thing becomes a royal pain-in-the-you-know-what. <\/p>\n<p>And then you hear the words,\u201dIt is your responsibility to\u2026\u201d   <\/p>\n<p>Big, bad bully companies who could care less about you are a part of a capitalist economy. <\/p>\n<p>But at the same time, the good thing about capitalism is that you have the power to fire your current company and choose another one.  <\/p>\n<p>So how do you find a company that actually cares about providing you with good service more than getting that green stuff in your wallet? <\/p>\n<h2>Pronto Power Gives You the Cheapest Electricity in Houston. No Hidden Fees. No Contract. And No Expensive Deposit. <\/h2>\n<p>How can you be sure we\u2019re actually telling you the truth? <\/p>\n<p>It\u2019s because you don\u2019t sign a contract. And there\u2019s no connection or disconnection fees. <\/p>\n<p>In other words, you can join or leave at any time and for any reason without any fear of being trapped. <\/p>\n<p>The cheapest electricity in Houston is simply available to you whenever you want it.<\/p>\n<p>Do it monthly, weekly, or even daily if you want. <\/p>\n<p>Simply keep your account balance positive with just a single penny by 1 PM each day, and your electricity stays on. <\/p>\n<p>You get daily email or text reminders, or both (your choice) at 7 AM so you know your account balance. <\/p>\n<p>And if you run into extreme financial difficulty and can\u2019t pay for your electricity, please let us know. We\u2019re happy to work out a deferred payment plan so you can make it through with your electricity on. <\/p>\n<p>All that, plus the cheapest rates in Texas? And no hidden fees? <\/p>\n<p>Sounds good!<\/p>\n<p>Just call Pronto Power at 844.621.2852 to join free within the hour (if your home has a smart meter).<\/p>","protected":false},"excerpt":{"rendered":"<p>Think of the most aggravating services you pay for. Your cable or satellite company. Your bank. Your doctor. Your electric provider. What do they all do? Sign this. Sign that. Fee this. Fee that. \u201cOh I\u2019m sorry\u2026\u201d says customer service. Hah! Right&#8230; It\u2019s never ending games designed to swipe more of your hard earned money. &hellip; <a href=\"https:\/\/powermepronto.com\/en\/get-the-cheapest-electricity-in-houston-no-contract-no-hidden-fees\/\" class=\"more-link\">Continue reading <span class=\"screen-reader-text\">Get the Cheap(est) Electricity in Houston. No Contract. No Hidden Fees.<\/span><\/a><\/p>\n","protected":false},"author":1,"featured_media":0,"parent":0,"menu_order":0,"comment_status":"closed","ping_status":"closed","template":"","meta":{"_acf_changed":false,"_glsr_average":0,"_glsr_ranking":0,"_glsr_reviews":0,"footnotes":"","_links_to":"","_links_to_target":""},"class_list":["post-1047","page","type-page","status-publish","hentry"],"acf":[],"yoast_head":"<!-- This site is optimized with the Yoast SEO plugin v27.5 - https:\/\/yoast.com\/product\/yoast-seo-wordpress\/ -->\n<title>Get the Cheap(est) Electricity in Houston. No Contract. No Hidden Fees. - Pronto Power<\/title>\n<meta name=\"description\" content=\"[:en]No games. No baloney. Just the cheapest electricity in Houston from Pronto Power. No contract. No hidden fees. No credit check. No ID check. No expensive deposit. Just call Pronto Power at 844.621.2852 to join free today.[:es]No juegos. No hay tonter\u00edas. S\u00f3lo la electricidad m\u00e1s barata en Houston de Pronto Power. Sin contrato. Sin cuotas escondidas. No hay verificaci\u00f3n de cr\u00e9dito. Sin verificaci\u00f3n de identificaci\u00f3n. No hay dep\u00f3sito caro. Simplemente llame a Pronto Power al 844.621.2852 para unirse gratis hoy.[:]\" \/>\n<meta name=\"robots\" content=\"index, follow, max-snippet:-1, max-image-preview:large, max-video-preview:-1\" \/>\n<link rel=\"canonical\" href=\"https:\/\/powermepronto.com\/get-the-cheapest-electricity-in-houston-no-contract-no-hidden-fees\/\" \/>\n<meta property=\"og:locale\" content=\"en_US\" \/>\n<meta property=\"og:type\" content=\"article\" \/>\n<meta property=\"og:title\" content=\"[:en]Get the Cheap(est) Electricity in Houston. No Contract. No Hidden Fees.[:es]Obtener la electricidad m\u00e1s barata en Houston. Sin contrato. Sin cuotas escondidas.[:] - Pronto Power\" \/>\n<meta property=\"og:description\" content=\"[:en]No games. No baloney. Just the cheapest electricity in Houston from Pronto Power. No contract. No hidden fees. No credit check. No ID check. No expensive deposit. Just call Pronto Power at 844.621.2852 to join free today.[:es]No juegos. No hay tonter\u00edas. S\u00f3lo la electricidad m\u00e1s barata en Houston de Pronto Power. Sin contrato. Sin cuotas escondidas. No hay verificaci\u00f3n de cr\u00e9dito. Sin verificaci\u00f3n de identificaci\u00f3n. No hay dep\u00f3sito caro. Simplemente llame a Pronto Power al 844.621.2852 para unirse gratis hoy.[:]\" \/>\n<meta property=\"og:url\" content=\"https:\/\/powermepronto.com\/get-the-cheapest-electricity-in-houston-no-contract-no-hidden-fees\/\" \/>\n<meta property=\"og:site_name\" content=\"Pronto Power\" \/>\n<meta property=\"article:modified_time\" content=\"2022-12-21T10:47:23+00:00\" \/>\n<meta name=\"twitter:card\" content=\"summary_large_image\" \/>\n<meta name=\"twitter:label1\" content=\"Est. reading time\" \/>\n\t<meta name=\"twitter:data1\" content=\"4 minutes\" \/>\n<script type=\"application\/ld+json\" class=\"yoast-schema-graph\">{\"@context\":\"https:\\\/\\\/schema.org\",\"@graph\":[{\"@type\":\"WebPage\",\"@id\":\"https:\\\/\\\/powermepronto.com\\\/get-the-cheapest-electricity-in-houston-no-contract-no-hidden-fees\\\/\",\"url\":\"https:\\\/\\\/powermepronto.com\\\/get-the-cheapest-electricity-in-houston-no-contract-no-hidden-fees\\\/\",\"name\":\"[:en]Get the Cheap(est) Electricity in Houston. No Contract. No Hidden Fees.[:es]Obtener la electricidad m\u00e1s barata en Houston. Sin contrato. Sin cuotas escondidas.[:] - Pronto Power\",\"isPartOf\":{\"@id\":\"https:\\\/\\\/powermepronto.com\\\/en\\\/#website\"},\"datePublished\":\"2018-10-13T13:07:00+00:00\",\"dateModified\":\"2022-12-21T10:47:23+00:00\",\"description\":\"[:en]No games. No baloney. Just the cheapest electricity in Houston from Pronto Power. No contract. No hidden fees. No credit check. No ID check. No expensive deposit. Just call Pronto Power at 844.621.2852 to join free today.[:es]No juegos. No hay tonter\u00edas. S\u00f3lo la electricidad m\u00e1s barata en Houston de Pronto Power. Sin contrato. Sin cuotas escondidas. No hay verificaci\u00f3n de cr\u00e9dito. Sin verificaci\u00f3n de identificaci\u00f3n. No hay dep\u00f3sito caro. Simplemente llame a Pronto Power al 844.621.2852 para unirse gratis hoy.[:]\",\"breadcrumb\":{\"@id\":\"https:\\\/\\\/powermepronto.com\\\/get-the-cheapest-electricity-in-houston-no-contract-no-hidden-fees\\\/#breadcrumb\"},\"inLanguage\":\"en-US\",\"potentialAction\":[{\"@type\":\"ReadAction\",\"target\":[\"https:\\\/\\\/powermepronto.com\\\/get-the-cheapest-electricity-in-houston-no-contract-no-hidden-fees\\\/\"]}]},{\"@type\":\"BreadcrumbList\",\"@id\":\"https:\\\/\\\/powermepronto.com\\\/get-the-cheapest-electricity-in-houston-no-contract-no-hidden-fees\\\/#breadcrumb\",\"itemListElement\":[{\"@type\":\"ListItem\",\"position\":1,\"name\":\"Home\",\"item\":\"https:\\\/\\\/powermepronto.com\\\/en\\\/\"},{\"@type\":\"ListItem\",\"position\":2,\"name\":\"Get the Cheap(est) Electricity in Houston. No Contract. No Hidden Fees.\"}]},{\"@type\":\"WebSite\",\"@id\":\"https:\\\/\\\/powermepronto.com\\\/en\\\/#website\",\"url\":\"https:\\\/\\\/powermepronto.com\\\/en\\\/\",\"name\":\"Pronto Power\",\"description\":\"\",\"potentialAction\":[{\"@type\":\"SearchAction\",\"target\":{\"@type\":\"EntryPoint\",\"urlTemplate\":\"https:\\\/\\\/powermepronto.com\\\/en\\\/?s={search_term_string}\"},\"query-input\":{\"@type\":\"PropertyValueSpecification\",\"valueRequired\":true,\"valueName\":\"search_term_string\"}}],\"inLanguage\":\"en-US\"}]}<\/script>\n<!-- \/ Yoast SEO plugin. -->","yoast_head_json":{"title":"[:en]Get the Cheap(est) Electricity in Houston. No Contract. No Hidden Fees.[:es]Obtener la electricidad m\u00e1s barata en Houston. Sin contrato. Sin cuotas escondidas.[:] - Pronto Power","description":"[:en]No games. No baloney. Just the cheapest electricity in Houston from Pronto Power. No contract. No hidden fees. No credit check. No ID check. No expensive deposit. Just call Pronto Power at 844.621.2852 to join free today.[:es]No juegos. No hay tonter\u00edas. S\u00f3lo la electricidad m\u00e1s barata en Houston de Pronto Power. Sin contrato. Sin cuotas escondidas. No hay verificaci\u00f3n de cr\u00e9dito. Sin verificaci\u00f3n de identificaci\u00f3n. No hay dep\u00f3sito caro. Simplemente llame a Pronto Power al 844.621.2852 para unirse gratis hoy.[:]","robots":{"index":"index","follow":"follow","max-snippet":"max-snippet:-1","max-image-preview":"max-image-preview:large","max-video-preview":"max-video-preview:-1"},"canonical":"https:\/\/powermepronto.com\/get-the-cheapest-electricity-in-houston-no-contract-no-hidden-fees\/","og_locale":"en_US","og_type":"article","og_title":"[:en]Get the Cheap(est) Electricity in Houston. No Contract. No Hidden Fees.[:es]Obtener la electricidad m\u00e1s barata en Houston. Sin contrato. Sin cuotas escondidas.[:] - Pronto Power","og_description":"[:en]No games. No baloney. Just the cheapest electricity in Houston from Pronto Power. No contract. No hidden fees. No credit check. No ID check. No expensive deposit. Just call Pronto Power at 844.621.2852 to join free today.[:es]No juegos. No hay tonter\u00edas. S\u00f3lo la electricidad m\u00e1s barata en Houston de Pronto Power. Sin contrato. Sin cuotas escondidas. No hay verificaci\u00f3n de cr\u00e9dito. Sin verificaci\u00f3n de identificaci\u00f3n. No hay dep\u00f3sito caro. Simplemente llame a Pronto Power al 844.621.2852 para unirse gratis hoy.[:]","og_url":"https:\/\/powermepronto.com\/get-the-cheapest-electricity-in-houston-no-contract-no-hidden-fees\/","og_site_name":"Pronto Power","article_modified_time":"2022-12-21T10:47:23+00:00","twitter_card":"summary_large_image","twitter_misc":{"Est. reading time":"4 minutes"},"schema":{"@context":"https:\/\/schema.org","@graph":[{"@type":"WebPage","@id":"https:\/\/powermepronto.com\/get-the-cheapest-electricity-in-houston-no-contract-no-hidden-fees\/","url":"https:\/\/powermepronto.com\/get-the-cheapest-electricity-in-houston-no-contract-no-hidden-fees\/","name":"[:en]Get the Cheap(est) Electricity in Houston. No Contract. No Hidden Fees.[:es]Obtener la electricidad m\u00e1s barata en Houston. Sin contrato. Sin cuotas escondidas.[:] - Pronto Power","isPartOf":{"@id":"https:\/\/powermepronto.com\/en\/#website"},"datePublished":"2018-10-13T13:07:00+00:00","dateModified":"2022-12-21T10:47:23+00:00","description":"[:en]No games. No baloney. Just the cheapest electricity in Houston from Pronto Power. No contract. No hidden fees. No credit check. No ID check. No expensive deposit. Just call Pronto Power at 844.621.2852 to join free today.[:es]No juegos. No hay tonter\u00edas. S\u00f3lo la electricidad m\u00e1s barata en Houston de Pronto Power. Sin contrato. Sin cuotas escondidas. No hay verificaci\u00f3n de cr\u00e9dito. Sin verificaci\u00f3n de identificaci\u00f3n. No hay dep\u00f3sito caro. Simplemente llame a Pronto Power al 844.621.2852 para unirse gratis hoy.[:]","breadcrumb":{"@id":"https:\/\/powermepronto.com\/get-the-cheapest-electricity-in-houston-no-contract-no-hidden-fees\/#breadcrumb"},"inLanguage":"en-US","potentialAction":[{"@type":"ReadAction","target":["https:\/\/powermepronto.com\/get-the-cheapest-electricity-in-houston-no-contract-no-hidden-fees\/"]}]},{"@type":"BreadcrumbList","@id":"https:\/\/powermepronto.com\/get-the-cheapest-electricity-in-houston-no-contract-no-hidden-fees\/#breadcrumb","itemListElement":[{"@type":"ListItem","position":1,"name":"Home","item":"https:\/\/powermepronto.com\/en\/"},{"@type":"ListItem","position":2,"name":"Get the Cheap(est) Electricity in Houston. No Contract. No Hidden Fees."}]},{"@type":"WebSite","@id":"https:\/\/powermepronto.com\/en\/#website","url":"https:\/\/powermepronto.com\/en\/","name":"Pronto Power","description":"","potentialAction":[{"@type":"SearchAction","target":{"@type":"EntryPoint","urlTemplate":"https:\/\/powermepronto.com\/en\/?s={search_term_string}"},"query-input":{"@type":"PropertyValueSpecification","valueRequired":true,"valueName":"search_term_string"}}],"inLanguage":"en-US"}]}},"_links":{"self":[{"href":"https:\/\/powermepronto.com\/en\/wp-json\/wp\/v2\/pages\/1047","targetHints":{"allow":["GET"]}}],"collection":[{"href":"https:\/\/powermepronto.com\/en\/wp-json\/wp\/v2\/pages"}],"about":[{"href":"https:\/\/powermepronto.com\/en\/wp-json\/wp\/v2\/types\/page"}],"author":[{"embeddable":true,"href":"https:\/\/powermepronto.com\/en\/wp-json\/wp\/v2\/users\/1"}],"replies":[{"embeddable":true,"href":"https:\/\/powermepronto.com\/en\/wp-json\/wp\/v2\/comments?post=1047"}],"version-history":[{"count":3,"href":"https:\/\/powermepronto.com\/en\/wp-json\/wp\/v2\/pages\/1047\/revisions"}],"predecessor-version":[{"id":3522,"href":"https:\/\/powermepronto.com\/en\/wp-json\/wp\/v2\/pages\/1047\/revisions\/3522"}],"wp:attachment":[{"href":"https:\/\/powermepronto.com\/en\/wp-json\/wp\/v2\/media?parent=1047"}],"curies":[{"name":"wp","href":"https:\/\/api.w.org\/{rel}","templated":true}]}}