{"id":1043,"date":"2018-10-13T12:53:47","date_gmt":"2018-10-13T12:53:47","guid":{"rendered":"http:\/\/www.powermepronto.com\/?page_id=1043"},"modified":"2022-12-21T05:30:03","modified_gmt":"2022-12-21T11:30:03","slug":"the-cheapest-electricity-in-texas-no-contract-no-fees-no-joke","status":"publish","type":"page","link":"https:\/\/powermepronto.com\/en\/the-cheapest-electricity-in-texas-no-contract-no-fees-no-joke\/","title":{"rendered":"The Cheapest Electricity In Texas. No Contract. No Fees. No Joke."},"content":{"rendered":"<p>Does this promise sound too good to be true? <\/p>\n<p>C\u2019mon! Really? <\/p>\n<p>The cheapest electricity in Texas&#8230;with no contract and no hidden fees. <\/p>\n<p>Who does that? <\/p>\n<p>Well, we\u2019re being 100% honest. It\u2019s a legit deal. And there\u2019s no catches or got-yas. <\/p>\n<p>It\u2019s business and electric service like it should be &#8211; an honest win-win deal between two parties. <\/p>\n<p> Yes. You get the cheapest per kWh rates. <\/p>\n<p>You have to make sure you compare those accurately to other companies, who will quote lower rates. <\/p>\n<p>Their advertised deal sounds a lot better than ours. But when you include all the hidden fees, and an expensive deposit, their kWh rate actually runs absurdly high. <\/p>\n<p>In fact, in some cases, you pay 22-23 cents per kWh. Compare that to a national average of 12 cents per kWh! <\/p>\n<p>With Pronto Power, you pay the rate advertised. And that\u2019s it. No connection fees. No expensive initial deposit. No \u201cestimated charges.\u201d <\/p>\n<p>Just pay your rate. There\u2019s nothing more to it. <\/p>\n<h2>And That\u2019s Not All<\/h2>\n<p>You\u2019d think paying the lowest kWh electric rates in Texas would be enough. <\/p>\n<p>But we\u2019ll sweeten the deal even further. <\/p>\n<p>You also don\u2019t sign a contract. And you don\u2019t pay any connection or disconnection fees. And you don\u2019t have to pay a costly initial deposit. Plus, you can get connect within the hour, assuming your home has a smart meter. <\/p>\n<p>That means you have absolutely no risk. The cheapest electricity in Texas is simply available to you. <\/p>\n<p>And if you don\u2019t like it for any reason, you simply leave &#8211; no questions asked. <\/p>\n<h2>&#8230;But You\u2019ll Love the Cheapest Rates in Texas and Ability to Pay-As-You-Go<\/h2>\n<p>Here\u2019s why you won\u2019t want to leave: <\/p>\n<p>You get the cheapest rates. You get amazing customer service that helps you keep your electricity on even during the most difficult financial times. You don\u2019t pay any hidden fees. And you don\u2019t need annoying credit or ID checks. <\/p>\n<p>We simply ask you pre-pay for your electricity. <\/p>\n<p>But don\u2019t worry because you can do it however it works for you. <\/p>\n<p>Then you simply pay monthly, weekly, or daily &#8211; however works for you. <\/p>\n<p>A daily text or email (or both, your choice) comes to you each morning at 7 AM with your account balance. Simply have just a single penny in your account by 1 PM, and your electricity stays on. <\/p>\n<p>And if even that\u2019s too much for you, please let us know so we can help you get on a deferred payment plan so your electricity stays on!<\/p>\n<p>Sound good? <\/p>\n<p>Great. Call Pronto Power at 844.621.2852 to join free today.<\/p>","protected":false},"excerpt":{"rendered":"<p>Does this promise sound too good to be true? C\u2019mon! Really? The cheapest electricity in Texas&#8230;with no contract and no hidden fees. Who does that? Well, we\u2019re being 100% honest. It\u2019s a legit deal. And there\u2019s no catches or got-yas. It\u2019s business and electric service like it should be &#8211; an honest win-win deal between &hellip; <a href=\"https:\/\/powermepronto.com\/en\/the-cheapest-electricity-in-texas-no-contract-no-fees-no-joke\/\" class=\"more-link\">Continue reading <span class=\"screen-reader-text\">The Cheapest Electricity In Texas. No Contract. No Fees. No Joke.<\/span><\/a><\/p>\n","protected":false},"author":1,"featured_media":0,"parent":0,"menu_order":0,"comment_status":"closed","ping_status":"closed","template":"","meta":{"_acf_changed":false,"_glsr_average":0,"_glsr_ranking":0,"_glsr_reviews":0,"footnotes":"","_links_to":"","_links_to_target":""},"class_list":["post-1043","page","type-page","status-publish","hentry"],"acf":[],"yoast_head":"<!-- This site is optimized with the Yoast SEO plugin v27.4 - https:\/\/yoast.com\/product\/yoast-seo-wordpress\/ -->\n<title>The Cheapest Electricity In Texas. No Contract. No Fees. No Joke. - Pronto Power<\/title>\n<meta name=\"description\" content=\"[:en]Electricity like it should be! Get the cheapest rates in Texas. No contract. No fees. No credit check. No ID check. No expensive deposit. Just call Pronto Power at 844.621.2852 to join free within the hour if your home has a smart meter.[:es]Electricidad como debe ser! Obtenga las tarifas m\u00e1s baratas en Texas. Sin contrato. Sin cargos. No hay verificaci\u00f3n de cr\u00e9dito. Sin verificaci\u00f3n de identificaci\u00f3n. No hay dep\u00f3sito caro. Simplemente llame a Pronto Power al 844.621.2852 para inscribirse gratis dentro de una hora si su hogar tiene un medidor inteligente.[]\" \/>\n<meta name=\"robots\" content=\"index, follow, max-snippet:-1, max-image-preview:large, max-video-preview:-1\" \/>\n<link rel=\"canonical\" href=\"https:\/\/powermepronto.com\/the-cheapest-electricity-in-texas-no-contract-no-fees-no-joke\/\" \/>\n<meta property=\"og:locale\" content=\"en_US\" \/>\n<meta property=\"og:type\" content=\"article\" \/>\n<meta property=\"og:title\" content=\"[:en]The Cheapest Electricity In Texas. No Contract. No Fees. No Joke.[:es]La electricidad m\u00e1s barata en Texas. Sin contrato. Sin cargos. No es broma.[:] - Pronto Power\" \/>\n<meta property=\"og:description\" content=\"[:en]Electricity like it should be! Get the cheapest rates in Texas. No contract. No fees. No credit check. No ID check. No expensive deposit. Just call Pronto Power at 844.621.2852 to join free within the hour if your home has a smart meter.[:es]Electricidad como debe ser! Obtenga las tarifas m\u00e1s baratas en Texas. Sin contrato. Sin cargos. No hay verificaci\u00f3n de cr\u00e9dito. Sin verificaci\u00f3n de identificaci\u00f3n. No hay dep\u00f3sito caro. Simplemente llame a Pronto Power al 844.621.2852 para inscribirse gratis dentro de una hora si su hogar tiene un medidor inteligente.[]\" \/>\n<meta property=\"og:url\" content=\"https:\/\/powermepronto.com\/the-cheapest-electricity-in-texas-no-contract-no-fees-no-joke\/\" \/>\n<meta property=\"og:site_name\" content=\"Pronto Power\" \/>\n<meta property=\"article:modified_time\" content=\"2022-12-21T11:30:03+00:00\" \/>\n<meta name=\"twitter:card\" content=\"summary_large_image\" \/>\n<meta name=\"twitter:label1\" content=\"Est. reading time\" \/>\n\t<meta name=\"twitter:data1\" content=\"5 minutes\" \/>\n<script type=\"application\/ld+json\" class=\"yoast-schema-graph\">{\"@context\":\"https:\\\/\\\/schema.org\",\"@graph\":[{\"@type\":\"WebPage\",\"@id\":\"https:\\\/\\\/powermepronto.com\\\/the-cheapest-electricity-in-texas-no-contract-no-fees-no-joke\\\/\",\"url\":\"https:\\\/\\\/powermepronto.com\\\/the-cheapest-electricity-in-texas-no-contract-no-fees-no-joke\\\/\",\"name\":\"[:en]The Cheapest Electricity In Texas. No Contract. No Fees. No Joke.[:es]La electricidad m\u00e1s barata en Texas. Sin contrato. Sin cargos. No es broma.[:] - Pronto Power\",\"isPartOf\":{\"@id\":\"https:\\\/\\\/powermepronto.com\\\/en\\\/#website\"},\"datePublished\":\"2018-10-13T12:53:47+00:00\",\"dateModified\":\"2022-12-21T11:30:03+00:00\",\"description\":\"[:en]Electricity like it should be! Get the cheapest rates in Texas. No contract. No fees. No credit check. No ID check. No expensive deposit. Just call Pronto Power at 844.621.2852 to join free within the hour if your home has a smart meter.[:es]Electricidad como debe ser! Obtenga las tarifas m\u00e1s baratas en Texas. Sin contrato. Sin cargos. No hay verificaci\u00f3n de cr\u00e9dito. Sin verificaci\u00f3n de identificaci\u00f3n. No hay dep\u00f3sito caro. Simplemente llame a Pronto Power al 844.621.2852 para inscribirse gratis dentro de una hora si su hogar tiene un medidor inteligente.[]\",\"breadcrumb\":{\"@id\":\"https:\\\/\\\/powermepronto.com\\\/the-cheapest-electricity-in-texas-no-contract-no-fees-no-joke\\\/#breadcrumb\"},\"inLanguage\":\"en-US\",\"potentialAction\":[{\"@type\":\"ReadAction\",\"target\":[\"https:\\\/\\\/powermepronto.com\\\/the-cheapest-electricity-in-texas-no-contract-no-fees-no-joke\\\/\"]}]},{\"@type\":\"BreadcrumbList\",\"@id\":\"https:\\\/\\\/powermepronto.com\\\/the-cheapest-electricity-in-texas-no-contract-no-fees-no-joke\\\/#breadcrumb\",\"itemListElement\":[{\"@type\":\"ListItem\",\"position\":1,\"name\":\"Home\",\"item\":\"https:\\\/\\\/powermepronto.com\\\/en\\\/\"},{\"@type\":\"ListItem\",\"position\":2,\"name\":\"The Cheapest Electricity In Texas. No Contract. No Fees. No Joke.\"}]},{\"@type\":\"WebSite\",\"@id\":\"https:\\\/\\\/powermepronto.com\\\/en\\\/#website\",\"url\":\"https:\\\/\\\/powermepronto.com\\\/en\\\/\",\"name\":\"Pronto Power\",\"description\":\"\",\"potentialAction\":[{\"@type\":\"SearchAction\",\"target\":{\"@type\":\"EntryPoint\",\"urlTemplate\":\"https:\\\/\\\/powermepronto.com\\\/en\\\/?s={search_term_string}\"},\"query-input\":{\"@type\":\"PropertyValueSpecification\",\"valueRequired\":true,\"valueName\":\"search_term_string\"}}],\"inLanguage\":\"en-US\"}]}<\/script>\n<!-- \/ Yoast SEO plugin. -->","yoast_head_json":{"title":"[:en]The Cheapest Electricity In Texas. No Contract. No Fees. No Joke.[:es]La electricidad m\u00e1s barata en Texas. Sin contrato. Sin cargos. No es broma.[:] - Pronto Power","description":"[:en]Electricity like it should be! Get the cheapest rates in Texas. No contract. No fees. No credit check. No ID check. No expensive deposit. Just call Pronto Power at 844.621.2852 to join free within the hour if your home has a smart meter.[:es]Electricidad como debe ser! Obtenga las tarifas m\u00e1s baratas en Texas. Sin contrato. Sin cargos. No hay verificaci\u00f3n de cr\u00e9dito. Sin verificaci\u00f3n de identificaci\u00f3n. No hay dep\u00f3sito caro. Simplemente llame a Pronto Power al 844.621.2852 para inscribirse gratis dentro de una hora si su hogar tiene un medidor inteligente.[]","robots":{"index":"index","follow":"follow","max-snippet":"max-snippet:-1","max-image-preview":"max-image-preview:large","max-video-preview":"max-video-preview:-1"},"canonical":"https:\/\/powermepronto.com\/the-cheapest-electricity-in-texas-no-contract-no-fees-no-joke\/","og_locale":"en_US","og_type":"article","og_title":"[:en]The Cheapest Electricity In Texas. No Contract. No Fees. No Joke.[:es]La electricidad m\u00e1s barata en Texas. Sin contrato. Sin cargos. No es broma.[:] - Pronto Power","og_description":"[:en]Electricity like it should be! Get the cheapest rates in Texas. No contract. No fees. No credit check. No ID check. No expensive deposit. Just call Pronto Power at 844.621.2852 to join free within the hour if your home has a smart meter.[:es]Electricidad como debe ser! Obtenga las tarifas m\u00e1s baratas en Texas. Sin contrato. Sin cargos. No hay verificaci\u00f3n de cr\u00e9dito. Sin verificaci\u00f3n de identificaci\u00f3n. No hay dep\u00f3sito caro. Simplemente llame a Pronto Power al 844.621.2852 para inscribirse gratis dentro de una hora si su hogar tiene un medidor inteligente.[]","og_url":"https:\/\/powermepronto.com\/the-cheapest-electricity-in-texas-no-contract-no-fees-no-joke\/","og_site_name":"Pronto Power","article_modified_time":"2022-12-21T11:30:03+00:00","twitter_card":"summary_large_image","twitter_misc":{"Est. reading time":"5 minutes"},"schema":{"@context":"https:\/\/schema.org","@graph":[{"@type":"WebPage","@id":"https:\/\/powermepronto.com\/the-cheapest-electricity-in-texas-no-contract-no-fees-no-joke\/","url":"https:\/\/powermepronto.com\/the-cheapest-electricity-in-texas-no-contract-no-fees-no-joke\/","name":"[:en]The Cheapest Electricity In Texas. No Contract. No Fees. No Joke.[:es]La electricidad m\u00e1s barata en Texas. Sin contrato. Sin cargos. No es broma.[:] - Pronto Power","isPartOf":{"@id":"https:\/\/powermepronto.com\/en\/#website"},"datePublished":"2018-10-13T12:53:47+00:00","dateModified":"2022-12-21T11:30:03+00:00","description":"[:en]Electricity like it should be! Get the cheapest rates in Texas. No contract. No fees. No credit check. No ID check. No expensive deposit. Just call Pronto Power at 844.621.2852 to join free within the hour if your home has a smart meter.[:es]Electricidad como debe ser! Obtenga las tarifas m\u00e1s baratas en Texas. Sin contrato. Sin cargos. No hay verificaci\u00f3n de cr\u00e9dito. Sin verificaci\u00f3n de identificaci\u00f3n. No hay dep\u00f3sito caro. Simplemente llame a Pronto Power al 844.621.2852 para inscribirse gratis dentro de una hora si su hogar tiene un medidor inteligente.[]","breadcrumb":{"@id":"https:\/\/powermepronto.com\/the-cheapest-electricity-in-texas-no-contract-no-fees-no-joke\/#breadcrumb"},"inLanguage":"en-US","potentialAction":[{"@type":"ReadAction","target":["https:\/\/powermepronto.com\/the-cheapest-electricity-in-texas-no-contract-no-fees-no-joke\/"]}]},{"@type":"BreadcrumbList","@id":"https:\/\/powermepronto.com\/the-cheapest-electricity-in-texas-no-contract-no-fees-no-joke\/#breadcrumb","itemListElement":[{"@type":"ListItem","position":1,"name":"Home","item":"https:\/\/powermepronto.com\/en\/"},{"@type":"ListItem","position":2,"name":"The Cheapest Electricity In Texas. No Contract. No Fees. No Joke."}]},{"@type":"WebSite","@id":"https:\/\/powermepronto.com\/en\/#website","url":"https:\/\/powermepronto.com\/en\/","name":"Pronto Power","description":"","potentialAction":[{"@type":"SearchAction","target":{"@type":"EntryPoint","urlTemplate":"https:\/\/powermepronto.com\/en\/?s={search_term_string}"},"query-input":{"@type":"PropertyValueSpecification","valueRequired":true,"valueName":"search_term_string"}}],"inLanguage":"en-US"}]}},"_links":{"self":[{"href":"https:\/\/powermepronto.com\/en\/wp-json\/wp\/v2\/pages\/1043","targetHints":{"allow":["GET"]}}],"collection":[{"href":"https:\/\/powermepronto.com\/en\/wp-json\/wp\/v2\/pages"}],"about":[{"href":"https:\/\/powermepronto.com\/en\/wp-json\/wp\/v2\/types\/page"}],"author":[{"embeddable":true,"href":"https:\/\/powermepronto.com\/en\/wp-json\/wp\/v2\/users\/1"}],"replies":[{"embeddable":true,"href":"https:\/\/powermepronto.com\/en\/wp-json\/wp\/v2\/comments?post=1043"}],"version-history":[{"count":2,"href":"https:\/\/powermepronto.com\/en\/wp-json\/wp\/v2\/pages\/1043\/revisions"}],"predecessor-version":[{"id":3560,"href":"https:\/\/powermepronto.com\/en\/wp-json\/wp\/v2\/pages\/1043\/revisions\/3560"}],"wp:attachment":[{"href":"https:\/\/powermepronto.com\/en\/wp-json\/wp\/v2\/media?parent=1043"}],"curies":[{"name":"wp","href":"https:\/\/api.w.org\/{rel}","templated":true}]}}